{"id":6342,"date":"2024-08-28T13:37:38","date_gmt":"2024-08-28T17:37:38","guid":{"rendered":"https:\/\/www.invisibletranslation.com\/?page_id=6342"},"modified":"2025-04-09T12:19:17","modified_gmt":"2025-04-09T16:19:17","slug":"traduction-documents-officiels","status":"publish","type":"page","link":"https:\/\/www.invisibletranslation.com\/fr\/traduction-documents-officiels\/","title":{"rendered":"Traduction de Documents Officiels"},"content":{"rendered":"<p>[et_pb_section fb_built=\u00a0\u00bb1&Prime; _builder_version=\u00a0\u00bb4.27.0&Prime; _module_preset=\u00a0\u00bbdefault\u00a0\u00bb global_colors_info=\u00a0\u00bb{}\u00a0\u00bb][et_pb_row column_structure=\u00a0\u00bb2_3,1_3&Prime; _builder_version=\u00a0\u00bb4.27.0&Prime; _module_preset=\u00a0\u00bbdefault\u00a0\u00bb global_colors_info=\u00a0\u00bb{}\u00a0\u00bb][et_pb_column type=\u00a0\u00bb2_3&Prime; _builder_version=\u00a0\u00bb4.27.0&Prime; _module_preset=\u00a0\u00bbdefault\u00a0\u00bb global_colors_info=\u00a0\u00bb{}\u00a0\u00bb][et_pb_text admin_label=\u00a0\u00bbBreadcrumbs\u00a0\u00bb _builder_version=\u00a0\u00bb4.27.0&Prime; _module_preset=\u00a0\u00bbdefault\u00a0\u00bb global_colors_info=\u00a0\u00bb{}\u00a0\u00bb]<\/p>\n<div class=\"breadcrumb\" itemprop=\"breadcrumb\"><span><span><a href=\"https:\/\/www.invisibletranslation.com\/fr\/\">Accueil<\/a><\/span><\/span><\/div>\n<p>[\/et_pb_text][et_pb_text admin_label=\u00a0\u00bbLong Title\u00a0\u00bb _builder_version=\u00a0\u00bb4.27.0&Prime; _module_preset=\u00a0\u00bbdefault\u00a0\u00bb global_colors_info=\u00a0\u00bb{}\u00a0\u00bb]<\/p>\n<h1>Traduction de documents officiels<\/h1>\n<p><img loading=\"lazy\" decoding=\"async\" id=\"title-top-image\" src=\"https:\/\/www.invisibletranslation.com\/wp-content\/uploads\/2024\/09\/traduction-documents-officiels-01-fr-1024x536.jpg\" width=\"1024\" height=\"536\" alt=\"Traduction documents officiels\" class=\"wp-image-6359 alignnone size-large\" \/>[\/et_pb_text][et_pb_text admin_label=\u00a0\u00bbLanguages\u00a0\u00bb _builder_version=\u00a0\u00bb4.27.0&Prime; _module_preset=\u00a0\u00bbdefault\u00a0\u00bb global_colors_info=\u00a0\u00bb{}\u00a0\u00bb]<\/p>\n<div id=\"tdo-box\" class=\"et-box et-shadow\">\n<div class=\"et-box-content\">\n    <a href=\"https:\/\/www.invisibletranslation.com\/\">english version<\/a> | <a href=\"https:\/\/www.invisibletranslation.com\/es\/\">versi\u00f3n espa\u00f1ola<\/a>\n  <\/div>\n<\/div>\n<p>[\/et_pb_text][et_pb_text _builder_version=\u00a0\u00bb4.27.0&Prime; _module_preset=\u00a0\u00bbdefault\u00a0\u00bb hover_enabled=\u00a0\u00bb0&Prime; global_colors_info=\u00a0\u00bb{}\u00a0\u00bb sticky_enabled=\u00a0\u00bb0&Prime;]<\/p>\n<p>Traduction INVISIBLE inc. vous souhaite la bienvenue et vous remercie de votre int\u00e9r\u00eat! Nous sommes l\u00e0 pour vous aider. Pour aller de l\u2019avant, veuillez remplir le formulaire ci-dessous et t\u00e9l\u00e9versez de mani\u00e8re s\u00e9curitaire tout document requis \u00e0 l\u2019aide de votre plateforme d\u2019\u00e9change pr\u00e9f\u00e9r\u00e9e. Si vous avez des questions, nous vous invitons \u00e0 visionner la vid\u00e9o ci-dessous, qui r\u00e9sume les \u00e9tapes de la d\u00e9marche. Vous pouvez aussi nous t\u00e9l\u00e9phoner au num\u00e9ro suivant\u00a0: <a href=\"tel:18334366331\">1.833.436.6331<\/a>. Vous comptez sur l\u2019aide de notre \u00e9quipe tout au long du processus!<\/p>\n<p>[\/et_pb_text][et_pb_video src=\u00a0\u00bbhttps:\/\/vimeo.com\/906996261\/db230929fc\u00a0\u00bb _builder_version=\u00a0\u00bb4.27.0&Prime; _module_preset=\u00a0\u00bbdefault\u00a0\u00bb global_colors_info=\u00a0\u00bb{}\u00a0\u00bb][\/et_pb_video][et_pb_text admin_label=\u00a0\u00bbFormulaire\u00a0\u00bb _builder_version=\u00a0\u00bb4.27.0&Prime; _module_preset=\u00a0\u00bbdefault\u00a0\u00bb global_colors_info=\u00a0\u00bb{}\u00a0\u00bb]<\/p>\n\n<div class=\"wpcf7 no-js\" id=\"wpcf7-f3795-o1\" lang=\"en-US\" dir=\"ltr\" data-wpcf7-id=\"3795\">\n<div class=\"screen-reader-response\"><p role=\"status\" aria-live=\"polite\" aria-atomic=\"true\"><\/p> <ul><\/ul><\/div>\n<form action=\"\/fr\/wp-json\/wp\/v2\/pages\/6342#wpcf7-f3795-o1\" method=\"post\" class=\"wpcf7-form init\" aria-label=\"Contact form\" enctype=\"multipart\/form-data\" novalidate=\"novalidate\" data-status=\"init\">\n<div style=\"display: none;\">\n<input type=\"hidden\" name=\"_wpcf7\" value=\"3795\" \/>\n<input type=\"hidden\" name=\"_wpcf7_version\" value=\"6.0.6\" \/>\n<input type=\"hidden\" name=\"_wpcf7_locale\" value=\"en_US\" \/>\n<input type=\"hidden\" name=\"_wpcf7_unit_tag\" value=\"wpcf7-f3795-o1\" \/>\n<input type=\"hidden\" name=\"_wpcf7_container_post\" value=\"0\" \/>\n<input type=\"hidden\" name=\"_wpcf7_posted_data_hash\" value=\"\" \/>\n<input type=\"hidden\" name=\"_wpcf7_recaptcha_response\" value=\"\" \/>\n<\/div>\n<!-- Latest compiled and minified CSS -->\n<p><link rel=\"stylesheet\" href=\"https:\/\/maxcdn.bootstrapcdn.com\/bootstrap\/3.3.7\/css\/bootstrap.min.css\" integrity=\"sha384-BVYiiSIFeK1dGmJRAkycuHAHRg32OmUcww7on3RYdg4Va+PmSTsz\/K68vbdEjh4u\" crossorigin=\"anonymous\" \/>\n<\/p>\n<style>\nbody {\n font-family: 'Montserrat',Helvetica,Arial,Lucida,sans-serif !important;\n font-size: 15px;\n color: #666;\n background-color: #fff;\n line-height: 1.7em;\n font-weight: 500;\n -webkit-font-smoothing: antialiased;\n -moz-osx-font-smoothing: grayscale;\n}\n.breadcrumb {\n padding: 2px 4px 2px 8px;\n background-color: #f9f9f9;\n border-radius: 0;\n margin-bottom: 0;\n}\nlabel {\n font-size: 14px;\n line-height: 24px;\n font-weight: 800;\n}\nh1 {\n color: #333;\n font-family: 'Montserrat',Helvetica,Arial,Lucida,sans-serif !important;\n font-size: 30px;\n padding-bottom: 10px;\n margin: 0 !important;\n}\nh5.et_pb_toggle_title {\n font-size: 16px;\n letter-spacing: -1px;\n font-family: 'Montserrat',Helvetica,Arial,Lucida,sans-serif;\n margin: 0 !important;\n}\n.cf7-replace-caldera .row {\n\tmargin-bottom: 30px;\n}\n.cf7-replace-caldera .row > div {\n\tmargin-bottom: 10px;\n}\n.cf7-replace-caldera .wpcf7-form-control {\n background-color: #fff;\n border-radius: 2px;\n border: 1px solid #ccc;\n height: 34px;\n padding: 6px 12px;\n width: 100%;\n -webkit-box-shadow: inset 0 1px 1px rgba(0,0,0,.075);\n box-shadow: inset 0 1px 1px rgba(0,0,0,.075);\n -webkit-transition: border-color ease-in-out .15s,box-shadow ease-in-out .15s;\n -o-transition: border-color ease-in-out .15s,box-shadow ease-in-out .15s;\n transition: border-color ease-in-out .15s,box-shadow ease-in-out .15s;\n}\n.cf7-replace-caldera textarea.wpcf7-form-control {\n height: auto;\n padding-right: 4px;\n}\n.cf7-replace-caldera .wpcf7-form-control:focus {\n border-color: #66afe9;\n outline: 0;\n -webkit-box-shadow: inset 0 1px 1px rgba(0,0,0,.075),0 0 8px rgba(102,175,233,.6);\n box-shadow: inset 0 1px 1px rgba(0,0,0,.075),0 0 8px rgba(102,175,233,.6);\n}\ninput.text:focus, input.title:focus, input[type=\"text\"]:focus, select:focus, textarea:focus {\n border-color: #2d3940;\n color: #3e3e3e;\n}\n.cf7-replace-caldera .recaptcha .wpcf7-form-control {\n border: none;\n box-shadow: none;\n height: inherit;\n margin-bottom: 30px;\n padding: 0;\n}\n.cf7-replace-caldera input[type=\"submit\"] {\n background: #009900;\n color: #fff;\n font-size: 20px;\n font-weight: 400;\n height: inherit;\n padding: 23px 10px;\n}\n.cf7-replace-caldera input[type=\"submit\"]:hover {\n background: #006600;\n}\n<\/style>\n<div class=\"container-fluid cf7-replace-caldera\">\n\t<div class=\"row\">\n\t\t<div class=\"col-md-12\">\n\t\t\t<p>(<b style=\"color: #ee0000 !important;\">*<\/b>) = Ce champ est requis.\n\t\t\t<\/p>\n\t\t<\/div>\n\t<\/div>\n\t<div class=\"row\">\n\t\t<div class=\"col-md-4\">\n\t\t\t<p><label>Pr\u00e9nom <b style=\"color: #ee0000 !important;\">*<\/b><\/label><br \/>\n<span class=\"wpcf7-form-control-wrap\" data-name=\"your-firstname\"><input size=\"40\" maxlength=\"400\" class=\"wpcf7-form-control wpcf7-text wpcf7-validates-as-required\" aria-required=\"true\" aria-invalid=\"false\" value=\"\" type=\"text\" name=\"your-firstname\" \/><\/span>\n\t\t\t<\/p>\n\t\t<\/div>\n\t\t<div class=\"col-md-4\">\n\t\t\t<p><label>Nom <b style=\"color: #ee0000 !important;\">*<\/b><\/label><br \/>\n<span class=\"wpcf7-form-control-wrap\" data-name=\"your-lastname\"><input size=\"40\" maxlength=\"400\" class=\"wpcf7-form-control wpcf7-text wpcf7-validates-as-required\" aria-required=\"true\" aria-invalid=\"false\" value=\"\" type=\"text\" name=\"your-lastname\" \/><\/span>\n\t\t\t<\/p>\n\t\t<\/div>\n\t\t<div class=\"col-md-4\">\n\t\t\t<p><label>Courriel <b style=\"color: #ee0000 !important;\">*<\/b><\/label><br \/>\n<span class=\"wpcf7-form-control-wrap\" data-name=\"your-email\"><input size=\"40\" maxlength=\"400\" class=\"wpcf7-form-control wpcf7-email wpcf7-validates-as-required wpcf7-text wpcf7-validates-as-email\" aria-required=\"true\" aria-invalid=\"false\" value=\"\" type=\"email\" name=\"your-email\" \/><\/span>\n\t\t\t<\/p>\n\t\t<\/div>\n\t\t<div class=\"col-md-4\">\n\t\t\t<p><label>T\u00e9l\u00e9phone <b style=\"color: #ee0000 !important;\">*<\/b><\/label><br \/>\n<span class=\"wpcf7-form-control-wrap\" data-name=\"your-telephone\"><input size=\"40\" maxlength=\"400\" class=\"wpcf7-form-control wpcf7-text wpcf7-validates-as-required\" aria-required=\"true\" aria-invalid=\"false\" value=\"\" type=\"text\" name=\"your-telephone\" \/><\/span>\n\t\t\t<\/p>\n\t\t<\/div>\n\t\t<div class=\"col-md-4\">\n\t\t\t<p><label>Entreprise<\/label><br \/>\n<span class=\"wpcf7-form-control-wrap\" data-name=\"your-company\"><input size=\"40\" maxlength=\"400\" class=\"wpcf7-form-control wpcf7-text\" aria-invalid=\"false\" value=\"\" type=\"text\" name=\"your-company\" \/><\/span>\n\t\t\t<\/p>\n\t\t<\/div>\n\t\t<div class=\"col-md-4\">\n\t\t\t<p><label>D\u00e9lai accord\u00e9<\/label><br \/>\n<span class=\"wpcf7-form-control-wrap\" data-name=\"your-deadline\"><input class=\"wpcf7-form-control wpcf7-date wpcf7-validates-as-date\" aria-invalid=\"false\" value=\"\" type=\"date\" name=\"your-deadline\" \/><\/span>\n\t\t\t<\/p>\n\t\t<\/div>\n\t<\/div>\n\t<div class=\"row\">\n\t\t<div class=\"col-md-12\">\n\t\t\t<p><label>Soumettez vos fichiers<\/label>\n\t\t\t<\/p>\n\t\t\t<p style=\"font-family: 'Montserrat',Helvetica,Arial,Lucida,sans-serif !important; font-size: 12px;line-height: 20px;\">Pour prot\u00e9ger votre vie priv\u00e9e et pr\u00e9venir le vol d\u2019identit\u00e9, \u00e9vitez de soumettre des documents comportant des renseignements sensibles ou confidentiels qui ne sont pas chiffr\u00e9s ou prot\u00e9g\u00e9s par un mot de passe complexe. Le gouvernement du Canada offre des conseils pour <a href=\"https:\/\/www.priv.gc.ca\/fr\/sujets-lies-a-la-protection-de-la-vie-privee\/technologie\/protection-de-la-vie-privee-en-ligne-surveillance-et-temoins\/protection-de-la-vie-privee-en-ligne\/protection-des-renseignements-personnels-en-ligne\/\" target=\"_blank\">prot\u00e9ger vos renseignements personnels en ligne<\/a> et pour <a href=\"https:\/\/www.priv.gc.ca\/fr\/sujets-lies-a-la-protection-de-la-vie-privee\/technologie\/protection-de-la-vie-privee-en-ligne-surveillance-et-temoins\/protection-de-la-vie-privee-en-ligne\/tips_pw\/\" target=\"_blank\">cr\u00e9er et g\u00e9rer vos mots de passe<\/a>.\n\t\t\t<\/p>\n\t\t\t<p><span class=\"wpcf7-form-control-wrap your-files\" style=\"position: static;\"><input size=\"40\" class=\"wpcf7-form-control wpcf7-dropuploader\" accept=\"application\/zip,zip,application\/x-rar-compressed,application\/x-rar,application\/rar,rar,application\/msword,doc,application\/vnd.openxmlformats-officedocument.wordprocessingml.document,docx,application\/vnd.ms-excel,xls,application\/pdf,pdf,application\/vnd.ms-powerpoint,ppt,application\/vnd.openxmlformats-officedocument.presentationml.presentation,pptx,image\/jpeg,image\/gif,image\/png\" data-maxfilesize=\"20000000\" aria-invalid=\"false\" type=\"file\" name=\"your-files[]\" multiple=\"multiple\" \/><\/span>\n\t\t\t<\/p>\n\t\t<\/div>\n\t<\/div>\n\t<div class=\"row\">\n\t\t<div class=\"col-md-12\">\n\t\t\t<p><label>Objet <b style=\"color: #ee0000 !important;\">*<\/b><\/label><br \/>\n<span class=\"wpcf7-form-control-wrap\" data-name=\"your-subject\"><input size=\"40\" maxlength=\"400\" class=\"wpcf7-form-control wpcf7-text wpcf7-validates-as-required\" aria-required=\"true\" aria-invalid=\"false\" value=\"\" type=\"text\" name=\"your-subject\" \/><\/span>\n\t\t\t<\/p>\n\t\t<\/div>\n\t\t<div class=\"col-md-12\">\n\t\t\t<p><label>Message <b style=\"color: #ee0000 !important;\">*<\/b><\/label><br \/>\n<span class=\"wpcf7-form-control-wrap\" data-name=\"your-message\"><textarea cols=\"40\" rows=\"10\" maxlength=\"2000\" class=\"wpcf7-form-control wpcf7-textarea wpcf7-validates-as-required\" aria-required=\"true\" aria-invalid=\"false\" name=\"your-message\"><\/textarea><\/span>\n\t\t\t<\/p>\n\t\t<\/div>\n\t<\/div>\n\t<div class=\"row\">\n\t\t<div class=\"col-md-12 recaptcha\">\n\t\t\t<p class=\"g-recaptcha-notice\" style=\"font-size: 11px;line-height: 16px;margin-bottom: 0; text-align: center;\">Ce site est prot\u00e9g\u00e9 par reCAPTCHA. La <a href=\"https:\/\/policies.google.com\/privacy\" target=\"_blank\">Politique de confidentialit\u00e9<\/a> ainsi que les <a href=\"https:\/\/policies.google.com\/terms\" target=\"_blank\">Conditions d'utilisation<\/a> de Google s'appliquent.\n\t\t\t<\/p>\n\t\t<\/div>\n\t\t<div class=\"col-md-12\">\n\t\t\t<p><input class=\"wpcf7-form-control wpcf7-submit has-spinner\" type=\"submit\" value=\"Soumettre\" \/>\n\t\t\t<\/p>\n\t\t\t<p style=\"font-family: 'Montserrat',Helvetica,Arial,Lucida,sans-serif !important; font-size: 18px;line-height: 26px;\">Si le formulaire ne semble pas fonctionner correctement ou si une erreur s\u2019affiche, merci de nous <a href=\"tel:1-833-436-6331\">t\u00e9l\u00e9phoner<\/a> d\u00e8s que possible ou de <a href=\"mailto:offredeservice@traductioninvisible.com?subject=Demande%20de%20devis&body=*Tous%20les%20champs%20doivent%20%C3%AAtre%20remplis.*%20%0A%0ANom%20:%0AFonction%20:%20%0ASoci%C3%A9t%C3%A9%20:%0AAdresse%20postale%20:%0A%0AT%C3%A9l%C3%A9phone%20:%0AT%C3%A9l%C3%A9copieur%20:%0ACourriel%20:%0A%0ALangue(s)%20d%E2%80%99origine%20:%0ALangue(s)%20d%E2%80%99arriv%C3%A9e%20\/%20pays%20:%0A%0AFichier(s)%20:%0AVotre%20num%C3%A9ro%20de%20r%C3%A9f%C3%A9rence%20:%0A%0ARemarques%20et%20consignes%20:%0A%0A%0A%3E%3E%3E%20N%E2%80%99OUBLIEZ%20PAS%20DE%20JOINDRE%20VOS%20FICHIERS%20ET%20DE%20PR%C3%89CISER%20LE%20D%C3%89LAI%20QUE%20VOUS%20NOUS%20ACCORDEZ.%0A\">cliquer ici<\/a> pour nous permettre de bien vous servir.\n\t\t\t<\/p>\n\t\t<\/div>\n\t<\/div>\n<\/div><div class=\"wpcf7-response-output\" aria-hidden=\"true\"><\/div>\n<\/form>\n<\/div>\n\n<p>[\/et_pb_text][et_pb_code admin_label=\u00a0\u00bbCustom codes\u00a0\u00bb _builder_version=\u00a0\u00bb4.27.0&Prime; _module_preset=\u00a0\u00bbdefault\u00a0\u00bb global_colors_info=\u00a0\u00bb{}\u00a0\u00bb]<\/p>\n<style><!-- [et_pb_line_break_holder] -->#tdo-box .et-box-content {<!-- [et_pb_line_break_holder] -->    padding: 10px !important;<!-- [et_pb_line_break_holder] -->    display: flex;<!-- [et_pb_line_break_holder] -->    justify-content: center;<!-- [et_pb_line_break_holder] -->    gap: 20px;<!-- [et_pb_line_break_holder] -->}<!-- [et_pb_line_break_holder] -->#tdo-box .et-box-content p {<!-- [et_pb_line_break_holder] -->  margin: 0;<!-- [et_pb_line_break_holder] -->  padding: 0;<!-- [et_pb_line_break_holder] -->}<!-- [et_pb_line_break_holder] -->.header-cta {<!-- [et_pb_line_break_holder] -->    display: none;<!-- [et_pb_line_break_holder] -->}<!-- [et_pb_line_break_holder] --><\/style>\n<p>[\/et_pb_code][\/et_pb_column][et_pb_column type=\u00a0\u00bb1_3&Prime; _builder_version=\u00a0\u00bb4.27.0&Prime; _module_preset=\u00a0\u00bbdefault\u00a0\u00bb global_colors_info=\u00a0\u00bb{}\u00a0\u00bb][et_pb_sidebar _builder_version=\u00a0\u00bb4.27.0&Prime; _module_preset=\u00a0\u00bbdefault\u00a0\u00bb global_colors_info=\u00a0\u00bb{}\u00a0\u00bb][\/et_pb_sidebar][\/et_pb_column][\/et_pb_row][\/et_pb_section]<\/p>\n","protected":false},"excerpt":{"rendered":"<p><div class=\"breadcrumb\" itemprop=\"breadcrumb\"><span><span><a href=\"https:\/\/www.invisibletranslation.com\/fr\/\">Accueil<\/a><\/span><\/span><\/div>Traduction de documents officiels <a href=\"https:\/\/www.invisibletranslation.com\/\">english version<\/a> | <a href=\"https:\/\/www.invisibletranslation.com\/es\/\">versi\u00f3n espa\u00f1ola<\/a> Traduction INVISIBLE inc. vous souhaite la bienvenue et vous remercie de votre int\u00e9r\u00eat! Nous sommes l\u00e0 pour vous aider. Pour aller de l\u2019avant, veuillez remplir le formulaire ci-dessous et t\u00e9l\u00e9versez de mani\u00e8re s\u00e9curitaire tout document requis \u00e0 l\u2019aide de votre plateforme d\u2019\u00e9change pr\u00e9f\u00e9r\u00e9e. Si vous avez des questions, nous vous [&hellip;]<\/p>\n","protected":false},"author":3,"featured_media":0,"parent":0,"menu_order":0,"comment_status":"closed","ping_status":"closed","template":"","meta":{"_et_pb_use_builder":"on","_et_pb_old_content":"","_et_gb_content_width":"","footnotes":""},"class_list":["post-6342","page","type-page","status-publish","hentry"],"yoast_head":"<!-- This site is optimized with the Yoast SEO plugin v25.0 - https:\/\/yoast.com\/wordpress\/plugins\/seo\/ -->\n<title>Traduction de Documents Officiels - Traduction INVISIBLE inc.<\/title>\n<meta name=\"robots\" content=\"noindex, follow\" \/>\n<meta property=\"og:locale\" content=\"fr_FR\" \/>\n<meta property=\"og:type\" content=\"article\" \/>\n<meta property=\"og:title\" content=\"Traduction de Documents Officiels - Traduction INVISIBLE inc.\" \/>\n<meta property=\"og:description\" content=\"Traduction de documents officiels Traduction INVISIBLE inc. vous souhaite la bienvenue et vous remercie de votre int\u00e9r\u00eat! Nous sommes l\u00e0 pour vous aider. Pour aller de l\u2019avant, veuillez remplir le formulaire ci-dessous et t\u00e9l\u00e9versez de mani\u00e8re s\u00e9curitaire tout document requis \u00e0 l\u2019aide de votre plateforme d\u2019\u00e9change pr\u00e9f\u00e9r\u00e9e. Si vous avez des questions, nous vous [&hellip;]\" \/>\n<meta property=\"og:url\" content=\"https:\/\/www.invisibletranslation.com\/fr\/traduction-documents-officiels\/\" \/>\n<meta property=\"og:site_name\" content=\"Traduction INVISIBLE inc.\" \/>\n<meta property=\"article:modified_time\" content=\"2025-04-09T16:19:17+00:00\" \/>\n<meta property=\"og:image\" content=\"https:\/\/www.invisibletranslation.com\/wp-content\/uploads\/2024\/09\/traduction-documents-officiels-01-fr.jpg\" \/>\n\t<meta property=\"og:image:width\" content=\"1200\" \/>\n\t<meta property=\"og:image:height\" content=\"628\" \/>\n\t<meta property=\"og:image:type\" content=\"image\/jpeg\" \/>\n<meta name=\"twitter:card\" content=\"summary_large_image\" \/>\n<meta name=\"twitter:label1\" content=\"Dur\u00e9e de lecture estim\u00e9e\" \/>\n\t<meta name=\"twitter:data1\" content=\"2 minutes\" \/>\n<script type=\"application\/ld+json\" class=\"yoast-schema-graph\">{\"@context\":\"https:\/\/schema.org\",\"@graph\":[{\"@type\":\"WebPage\",\"@id\":\"https:\/\/www.invisibletranslation.com\/fr\/traduction-documents-officiels\/\",\"url\":\"https:\/\/www.invisibletranslation.com\/fr\/traduction-documents-officiels\/\",\"name\":\"Traduction de Documents Officiels - Traduction INVISIBLE inc.\",\"isPartOf\":{\"@id\":\"https:\/\/www.invisibletranslation.com\/fr\/#website\"},\"primaryImageOfPage\":{\"@id\":\"https:\/\/www.invisibletranslation.com\/fr\/traduction-documents-officiels\/#primaryimage\"},\"image\":{\"@id\":\"https:\/\/www.invisibletranslation.com\/fr\/traduction-documents-officiels\/#primaryimage\"},\"thumbnailUrl\":\"https:\/\/www.invisibletranslation.com\/wp-content\/uploads\/2024\/09\/traduction-documents-officiels-01-fr-1024x536.jpg\",\"datePublished\":\"2024-08-28T17:37:38+00:00\",\"dateModified\":\"2025-04-09T16:19:17+00:00\",\"breadcrumb\":{\"@id\":\"https:\/\/www.invisibletranslation.com\/fr\/traduction-documents-officiels\/#breadcrumb\"},\"inLanguage\":\"fr-FR\",\"potentialAction\":[{\"@type\":\"ReadAction\",\"target\":[\"https:\/\/www.invisibletranslation.com\/fr\/traduction-documents-officiels\/\"]}]},{\"@type\":\"ImageObject\",\"inLanguage\":\"fr-FR\",\"@id\":\"https:\/\/www.invisibletranslation.com\/fr\/traduction-documents-officiels\/#primaryimage\",\"url\":\"https:\/\/www.invisibletranslation.com\/wp-content\/uploads\/2024\/09\/traduction-documents-officiels-01-fr-1024x536.jpg\",\"contentUrl\":\"https:\/\/www.invisibletranslation.com\/wp-content\/uploads\/2024\/09\/traduction-documents-officiels-01-fr-1024x536.jpg\"},{\"@type\":\"BreadcrumbList\",\"@id\":\"https:\/\/www.invisibletranslation.com\/fr\/traduction-documents-officiels\/#breadcrumb\",\"itemListElement\":[{\"@type\":\"ListItem\",\"position\":1,\"name\":\"Accueil\",\"item\":\"https:\/\/www.invisibletranslation.com\/fr\/\"},{\"@type\":\"ListItem\",\"position\":2,\"name\":\"Traduction de Documents Officiels\"}]},{\"@type\":\"WebSite\",\"@id\":\"https:\/\/www.invisibletranslation.com\/fr\/#website\",\"url\":\"https:\/\/www.invisibletranslation.com\/fr\/\",\"name\":\"Traduction INVISIBLE inc.\",\"description\":\"Translators &amp; Communications Consultants\",\"potentialAction\":[{\"@type\":\"SearchAction\",\"target\":{\"@type\":\"EntryPoint\",\"urlTemplate\":\"https:\/\/www.invisibletranslation.com\/fr\/?s={search_term_string}\"},\"query-input\":{\"@type\":\"PropertyValueSpecification\",\"valueRequired\":true,\"valueName\":\"search_term_string\"}}],\"inLanguage\":\"fr-FR\"}]}<\/script>\n<!-- \/ Yoast SEO plugin. -->","yoast_head_json":{"title":"Traduction de Documents Officiels - Traduction INVISIBLE inc.","robots":{"index":"noindex","follow":"follow"},"og_locale":"fr_FR","og_type":"article","og_title":"Traduction de Documents Officiels - Traduction INVISIBLE inc.","og_description":"Traduction de documents officiels Traduction INVISIBLE inc. vous souhaite la bienvenue et vous remercie de votre int\u00e9r\u00eat! Nous sommes l\u00e0 pour vous aider. Pour aller de l\u2019avant, veuillez remplir le formulaire ci-dessous et t\u00e9l\u00e9versez de mani\u00e8re s\u00e9curitaire tout document requis \u00e0 l\u2019aide de votre plateforme d\u2019\u00e9change pr\u00e9f\u00e9r\u00e9e. Si vous avez des questions, nous vous [&hellip;]","og_url":"https:\/\/www.invisibletranslation.com\/fr\/traduction-documents-officiels\/","og_site_name":"Traduction INVISIBLE inc.","article_modified_time":"2025-04-09T16:19:17+00:00","og_image":[{"width":1200,"height":628,"url":"https:\/\/www.invisibletranslation.com\/wp-content\/uploads\/2024\/09\/traduction-documents-officiels-01-fr.jpg","type":"image\/jpeg"}],"twitter_card":"summary_large_image","twitter_misc":{"Dur\u00e9e de lecture estim\u00e9e":"2 minutes"},"schema":{"@context":"https:\/\/schema.org","@graph":[{"@type":"WebPage","@id":"https:\/\/www.invisibletranslation.com\/fr\/traduction-documents-officiels\/","url":"https:\/\/www.invisibletranslation.com\/fr\/traduction-documents-officiels\/","name":"Traduction de Documents Officiels - Traduction INVISIBLE inc.","isPartOf":{"@id":"https:\/\/www.invisibletranslation.com\/fr\/#website"},"primaryImageOfPage":{"@id":"https:\/\/www.invisibletranslation.com\/fr\/traduction-documents-officiels\/#primaryimage"},"image":{"@id":"https:\/\/www.invisibletranslation.com\/fr\/traduction-documents-officiels\/#primaryimage"},"thumbnailUrl":"https:\/\/www.invisibletranslation.com\/wp-content\/uploads\/2024\/09\/traduction-documents-officiels-01-fr-1024x536.jpg","datePublished":"2024-08-28T17:37:38+00:00","dateModified":"2025-04-09T16:19:17+00:00","breadcrumb":{"@id":"https:\/\/www.invisibletranslation.com\/fr\/traduction-documents-officiels\/#breadcrumb"},"inLanguage":"fr-FR","potentialAction":[{"@type":"ReadAction","target":["https:\/\/www.invisibletranslation.com\/fr\/traduction-documents-officiels\/"]}]},{"@type":"ImageObject","inLanguage":"fr-FR","@id":"https:\/\/www.invisibletranslation.com\/fr\/traduction-documents-officiels\/#primaryimage","url":"https:\/\/www.invisibletranslation.com\/wp-content\/uploads\/2024\/09\/traduction-documents-officiels-01-fr-1024x536.jpg","contentUrl":"https:\/\/www.invisibletranslation.com\/wp-content\/uploads\/2024\/09\/traduction-documents-officiels-01-fr-1024x536.jpg"},{"@type":"BreadcrumbList","@id":"https:\/\/www.invisibletranslation.com\/fr\/traduction-documents-officiels\/#breadcrumb","itemListElement":[{"@type":"ListItem","position":1,"name":"Accueil","item":"https:\/\/www.invisibletranslation.com\/fr\/"},{"@type":"ListItem","position":2,"name":"Traduction de Documents Officiels"}]},{"@type":"WebSite","@id":"https:\/\/www.invisibletranslation.com\/fr\/#website","url":"https:\/\/www.invisibletranslation.com\/fr\/","name":"Traduction INVISIBLE inc.","description":"Translators &amp; Communications Consultants","potentialAction":[{"@type":"SearchAction","target":{"@type":"EntryPoint","urlTemplate":"https:\/\/www.invisibletranslation.com\/fr\/?s={search_term_string}"},"query-input":{"@type":"PropertyValueSpecification","valueRequired":true,"valueName":"search_term_string"}}],"inLanguage":"fr-FR"}]}},"_links":{"self":[{"href":"https:\/\/www.invisibletranslation.com\/fr\/wp-json\/wp\/v2\/pages\/6342","targetHints":{"allow":["GET"]}}],"collection":[{"href":"https:\/\/www.invisibletranslation.com\/fr\/wp-json\/wp\/v2\/pages"}],"about":[{"href":"https:\/\/www.invisibletranslation.com\/fr\/wp-json\/wp\/v2\/types\/page"}],"author":[{"embeddable":true,"href":"https:\/\/www.invisibletranslation.com\/fr\/wp-json\/wp\/v2\/users\/3"}],"replies":[{"embeddable":true,"href":"https:\/\/www.invisibletranslation.com\/fr\/wp-json\/wp\/v2\/comments?post=6342"}],"version-history":[{"count":19,"href":"https:\/\/www.invisibletranslation.com\/fr\/wp-json\/wp\/v2\/pages\/6342\/revisions"}],"predecessor-version":[{"id":6551,"href":"https:\/\/www.invisibletranslation.com\/fr\/wp-json\/wp\/v2\/pages\/6342\/revisions\/6551"}],"wp:attachment":[{"href":"https:\/\/www.invisibletranslation.com\/fr\/wp-json\/wp\/v2\/media?parent=6342"}],"curies":[{"name":"wp","href":"https:\/\/api.w.org\/{rel}","templated":true}]}}