{"id":5890,"date":"2021-03-03T10:04:52","date_gmt":"2021-03-03T15:04:52","guid":{"rendered":"https:\/\/www.invisibletranslation.com\/fs\/"},"modified":"2023-10-18T21:51:43","modified_gmt":"2023-10-19T01:51:43","slug":"gt","status":"publish","type":"page","link":"https:\/\/www.invisibletranslation.com\/fr\/gt\/","title":{"rendered":"Grille tarifaire"},"content":{"rendered":"<p>[et_pb_section fb_built=\u00a0\u00bb1&Prime; custom_padding_last_edited=\u00a0\u00bbon|desktop\u00a0\u00bb admin_label=\u00a0\u00bbsection\u00a0\u00bb module_id=\u00a0\u00bbcontent-zone\u00a0\u00bb _builder_version=\u00a0\u00bb4.16&Prime; custom_padding_tablet=\u00a0\u00bb50px|0|50px|0&Prime; custom_padding_phone=\u00a0\u00bb\u00a0\u00bb transparent_background=\u00a0\u00bboff\u00a0\u00bb padding_mobile=\u00a0\u00bboff\u00a0\u00bb make_fullwidth=\u00a0\u00bboff\u00a0\u00bb use_custom_width=\u00a0\u00bboff\u00a0\u00bb width_unit=\u00a0\u00bbon\u00a0\u00bb global_colors_info=\u00a0\u00bb{}\u00a0\u00bb][et_pb_row column_structure=\u00a0\u00bb2_3,1_3&Prime; admin_label=\u00a0\u00bbrow\u00a0\u00bb _builder_version=\u00a0\u00bb4.16&Prime; background_size=\u00a0\u00bbinitial\u00a0\u00bb background_position=\u00a0\u00bbtop_left\u00a0\u00bb background_repeat=\u00a0\u00bbrepeat\u00a0\u00bb global_colors_info=\u00a0\u00bb{}\u00a0\u00bb][et_pb_column type=\u00a0\u00bb2_3&Prime; _builder_version=\u00a0\u00bb4.16&Prime; custom_padding=\u00a0\u00bb|||\u00a0\u00bb global_colors_info=\u00a0\u00bb{}\u00a0\u00bb custom_padding__hover=\u00a0\u00bb|||\u00a0\u00bb][et_pb_text admin_label=\u00a0\u00bbBredcrumbs\u00a0\u00bb _builder_version=\u00a0\u00bb4.17.4&Prime; background_size=\u00a0\u00bbinitial\u00a0\u00bb background_position=\u00a0\u00bbtop_left\u00a0\u00bb background_repeat=\u00a0\u00bbrepeat\u00a0\u00bb use_border_color=\u00a0\u00bboff\u00a0\u00bb border_color=\u00a0\u00bb#ffffff\u00a0\u00bb border_style=\u00a0\u00bbsolid\u00a0\u00bb global_colors_info=\u00a0\u00bb{}\u00a0\u00bb]<\/p>\n<div class=\"breadcrumb\" itemprop=\"breadcrumb\"><span><span><a href=\"https:\/\/www.invisibletranslation.com\/fr\/\">Accueil<\/a><\/span><\/span><\/div>\n<p>[\/et_pb_text][et_pb_text admin_label=\u00a0\u00bbLong Title\u00a0\u00bb _builder_version=\u00a0\u00bb4.17.4&Prime; background_size=\u00a0\u00bbinitial\u00a0\u00bb background_position=\u00a0\u00bbtop_left\u00a0\u00bb background_repeat=\u00a0\u00bbrepeat\u00a0\u00bb use_border_color=\u00a0\u00bboff\u00a0\u00bb border_color=\u00a0\u00bb#ffffff\u00a0\u00bb border_style=\u00a0\u00bbsolid\u00a0\u00bb global_colors_info=\u00a0\u00bb{}\u00a0\u00bb]<\/p>\n<h1>Grille tarifaire <script>document.write(new Date().getFullYear())<\/script><\/h1>\n<p><img loading=\"lazy\" decoding=\"async\" id=\"title-top-image\" class=\"wp-image-5897 alignnone size-full\" src=\"https:\/\/www.invisibletranslation.com\/wp-content\/uploads\/2023\/10\/fee-schedule-fr-01.jpg\" alt=\"\" width=\"1200\" height=\"820\" \/><\/p>\n<p>[\/et_pb_text][et_pb_text admin_label=\u00a0\u00bbTraduction\u00a0\u00bb module_class=\u00a0\u00bbelement\u00a0\u00bb _builder_version=\u00a0\u00bb4.17.4&Prime; _module_preset=\u00a0\u00bbdefault\u00a0\u00bb hover_enabled=\u00a0\u00bb0&Prime; global_colors_info=\u00a0\u00bb{}\u00a0\u00bb sticky_enabled=\u00a0\u00bb0&Prime;]<\/p>\n<div class=\"title\">TRADUCTION<\/div>\n<div class=\"description\">\n<p>Traduction g\u00e9n\u00e9rale : Tarif horaire ou tarif par mot applicable<br \/>Traduction technique et sp\u00e9cialis\u00e9e\u00a0: +20\u00a0%<br \/>Traduction tr\u00e8s technique et hautement sp\u00e9cialis\u00e9e : +35\u00a0%<\/p>\n<p>Un tarif minimum (taxes en sus, le cas \u00e9ch\u00e9ant) est applicable \u00e0 toute demande de traduction<\/p>\n<\/div>\n<p>[\/et_pb_text][et_pb_text admin_label=\u00a0\u00bbR\u00e9vision unilingue\u00a0\u00bb module_class=\u00a0\u00bbelement\u00a0\u00bb _builder_version=\u00a0\u00bb4.17.4&Prime; _module_preset=\u00a0\u00bbdefault\u00a0\u00bb global_colors_info=\u00a0\u00bb{}\u00a0\u00bb]<\/p>\n<div class=\"title\">R\u00c9VISION UNILINGUE<\/div>\n<div class=\"description\">\n<p>Tarif horaire ou tarif par mot applicable<\/p>\n<p>Un tarif minimum (taxes en sus, le cas \u00e9ch\u00e9ant) d\u2019une heure est applicable \u00e0 toute demande de r\u00e9vision unilingue<\/p>\n<\/div>\n<p>[\/et_pb_text][et_pb_text admin_label=\u00a0\u00bbR\u00e9vision bilingue\u00a0\u00bb module_class=\u00a0\u00bbelement\u00a0\u00bb _builder_version=\u00a0\u00bb4.17.4&Prime; _module_preset=\u00a0\u00bbdefault\u00a0\u00bb global_colors_info=\u00a0\u00bb{}\u00a0\u00bb]<\/p>\n<div class=\"title\">R\u00c9VISION BILINGUE<\/div>\n<div class=\"description\">\n<p>Tarif horaire ou tarif par mot applicable<\/p>\n<p>Un tarif minimum (taxes en sus, le cas \u00e9ch\u00e9ant) d\u2019une heure est applicable \u00e0 toute demande de r\u00e9vision bilingue<\/p>\n<\/div>\n<p>[\/et_pb_text][et_pb_text admin_label=\u00a0\u00bbCorrection d&rsquo;\u00e9preuves\u00a0\u00bb module_class=\u00a0\u00bbelement\u00a0\u00bb _builder_version=\u00a0\u00bb4.17.4&Prime; _module_preset=\u00a0\u00bbdefault\u00a0\u00bb global_colors_info=\u00a0\u00bb{}\u00a0\u00bb]<\/p>\n<div class=\"title\">CORRECTION D\u2019\u00c9PREUVES<\/div>\n<div class=\"description\">\n<p>Tarif horaire ou tarif par mot applicable<\/p>\n<p>Un tarif minimum (taxes en sus, le cas \u00e9ch\u00e9ant) d\u2019une heure est applicable \u00e0 toute demande de correction d\u2019\u00e9preuves<\/p>\n<\/div>\n<p>[\/et_pb_text][et_pb_text admin_label=\u00a0\u00bbTranscr\u00e9ation\u00a0\u00bb module_class=\u00a0\u00bbelement\u00a0\u00bb _builder_version=\u00a0\u00bb4.17.4&Prime; _module_preset=\u00a0\u00bbdefault\u00a0\u00bb global_colors_info=\u00a0\u00bb{}\u00a0\u00bb]<\/p>\n<div class=\"title\">TRANSCR\u00c9ATION<\/div>\n<div class=\"description\">\n<p>Tarif horaire ou tarif forfaitaire applicable<\/p>\n<p>Un tarif minimum (taxes en sus, le cas \u00e9ch\u00e9ant) est applicable \u00e0 toute demande de transcr\u00e9ation<\/p>\n<\/div>\n<p>[\/et_pb_text][et_pb_text admin_label=\u00a0\u00bbTraduction, r\u00e9vision, correction\u00a0\u00bb module_class=\u00a0\u00bbelement\u00a0\u00bb _builder_version=\u00a0\u00bb4.17.4&Prime; _module_preset=\u00a0\u00bbdefault\u00a0\u00bb global_colors_info=\u00a0\u00bb{}\u00a0\u00bb]<\/p>\n<div class=\"title\">TRADUCTION -&gt; R\u00c9VISION UNILINGUE -&gt; CORRECTION D\u2019\u00c9PREUVES<\/div>\n<div class=\"description\">Traduction g\u00e9n\u00e9rale : +30&nbsp;%<br \/>\nTraduction technique : +35&nbsp;%<br \/>\nTraduction tr\u00e8s technique : +40&nbsp;%<\/div>\n<p>[\/et_pb_text][et_pb_text admin_label=\u00a0\u00bbTAO\u00a0\u00bb module_class=\u00a0\u00bbelement\u00a0\u00bb _builder_version=\u00a0\u00bb4.17.4&Prime; _module_preset=\u00a0\u00bbdefault\u00a0\u00bb global_colors_info=\u00a0\u00bb{}\u00a0\u00bb]<\/p>\n<div class=\"title\">TAO<\/div>\n<div class=\"description\">L\u2019imposition d\u2019un outil de TAO entra\u00eene des frais additionnels de 25&nbsp;%<\/div>\n<p>[\/et_pb_text][et_pb_text admin_label=\u00a0\u00bbBar\u00e8me d\u00e9gressif\u00a0\u00bb module_class=\u00a0\u00bbelement\u00a0\u00bb _builder_version=\u00a0\u00bb4.17.4&Prime; _module_preset=\u00a0\u00bbdefault\u00a0\u00bb global_colors_info=\u00a0\u00bb{}\u00a0\u00bb]<\/p>\n<div class=\"title\">BAR\u00c8ME D\u00c9GRESSIF<\/div>\n<div class=\"description\">\n<p>Correspondance partielle (0 \u00e0 74&nbsp;%)&nbsp;: 100&nbsp;% du tarif convenu<br \/>\nCorrespondance partielle (75 \u00e0 94&nbsp;%)&nbsp;: 60&nbsp;% du tarif convenu<br \/>\nCorrespondance partielle (95 \u00e0 99&nbsp;%)&nbsp;: 30&nbsp;% du tarif convenu<br \/>\nCorrespondance parfaite et r\u00e9p\u00e9tition : 20&nbsp;% du tarif convenu<\/p>\n<p>La r\u00e9vision bilingue en contexte des correspondances parfaites est effectu\u00e9e sans frais jusqu\u2019\u00e0 concurrence de 30&nbsp;% du nombre de mots que compte le mandat\n<\/p><\/div>\n<p>[\/et_pb_text][et_pb_text admin_label=\u00a0\u00bbCompl\u00e9ment d&rsquo;information\u00a0\u00bb module_class=\u00a0\u00bbelement\u00a0\u00bb _builder_version=\u00a0\u00bb4.17.4&Prime; _module_preset=\u00a0\u00bbdefault\u00a0\u00bb global_colors_info=\u00a0\u00bb{}\u00a0\u00bb]<\/p>\n<div class=\"title\">COMPL\u00c9MENT D\u2019INFORMATION<\/div>\n<div class=\"description\">Toute cr\u00e9ation de lexiques et production de documents compl\u00e9mentaires entra\u00eenent des frais additionnels de 5&nbsp;%<\/div>\n<p>[\/et_pb_text][et_pb_text admin_label=\u00a0\u00bbMandat prioritaire\u00a0\u00bb module_class=\u00a0\u00bbelement\u00a0\u00bb _builder_version=\u00a0\u00bb4.17.4&Prime; _module_preset=\u00a0\u00bbdefault\u00a0\u00bb global_colors_info=\u00a0\u00bb{}\u00a0\u00bb]<\/p>\n<div class=\"title\">MANDAT PRIORITAIRE<\/div>\n<div class=\"description\">Majoration de 35&nbsp;%<\/div>\n<p>[\/et_pb_text][et_pb_text admin_label=\u00a0\u00bbMandat urgent\u00a0\u00bb module_class=\u00a0\u00bbelement\u00a0\u00bb _builder_version=\u00a0\u00bb4.17.4&Prime; _module_preset=\u00a0\u00bbdefault\u00a0\u00bb global_colors_info=\u00a0\u00bb{}\u00a0\u00bb]<\/p>\n<div class=\"title\">MANDAT URGENT<\/div>\n<div class=\"description\">Majoration de 75&nbsp;%<\/div>\n<p>[\/et_pb_text][et_pb_text admin_label=\u00a0\u00bbPaiement\u00a0\u00bb module_class=\u00a0\u00bbelement\u00a0\u00bb _builder_version=\u00a0\u00bb4.17.4&Prime; _module_preset=\u00a0\u00bbdefault\u00a0\u00bb global_colors_info=\u00a0\u00bb{}\u00a0\u00bb]<\/p>\n<div class=\"title\">PAIEMENT<\/div>\n<div class=\"description\">Net dans 30&nbsp;jours \u2014 Tout paiement effectu\u00e9 par l\u2019entremise de PayPal entra\u00eene des frais additionnels de 5&nbsp;%, alors que tout virement bancaire entra\u00eene des frais additionnels de 50&nbsp;USD<\/div>\n<p>[\/et_pb_text][et_pb_text admin_label=\u00a0\u00bbAmendment\u00a0\u00bb module_class=\u00a0\u00bbelement\u00a0\u00bb _builder_version=\u00a0\u00bb4.17.4&Prime; _module_preset=\u00a0\u00bbdefault\u00a0\u00bb global_colors_info=\u00a0\u00bb{}\u00a0\u00bb]<\/p>\n<div class=\"title\">MODIFICATION<\/div>\n<div class=\"description\">Traduction INVISIBLE inc. se r\u00e9serve le droit de modifier, \u00e0 son enti\u00e8re discr\u00e9tion, tout tarif en tout temps<\/div>\n<p>[\/et_pb_text][et_pb_text admin_label=\u00a0\u00bbConditions\u00a0\u00bb module_class=\u00a0\u00bbelement\u00a0\u00bb _builder_version=\u00a0\u00bb4.17.4&Prime; _module_preset=\u00a0\u00bbdefault\u00a0\u00bb global_colors_info=\u00a0\u00bb{}\u00a0\u00bb]<\/p>\n<div class=\"title\">CONDITIONS<\/div>\n<div class=\"description\"><a href=\"https:\/\/www.invisibletranslation.com\/fr\/conditions-de-vente\/\">invisibletranslation.com\/fr\/conditions-de-vente\/<\/a><\/div>\n<p>[\/et_pb_text][et_pb_code admin_label=\u00a0\u00bbCustom CSS (do not delete)\u00a0\u00bb _builder_version=\u00a0\u00bb4.17.4&Prime; _module_preset=\u00a0\u00bbdefault\u00a0\u00bb global_colors_info=\u00a0\u00bb{}\u00a0\u00bb]<\/p>\n<style><!-- [et_pb_line_break_holder] -->.element {<!-- [et_pb_line_break_holder] -->    margin-bottom: 50px !important;<!-- [et_pb_line_break_holder] -->}<!-- [et_pb_line_break_holder] -->.element .et_pb_text_inner .title {<!-- [et_pb_line_break_holder] -->    font-weight: bold;<!-- [et_pb_line_break_holder] -->    flex: 1 0 30%;<!-- [et_pb_line_break_holder] -->    border-bottom: 1px solid #666;<!-- [et_pb_line_break_holder] -->    margin-bottom: 10px;<!-- [et_pb_line_break_holder] -->    padding-bottom: 5px;<!-- [et_pb_line_break_holder] -->}<!-- [et_pb_line_break_holder] -->.element .et_pb_text_inner .description {<!-- [et_pb_line_break_holder] -->    max-width: 470px;<!-- [et_pb_line_break_holder] -->    margin-left: auto;<!-- [et_pb_line_break_holder] -->}<!-- [et_pb_line_break_holder] --><\/style>\n<p>[\/et_pb_code][\/et_pb_column][et_pb_column type=\u00a0\u00bb1_3&Prime; _builder_version=\u00a0\u00bb4.16&Prime; custom_padding=\u00a0\u00bb|||\u00a0\u00bb global_colors_info=\u00a0\u00bb{}\u00a0\u00bb custom_padding__hover=\u00a0\u00bb|||\u00a0\u00bb][et_pb_sidebar orientation=\u00a0\u00bbright\u00a0\u00bb area=\u00a0\u00bbsidebar-1&Prime; _builder_version=\u00a0\u00bb4.16&Prime; remove_border=\u00a0\u00bboff\u00a0\u00bb global_colors_info=\u00a0\u00bb{}\u00a0\u00bb][\/et_pb_sidebar][\/et_pb_column][\/et_pb_row][\/et_pb_section]<\/p>\n","protected":false},"excerpt":{"rendered":"<p><div class=\"breadcrumb\" itemprop=\"breadcrumb\"><span><span><a href=\"https:\/\/www.invisibletranslation.com\/fr\/\">Accueil<\/a><\/span><\/span><\/div>Grille tarifaire TRADUCTION Traduction g\u00e9n\u00e9rale : Tarif horaire ou tarif par mot applicableTraduction technique et sp\u00e9cialis\u00e9e\u00a0: +20\u00a0%Traduction tr\u00e8s technique et hautement sp\u00e9cialis\u00e9e : +35\u00a0% Un tarif minimum (taxes en sus, le cas \u00e9ch\u00e9ant) est applicable \u00e0 toute demande de traduction R\u00c9VISION UNILINGUE Tarif horaire ou tarif par mot applicable Un tarif minimum (taxes en sus, [&hellip;]<\/p>\n","protected":false},"author":3,"featured_media":0,"parent":0,"menu_order":0,"comment_status":"closed","ping_status":"closed","template":"","meta":{"_et_pb_use_builder":"on","_et_pb_old_content":"","_et_gb_content_width":"","footnotes":""},"categories":[],"tags":[34],"class_list":["post-5890","page","type-page","status-publish","hentry","tag-yarpp-exclude-fr"],"yoast_head":"<!-- This site is optimized with the Yoast SEO plugin v25.0 - https:\/\/yoast.com\/wordpress\/plugins\/seo\/ -->\n<title>Grille tarifaire - Traduction INVISIBLE inc.<\/title>\n<meta name=\"robots\" content=\"noindex, follow\" \/>\n<meta property=\"og:locale\" content=\"fr_FR\" \/>\n<meta property=\"og:type\" content=\"article\" \/>\n<meta property=\"og:title\" content=\"Grille tarifaire - Traduction INVISIBLE inc.\" \/>\n<meta property=\"og:description\" content=\"Grille tarifaire TRADUCTION Traduction g\u00e9n\u00e9rale : Tarif horaire ou tarif par mot applicableTraduction technique et sp\u00e9cialis\u00e9e\u00a0: +20\u00a0%Traduction tr\u00e8s technique et hautement sp\u00e9cialis\u00e9e : +35\u00a0% Un tarif minimum (taxes en sus, le cas \u00e9ch\u00e9ant) est applicable \u00e0 toute demande de traduction R\u00c9VISION UNILINGUE Tarif horaire ou tarif par mot applicable Un tarif minimum (taxes en sus, [&hellip;]\" \/>\n<meta property=\"og:url\" content=\"https:\/\/www.invisibletranslation.com\/fr\/gt\/\" \/>\n<meta property=\"og:site_name\" content=\"Traduction INVISIBLE inc.\" \/>\n<meta property=\"article:modified_time\" content=\"2023-10-19T01:51:43+00:00\" \/>\n<meta property=\"og:image\" content=\"https:\/\/www.invisibletranslation.com\/wp-content\/uploads\/2023\/10\/fee-schedule-fr-01.jpg\" \/>\n<meta name=\"twitter:card\" content=\"summary_large_image\" \/>\n<meta name=\"twitter:label1\" content=\"Dur\u00e9e de lecture estim\u00e9e\" \/>\n\t<meta name=\"twitter:data1\" content=\"3 minutes\" \/>\n<script type=\"application\/ld+json\" class=\"yoast-schema-graph\">{\"@context\":\"https:\/\/schema.org\",\"@graph\":[{\"@type\":\"WebPage\",\"@id\":\"https:\/\/www.invisibletranslation.com\/fr\/gt\/\",\"url\":\"https:\/\/www.invisibletranslation.com\/fr\/gt\/\",\"name\":\"Grille tarifaire - Traduction INVISIBLE inc.\",\"isPartOf\":{\"@id\":\"https:\/\/www.invisibletranslation.com\/fr\/#website\"},\"primaryImageOfPage\":{\"@id\":\"https:\/\/www.invisibletranslation.com\/fr\/gt\/#primaryimage\"},\"image\":{\"@id\":\"https:\/\/www.invisibletranslation.com\/fr\/gt\/#primaryimage\"},\"thumbnailUrl\":\"https:\/\/www.invisibletranslation.com\/wp-content\/uploads\/2023\/10\/fee-schedule-fr-01.jpg\",\"datePublished\":\"2021-03-03T15:04:52+00:00\",\"dateModified\":\"2023-10-19T01:51:43+00:00\",\"breadcrumb\":{\"@id\":\"https:\/\/www.invisibletranslation.com\/fr\/gt\/#breadcrumb\"},\"inLanguage\":\"fr-FR\",\"potentialAction\":[{\"@type\":\"ReadAction\",\"target\":[\"https:\/\/www.invisibletranslation.com\/fr\/gt\/\"]}]},{\"@type\":\"ImageObject\",\"inLanguage\":\"fr-FR\",\"@id\":\"https:\/\/www.invisibletranslation.com\/fr\/gt\/#primaryimage\",\"url\":\"https:\/\/www.invisibletranslation.com\/wp-content\/uploads\/2023\/10\/fee-schedule-fr-01.jpg\",\"contentUrl\":\"https:\/\/www.invisibletranslation.com\/wp-content\/uploads\/2023\/10\/fee-schedule-fr-01.jpg\"},{\"@type\":\"BreadcrumbList\",\"@id\":\"https:\/\/www.invisibletranslation.com\/fr\/gt\/#breadcrumb\",\"itemListElement\":[{\"@type\":\"ListItem\",\"position\":1,\"name\":\"Accueil\",\"item\":\"https:\/\/www.invisibletranslation.com\/fr\/\"},{\"@type\":\"ListItem\",\"position\":2,\"name\":\"Grille tarifaire\"}]},{\"@type\":\"WebSite\",\"@id\":\"https:\/\/www.invisibletranslation.com\/fr\/#website\",\"url\":\"https:\/\/www.invisibletranslation.com\/fr\/\",\"name\":\"Traduction INVISIBLE inc.\",\"description\":\"Translators &amp; Communications Consultants\",\"potentialAction\":[{\"@type\":\"SearchAction\",\"target\":{\"@type\":\"EntryPoint\",\"urlTemplate\":\"https:\/\/www.invisibletranslation.com\/fr\/?s={search_term_string}\"},\"query-input\":{\"@type\":\"PropertyValueSpecification\",\"valueRequired\":true,\"valueName\":\"search_term_string\"}}],\"inLanguage\":\"fr-FR\"}]}<\/script>\n<!-- \/ Yoast SEO plugin. -->","yoast_head_json":{"title":"Grille tarifaire - Traduction INVISIBLE inc.","robots":{"index":"noindex","follow":"follow"},"og_locale":"fr_FR","og_type":"article","og_title":"Grille tarifaire - Traduction INVISIBLE inc.","og_description":"Grille tarifaire TRADUCTION Traduction g\u00e9n\u00e9rale : Tarif horaire ou tarif par mot applicableTraduction technique et sp\u00e9cialis\u00e9e\u00a0: +20\u00a0%Traduction tr\u00e8s technique et hautement sp\u00e9cialis\u00e9e : +35\u00a0% Un tarif minimum (taxes en sus, le cas \u00e9ch\u00e9ant) est applicable \u00e0 toute demande de traduction R\u00c9VISION UNILINGUE Tarif horaire ou tarif par mot applicable Un tarif minimum (taxes en sus, [&hellip;]","og_url":"https:\/\/www.invisibletranslation.com\/fr\/gt\/","og_site_name":"Traduction INVISIBLE inc.","article_modified_time":"2023-10-19T01:51:43+00:00","og_image":[{"url":"https:\/\/www.invisibletranslation.com\/wp-content\/uploads\/2023\/10\/fee-schedule-fr-01.jpg","type":"","width":"","height":""}],"twitter_card":"summary_large_image","twitter_misc":{"Dur\u00e9e de lecture estim\u00e9e":"3 minutes"},"schema":{"@context":"https:\/\/schema.org","@graph":[{"@type":"WebPage","@id":"https:\/\/www.invisibletranslation.com\/fr\/gt\/","url":"https:\/\/www.invisibletranslation.com\/fr\/gt\/","name":"Grille tarifaire - Traduction INVISIBLE inc.","isPartOf":{"@id":"https:\/\/www.invisibletranslation.com\/fr\/#website"},"primaryImageOfPage":{"@id":"https:\/\/www.invisibletranslation.com\/fr\/gt\/#primaryimage"},"image":{"@id":"https:\/\/www.invisibletranslation.com\/fr\/gt\/#primaryimage"},"thumbnailUrl":"https:\/\/www.invisibletranslation.com\/wp-content\/uploads\/2023\/10\/fee-schedule-fr-01.jpg","datePublished":"2021-03-03T15:04:52+00:00","dateModified":"2023-10-19T01:51:43+00:00","breadcrumb":{"@id":"https:\/\/www.invisibletranslation.com\/fr\/gt\/#breadcrumb"},"inLanguage":"fr-FR","potentialAction":[{"@type":"ReadAction","target":["https:\/\/www.invisibletranslation.com\/fr\/gt\/"]}]},{"@type":"ImageObject","inLanguage":"fr-FR","@id":"https:\/\/www.invisibletranslation.com\/fr\/gt\/#primaryimage","url":"https:\/\/www.invisibletranslation.com\/wp-content\/uploads\/2023\/10\/fee-schedule-fr-01.jpg","contentUrl":"https:\/\/www.invisibletranslation.com\/wp-content\/uploads\/2023\/10\/fee-schedule-fr-01.jpg"},{"@type":"BreadcrumbList","@id":"https:\/\/www.invisibletranslation.com\/fr\/gt\/#breadcrumb","itemListElement":[{"@type":"ListItem","position":1,"name":"Accueil","item":"https:\/\/www.invisibletranslation.com\/fr\/"},{"@type":"ListItem","position":2,"name":"Grille tarifaire"}]},{"@type":"WebSite","@id":"https:\/\/www.invisibletranslation.com\/fr\/#website","url":"https:\/\/www.invisibletranslation.com\/fr\/","name":"Traduction INVISIBLE inc.","description":"Translators &amp; Communications Consultants","potentialAction":[{"@type":"SearchAction","target":{"@type":"EntryPoint","urlTemplate":"https:\/\/www.invisibletranslation.com\/fr\/?s={search_term_string}"},"query-input":{"@type":"PropertyValueSpecification","valueRequired":true,"valueName":"search_term_string"}}],"inLanguage":"fr-FR"}]}},"_links":{"self":[{"href":"https:\/\/www.invisibletranslation.com\/fr\/wp-json\/wp\/v2\/pages\/5890","targetHints":{"allow":["GET"]}}],"collection":[{"href":"https:\/\/www.invisibletranslation.com\/fr\/wp-json\/wp\/v2\/pages"}],"about":[{"href":"https:\/\/www.invisibletranslation.com\/fr\/wp-json\/wp\/v2\/types\/page"}],"author":[{"embeddable":true,"href":"https:\/\/www.invisibletranslation.com\/fr\/wp-json\/wp\/v2\/users\/3"}],"replies":[{"embeddable":true,"href":"https:\/\/www.invisibletranslation.com\/fr\/wp-json\/wp\/v2\/comments?post=5890"}],"version-history":[{"count":0,"href":"https:\/\/www.invisibletranslation.com\/fr\/wp-json\/wp\/v2\/pages\/5890\/revisions"}],"wp:attachment":[{"href":"https:\/\/www.invisibletranslation.com\/fr\/wp-json\/wp\/v2\/media?parent=5890"}],"wp:term":[{"taxonomy":"category","embeddable":true,"href":"https:\/\/www.invisibletranslation.com\/fr\/wp-json\/wp\/v2\/categories?post=5890"},{"taxonomy":"post_tag","embeddable":true,"href":"https:\/\/www.invisibletranslation.com\/fr\/wp-json\/wp\/v2\/tags?post=5890"}],"curies":[{"name":"wp","href":"https:\/\/api.w.org\/{rel}","templated":true}]}}