{"id":1792,"date":"2016-10-12T19:49:31","date_gmt":"2016-10-12T23:49:31","guid":{"rendered":"http:\/\/www.iestrie.com\/fr\/?page_id=1792"},"modified":"2022-12-09T18:16:07","modified_gmt":"2022-12-09T23:16:07","slug":"la-traduction-assermentee-au-quebec","status":"publish","type":"page","link":"https:\/\/www.invisibletranslation.com\/fr\/services\/traduction\/documents-officiels\/la-traduction-assermentee-au-quebec\/","title":{"rendered":"Traduction asserment\u00e9e"},"content":{"rendered":"<p>[et_pb_section fb_built=\u00a0\u00bb1&Prime; custom_padding_last_edited=\u00a0\u00bbon|desktop\u00a0\u00bb admin_label=\u00a0\u00bbsection\u00a0\u00bb module_id=\u00a0\u00bbcontent-zone\u00a0\u00bb _builder_version=\u00a0\u00bb4.16&Prime; custom_padding_tablet=\u00a0\u00bb50px|0|50px|0&Prime; custom_padding_phone=\u00a0\u00bb\u00a0\u00bb transparent_background=\u00a0\u00bboff\u00a0\u00bb padding_mobile=\u00a0\u00bboff\u00a0\u00bb make_fullwidth=\u00a0\u00bboff\u00a0\u00bb use_custom_width=\u00a0\u00bboff\u00a0\u00bb width_unit=\u00a0\u00bbon\u00a0\u00bb global_colors_info=\u00a0\u00bb{}\u00a0\u00bb][et_pb_row column_structure=\u00a0\u00bb2_3,1_3&Prime; admin_label=\u00a0\u00bbrow\u00a0\u00bb _builder_version=\u00a0\u00bb4.16&Prime; background_size=\u00a0\u00bbinitial\u00a0\u00bb background_position=\u00a0\u00bbtop_left\u00a0\u00bb background_repeat=\u00a0\u00bbrepeat\u00a0\u00bb global_colors_info=\u00a0\u00bb{}\u00a0\u00bb][et_pb_column type=\u00a0\u00bb2_3&Prime; _builder_version=\u00a0\u00bb4.16&Prime; custom_padding=\u00a0\u00bb|||\u00a0\u00bb global_colors_info=\u00a0\u00bb{}\u00a0\u00bb custom_padding__hover=\u00a0\u00bb|||\u00a0\u00bb][et_pb_text admin_label=\u00a0\u00bbBreadcrumb\u00a0\u00bb _builder_version=\u00a0\u00bb4.16&Prime; background_size=\u00a0\u00bbinitial\u00a0\u00bb background_position=\u00a0\u00bbtop_left\u00a0\u00bb background_repeat=\u00a0\u00bbrepeat\u00a0\u00bb use_border_color=\u00a0\u00bboff\u00a0\u00bb border_color=\u00a0\u00bb#ffffff\u00a0\u00bb border_style=\u00a0\u00bbsolid\u00a0\u00bb global_colors_info=\u00a0\u00bb{}\u00a0\u00bb]<\/p>\n<p>\n<div class=\"breadcrumb\" itemprop=\"breadcrumb\"><span><span><a href=\"https:\/\/www.invisibletranslation.com\/fr\/\">Accueil<\/a><\/span><\/span><\/div><br \/>\n[\/et_pb_text][et_pb_text admin_label=\u00a0\u00bbLong Title\u00a0\u00bb _builder_version=\u00a0\u00bb4.16&Prime; background_size=\u00a0\u00bbinitial\u00a0\u00bb background_position=\u00a0\u00bbtop_left\u00a0\u00bb background_repeat=\u00a0\u00bbrepeat\u00a0\u00bb use_border_color=\u00a0\u00bboff\u00a0\u00bb border_color=\u00a0\u00bb#ffffff\u00a0\u00bb border_style=\u00a0\u00bbsolid\u00a0\u00bb global_colors_info=\u00a0\u00bb{}\u00a0\u00bb]<\/p>\n<h1><img loading=\"lazy\" decoding=\"async\" class=\"alignright size-full wp-image-1009\" src=\"\/wp-content\/uploads\/2016\/04\/pdf_icon.gif\" alt=\"PDF\" width=\"50\" height=\"50\" \/>La traduction \u00ab asserment\u00e9e \u00bb au Qu\u00e9bec<\/h1>\n<p><img loading=\"lazy\" decoding=\"async\" id=\"title-top-image\" class=\"alignnone size-large wp-image-3400\" src=\"https:\/\/www.invisibletranslation.com\/wp-content\/uploads\/2016\/10\/Sworn-FR-1024x768.jpg\" alt=\"La traduction \u00ab asserment\u00e9e \u00bb au Qu\u00e9bec\" width=\"1024\" height=\"768\" \/><\/p>\n<p>[\/et_pb_text][et_pb_text admin_label=\u00a0\u00bbContent\u00a0\u00bb _builder_version=\u00a0\u00bb4.17.4&Prime; text_font=\u00a0\u00bbOpen Sans||||\u00a0\u00bb text_font_size=\u00a0\u00bb16&Prime; text_line_height=\u00a0\u00bb1.8em\u00a0\u00bb background_size=\u00a0\u00bbinitial\u00a0\u00bb background_position=\u00a0\u00bbtop_left\u00a0\u00bb background_repeat=\u00a0\u00bbrepeat\u00a0\u00bb hover_enabled=\u00a0\u00bb0&Prime; z_index_tablet=\u00a0\u00bb500&Prime; use_border_color=\u00a0\u00bboff\u00a0\u00bb global_colors_info=\u00a0\u00bb{}\u00a0\u00bb sticky_enabled=\u00a0\u00bb0&Prime;]Au <a href=\"https:\/\/www.quebec.ca\/immigration\/regles-documents-formats\" target=\"_blank\" rel=\"noopener noreferrer\">Qu\u00e9bec<\/a>, la traduction \u00ab&nbsp;<em>asserment\u00e9e<\/em>&nbsp;\u00bb d\u2019un document, ou la traduction <em>\u00ab certifi\u00e9e \u00bb<\/em>&nbsp;pour le dire correctement, est un \u00e9crit traduit et scell\u00e9 par un traducteur agr\u00e9\u00e9 qui a une valeur officielle aux yeux des autorit\u00e9s gouvernementales.<\/p>\n<div class='et-box et-shadow'>\n\t\t\t\t\t<div class='et-box-content'><ul>\n<li>Cet article donne des renseignements g\u00e9n\u00e9raux sur la traduction de documents officiels au Qu\u00e9bec.<\/li>\n<li>Si vous cherchez \u00e0 obtenir une traduction certifi\u00e9e adapt\u00e9e pour le Qu\u00e9bec, <a href=\"https:\/\/www.invisibletranslation.com\/fr\/contact\/formulaire-offre-de-service\/\">cliquez ici<\/a>.<\/li>\n<li>Vous aimeriez conna\u00eetre la liste compl\u00e8te des services linguistiques que nous offrons? <a href=\"https:\/\/www.invisibletranslation.com\/fr\/services\/\">Cliquez ici.<\/a><\/li>\n<\/ul><\/div><\/div>\n<h2>L\u2019encadrement de la pratique de la traduction au Qu\u00e9bec<\/h2>\n<p>Dans la province de Qu\u00e9bec, c\u2019est un traducteur agr\u00e9\u00e9 qui est autoris\u00e9 par l\u2019\u00c9tat \u00e0 produire une traduction officielle, que certains qualifient \u00e0 tort de traduction \u00ab<em>&nbsp;asserment\u00e9e<\/em>&nbsp;\u00bb.<\/p>\n<p>L\u2019assermentation \u00e9tant une promesse solennelle faite par une personne devant un <a href=\"http:\/\/www.assermentation.justice.gouv.qc.ca\/ServicesPublicsConsultation\/Commissaires\/Proximite\/Criteres.aspx\" target=\"_blank\" rel=\"noopener noreferrer\">commissaire<\/a>, c\u2019est donc cette derni\u00e8re qui est <em>asserment\u00e9e<\/em>, alors qu\u2019une traduction, elle, est <em>certifi\u00e9e<\/em> conforme \u00e0 l\u2019original.<\/p>\n<p>N\u2019\u00e9tant pas un individu, la traduction ne peut \u00e9videmment pas pr\u00eater serment et ainsi \u00eatre asserment\u00e9e.<\/p>\n<p>Une fois scell\u00e9, paraph\u00e9 et dat\u00e9 par le traducteur, ce type de traduction est reconnu officiellement par les autorit\u00e9s.<\/p>\n<p>Au Qu\u00e9bec, c\u2019est l\u2019Ordre des traducteurs, terminologues et interpr\u00e8tes agr\u00e9\u00e9s du Qu\u00e9bec (OTTIAQ) qui d\u00e9livre l\u2019agr\u00e9ment permettant aux traductrices et aux traducteurs de produire des traductions approuv\u00e9es par le gouvernement.<\/p>\n<p>La raison d\u2019\u00eatre de l\u2019Ordre est simple&nbsp;: il assure la protection du public, au m\u00eame titre que les autres ordres professionnels de la province.<\/p>\n<p>L\u2019OTTIAQ met \u00e0 la disposition des particuliers un r\u00e9pertoire \u00e9lectronique dans lequel il consigne les noms des traducteurs et des traductrices pouvant produire une traduction qui sera reconnue par l\u2019\u00c9tat.<\/p>\n<p>Vous trouverez dans le site du <a href=\"https:\/\/www.quebec.ca\/immigration\/regles-documents-formats\" target=\"_blank\" rel=\"noopener noreferrer\">gouvernement du Qu\u00e9bec<\/a> une liste indiquant les conditions \u00e0 respecter pour soumettre une traduction reconnue par l\u2019\u00c9tat qu\u00e9b\u00e9cois.<\/p>\n<h2>Traduction officielle&nbsp;: types de documents vis\u00e9s<\/h2>\n<p>Le Qu\u00e9bec accueille chaque ann\u00e9e un grand nombre d\u2019immigrants et ces derniers doivent soumettre divers documents \u00e0 caract\u00e8re officiel pour s\u2019\u00e9tablir et s\u2019int\u00e9grer \u00e0 la soci\u00e9t\u00e9. Voici quelques exemples&nbsp;:<\/p>\n<ul>\n<li>Acte immobilier et bail<\/li>\n<li>Cachet, sceau et timbre de passeport<\/li>\n<li>Certificat de divorce<\/li>\n<li>Certificat de mariage<\/li>\n<li>Certificat de naissance<\/li>\n<li>Dipl\u00f4me et titre universitaire<\/li>\n<li>Document financier et relev\u00e9 bancaire<\/li>\n<li>Dossier m\u00e9dical<\/li>\n<li>Jugement de divorce<\/li>\n<li>Jugement officiel<\/li>\n<li>Lettre de recommandation<\/li>\n<li>Licence et permis<\/li>\n<li>Permis de conduire<\/li>\n<li>Procuration<\/li>\n<li>Relev\u00e9 de notes<\/li>\n<li>Relev\u00e9 d\u2019emploi<\/li>\n<li>Relev\u00e9 judiciaire<\/li>\n<li>Statut d\u2019entreprise<\/li>\n<li>Testament<\/li>\n<li>Visa, document d\u2019immigration et documentation douani\u00e8re<\/li>\n<\/ul>\n<h2>Comment obtenir une traduction certifi\u00e9e?<\/h2>\n<p>Pour entreprendre les d\u00e9marches, vous devrez nous remettre l\u2019exemplaire original du document que vous voulez faire traduire, que ce soit la copie papier ou encore une version num\u00e9ris\u00e9e dont la r\u00e9solution est d\u2019au moins 300&nbsp;points par pouce (<em>dpi<\/em>).<\/p>\n<p>L\u2019un de nos traducteurs agr\u00e9\u00e9s scellera le document d\u2019origine et l\u2019annexera \u00e0 la traduction certifi\u00e9e, elle aussi scell\u00e9e.<\/p>\n<p>Ce dernier pr\u00e9parera aussi une d\u00e9claration solennelle dans laquelle il atteste que la traduction a \u00e9t\u00e9 faite selon les r\u00e8gles de l\u2019art.<\/p>\n<p>Nous vous ferons parvenir la traduction certifi\u00e9e, le document original et la d\u00e9claration du traducteur dans un d\u00e9lai d\u2019une \u00e0 deux semaines, selon la complexit\u00e9 des travaux et votre lieu de r\u00e9sidence.<\/p>\n<h2 id=\"cout\">Combien \u00e7a co\u00fbte?<\/h2>\n<p>Il faut savoir que les gouvernements du Qu\u00e9bec et du Canada n\u2019imposent aucun bar\u00e8me tarifaire pour la r\u00e9mun\u00e9ration de cet acte, ce qui permet \u00e0 chaque traducteur reconnu de fixer son propre tarif.<\/p>\n<p>Il importe par ailleurs de mentionner qu\u2019effectuer la traduction d\u2019un document officiel est un travail laborieux, puisque le traducteur doit en reproduire la structure et la mise en page.<\/p>\n<p>Il doit donc, \u00e0 partir d\u2019une page blanche, recr\u00e9er le document d\u2019origine dans une autre langue avant de sceller les documents et pr\u00e9parer sa d\u00e9claration solennelle.<\/p>\n<p>C\u2019est pourquoi nos honoraires ont \u00e9t\u00e9 fix\u00e9s \u00e0 135&nbsp;$ pour chaque document officiel, ou chaque page, le cas \u00e9ch\u00e9ant.<\/p>\n<p>Prenez note que ce co\u00fbt est souvent plus \u00e9lev\u00e9 lorsque la combinaison de langues demand\u00e9e est exotique (p. ex. un document croate devant \u00eatre traduit en islandais).<\/p>\n<p>Laissez-nous \u00e9tablir pr\u00e9cis\u00e9ment le co\u00fbt des travaux en faisant parvenir vos documents \u00e0 l\u2019adresse suivante&nbsp;: <a href=\"mailto:offredeservice@traductioninvisible.com?subject=Demande%20de%20devis%20-%20Traduction%20asserment\u00e9e&amp;body=*Tous%20les%20champs%20doivent%20%C3%AAtre%20remplis.*%20%0A%0ANom%20:%0AAdresse%20postale%20:%0AT%C3%A9l%C3%A9phone%20:%0ACourriel%20:%0A%0ARemarques%20et%20consignes%20:%0A%0A%0A%3E%3E%3E%20N%E2%80%99OUBLIEZ%20PAS%20DE%20JOINDRE%20VOS%20FICHIERS%20ET%20DE%20PR%C3%89CISER%20LE%20D%C3%89LAI%20QUE%20VOUS%20NOUS%20ACCORDEZ.%0A\">offredeservice@traductioninvisible.com<\/a>.<\/p>\n<h2>Vos besoins, nos comp\u00e9tences<\/h2>\n<p>Vous devez faire traduire en fran\u00e7ais ou en anglais un document officiel \u00e9mis par un gouvernement \u00e9tranger pour le pr\u00e9senter \u00e0 un organisme gouvernemental du Qu\u00e9bec?<\/p>\n<p>Vous \u00eates au bon endroit!<\/p>\n<p>Communiquez avec nous sans tarder en composant le <a href=\"tel:18334366331\" target=\"_blank\" rel=\"noopener noreferrer\">+1&nbsp;833-436-6331<\/a> ou en envoyant vos documents par courrier \u00e9lectronique \u00e0 l\u2019adresse <a href=\"mailto:info@traductioninvisible.com?subject=Demande%20d'information%20-%20Traduction%20asserment\u00e9e&amp;body=*Tous%20les%20champs%20doivent%20%C3%AAtre%20remplis.*%20%0A%0ANom%20:%0AAdresse%20postale%20:%0AT%C3%A9l%C3%A9phone%20:%0ACourriel%20:%0A%0ARemarques%20et%20consignes%20:%0A%0A%0A%3E%3E%3E%20N%E2%80%99OUBLIEZ%20PAS%20DE%20JOINDRE%20VOS%20FICHIERS%20ET%20DE%20PR%C3%89CISER%20LE%20D%C3%89LAI%20QUE%20VOUS%20NOUS%20ACCORDEZ.%0A\">info@traductioninvisible.com<\/a>.<\/p>\n<p>Nos traducteurs agr\u00e9\u00e9s se feront un plaisir de vous assister dans votre d\u00e9marche.<\/p>\n<p>**<\/p>\n<p>Avez-vous d\u00e9j\u00e0 eu \u00e0 soumettre une traduction \u00ab&nbsp;asserment\u00e9e&nbsp;\u00bb \u00e0 une agence gouvernementale? Avez-vous eu de la difficult\u00e9 \u00e0 trouver une ressource fiable pour r\u00e9pondre \u00e0 vos besoins? Envoyez-nous vos commentaires \u00e0 cette adresse : <a href=\"mailto:retroaction@traductioninvisible.com?subject=R\u00e9troaction%20-%20Traduction%20asserment\u00e9e\">retroaction@traductioninvisible.com<\/a>.[\/et_pb_text][et_pb_text admin_label=\u00a0\u00bbRelated Pages\u00a0\u00bb _builder_version=\u00a0\u00bb4.16&Prime; background_size=\u00a0\u00bbinitial\u00a0\u00bb background_position=\u00a0\u00bbtop_left\u00a0\u00bb background_repeat=\u00a0\u00bbrepeat\u00a0\u00bb use_border_color=\u00a0\u00bboff\u00a0\u00bb border_color=\u00a0\u00bb#ffffff\u00a0\u00bb border_style=\u00a0\u00bbsolid\u00a0\u00bb global_colors_info=\u00a0\u00bb{}\u00a0\u00bb]<\/p>\n<h3>Sujets connexes :<\/h3>\n<p><div class='yarpp yarpp-related yarpp-related-shortcode yarpp-template-list'>\n<!-- YARPP List -->\n<ol>\n<li><a href=\"https:\/\/www.invisibletranslation.com\/fr\/faq\/\" rel=\"bookmark\" title=\"FAQ\">FAQ<\/a><\/li>\n<li><a href=\"https:\/\/www.invisibletranslation.com\/fr\/services\/traduction\/communique\/communique-mediatique\/\" rel=\"bookmark\" title=\"Communiqu\u00e9 m\u00e9diatique\">Communiqu\u00e9 m\u00e9diatique<\/a><\/li>\n<\/ol>\n<\/div>\n<br \/>\n[\/et_pb_text][\/et_pb_column][et_pb_column type=\u00a0\u00bb1_3&Prime; _builder_version=\u00a0\u00bb4.16&Prime; custom_padding=\u00a0\u00bb|||\u00a0\u00bb global_colors_info=\u00a0\u00bb{}\u00a0\u00bb custom_padding__hover=\u00a0\u00bb|||\u00a0\u00bb][et_pb_sidebar orientation=\u00a0\u00bbright\u00a0\u00bb area=\u00a0\u00bbsidebar-1&Prime; _builder_version=\u00a0\u00bb4.16&Prime; remove_border=\u00a0\u00bboff\u00a0\u00bb global_colors_info=\u00a0\u00bb{}\u00a0\u00bb][\/et_pb_sidebar][\/et_pb_column][\/et_pb_row][\/et_pb_section]<\/p>\n","protected":false},"excerpt":{"rendered":"<p>Dans la province de Qu\u00e9bec, c\u2019est un traducteur agr\u00e9\u00e9 qui est autoris\u00e9 par l\u2019\u00c9tat \u00e0 produire une traduction officielle, que certains qualifient \u00e0 tort de traduction \u00ab asserment\u00e9e \u00bb. L\u2019assermentation \u00e9tant une promesse solennelle faite par une&#8230;<\/p>\n","protected":false},"author":3,"featured_media":0,"parent":1764,"menu_order":0,"comment_status":"closed","ping_status":"closed","template":"","meta":{"_et_pb_use_builder":"on","_et_pb_old_content":"","_et_gb_content_width":"","footnotes":""},"categories":[],"tags":[],"class_list":["post-1792","page","type-page","status-publish","hentry"],"yoast_head":"<!-- This site is optimized with the Yoast SEO plugin v25.0 - https:\/\/yoast.com\/wordpress\/plugins\/seo\/ -->\n<title>La traduction \u00ab asserment\u00e9e \u00bb au Qu\u00e9bec | Traduction INVISIBLE inc.<\/title>\n<meta name=\"robots\" content=\"index, follow, max-snippet:-1, max-image-preview:large, max-video-preview:-1\" \/>\n<link rel=\"canonical\" href=\"https:\/\/www.invisibletranslation.com\/fr\/services\/traduction\/documents-officiels\/la-traduction-assermentee-au-quebec\/\" \/>\n<meta property=\"og:locale\" content=\"fr_FR\" \/>\n<meta property=\"og:type\" content=\"article\" \/>\n<meta property=\"og:title\" content=\"La traduction \u00ab asserment\u00e9e \u00bb au Qu\u00e9bec | Traduction INVISIBLE inc.\" \/>\n<meta property=\"og:description\" content=\"Dans la province de Qu\u00e9bec, c\u2019est un traducteur agr\u00e9\u00e9 qui est autoris\u00e9 par l\u2019\u00c9tat \u00e0 produire une traduction officielle, que certains qualifient \u00e0 tort de traduction \u00ab asserment\u00e9e \u00bb. L\u2019assermentation \u00e9tant une promesse solennelle faite par une...\" \/>\n<meta property=\"og:url\" content=\"https:\/\/www.invisibletranslation.com\/fr\/services\/traduction\/documents-officiels\/la-traduction-assermentee-au-quebec\/\" \/>\n<meta property=\"og:site_name\" content=\"Traduction INVISIBLE inc.\" \/>\n<meta property=\"article:modified_time\" content=\"2022-12-09T23:16:07+00:00\" \/>\n<meta property=\"og:image\" content=\"https:\/\/www.invisibletranslation.com\/wp-content\/uploads\/2016\/10\/Sworn-FR-1024x768.jpg\" \/>\n<meta name=\"twitter:card\" content=\"summary_large_image\" \/>\n<meta name=\"twitter:label1\" content=\"Dur\u00e9e de lecture estim\u00e9e\" \/>\n\t<meta name=\"twitter:data1\" content=\"5 minutes\" \/>\n<script type=\"application\/ld+json\" class=\"yoast-schema-graph\">{\"@context\":\"https:\/\/schema.org\",\"@graph\":[{\"@type\":\"WebPage\",\"@id\":\"https:\/\/www.invisibletranslation.com\/fr\/services\/traduction\/documents-officiels\/la-traduction-assermentee-au-quebec\/\",\"url\":\"https:\/\/www.invisibletranslation.com\/fr\/services\/traduction\/documents-officiels\/la-traduction-assermentee-au-quebec\/\",\"name\":\"La traduction \u00ab asserment\u00e9e \u00bb au Qu\u00e9bec | Traduction INVISIBLE inc.\",\"isPartOf\":{\"@id\":\"https:\/\/www.invisibletranslation.com\/fr\/#website\"},\"primaryImageOfPage\":{\"@id\":\"https:\/\/www.invisibletranslation.com\/fr\/services\/traduction\/documents-officiels\/la-traduction-assermentee-au-quebec\/#primaryimage\"},\"image\":{\"@id\":\"https:\/\/www.invisibletranslation.com\/fr\/services\/traduction\/documents-officiels\/la-traduction-assermentee-au-quebec\/#primaryimage\"},\"thumbnailUrl\":\"https:\/\/www.invisibletranslation.com\/wp-content\/uploads\/2016\/10\/Sworn-FR-1024x768.jpg\",\"datePublished\":\"2016-10-12T23:49:31+00:00\",\"dateModified\":\"2022-12-09T23:16:07+00:00\",\"breadcrumb\":{\"@id\":\"https:\/\/www.invisibletranslation.com\/fr\/services\/traduction\/documents-officiels\/la-traduction-assermentee-au-quebec\/#breadcrumb\"},\"inLanguage\":\"fr-FR\",\"potentialAction\":[{\"@type\":\"ReadAction\",\"target\":[\"https:\/\/www.invisibletranslation.com\/fr\/services\/traduction\/documents-officiels\/la-traduction-assermentee-au-quebec\/\"]}]},{\"@type\":\"ImageObject\",\"inLanguage\":\"fr-FR\",\"@id\":\"https:\/\/www.invisibletranslation.com\/fr\/services\/traduction\/documents-officiels\/la-traduction-assermentee-au-quebec\/#primaryimage\",\"url\":\"https:\/\/www.invisibletranslation.com\/wp-content\/uploads\/2016\/10\/Sworn-FR-1024x768.jpg\",\"contentUrl\":\"https:\/\/www.invisibletranslation.com\/wp-content\/uploads\/2016\/10\/Sworn-FR-1024x768.jpg\"},{\"@type\":\"BreadcrumbList\",\"@id\":\"https:\/\/www.invisibletranslation.com\/fr\/services\/traduction\/documents-officiels\/la-traduction-assermentee-au-quebec\/#breadcrumb\",\"itemListElement\":[{\"@type\":\"ListItem\",\"position\":1,\"name\":\"Accueil\",\"item\":\"https:\/\/www.invisibletranslation.com\/fr\/\"},{\"@type\":\"ListItem\",\"position\":2,\"name\":\"Services offerts\",\"item\":\"https:\/\/www.invisibletranslation.com\/fr\/services\/\"},{\"@type\":\"ListItem\",\"position\":3,\"name\":\"Traduction\",\"item\":\"https:\/\/www.invisibletranslation.com\/fr\/services\/traduction\/\"},{\"@type\":\"ListItem\",\"position\":4,\"name\":\"Documents officiels\",\"item\":\"https:\/\/www.invisibletranslation.com\/fr\/services\/traduction\/documents-officiels\/\"},{\"@type\":\"ListItem\",\"position\":5,\"name\":\"Traduction asserment\u00e9e\"}]},{\"@type\":\"WebSite\",\"@id\":\"https:\/\/www.invisibletranslation.com\/fr\/#website\",\"url\":\"https:\/\/www.invisibletranslation.com\/fr\/\",\"name\":\"Traduction INVISIBLE inc.\",\"description\":\"Translators &amp; Communications Consultants\",\"potentialAction\":[{\"@type\":\"SearchAction\",\"target\":{\"@type\":\"EntryPoint\",\"urlTemplate\":\"https:\/\/www.invisibletranslation.com\/fr\/?s={search_term_string}\"},\"query-input\":{\"@type\":\"PropertyValueSpecification\",\"valueRequired\":true,\"valueName\":\"search_term_string\"}}],\"inLanguage\":\"fr-FR\"}]}<\/script>\n<!-- \/ Yoast SEO plugin. -->","yoast_head_json":{"title":"La traduction \u00ab asserment\u00e9e \u00bb au Qu\u00e9bec | Traduction INVISIBLE inc.","robots":{"index":"index","follow":"follow","max-snippet":"max-snippet:-1","max-image-preview":"max-image-preview:large","max-video-preview":"max-video-preview:-1"},"canonical":"https:\/\/www.invisibletranslation.com\/fr\/services\/traduction\/documents-officiels\/la-traduction-assermentee-au-quebec\/","og_locale":"fr_FR","og_type":"article","og_title":"La traduction \u00ab asserment\u00e9e \u00bb au Qu\u00e9bec | Traduction INVISIBLE inc.","og_description":"Dans la province de Qu\u00e9bec, c\u2019est un traducteur agr\u00e9\u00e9 qui est autoris\u00e9 par l\u2019\u00c9tat \u00e0 produire une traduction officielle, que certains qualifient \u00e0 tort de traduction \u00ab asserment\u00e9e \u00bb. L\u2019assermentation \u00e9tant une promesse solennelle faite par une...","og_url":"https:\/\/www.invisibletranslation.com\/fr\/services\/traduction\/documents-officiels\/la-traduction-assermentee-au-quebec\/","og_site_name":"Traduction INVISIBLE inc.","article_modified_time":"2022-12-09T23:16:07+00:00","og_image":[{"url":"https:\/\/www.invisibletranslation.com\/wp-content\/uploads\/2016\/10\/Sworn-FR-1024x768.jpg","type":"","width":"","height":""}],"twitter_card":"summary_large_image","twitter_misc":{"Dur\u00e9e de lecture estim\u00e9e":"5 minutes"},"schema":{"@context":"https:\/\/schema.org","@graph":[{"@type":"WebPage","@id":"https:\/\/www.invisibletranslation.com\/fr\/services\/traduction\/documents-officiels\/la-traduction-assermentee-au-quebec\/","url":"https:\/\/www.invisibletranslation.com\/fr\/services\/traduction\/documents-officiels\/la-traduction-assermentee-au-quebec\/","name":"La traduction \u00ab asserment\u00e9e \u00bb au Qu\u00e9bec | Traduction INVISIBLE inc.","isPartOf":{"@id":"https:\/\/www.invisibletranslation.com\/fr\/#website"},"primaryImageOfPage":{"@id":"https:\/\/www.invisibletranslation.com\/fr\/services\/traduction\/documents-officiels\/la-traduction-assermentee-au-quebec\/#primaryimage"},"image":{"@id":"https:\/\/www.invisibletranslation.com\/fr\/services\/traduction\/documents-officiels\/la-traduction-assermentee-au-quebec\/#primaryimage"},"thumbnailUrl":"https:\/\/www.invisibletranslation.com\/wp-content\/uploads\/2016\/10\/Sworn-FR-1024x768.jpg","datePublished":"2016-10-12T23:49:31+00:00","dateModified":"2022-12-09T23:16:07+00:00","breadcrumb":{"@id":"https:\/\/www.invisibletranslation.com\/fr\/services\/traduction\/documents-officiels\/la-traduction-assermentee-au-quebec\/#breadcrumb"},"inLanguage":"fr-FR","potentialAction":[{"@type":"ReadAction","target":["https:\/\/www.invisibletranslation.com\/fr\/services\/traduction\/documents-officiels\/la-traduction-assermentee-au-quebec\/"]}]},{"@type":"ImageObject","inLanguage":"fr-FR","@id":"https:\/\/www.invisibletranslation.com\/fr\/services\/traduction\/documents-officiels\/la-traduction-assermentee-au-quebec\/#primaryimage","url":"https:\/\/www.invisibletranslation.com\/wp-content\/uploads\/2016\/10\/Sworn-FR-1024x768.jpg","contentUrl":"https:\/\/www.invisibletranslation.com\/wp-content\/uploads\/2016\/10\/Sworn-FR-1024x768.jpg"},{"@type":"BreadcrumbList","@id":"https:\/\/www.invisibletranslation.com\/fr\/services\/traduction\/documents-officiels\/la-traduction-assermentee-au-quebec\/#breadcrumb","itemListElement":[{"@type":"ListItem","position":1,"name":"Accueil","item":"https:\/\/www.invisibletranslation.com\/fr\/"},{"@type":"ListItem","position":2,"name":"Services offerts","item":"https:\/\/www.invisibletranslation.com\/fr\/services\/"},{"@type":"ListItem","position":3,"name":"Traduction","item":"https:\/\/www.invisibletranslation.com\/fr\/services\/traduction\/"},{"@type":"ListItem","position":4,"name":"Documents officiels","item":"https:\/\/www.invisibletranslation.com\/fr\/services\/traduction\/documents-officiels\/"},{"@type":"ListItem","position":5,"name":"Traduction asserment\u00e9e"}]},{"@type":"WebSite","@id":"https:\/\/www.invisibletranslation.com\/fr\/#website","url":"https:\/\/www.invisibletranslation.com\/fr\/","name":"Traduction INVISIBLE inc.","description":"Translators &amp; Communications Consultants","potentialAction":[{"@type":"SearchAction","target":{"@type":"EntryPoint","urlTemplate":"https:\/\/www.invisibletranslation.com\/fr\/?s={search_term_string}"},"query-input":{"@type":"PropertyValueSpecification","valueRequired":true,"valueName":"search_term_string"}}],"inLanguage":"fr-FR"}]}},"_links":{"self":[{"href":"https:\/\/www.invisibletranslation.com\/fr\/wp-json\/wp\/v2\/pages\/1792","targetHints":{"allow":["GET"]}}],"collection":[{"href":"https:\/\/www.invisibletranslation.com\/fr\/wp-json\/wp\/v2\/pages"}],"about":[{"href":"https:\/\/www.invisibletranslation.com\/fr\/wp-json\/wp\/v2\/types\/page"}],"author":[{"embeddable":true,"href":"https:\/\/www.invisibletranslation.com\/fr\/wp-json\/wp\/v2\/users\/3"}],"replies":[{"embeddable":true,"href":"https:\/\/www.invisibletranslation.com\/fr\/wp-json\/wp\/v2\/comments?post=1792"}],"version-history":[{"count":0,"href":"https:\/\/www.invisibletranslation.com\/fr\/wp-json\/wp\/v2\/pages\/1792\/revisions"}],"up":[{"embeddable":true,"href":"https:\/\/www.invisibletranslation.com\/fr\/wp-json\/wp\/v2\/pages\/1764"}],"wp:attachment":[{"href":"https:\/\/www.invisibletranslation.com\/fr\/wp-json\/wp\/v2\/media?parent=1792"}],"wp:term":[{"taxonomy":"category","embeddable":true,"href":"https:\/\/www.invisibletranslation.com\/fr\/wp-json\/wp\/v2\/categories?post=1792"},{"taxonomy":"post_tag","embeddable":true,"href":"https:\/\/www.invisibletranslation.com\/fr\/wp-json\/wp\/v2\/tags?post=1792"}],"curies":[{"name":"wp","href":"https:\/\/api.w.org\/{rel}","templated":true}]}}