{"id":1764,"date":"2016-10-12T18:45:22","date_gmt":"2016-10-12T22:45:22","guid":{"rendered":"http:\/\/www.iestrie.com\/fr\/?page_id=1764"},"modified":"2024-02-26T18:10:30","modified_gmt":"2024-02-26T23:10:30","slug":"documents-officiels","status":"publish","type":"page","link":"https:\/\/www.invisibletranslation.com\/fr\/services\/traduction\/documents-officiels\/","title":{"rendered":"Documents officiels"},"content":{"rendered":"<p>[et_pb_section fb_built=\u00a0\u00bb1&Prime; custom_padding_last_edited=\u00a0\u00bbon|desktop\u00a0\u00bb admin_label=\u00a0\u00bbsection\u00a0\u00bb module_id=\u00a0\u00bbcontent-zone\u00a0\u00bb _builder_version=\u00a0\u00bb4.16&Prime; custom_padding_tablet=\u00a0\u00bb50px|0|50px|0&Prime; custom_padding_phone=\u00a0\u00bb\u00a0\u00bb transparent_background=\u00a0\u00bboff\u00a0\u00bb padding_mobile=\u00a0\u00bboff\u00a0\u00bb make_fullwidth=\u00a0\u00bboff\u00a0\u00bb use_custom_width=\u00a0\u00bboff\u00a0\u00bb width_unit=\u00a0\u00bbon\u00a0\u00bb global_colors_info=\u00a0\u00bb{}\u00a0\u00bb][et_pb_row column_structure=\u00a0\u00bb2_3,1_3&Prime; admin_label=\u00a0\u00bbrow\u00a0\u00bb _builder_version=\u00a0\u00bb4.16&Prime; background_size=\u00a0\u00bbinitial\u00a0\u00bb background_position=\u00a0\u00bbtop_left\u00a0\u00bb background_repeat=\u00a0\u00bbrepeat\u00a0\u00bb global_colors_info=\u00a0\u00bb{}\u00a0\u00bb][et_pb_column type=\u00a0\u00bb2_3&Prime; _builder_version=\u00a0\u00bb4.16&Prime; custom_padding=\u00a0\u00bb|||\u00a0\u00bb global_colors_info=\u00a0\u00bb{}\u00a0\u00bb custom_padding__hover=\u00a0\u00bb|||\u00a0\u00bb][et_pb_text admin_label=\u00a0\u00bbBreadcrumb\u00a0\u00bb _builder_version=\u00a0\u00bb4.16&Prime; background_size=\u00a0\u00bbinitial\u00a0\u00bb background_position=\u00a0\u00bbtop_left\u00a0\u00bb background_repeat=\u00a0\u00bbrepeat\u00a0\u00bb use_border_color=\u00a0\u00bboff\u00a0\u00bb border_color=\u00a0\u00bb#ffffff\u00a0\u00bb border_style=\u00a0\u00bbsolid\u00a0\u00bb global_colors_info=\u00a0\u00bb{}\u00a0\u00bb]<\/p>\n<div class=\"breadcrumb\" itemprop=\"breadcrumb\"><span><span><a href=\"https:\/\/www.invisibletranslation.com\/fr\/\">Accueil<\/a><\/span><\/span><\/div>\n<p>[\/et_pb_text][et_pb_text admin_label=\u00a0\u00bbLong Title\u00a0\u00bb _builder_version=\u00a0\u00bb4.16&Prime; background_size=\u00a0\u00bbinitial\u00a0\u00bb background_position=\u00a0\u00bbtop_left\u00a0\u00bb background_repeat=\u00a0\u00bbrepeat\u00a0\u00bb use_border_color=\u00a0\u00bboff\u00a0\u00bb border_color=\u00a0\u00bb#ffffff\u00a0\u00bb border_style=\u00a0\u00bbsolid\u00a0\u00bb global_colors_info=\u00a0\u00bb{}\u00a0\u00bb]<\/p>\n<h1><img loading=\"lazy\" decoding=\"async\" class=\"alignright size-full wp-image-1009\" src=\"\/wp-content\/uploads\/2016\/04\/pdf_icon.gif\" alt=\"PDF\" width=\"50\" height=\"50\" \/>Traduction de documents officiels<\/h1>\n<p><img loading=\"lazy\" decoding=\"async\" id=\"title-top-image\" class=\"alignnone size-large wp-image-3394\" src=\"https:\/\/www.invisibletranslation.com\/wp-content\/uploads\/2016\/10\/OfficialDocuments-FR-1024x768.jpg\" alt=\"Traduction de documents officiels\" width=\"1024\" height=\"768\" \/><\/p>\n<p>[\/et_pb_text][et_pb_text admin_label=\u00a0\u00bbContent\u00a0\u00bb _builder_version=\u00a0\u00bb4.17.4&Prime; text_font=\u00a0\u00bbOpen Sans||||\u00a0\u00bb text_font_size=\u00a0\u00bb16&Prime; text_line_height=\u00a0\u00bb1.8em\u00a0\u00bb background_size=\u00a0\u00bbinitial\u00a0\u00bb background_position=\u00a0\u00bbtop_left\u00a0\u00bb background_repeat=\u00a0\u00bbrepeat\u00a0\u00bb use_border_color=\u00a0\u00bboff\u00a0\u00bb border_color=\u00a0\u00bb#ffffff\u00a0\u00bb border_style=\u00a0\u00bbsolid\u00a0\u00bb global_colors_info=\u00a0\u00bb{}\u00a0\u00bb]<\/p>\n<h2>Qu\u2019est-ce qu\u2019une \u00ab traduction certifi\u00e9e \u00bb de documents officiels?<\/h2>\n<p>Un document officiel est un \u00e9crit \u00e9manant d\u2019un gouvernement ou d\u2019une autorit\u00e9 reconnue qui confirme votre identit\u00e9 ou votre statut, ou qui sert \u00e0 faire la preuve d\u2019un fait. Les institutions canadiennes et qu\u00e9b\u00e9coises, tant gouvernementales que juridiques ou scolaires, exigent g\u00e9n\u00e9ralement une traduction certifi\u00e9e de tout document officiel qui a \u00e9t\u00e9 d\u00e9livr\u00e9 \u00e0 l\u2019\u00e9tranger.<\/p>\n<p>Au Canada, la traduction de documents officiels est encadr\u00e9e par des r\u00e8gles strictes, qui peuvent se r\u00e9sumer comme suit\u00a0:<\/p>\n<ul>\n<li>Tout document officiel doit \u00eatre traduit par un traducteur agr\u00e9\u00e9 qui est membre en r\u00e8gle d\u2019une association professionnelle reconnue par le <a href=\"https:\/\/www.cttic.org\/fr\/vision-et-mission\/\" target=\"_blank\" rel=\"noopener noreferrer\">Conseil des traducteurs, terminologues et interpr\u00e8tes du Canada (CTTIC)<\/a>. Les institutions qu\u00e9b\u00e9coises exigent parfois que les documents officiels soient traduits et certifi\u00e9s par un traducteur agr\u00e9\u00e9 membre de l\u2019<a href=\"http:\/\/ottiaq.org\/\" target=\"_blank\" rel=\"noopener noreferrer\">Ordre des traducteurs, terminologues et interpr\u00e8tes agr\u00e9\u00e9s du Qu\u00e9bec (OTTIAQ)<\/a>.<\/li>\n<\/ul>\n<ul>\n<li>La traduction de tout document officiel doit \u00eatre accompagn\u00e9e d\u2019une d\u00e9claration sign\u00e9e par le traducteur agr\u00e9\u00e9 qui atteste que la traduction a \u00e9t\u00e9 faite selon les r\u00e8gles de l\u2019art et qu\u2019elle est conforme au document original.<\/li>\n<\/ul>\n<ul>\n<li>Le traducteur agr\u00e9\u00e9 doit apposer son sceau sur chacune des pages de la traduction du document officiel et \u00e9galement sur la d\u00e9claration mentionn\u00e9e ci-dessus.<\/li>\n<\/ul>\n<ul>\n<li>Dans bien des cas, le document original ainsi que sa traduction doivent \u00eatre sign\u00e9s et scell\u00e9s par un <a href=\"http:\/\/www.cnq.org\/\" target=\"_blank\" rel=\"noopener noreferrer\">notaire canadien<\/a> ou un <a href=\"http:\/\/www.assermentation.justice.gouv.qc.ca\/ServicesPublicsConsultation\/Commissaires\/Proximite\/Criteres.aspx\" target=\"_blank\" rel=\"noopener noreferrer\">commissaire \u00e0 l\u2019assermentation<\/a>.<\/li>\n<\/ul>\n<h2>Pourquoi choisir Traduction INVISIBLE?<\/h2>\n<p>Parce que les documents officiels sont trop importants pour \u00eatre confi\u00e9s au premier venu. Traduction INVISIBLE compte sur une vaste \u00e9quipe de traducteurs agr\u00e9\u00e9s qui sont habilit\u00e9s \u00e0 traduire les documents officiels et \u00e0 les certifier.<\/p>\n<p>En faisant appel \u00e0 nos services, vous avez l\u2019assurance que les autorit\u00e9s concern\u00e9es reconna\u00eetront la validit\u00e9 et le caract\u00e8re officiel des traductions que nous vous rendrons. Vous avez aussi la certitude que la version traduite de vos documents officiels est exempte d\u2019erreur puisqu\u2019un de nos r\u00e9viseurs passera la traduction en revue pour en assurer l\u2019exactitude, et ce, avant qu\u2019elle ne soit certifi\u00e9e. Enfin, nous nous adapterons \u00e0 vos besoins pour que les documents traduits et certifi\u00e9s vous soient remis \u00e0 la date et \u00e0 l\u2019heure que vous avez choisies.<\/p>\n<h2>\u00c9tapes \u00e0 suivre<\/h2>\n<ol>\n<li>Num\u00e9risez chaque document officiel en haute r\u00e9solution (au moins 300\u00a0ppp).<\/li>\n<li>Faites-les parvenir \u00e0 cette adresse\u00a0:\u00a0<a href=\"mailto:offredeservice@traductioninvisible.com?subject=Demande%20de%20devis%20-%20Documents%20officiels&amp;body=*Tous%20les%20champs%20doivent%20\u00eatre%20remplis.*%20%0A%0ANom%20:%0AAdresse%20postale%20:%0AT\u00e9l\u00e9phone%20:%0ACourriel%20:%0A%0ARemarques%20et%20consignes%20:%0A%0A%0A%3e%3e%3e%20N\u2019OUBLIEZ%20PAS%20DE%20JOINDRE%20VOS%20FICHIERS%20ET%20DE%20PR\u00c9CISER%20LE%20D\u00c9LAI%20QUE%20VOUS%20NOUS%20ACCORDEZ.%0A\">offredeservice@traductioninvisible.com<\/a>. N\u2019oubliez pas de pr\u00e9ciser le d\u00e9lai que vous nous accordez. Indiquez aussi vos coordonn\u00e9es.<\/li>\n<li>Nous vous t\u00e9l\u00e9phonerons rapidement pour discuter des travaux.<\/li>\n<\/ol>\n<h2>Co\u00fbts associ\u00e9s<\/h2>\n<p>Des frais minimums de 135\u00a0$ (taxes en sus) sont exigibles pour chaque document officiel, ou pour chaque page selon le cas.<\/p>\n<p>Prenez note que nous offrons une remise de 3\u00a0% aux \u00e9tudiants.<\/p>\n<p><a href=\"tel:18334366331\">T\u00e9l\u00e9phonez-nous<\/a> sans tarder pour nous faire part de vos besoins.<\/p>\n<p>[\/et_pb_text][et_pb_video _builder_version=\u00a0\u00bb4.24.2&Prime; _module_preset=\u00a0\u00bbdefault\u00a0\u00bb src=\u00a0\u00bbhttps:\/\/vimeo.com\/906996261\/db230929fc\u00a0\u00bb hover_enabled=\u00a0\u00bb0&Prime; sticky_enabled=\u00a0\u00bb0&Prime;][\/et_pb_video][et_pb_text admin_label=\u00a0\u00bbRelated Pages\u00a0\u00bb _builder_version=\u00a0\u00bb4.16&Prime; background_size=\u00a0\u00bbinitial\u00a0\u00bb background_position=\u00a0\u00bbtop_left\u00a0\u00bb background_repeat=\u00a0\u00bbrepeat\u00a0\u00bb use_border_color=\u00a0\u00bboff\u00a0\u00bb border_color=\u00a0\u00bb#ffffff\u00a0\u00bb border_style=\u00a0\u00bbsolid\u00a0\u00bb global_colors_info=\u00a0\u00bb{}\u00a0\u00bb]<\/p>\n<h3>Autres pages pertinentes :<\/h3>\n<div class='yarpp yarpp-related yarpp-related-shortcode yarpp-template-list'>\n<!-- YARPP List -->\n<ol>\n<li><a href=\"https:\/\/www.invisibletranslation.com\/fr\/faq\/\" rel=\"bookmark\" title=\"FAQ\">FAQ<\/a><\/li>\n<li><a href=\"https:\/\/www.invisibletranslation.com\/fr\/politique-confidentialite\/\" rel=\"bookmark\" title=\"Politique de confidentialit\u00e9\">Politique de confidentialit\u00e9<\/a><\/li>\n<\/ol>\n<\/div>\n\n<p>[\/et_pb_text][\/et_pb_column][et_pb_column type=\u00a0\u00bb1_3&Prime; _builder_version=\u00a0\u00bb4.16&Prime; custom_padding=\u00a0\u00bb|||\u00a0\u00bb global_colors_info=\u00a0\u00bb{}\u00a0\u00bb custom_padding__hover=\u00a0\u00bb|||\u00a0\u00bb][et_pb_sidebar orientation=\u00a0\u00bbright\u00a0\u00bb area=\u00a0\u00bbsidebar-1&Prime; _builder_version=\u00a0\u00bb4.17.4&Prime; sticky_position=\u00a0\u00bbtop\u00a0\u00bb sticky_offset_top=\u00a0\u00bb20px\u00a0\u00bb sticky_limit_bottom=\u00a0\u00bbbody\u00a0\u00bb remove_border=\u00a0\u00bboff\u00a0\u00bb global_colors_info=\u00a0\u00bb{}\u00a0\u00bb][\/et_pb_sidebar][\/et_pb_column][\/et_pb_row][\/et_pb_section]<\/p>\n","protected":false},"excerpt":{"rendered":"<p>Un document officiel est un \u00e9crit \u00e9manant d\u2019un gouvernement ou d\u2019une autorit\u00e9 reconnue qui confirme votre identit\u00e9 ou votre statut, ou qui sert \u00e0 faire la preuve d\u2019un fait. Les institutions canadiennes et qu\u00e9b\u00e9coises, tant gouvernementales, que juridiques ou scolaires, exigent&#8230;<\/p>\n","protected":false},"author":3,"featured_media":0,"parent":1435,"menu_order":0,"comment_status":"closed","ping_status":"closed","template":"","meta":{"_et_pb_use_builder":"on","_et_pb_old_content":"","_et_gb_content_width":"","footnotes":""},"categories":[],"tags":[],"class_list":["post-1764","page","type-page","status-publish","hentry"],"yoast_head":"<!-- This site is optimized with the Yoast SEO plugin v25.0 - https:\/\/yoast.com\/wordpress\/plugins\/seo\/ -->\n<title>Documents officiels - Traduction INVISIBLE inc.<\/title>\n<meta name=\"robots\" content=\"index, follow, max-snippet:-1, max-image-preview:large, max-video-preview:-1\" \/>\n<link rel=\"canonical\" href=\"https:\/\/www.invisibletranslation.com\/fr\/services\/traduction\/documents-officiels\/\" \/>\n<meta property=\"og:locale\" content=\"fr_FR\" \/>\n<meta property=\"og:type\" content=\"article\" \/>\n<meta property=\"og:title\" content=\"Documents officiels - Traduction INVISIBLE inc.\" \/>\n<meta property=\"og:description\" content=\"Un document officiel est un \u00e9crit \u00e9manant d\u2019un gouvernement ou d\u2019une autorit\u00e9 reconnue qui confirme votre identit\u00e9 ou votre statut, ou qui sert \u00e0 faire la preuve d\u2019un fait. Les institutions canadiennes et qu\u00e9b\u00e9coises, tant gouvernementales, que juridiques ou scolaires, exigent...\" \/>\n<meta property=\"og:url\" content=\"https:\/\/www.invisibletranslation.com\/fr\/services\/traduction\/documents-officiels\/\" \/>\n<meta property=\"og:site_name\" content=\"Traduction INVISIBLE inc.\" \/>\n<meta property=\"article:modified_time\" content=\"2024-02-26T23:10:30+00:00\" \/>\n<meta property=\"og:image\" content=\"https:\/\/www.invisibletranslation.com\/wp-content\/uploads\/2016\/10\/OfficialDocuments-FR-1024x768.jpg\" \/>\n<meta name=\"twitter:card\" content=\"summary_large_image\" \/>\n<meta name=\"twitter:label1\" content=\"Dur\u00e9e de lecture estim\u00e9e\" \/>\n\t<meta name=\"twitter:data1\" content=\"3 minutes\" \/>\n<script type=\"application\/ld+json\" class=\"yoast-schema-graph\">{\"@context\":\"https:\/\/schema.org\",\"@graph\":[{\"@type\":\"WebPage\",\"@id\":\"https:\/\/www.invisibletranslation.com\/fr\/services\/traduction\/documents-officiels\/\",\"url\":\"https:\/\/www.invisibletranslation.com\/fr\/services\/traduction\/documents-officiels\/\",\"name\":\"Documents officiels - Traduction INVISIBLE inc.\",\"isPartOf\":{\"@id\":\"https:\/\/www.invisibletranslation.com\/fr\/#website\"},\"primaryImageOfPage\":{\"@id\":\"https:\/\/www.invisibletranslation.com\/fr\/services\/traduction\/documents-officiels\/#primaryimage\"},\"image\":{\"@id\":\"https:\/\/www.invisibletranslation.com\/fr\/services\/traduction\/documents-officiels\/#primaryimage\"},\"thumbnailUrl\":\"https:\/\/www.invisibletranslation.com\/wp-content\/uploads\/2016\/10\/OfficialDocuments-FR-1024x768.jpg\",\"datePublished\":\"2016-10-12T22:45:22+00:00\",\"dateModified\":\"2024-02-26T23:10:30+00:00\",\"breadcrumb\":{\"@id\":\"https:\/\/www.invisibletranslation.com\/fr\/services\/traduction\/documents-officiels\/#breadcrumb\"},\"inLanguage\":\"fr-FR\",\"potentialAction\":[{\"@type\":\"ReadAction\",\"target\":[\"https:\/\/www.invisibletranslation.com\/fr\/services\/traduction\/documents-officiels\/\"]}]},{\"@type\":\"ImageObject\",\"inLanguage\":\"fr-FR\",\"@id\":\"https:\/\/www.invisibletranslation.com\/fr\/services\/traduction\/documents-officiels\/#primaryimage\",\"url\":\"https:\/\/www.invisibletranslation.com\/wp-content\/uploads\/2016\/10\/OfficialDocuments-FR-1024x768.jpg\",\"contentUrl\":\"https:\/\/www.invisibletranslation.com\/wp-content\/uploads\/2016\/10\/OfficialDocuments-FR-1024x768.jpg\"},{\"@type\":\"BreadcrumbList\",\"@id\":\"https:\/\/www.invisibletranslation.com\/fr\/services\/traduction\/documents-officiels\/#breadcrumb\",\"itemListElement\":[{\"@type\":\"ListItem\",\"position\":1,\"name\":\"Accueil\",\"item\":\"https:\/\/www.invisibletranslation.com\/fr\/\"},{\"@type\":\"ListItem\",\"position\":2,\"name\":\"Services offerts\",\"item\":\"https:\/\/www.invisibletranslation.com\/fr\/services\/\"},{\"@type\":\"ListItem\",\"position\":3,\"name\":\"Traduction\",\"item\":\"https:\/\/www.invisibletranslation.com\/fr\/services\/traduction\/\"},{\"@type\":\"ListItem\",\"position\":4,\"name\":\"Documents officiels\"}]},{\"@type\":\"WebSite\",\"@id\":\"https:\/\/www.invisibletranslation.com\/fr\/#website\",\"url\":\"https:\/\/www.invisibletranslation.com\/fr\/\",\"name\":\"Traduction INVISIBLE inc.\",\"description\":\"Translators &amp; Communications Consultants\",\"potentialAction\":[{\"@type\":\"SearchAction\",\"target\":{\"@type\":\"EntryPoint\",\"urlTemplate\":\"https:\/\/www.invisibletranslation.com\/fr\/?s={search_term_string}\"},\"query-input\":{\"@type\":\"PropertyValueSpecification\",\"valueRequired\":true,\"valueName\":\"search_term_string\"}}],\"inLanguage\":\"fr-FR\"}]}<\/script>\n<!-- \/ Yoast SEO plugin. -->","yoast_head_json":{"title":"Documents officiels - Traduction INVISIBLE inc.","robots":{"index":"index","follow":"follow","max-snippet":"max-snippet:-1","max-image-preview":"max-image-preview:large","max-video-preview":"max-video-preview:-1"},"canonical":"https:\/\/www.invisibletranslation.com\/fr\/services\/traduction\/documents-officiels\/","og_locale":"fr_FR","og_type":"article","og_title":"Documents officiels - Traduction INVISIBLE inc.","og_description":"Un document officiel est un \u00e9crit \u00e9manant d\u2019un gouvernement ou d\u2019une autorit\u00e9 reconnue qui confirme votre identit\u00e9 ou votre statut, ou qui sert \u00e0 faire la preuve d\u2019un fait. Les institutions canadiennes et qu\u00e9b\u00e9coises, tant gouvernementales, que juridiques ou scolaires, exigent...","og_url":"https:\/\/www.invisibletranslation.com\/fr\/services\/traduction\/documents-officiels\/","og_site_name":"Traduction INVISIBLE inc.","article_modified_time":"2024-02-26T23:10:30+00:00","og_image":[{"url":"https:\/\/www.invisibletranslation.com\/wp-content\/uploads\/2016\/10\/OfficialDocuments-FR-1024x768.jpg","type":"","width":"","height":""}],"twitter_card":"summary_large_image","twitter_misc":{"Dur\u00e9e de lecture estim\u00e9e":"3 minutes"},"schema":{"@context":"https:\/\/schema.org","@graph":[{"@type":"WebPage","@id":"https:\/\/www.invisibletranslation.com\/fr\/services\/traduction\/documents-officiels\/","url":"https:\/\/www.invisibletranslation.com\/fr\/services\/traduction\/documents-officiels\/","name":"Documents officiels - Traduction INVISIBLE inc.","isPartOf":{"@id":"https:\/\/www.invisibletranslation.com\/fr\/#website"},"primaryImageOfPage":{"@id":"https:\/\/www.invisibletranslation.com\/fr\/services\/traduction\/documents-officiels\/#primaryimage"},"image":{"@id":"https:\/\/www.invisibletranslation.com\/fr\/services\/traduction\/documents-officiels\/#primaryimage"},"thumbnailUrl":"https:\/\/www.invisibletranslation.com\/wp-content\/uploads\/2016\/10\/OfficialDocuments-FR-1024x768.jpg","datePublished":"2016-10-12T22:45:22+00:00","dateModified":"2024-02-26T23:10:30+00:00","breadcrumb":{"@id":"https:\/\/www.invisibletranslation.com\/fr\/services\/traduction\/documents-officiels\/#breadcrumb"},"inLanguage":"fr-FR","potentialAction":[{"@type":"ReadAction","target":["https:\/\/www.invisibletranslation.com\/fr\/services\/traduction\/documents-officiels\/"]}]},{"@type":"ImageObject","inLanguage":"fr-FR","@id":"https:\/\/www.invisibletranslation.com\/fr\/services\/traduction\/documents-officiels\/#primaryimage","url":"https:\/\/www.invisibletranslation.com\/wp-content\/uploads\/2016\/10\/OfficialDocuments-FR-1024x768.jpg","contentUrl":"https:\/\/www.invisibletranslation.com\/wp-content\/uploads\/2016\/10\/OfficialDocuments-FR-1024x768.jpg"},{"@type":"BreadcrumbList","@id":"https:\/\/www.invisibletranslation.com\/fr\/services\/traduction\/documents-officiels\/#breadcrumb","itemListElement":[{"@type":"ListItem","position":1,"name":"Accueil","item":"https:\/\/www.invisibletranslation.com\/fr\/"},{"@type":"ListItem","position":2,"name":"Services offerts","item":"https:\/\/www.invisibletranslation.com\/fr\/services\/"},{"@type":"ListItem","position":3,"name":"Traduction","item":"https:\/\/www.invisibletranslation.com\/fr\/services\/traduction\/"},{"@type":"ListItem","position":4,"name":"Documents officiels"}]},{"@type":"WebSite","@id":"https:\/\/www.invisibletranslation.com\/fr\/#website","url":"https:\/\/www.invisibletranslation.com\/fr\/","name":"Traduction INVISIBLE inc.","description":"Translators &amp; Communications Consultants","potentialAction":[{"@type":"SearchAction","target":{"@type":"EntryPoint","urlTemplate":"https:\/\/www.invisibletranslation.com\/fr\/?s={search_term_string}"},"query-input":{"@type":"PropertyValueSpecification","valueRequired":true,"valueName":"search_term_string"}}],"inLanguage":"fr-FR"}]}},"_links":{"self":[{"href":"https:\/\/www.invisibletranslation.com\/fr\/wp-json\/wp\/v2\/pages\/1764","targetHints":{"allow":["GET"]}}],"collection":[{"href":"https:\/\/www.invisibletranslation.com\/fr\/wp-json\/wp\/v2\/pages"}],"about":[{"href":"https:\/\/www.invisibletranslation.com\/fr\/wp-json\/wp\/v2\/types\/page"}],"author":[{"embeddable":true,"href":"https:\/\/www.invisibletranslation.com\/fr\/wp-json\/wp\/v2\/users\/3"}],"replies":[{"embeddable":true,"href":"https:\/\/www.invisibletranslation.com\/fr\/wp-json\/wp\/v2\/comments?post=1764"}],"version-history":[{"count":0,"href":"https:\/\/www.invisibletranslation.com\/fr\/wp-json\/wp\/v2\/pages\/1764\/revisions"}],"up":[{"embeddable":true,"href":"https:\/\/www.invisibletranslation.com\/fr\/wp-json\/wp\/v2\/pages\/1435"}],"wp:attachment":[{"href":"https:\/\/www.invisibletranslation.com\/fr\/wp-json\/wp\/v2\/media?parent=1764"}],"wp:term":[{"taxonomy":"category","embeddable":true,"href":"https:\/\/www.invisibletranslation.com\/fr\/wp-json\/wp\/v2\/categories?post=1764"},{"taxonomy":"post_tag","embeddable":true,"href":"https:\/\/www.invisibletranslation.com\/fr\/wp-json\/wp\/v2\/tags?post=1764"}],"curies":[{"name":"wp","href":"https:\/\/api.w.org\/{rel}","templated":true}]}}