{"id":1723,"date":"2016-10-12T13:08:28","date_gmt":"2016-10-12T17:08:28","guid":{"rendered":"http:\/\/www.iestrie.com\/fr\/?page_id=1723"},"modified":"2021-09-28T06:16:55","modified_gmt":"2021-09-28T10:16:55","slug":"communique","status":"publish","type":"page","link":"https:\/\/www.invisibletranslation.com\/fr\/services\/traduction\/communique\/","title":{"rendered":"Communiqu\u00e9"},"content":{"rendered":"<p>[et_pb_section fb_built=\u00a0\u00bb1&Prime; custom_padding_last_edited=\u00a0\u00bbon|desktop\u00a0\u00bb admin_label=\u00a0\u00bbsection\u00a0\u00bb module_id=\u00a0\u00bbcontent-zone\u00a0\u00bb _builder_version=\u00a0\u00bb3.22&Prime; custom_padding_tablet=\u00a0\u00bb50px|0|50px|0&Prime; custom_padding_phone=\u00a0\u00bb\u00a0\u00bb transparent_background=\u00a0\u00bboff\u00a0\u00bb padding_mobile=\u00a0\u00bboff\u00a0\u00bb make_fullwidth=\u00a0\u00bboff\u00a0\u00bb use_custom_width=\u00a0\u00bboff\u00a0\u00bb width_unit=\u00a0\u00bbon\u00a0\u00bb global_colors_info=\u00a0\u00bb{}\u00a0\u00bb][et_pb_row admin_label=\u00a0\u00bbrow\u00a0\u00bb _builder_version=\u00a0\u00bb3.25&Prime; background_size=\u00a0\u00bbinitial\u00a0\u00bb background_position=\u00a0\u00bbtop_left\u00a0\u00bb background_repeat=\u00a0\u00bbrepeat\u00a0\u00bb global_colors_info=\u00a0\u00bb{}\u00a0\u00bb column_structure=\u00a0\u00bb2_3,1_3&Prime;][et_pb_column type=\u00a0\u00bb2_3&Prime; _builder_version=\u00a0\u00bb3.25&Prime; custom_padding=\u00a0\u00bb|||\u00a0\u00bb global_colors_info=\u00a0\u00bb{}\u00a0\u00bb custom_padding__hover=\u00a0\u00bb|||\u00a0\u00bb][et_pb_text admin_label=\u00a0\u00bbBreadcrumb\u00a0\u00bb _builder_version=\u00a0\u00bb3.27.4&Prime; background_size=\u00a0\u00bbinitial\u00a0\u00bb background_position=\u00a0\u00bbtop_left\u00a0\u00bb background_repeat=\u00a0\u00bbrepeat\u00a0\u00bb use_border_color=\u00a0\u00bboff\u00a0\u00bb border_color=\u00a0\u00bb#ffffff\u00a0\u00bb border_style=\u00a0\u00bbsolid\u00a0\u00bb global_colors_info=\u00a0\u00bb{}\u00a0\u00bb]<\/p>\n<div class=\"breadcrumb\" itemprop=\"breadcrumb\"><span><span><a href=\"https:\/\/www.invisibletranslation.com\/fr\/\">Accueil<\/a><\/span><\/span><\/div>\n<p>[\/et_pb_text][et_pb_text admin_label=\u00a0\u00bbLong Title\u00a0\u00bb _builder_version=\u00a0\u00bb3.27.4&Prime; background_size=\u00a0\u00bbinitial\u00a0\u00bb background_position=\u00a0\u00bbtop_left\u00a0\u00bb background_repeat=\u00a0\u00bbrepeat\u00a0\u00bb use_border_color=\u00a0\u00bboff\u00a0\u00bb border_color=\u00a0\u00bb#ffffff\u00a0\u00bb border_style=\u00a0\u00bbsolid\u00a0\u00bb global_colors_info=\u00a0\u00bb{}\u00a0\u00bb]<\/p>\n<h1><img loading=\"lazy\" decoding=\"async\" class=\"alignright size-full wp-image-1009\" src=\"\/wp-content\/uploads\/2016\/04\/pdf_icon.gif\" alt=\"PDF\" width=\"50\" height=\"50\" \/>Le communiqu\u00e9, l\u2019outil essentiel pour diffuser l\u2019information<\/h1>\n<p><img loading=\"lazy\" decoding=\"async\" id=\"title-top-image\" class=\"alignnone size-large wp-image-3380\" src=\"https:\/\/www.invisibletranslation.com\/wp-content\/uploads\/2016\/10\/NewsRelease-FR-1024x768.jpg\" alt=\"Le communiqu\u00e9, l\u2019outil essentiel pour diffuser l\u2019information\" width=\"1024\" height=\"768\" \/><\/p>\n<p>[\/et_pb_text][et_pb_text admin_label=\u00a0\u00bbContent\u00a0\u00bb _builder_version=\u00a0\u00bb3.27.4&Prime; text_font=\u00a0\u00bbOpen Sans||||\u00a0\u00bb text_font_size=\u00a0\u00bb16&Prime; text_line_height=\u00a0\u00bb1.8em\u00a0\u00bb background_size=\u00a0\u00bbinitial\u00a0\u00bb background_position=\u00a0\u00bbtop_left\u00a0\u00bb background_repeat=\u00a0\u00bbrepeat\u00a0\u00bb use_border_color=\u00a0\u00bboff\u00a0\u00bb border_color=\u00a0\u00bb#ffffff\u00a0\u00bb border_style=\u00a0\u00bbsolid\u00a0\u00bb global_colors_info=\u00a0\u00bb{}\u00a0\u00bb]<\/p>\n<h2>La traduction d\u2019un communiqu\u00e9\u00a0: un travail d\u2019experts<\/h2>\n<p>Le communiqu\u00e9 occupe une place de choix au registre des correspondances d\u2019affaires. S\u2019il est utilis\u00e9 si fr\u00e9quemment, c\u2019est sans doute qu\u2019il repr\u00e9sente la mani\u00e8re la plus efficace de porter l\u2019annonce d\u2019une nouveaut\u00e9 \u00e0 l\u2019attention des m\u00e9dias ou des membres d\u2019une organisation.<\/p>\n<div class='et-box et-shadow'>\n\t\t\t\t\t<div class='et-box-content'><ul>\n<li>Cet article dresse un portrait du communiqu\u00e9 et de ses diff\u00e9rentes cat\u00e9gories.<\/li>\n<li>Vous voulez obtenir une traduction d\u2019un communiqu\u00e9? <a href=\"tel:18334366331\">T\u00e9l\u00e9phonez-nous<\/a> d\u00e8s maintenant.<\/li>\n<li>Vous aimeriez faire r\u00e9viser un communiqu\u00e9 avant de le diffuser? <a href=\"https:\/\/www.invisibletranslation.com\/fr\/contact\/\">Faites-nous part<\/a> de vos besoins.<\/li>\n<\/ul><\/div><\/div>\n<h2>Deux vis\u00e9es distinctes pour mieux atteindre la cible<\/h2>\n<p>Tant\u00f4t capable d\u2019aviser le public d\u2019une nouvelle d\u2019int\u00e9r\u00eat g\u00e9n\u00e9ral, tant\u00f4t capable de cr\u00e9er une v\u00e9ritable onde de choc, le communiqu\u00e9, quel que soit son objectif, m\u00e9rite d\u2019\u00eatre soign\u00e9.<\/p>\n<p>En r\u00e8gle g\u00e9n\u00e9rale, on retrouve deux grandes cat\u00e9gories de communiqu\u00e9s, qui se diff\u00e9rencient principalement par l\u2019essence de leur contenu et le public cibl\u00e9\u00a0:<\/p>\n<ul>\n<li>le <a href=\"https:\/\/www.invisibletranslation.com\/fr\/services\/traduction\/communique\/communiques-de-presse\/\">communiqu\u00e9 de presse<\/a>;<\/li>\n<li>le <a href=\"https:\/\/www.invisibletranslation.com\/fr\/services\/traduction\/communique\/communique-mediatique\/\">communiqu\u00e9 m\u00e9diatique<\/a>.<\/li>\n<\/ul>\n<p>Bien que ceux-ci doivent r\u00e9pondre aux m\u00eames exigences et fassent\u00a0g\u00e9n\u00e9ralement l\u2019objet d\u2019une structure similaire, c\u2019est leur vis\u00e9e qui les distingue.<\/p>\n<p>Tandis que le communiqu\u00e9 de presse annonce aux journalistes une nouvelle d\u2019int\u00e9r\u00eat au sein d\u2019une entreprise, le communiqu\u00e9 m\u00e9diatique vise plut\u00f4t \u00e0\u00a0:<\/p>\n<ul>\n<li>convier les diff\u00e9rents m\u00e9dias \u00e0 un \u00e9v\u00e9nement;<\/li>\n<li>annoncer la nomination d\u2019un employ\u00e9 d\u2019exception, ou;<\/li>\n<li>prendre position sur diff\u00e9rents sujets.<\/li>\n<\/ul>\n<p>Sa r\u00e9daction, tout comme sa traduction, a donc avantage \u00e0 \u00eatre confi\u00e9e \u00e0 des professionnels, des langagiers capables de produire des textes \u00e0 la fois concis, originaux et impeccables.<\/p>\n<p>Parlons traduction.<\/p>\n<h2>La traduction d\u2019un communiqu\u00e9\u00a0: un d\u00e9fi en soi<\/h2>\n<p>R\u00e9diger un communiqu\u00e9 efficace n\u2019est pas une mince affaire, et c\u2019est \u00e9galement vrai quand il est question d\u2019en effectuer la traduction.<\/p>\n<p>Le communiqu\u00e9 doit \u00eatre informatif et bref tout en \u00e9tant captivant et digne d\u2019int\u00e9r\u00eat.<\/p>\n<p>Les textes de forme br\u00e8ve pr\u00e9sentent une difficult\u00e9 qui leur est propre\u00a0: ils doivent conjuguer concision, ing\u00e9niosit\u00e9 et cr\u00e9ativit\u00e9.<\/p>\n<p>Pour y parvenir, il faut trouver les mots justes, lesquels rendront la traduction claire et intelligible plut\u00f4t que lourde et maladroite.<\/p>\n<p>Cet exercice de traduction est encadr\u00e9, en fran\u00e7ais comme en anglais, par des formalit\u00e9s structurelles bien d\u00e9finies.<\/p>\n<h2>Une d\u00e9marche pr\u00e9cise pour obtenir un communiqu\u00e9 efficace<\/h2>\n<p>Le communiqu\u00e9 est structur\u00e9 d\u2019une mani\u00e8re pr\u00e9cise. Il doit notamment\u00a0:<\/p>\n<ul>\n<li>indiquer les sources, la date de parution et les coordonn\u00e9es des gens \u00e0 contacter pour obtenir plus de renseignements;<\/li>\n<li>porter les mentions\u00a0\u2013\u00a030\u00a0\u2013 et COMMUNIQU\u00c9, lesquelles lui sont exclusives;<\/li>\n<li>\u00eatre bref et l\u00e9ger, tout en r\u00e9pondant aux questions qui? quoi? quand? o\u00f9? et pourquoi?; les fameux <em>Five W\u2019s<\/em> du journalisme (<em>who did what, when and where, and why?<\/em>);<\/li>\n<li>se limiter \u00e0 deux pages;<\/li>\n<li>comporter un chapeau irr\u00e9prochable, c\u2019est-\u00e0-dire un compl\u00e9ment d\u2019information \u00e0 l\u2019accroche qui tient en un court paragraphe.<\/li>\n<\/ul>\n<h2>Le chapeau\u00a0: susciter l\u2019int\u00e9r\u00eat en quelques mots<\/h2>\n<p>Tout communiqu\u00e9 doit commencer par un chapeau, souvent d\u00e9sign\u00e9 par son \u00e9quivalent anglais <em>lead<\/em>.<\/p>\n<p>C\u2019est un paragraphe d\u2019environ 50 mots qui attire l\u2019attention et r\u00e9sume essentiellement le texte \u00e0 venir en pr\u00e9sentant au moins quatre des cinq W.<\/p>\n<p>Il s\u2019agit d\u2019un \u00e9l\u00e9ment de structure important, qui s\u2019av\u00e8re d\u00e9cisif quant au choix des m\u00e9dias de s\u2019int\u00e9resser ou non \u00e0 une nouvelle.<\/p>\n<p>Si ces maigres 50 mots peuvent sembler faciles \u00e0 \u00e9crire et \u00e0 traduire, il n\u2019en est pourtant rien.<\/p>\n<p>Pour qu\u2019un communiqu\u00e9 soit efficace, il faut imp\u00e9rativement que son chapeau soit digne d\u2019int\u00e9r\u00eat et r\u00e9dig\u00e9 d\u2019une mani\u00e8re \u00e0 la fois cr\u00e9ative et irr\u00e9prochable.<\/p>\n<p>En effet, vous n\u2019avez que quelques secondes pour s\u00e9duire le lecteur!<\/p>\n<h2>Un texte clair qui facilite le travail des m\u00e9dias<\/h2>\n<p>Le communiqu\u00e9 doit \u00eatre r\u00e9dig\u00e9 et traduit de mani\u00e8re \u00e0 pouvoir \u00eatre publi\u00e9 int\u00e9gralement.<\/p>\n<p>C\u2019est la qualit\u00e9 du travail fait au pr\u00e9alable qui d\u00e9termine si la nouvelle est diffus\u00e9e et, ultimement, atteint ou rate la cible.<\/p>\n<p>Les paragraphes qui suivent le chapeau ont donc avantage \u00e0 \u00eatre clairs, facilement lisibles et bien vulgaris\u00e9s. Chacun d\u2019entre eux ne doit contenir qu\u2019une id\u00e9e.<\/p>\n<p>Souvenez-vous que votre texte doit compl\u00e9ter et simplifier le travail des journalistes et de la communaut\u00e9 m\u00e9diatique.<\/p>\n<p>Ces derniers n\u2019ont souvent que quelques heures pour pr\u00e9parer la publication d\u2019un journal et ficeler les articles qu\u2019il contiendra.<\/p>\n<p>Pourquoi ne pas confier la r\u00e9daction et la traduction de votre communiqu\u00e9 \u00e0 des professionnels?<\/p>\n<h2>Des langagiers comp\u00e9tents \u00e0 votre service<\/h2>\n<p>Lorsqu\u2019il est question de la r\u00e9daction et de la traduction d\u2019un communiqu\u00e9, il ne faut rien laisser au hasard. Traiter cet \u00e9crit avec le plus grand soin n\u2019est pas un choix, mais bien une n\u00e9cessit\u00e9.<\/p>\n<p>Notre \u00e9quipe de traducteurs professionnels sait conf\u00e9rer \u00e0 un communiqu\u00e9 l\u2019impact, la fluidit\u00e9 et l\u2019intelligibilit\u00e9 qui lui sont essentiels, en anglais comme en fran\u00e7ais.<\/p>\n<p>C\u2019est notre m\u00e9tier!<\/p>\n<p>Permettez-nous de contribuer au rayonnement de votre entreprise. <a href=\"https:\/\/www.invisibletranslation.com\/fr\/contact\/\">Communiquez avec nous<\/a> sans tarder pour nous faire part de vos exigences.<\/p>\n<p>Nous nous ferons un plaisir de bien cerner vos besoins afin de vous offrir un service \u00e0 la hauteur de vos attentes.<\/p>\n<p>**<\/p>\n<p>Avez-vous d\u00e9j\u00e0 fait traduire un communiqu\u00e9 par un cabinet de traduction? Comment s\u2019est pass\u00e9e l\u2019exp\u00e9rience?<\/p>\n<p>[\/et_pb_text][et_pb_text admin_label=\u00a0\u00bbRelated Pages\u00a0\u00bb _builder_version=\u00a0\u00bb3.27.4&Prime; background_size=\u00a0\u00bbinitial\u00a0\u00bb background_position=\u00a0\u00bbtop_left\u00a0\u00bb background_repeat=\u00a0\u00bbrepeat\u00a0\u00bb use_border_color=\u00a0\u00bboff\u00a0\u00bb border_color=\u00a0\u00bb#ffffff\u00a0\u00bb border_style=\u00a0\u00bbsolid\u00a0\u00bb global_colors_info=\u00a0\u00bb{}\u00a0\u00bb]<\/p>\n<h3>Sujets connexes :<\/h3>\n<div class='yarpp yarpp-related yarpp-related-shortcode yarpp-template-list'>\n<!-- YARPP List -->\n<ol>\n<li><a href=\"https:\/\/www.invisibletranslation.com\/fr\/cta\/\" rel=\"bookmark\" title=\"Convention de travail autonome\">Convention de travail autonome<\/a><\/li>\n<li><a href=\"https:\/\/www.invisibletranslation.com\/fr\/faq\/\" rel=\"bookmark\" title=\"FAQ\">FAQ<\/a><\/li>\n<\/ol>\n<\/div>\n\n<p>[\/et_pb_text][\/et_pb_column][et_pb_column type=\u00a0\u00bb1_3&Prime; _builder_version=\u00a0\u00bb3.25&Prime; custom_padding=\u00a0\u00bb|||\u00a0\u00bb global_colors_info=\u00a0\u00bb{}\u00a0\u00bb custom_padding__hover=\u00a0\u00bb|||\u00a0\u00bb][et_pb_sidebar orientation=\u00a0\u00bbright\u00a0\u00bb area=\u00a0\u00bbsidebar-1&Prime; _builder_version=\u00a0\u00bb3.0.74&Prime; remove_border=\u00a0\u00bboff\u00a0\u00bb global_colors_info=\u00a0\u00bb{}\u00a0\u00bb][\/et_pb_sidebar][\/et_pb_column][\/et_pb_row][\/et_pb_section]<\/p>\n","protected":false},"excerpt":{"rendered":"<p>Le communiqu\u00e9 occupe une place de choix au registre des correspondances d\u2019affaires. S\u2019il est utilis\u00e9 si fr\u00e9quemment, c\u2019est sans doute qu\u2019il repr\u00e9sente la mani\u00e8re la plus efficace de porter l\u2019annonce d\u2019une nouveaut\u00e9 \u00e0 l\u2019attention des m\u00e9dias ou des membres d\u2019une&#8230;<\/p>\n","protected":false},"author":3,"featured_media":0,"parent":1435,"menu_order":0,"comment_status":"closed","ping_status":"closed","template":"","meta":{"_et_pb_use_builder":"on","_et_pb_old_content":"","_et_gb_content_width":"","footnotes":""},"categories":[],"tags":[],"class_list":["post-1723","page","type-page","status-publish","hentry"],"yoast_head":"<!-- This site is optimized with the Yoast SEO plugin v25.0 - https:\/\/yoast.com\/wordpress\/plugins\/seo\/ -->\n<title>Le communiqu\u00e9, l\u2019outil essentiel pour diffuser l\u2019information | Traduction Invisible inc.<\/title>\n<meta name=\"robots\" content=\"index, follow, max-snippet:-1, max-image-preview:large, max-video-preview:-1\" \/>\n<link rel=\"canonical\" href=\"https:\/\/www.invisibletranslation.com\/fr\/services\/traduction\/communique\/\" \/>\n<meta property=\"og:locale\" content=\"fr_FR\" \/>\n<meta property=\"og:type\" content=\"article\" \/>\n<meta property=\"og:title\" content=\"Le communiqu\u00e9, l\u2019outil essentiel pour diffuser l\u2019information | Traduction Invisible inc.\" \/>\n<meta property=\"og:description\" content=\"Le communiqu\u00e9 occupe une place de choix au registre des correspondances d\u2019affaires. S\u2019il est utilis\u00e9 si fr\u00e9quemment, c\u2019est sans doute qu\u2019il repr\u00e9sente la mani\u00e8re la plus efficace de porter l\u2019annonce d\u2019une nouveaut\u00e9 \u00e0 l\u2019attention des m\u00e9dias ou des membres d\u2019une...\" \/>\n<meta property=\"og:url\" content=\"https:\/\/www.invisibletranslation.com\/fr\/services\/traduction\/communique\/\" \/>\n<meta property=\"og:site_name\" content=\"Traduction INVISIBLE inc.\" \/>\n<meta property=\"article:modified_time\" content=\"2021-09-28T10:16:55+00:00\" \/>\n<meta property=\"og:image\" content=\"https:\/\/www.invisibletranslation.com\/wp-content\/uploads\/2016\/04\/pdf_icon.gif\" \/>\n<meta name=\"twitter:card\" content=\"summary_large_image\" \/>\n<meta name=\"twitter:label1\" content=\"Dur\u00e9e de lecture estim\u00e9e\" \/>\n\t<meta name=\"twitter:data1\" content=\"6 minutes\" \/>\n<script type=\"application\/ld+json\" class=\"yoast-schema-graph\">{\"@context\":\"https:\/\/schema.org\",\"@graph\":[{\"@type\":\"WebPage\",\"@id\":\"https:\/\/www.invisibletranslation.com\/fr\/services\/traduction\/communique\/\",\"url\":\"https:\/\/www.invisibletranslation.com\/fr\/services\/traduction\/communique\/\",\"name\":\"Le communiqu\u00e9, l\u2019outil essentiel pour diffuser l\u2019information | Traduction Invisible inc.\",\"isPartOf\":{\"@id\":\"https:\/\/www.invisibletranslation.com\/fr\/#website\"},\"primaryImageOfPage\":{\"@id\":\"https:\/\/www.invisibletranslation.com\/fr\/services\/traduction\/communique\/#primaryimage\"},\"image\":{\"@id\":\"https:\/\/www.invisibletranslation.com\/fr\/services\/traduction\/communique\/#primaryimage\"},\"thumbnailUrl\":\"https:\/\/www.invisibletranslation.com\/wp-content\/uploads\/2016\/10\/NewsRelease-FR-1024x768.jpg\",\"datePublished\":\"2016-10-12T17:08:28+00:00\",\"dateModified\":\"2021-09-28T10:16:55+00:00\",\"breadcrumb\":{\"@id\":\"https:\/\/www.invisibletranslation.com\/fr\/services\/traduction\/communique\/#breadcrumb\"},\"inLanguage\":\"fr-FR\",\"potentialAction\":[{\"@type\":\"ReadAction\",\"target\":[\"https:\/\/www.invisibletranslation.com\/fr\/services\/traduction\/communique\/\"]}]},{\"@type\":\"ImageObject\",\"inLanguage\":\"fr-FR\",\"@id\":\"https:\/\/www.invisibletranslation.com\/fr\/services\/traduction\/communique\/#primaryimage\",\"url\":\"https:\/\/www.invisibletranslation.com\/wp-content\/uploads\/2016\/10\/NewsRelease-FR-1024x768.jpg\",\"contentUrl\":\"https:\/\/www.invisibletranslation.com\/wp-content\/uploads\/2016\/10\/NewsRelease-FR-1024x768.jpg\"},{\"@type\":\"BreadcrumbList\",\"@id\":\"https:\/\/www.invisibletranslation.com\/fr\/services\/traduction\/communique\/#breadcrumb\",\"itemListElement\":[{\"@type\":\"ListItem\",\"position\":1,\"name\":\"Accueil\",\"item\":\"https:\/\/www.invisibletranslation.com\/fr\/\"},{\"@type\":\"ListItem\",\"position\":2,\"name\":\"Services offerts\",\"item\":\"https:\/\/www.invisibletranslation.com\/fr\/services\/\"},{\"@type\":\"ListItem\",\"position\":3,\"name\":\"Traduction\",\"item\":\"https:\/\/www.invisibletranslation.com\/fr\/services\/traduction\/\"},{\"@type\":\"ListItem\",\"position\":4,\"name\":\"Communiqu\u00e9\"}]},{\"@type\":\"WebSite\",\"@id\":\"https:\/\/www.invisibletranslation.com\/fr\/#website\",\"url\":\"https:\/\/www.invisibletranslation.com\/fr\/\",\"name\":\"Traduction INVISIBLE inc.\",\"description\":\"Translators &amp; Communications Consultants\",\"potentialAction\":[{\"@type\":\"SearchAction\",\"target\":{\"@type\":\"EntryPoint\",\"urlTemplate\":\"https:\/\/www.invisibletranslation.com\/fr\/?s={search_term_string}\"},\"query-input\":{\"@type\":\"PropertyValueSpecification\",\"valueRequired\":true,\"valueName\":\"search_term_string\"}}],\"inLanguage\":\"fr-FR\"}]}<\/script>\n<!-- \/ Yoast SEO plugin. -->","yoast_head_json":{"title":"Le communiqu\u00e9, l\u2019outil essentiel pour diffuser l\u2019information | Traduction Invisible inc.","robots":{"index":"index","follow":"follow","max-snippet":"max-snippet:-1","max-image-preview":"max-image-preview:large","max-video-preview":"max-video-preview:-1"},"canonical":"https:\/\/www.invisibletranslation.com\/fr\/services\/traduction\/communique\/","og_locale":"fr_FR","og_type":"article","og_title":"Le communiqu\u00e9, l\u2019outil essentiel pour diffuser l\u2019information | Traduction Invisible inc.","og_description":"Le communiqu\u00e9 occupe une place de choix au registre des correspondances d\u2019affaires. S\u2019il est utilis\u00e9 si fr\u00e9quemment, c\u2019est sans doute qu\u2019il repr\u00e9sente la mani\u00e8re la plus efficace de porter l\u2019annonce d\u2019une nouveaut\u00e9 \u00e0 l\u2019attention des m\u00e9dias ou des membres d\u2019une...","og_url":"https:\/\/www.invisibletranslation.com\/fr\/services\/traduction\/communique\/","og_site_name":"Traduction INVISIBLE inc.","article_modified_time":"2021-09-28T10:16:55+00:00","og_image":[{"url":"https:\/\/www.invisibletranslation.com\/wp-content\/uploads\/2016\/04\/pdf_icon.gif","type":"","width":"","height":""}],"twitter_card":"summary_large_image","twitter_misc":{"Dur\u00e9e de lecture estim\u00e9e":"6 minutes"},"schema":{"@context":"https:\/\/schema.org","@graph":[{"@type":"WebPage","@id":"https:\/\/www.invisibletranslation.com\/fr\/services\/traduction\/communique\/","url":"https:\/\/www.invisibletranslation.com\/fr\/services\/traduction\/communique\/","name":"Le communiqu\u00e9, l\u2019outil essentiel pour diffuser l\u2019information | Traduction Invisible inc.","isPartOf":{"@id":"https:\/\/www.invisibletranslation.com\/fr\/#website"},"primaryImageOfPage":{"@id":"https:\/\/www.invisibletranslation.com\/fr\/services\/traduction\/communique\/#primaryimage"},"image":{"@id":"https:\/\/www.invisibletranslation.com\/fr\/services\/traduction\/communique\/#primaryimage"},"thumbnailUrl":"https:\/\/www.invisibletranslation.com\/wp-content\/uploads\/2016\/10\/NewsRelease-FR-1024x768.jpg","datePublished":"2016-10-12T17:08:28+00:00","dateModified":"2021-09-28T10:16:55+00:00","breadcrumb":{"@id":"https:\/\/www.invisibletranslation.com\/fr\/services\/traduction\/communique\/#breadcrumb"},"inLanguage":"fr-FR","potentialAction":[{"@type":"ReadAction","target":["https:\/\/www.invisibletranslation.com\/fr\/services\/traduction\/communique\/"]}]},{"@type":"ImageObject","inLanguage":"fr-FR","@id":"https:\/\/www.invisibletranslation.com\/fr\/services\/traduction\/communique\/#primaryimage","url":"https:\/\/www.invisibletranslation.com\/wp-content\/uploads\/2016\/10\/NewsRelease-FR-1024x768.jpg","contentUrl":"https:\/\/www.invisibletranslation.com\/wp-content\/uploads\/2016\/10\/NewsRelease-FR-1024x768.jpg"},{"@type":"BreadcrumbList","@id":"https:\/\/www.invisibletranslation.com\/fr\/services\/traduction\/communique\/#breadcrumb","itemListElement":[{"@type":"ListItem","position":1,"name":"Accueil","item":"https:\/\/www.invisibletranslation.com\/fr\/"},{"@type":"ListItem","position":2,"name":"Services offerts","item":"https:\/\/www.invisibletranslation.com\/fr\/services\/"},{"@type":"ListItem","position":3,"name":"Traduction","item":"https:\/\/www.invisibletranslation.com\/fr\/services\/traduction\/"},{"@type":"ListItem","position":4,"name":"Communiqu\u00e9"}]},{"@type":"WebSite","@id":"https:\/\/www.invisibletranslation.com\/fr\/#website","url":"https:\/\/www.invisibletranslation.com\/fr\/","name":"Traduction INVISIBLE inc.","description":"Translators &amp; Communications Consultants","potentialAction":[{"@type":"SearchAction","target":{"@type":"EntryPoint","urlTemplate":"https:\/\/www.invisibletranslation.com\/fr\/?s={search_term_string}"},"query-input":{"@type":"PropertyValueSpecification","valueRequired":true,"valueName":"search_term_string"}}],"inLanguage":"fr-FR"}]}},"_links":{"self":[{"href":"https:\/\/www.invisibletranslation.com\/fr\/wp-json\/wp\/v2\/pages\/1723","targetHints":{"allow":["GET"]}}],"collection":[{"href":"https:\/\/www.invisibletranslation.com\/fr\/wp-json\/wp\/v2\/pages"}],"about":[{"href":"https:\/\/www.invisibletranslation.com\/fr\/wp-json\/wp\/v2\/types\/page"}],"author":[{"embeddable":true,"href":"https:\/\/www.invisibletranslation.com\/fr\/wp-json\/wp\/v2\/users\/3"}],"replies":[{"embeddable":true,"href":"https:\/\/www.invisibletranslation.com\/fr\/wp-json\/wp\/v2\/comments?post=1723"}],"version-history":[{"count":0,"href":"https:\/\/www.invisibletranslation.com\/fr\/wp-json\/wp\/v2\/pages\/1723\/revisions"}],"up":[{"embeddable":true,"href":"https:\/\/www.invisibletranslation.com\/fr\/wp-json\/wp\/v2\/pages\/1435"}],"wp:attachment":[{"href":"https:\/\/www.invisibletranslation.com\/fr\/wp-json\/wp\/v2\/media?parent=1723"}],"wp:term":[{"taxonomy":"category","embeddable":true,"href":"https:\/\/www.invisibletranslation.com\/fr\/wp-json\/wp\/v2\/categories?post=1723"},{"taxonomy":"post_tag","embeddable":true,"href":"https:\/\/www.invisibletranslation.com\/fr\/wp-json\/wp\/v2\/tags?post=1723"}],"curies":[{"name":"wp","href":"https:\/\/api.w.org\/{rel}","templated":true}]}}