{"id":1708,"date":"2016-10-12T12:32:15","date_gmt":"2016-10-12T16:32:15","guid":{"rendered":"http:\/\/www.iestrie.com\/fr\/?page_id=1708"},"modified":"2023-11-01T20:53:49","modified_gmt":"2023-11-02T00:53:49","slug":"pourquoi-choisir-traduction-invisible","status":"publish","type":"page","link":"https:\/\/www.invisibletranslation.com\/fr\/a-propos\/pourquoi-choisir-traduction-invisible\/","title":{"rendered":"Pourquoi nous?"},"content":{"rendered":"<p>[et_pb_section fb_built=\u00a0\u00bb1&Prime; custom_padding_last_edited=\u00a0\u00bbon|desktop\u00a0\u00bb admin_label=\u00a0\u00bbsection\u00a0\u00bb module_id=\u00a0\u00bbcontent-zone\u00a0\u00bb _builder_version=\u00a0\u00bb4.16&Prime; custom_padding_tablet=\u00a0\u00bb50px|0|50px|0&Prime; custom_padding_phone=\u00a0\u00bb\u00a0\u00bb transparent_background=\u00a0\u00bboff\u00a0\u00bb padding_mobile=\u00a0\u00bboff\u00a0\u00bb make_fullwidth=\u00a0\u00bboff\u00a0\u00bb use_custom_width=\u00a0\u00bboff\u00a0\u00bb width_unit=\u00a0\u00bbon\u00a0\u00bb global_colors_info=\u00a0\u00bb{}\u00a0\u00bb][et_pb_row column_structure=\u00a0\u00bb2_3,1_3&Prime; admin_label=\u00a0\u00bbrow\u00a0\u00bb _builder_version=\u00a0\u00bb4.16&Prime; background_size=\u00a0\u00bbinitial\u00a0\u00bb background_position=\u00a0\u00bbtop_left\u00a0\u00bb background_repeat=\u00a0\u00bbrepeat\u00a0\u00bb global_colors_info=\u00a0\u00bb{}\u00a0\u00bb][et_pb_column type=\u00a0\u00bb2_3&Prime; _builder_version=\u00a0\u00bb4.16&Prime; custom_padding=\u00a0\u00bb|||\u00a0\u00bb global_colors_info=\u00a0\u00bb{}\u00a0\u00bb custom_padding__hover=\u00a0\u00bb|||\u00a0\u00bb][et_pb_text admin_label=\u00a0\u00bbBreadcrumb\u00a0\u00bb _builder_version=\u00a0\u00bb4.16&Prime; background_size=\u00a0\u00bbinitial\u00a0\u00bb background_position=\u00a0\u00bbtop_left\u00a0\u00bb background_repeat=\u00a0\u00bbrepeat\u00a0\u00bb use_border_color=\u00a0\u00bboff\u00a0\u00bb border_color=\u00a0\u00bb#ffffff\u00a0\u00bb border_style=\u00a0\u00bbsolid\u00a0\u00bb global_colors_info=\u00a0\u00bb{}\u00a0\u00bb]<\/p>\n<div class=\"breadcrumb\" itemprop=\"breadcrumb\"><span><span><a href=\"https:\/\/www.invisibletranslation.com\/fr\/\">Accueil<\/a><\/span><\/span><\/div>\n<p>[\/et_pb_text][et_pb_text admin_label=\u00a0\u00bbLong Title\u00a0\u00bb _builder_version=\u00a0\u00bb4.16&Prime; background_size=\u00a0\u00bbinitial\u00a0\u00bb background_position=\u00a0\u00bbtop_left\u00a0\u00bb background_repeat=\u00a0\u00bbrepeat\u00a0\u00bb use_border_color=\u00a0\u00bboff\u00a0\u00bb global_colors_info=\u00a0\u00bb{}\u00a0\u00bb]<\/p>\n<h1><img loading=\"lazy\" decoding=\"async\" class=\"alignright size-full wp-image-1009\" src=\"\/wp-content\/uploads\/2016\/04\/pdf_icon.gif\" alt=\"PDF\" width=\"50\" height=\"50\" \/>Pourquoi choisir Traduction INVISIBLE?<\/h1>\n<p><img loading=\"lazy\" decoding=\"async\" id=\"title-top-image\" class=\"alignnone wp-image-3657 size-full\" src=\"https:\/\/www.invisibletranslation.com\/wp-content\/uploads\/2018\/10\/Why-us-FR.jpg\" alt=\"\" width=\"1200\" height=\"900\" \/><\/p>\n<p>[\/et_pb_text][et_pb_text admin_label=\u00a0\u00bbContenu\u00a0\u00bb _builder_version=\u00a0\u00bb4.17.4&Prime; text_font=\u00a0\u00bbOpen Sans||||\u00a0\u00bb text_font_size=\u00a0\u00bb16&Prime; text_line_height=\u00a0\u00bb1.8em\u00a0\u00bb background_size=\u00a0\u00bbinitial\u00a0\u00bb background_position=\u00a0\u00bbtop_left\u00a0\u00bb background_repeat=\u00a0\u00bbrepeat\u00a0\u00bb use_border_color=\u00a0\u00bboff\u00a0\u00bb border_color=\u00a0\u00bb#ffffff\u00a0\u00bb border_style=\u00a0\u00bbsolid\u00a0\u00bb global_colors_info=\u00a0\u00bb{}\u00a0\u00bb]<\/p>\n<h2>Des services linguistiques professionnels assortis d\u2019avantages bien r\u00e9els<\/h2>\n<p>\u00c0 Traduction INVISIBLE, nous sommes d\u00e9termin\u00e9s \u00e0 vous en donner plus pour votre argent.<\/p>\n<p>C\u2019est pourquoi nous avons mis en place diff\u00e9rents m\u00e9canismes qui vous permettent de r\u00e9aliser des \u00e9conomies substantielles lorsque vous faites appel \u00e0 nos comp\u00e9tences.<\/p>\n<h2>Un service confidentiel<\/h2>\n<p>Nous accordons une tr\u00e8s grande importance \u00e0 la confidentialit\u00e9.<\/p>\n<p>\u00c9tant tenus au secret professionnel au m\u00eame titre que les m\u00e9decins, les avocats et les psychologues, nos traducteurs agr\u00e9\u00e9s mettent tout en \u0153uvre pour prot\u00e9ger le caract\u00e8re confidentiel de vos documents.<\/p>\n<p>Faire confiance \u00e0 notre \u00e9quipe, c\u2019est placer vos renseignements strat\u00e9giques entre bonnes mains!<\/p>\n<h2>Des professionnels comp\u00e9tents et consciencieux<\/h2>\n<p>Nos langagiers n\u2019ont qu\u2019une seule vis\u00e9e\u00a0: la qualit\u00e9.<\/p>\n<p>S\u2019appuyant sur leur formation universitaire, nos traducteurs, r\u00e9dacteurs et r\u00e9viseurs \u2014 tous des \u00eatres humains et non des machines \u2014 comptent quelque 200 ans d\u2019exp\u00e9rience combin\u00e9e.<\/p>\n<p>Nul doute que notre \u00e9quipe a d\u00e9j\u00e0 vu neiger.<\/p>\n<p>Petit mandat? Gros projet?<\/p>\n<p>Il n\u2019y a rien \u00e0 notre \u00e9preuve!<\/p>\n<h2>Vos contraintes, notre capacit\u00e9 d\u2019adaptation<\/h2>\n<p>Nous sommes \u00e0 l\u2019\u00e9coute des besoins de nos clients et nous comprenons votre r\u00e9alit\u00e9.<\/p>\n<p>C\u2019est pourquoi nous vous offrons un service \u00e0 la client\u00e8le in\u00e9gal\u00e9.<\/p>\n<p>Nous pouvons notamment\u00a0:<\/p>\n<ul>\n<li>ex\u00e9cuter vos mandats rapidement \u2014 sans pour autant en compromettre la qualit\u00e9;<\/li>\n<li>vous rendre notre travail le jour m\u00eame, dans la mesure du possible;<\/li>\n<li>facturer nos honoraires sur une base hebdomadaire, bimensuelle ou mensuelle;<\/li>\n<li>vous laisser choisir la devise de facturation\u00a0: $ CA ou $ US;<\/li>\n<li>nous adapter aux formats de fichiers \u00e9lectroniques que votre entreprise utilise.<\/li>\n<\/ul>\n<h2>Des tarifs concurrentiels, adapt\u00e9s \u00e0 votre r\u00e9alit\u00e9<\/h2>\n<p>La qualit\u00e9 a un prix, mais votre budget a tout de m\u00eame ses limites.<\/p>\n<p>Vous n\u2019aimez pas les frais cach\u00e9s et les mauvaises surprises?<\/p>\n<p>Nous non plus!<\/p>\n<p>C\u2019est pourquoi nous vous proposons\u00a0:<\/p>\n<ul>\n<li>des tarifs flexibles et personnalis\u00e9s, ainsi que des \u00e9conomies d\u2019\u00e9chelle;<\/li>\n<li>un escompte sur ventes de deux pour cent (2\u00a0%) applicable sur le co\u00fbt des prochains travaux, si le solde de votre compte est acquitt\u00e9 dans un d\u00e9lai de dix (10) jours.<\/li>\n<\/ul>\n<p>Nous offrons aussi une remise de 3\u00a0%\u00a0:<\/p>\n<ul>\n<li>aux \u00e9tudiants;<\/li>\n<li>aux organismes \u00e0 but non lucratif inscrits au <a href=\"http:\/\/www.registreentreprises.gouv.qc.ca\/fr\/default.aspx\" target=\"_blank\" rel=\"noopener noreferrer\">Registre des entreprises du Qu\u00e9bec<\/a>;<\/li>\n<li>aux organismes de bienfaisance enregistr\u00e9s aupr\u00e8s de l\u2019<a href=\"https:\/\/www.canada.ca\/en\/revenue-agency\/cra-canada.html\" target=\"_blank\" rel=\"noopener noreferrer\">Agence du revenu du Canada<\/a>;<\/li>\n<li>aux membres du <a href=\"https:\/\/www.rcen.ca\/fr\/home\" target=\"_blank\" rel=\"noopener noreferrer\">R\u00e9seau canadien de l\u2019environnement<\/a>.<\/li>\n<\/ul>\n<h2>Vous en voulez encore plus?<\/h2>\n<p>\u00c9tant votre partenaire de confiance, nous d\u00e9sirons contribuer \u00e0 votre r\u00e9ussite.<\/p>\n<p>Comment tirer le meilleur parti de chaque dollar investi?<\/p>\n<p>En obtenant un service \u00e0 valeur ajout\u00e9e \u2014 sans payer plus!<\/p>\n<ul>\n<li>Nous vous signalons sans frais les coquilles et autres faiblesses que nous rep\u00e9rons dans les textes que nous traduisons;<\/li>\n<li>Nous \u00e9mettons au besoin des commentaires pour vous proposer des modifications ou des pistes de r\u00e9flexion.<\/li>\n<\/ul>\n<p>Et \u00e7a ne s\u2019arr\u00eate pas l\u00e0!<\/p>\n<p>Vous devez prendre une d\u00e9cision de nature linguistique, mais le doute et l\u2019h\u00e9sitation persistent?<\/p>\n<p>Laissez-nous \u00e9liminer l\u2019incertitude en vous apportant notre avis professionnel et en posant un regard ext\u00e9rieur sur la question.<\/p>\n<p>Pour optimiser l\u2019efficacit\u00e9 des \u00e9changes, nous vous assignons un gestionnaire de projet qui devient la personne-ressource r\u00e9pondant \u00e0 toutes vos demandes.<\/p>\n<p>Bref, nous d\u00e9ployons tous les efforts n\u00e9cessaires pour permettre \u00e0 votre entreprise de rayonner sur la sc\u00e8ne locale, nationale et internationale.<\/p>\n<h2>Les services dont vous avez besoin, regroup\u00e9s sous un m\u00eame toit<\/h2>\n<p>Traduction INVISIBLE vous offre une gamme compl\u00e8te de services linguistiques professionnels\u00a0:<\/p>\n<ul>\n<li>adaptation publicitaire;<\/li>\n<li>correction d\u2019\u00e9preuves;<\/li>\n<li>r\u00e9daction;<\/li>\n<li>r\u00e9vision bilingue;<\/li>\n<li>r\u00e9vision unilingue;<\/li>\n<li>traduction g\u00e9n\u00e9rale et sp\u00e9cialis\u00e9e.<\/li>\n<\/ul>\n<p>Apprenez-en plus en consultant <a href=\"https:\/\/www.invisibletranslation.com\/fr\/services\/\">cette page<\/a>!<\/p>\n<h2>Vous voulez aller plus loin?<\/h2>\n<p>Mettez nos comp\u00e9tences \u00e0 l\u2019\u00e9preuve!<\/p>\n<p><a href=\"tel:18334366331\">T\u00e9l\u00e9phonez-nous<\/a> sans tarder pour nous faire part de vos besoins!<\/p>\n<p>En fonction de vos exigences et de vos objectifs, nous pourrions traduire sans frais un court texte afin que vous puissiez constater par vous-m\u00eame la qualit\u00e9 de notre travail!<\/p>\n<p>Choisir Traduction INVISIBLE, \u00e7a se traduit en r\u00e9sultats tangibles!<\/p>\n<p>[\/et_pb_text][\/et_pb_column][et_pb_column type=\u00a0\u00bb1_3&Prime; _builder_version=\u00a0\u00bb4.16&Prime; custom_padding=\u00a0\u00bb|||\u00a0\u00bb global_colors_info=\u00a0\u00bb{}\u00a0\u00bb custom_padding__hover=\u00a0\u00bb|||\u00a0\u00bb][et_pb_sidebar orientation=\u00a0\u00bbright\u00a0\u00bb area=\u00a0\u00bbsidebar-1&Prime; _builder_version=\u00a0\u00bb4.16&Prime; remove_border=\u00a0\u00bboff\u00a0\u00bb global_colors_info=\u00a0\u00bb{}\u00a0\u00bb][\/et_pb_sidebar][\/et_pb_column][\/et_pb_row][\/et_pb_section]<\/p>\n","protected":false},"excerpt":{"rendered":"<p>Des services linguistiques professionnels assortis d\u2019avantages bien r\u00e9els. \u00c0 Traduction INVISIBLE, nous sommes d\u00e9termin\u00e9s \u00e0 vous en donner plus pour votre argent. C\u2019est pourquoi nous avons mis en place diff\u00e9rents m\u00e9canismes qui vous permettent de r\u00e9aliser des \u00e9conomies substantielles lorsque vous faites appel \u00e0 nos comp\u00e9tences&#8230;<\/p>\n","protected":false},"author":3,"featured_media":0,"parent":1364,"menu_order":0,"comment_status":"closed","ping_status":"closed","template":"","meta":{"_et_pb_use_builder":"on","_et_pb_old_content":"","_et_gb_content_width":"","footnotes":""},"categories":[],"tags":[],"class_list":["post-1708","page","type-page","status-publish","hentry"],"yoast_head":"<!-- This site is optimized with the Yoast SEO plugin v25.0 - https:\/\/yoast.com\/wordpress\/plugins\/seo\/ -->\n<title>Pourquoi choisir Traduction INVISIBLE ?<\/title>\n<meta name=\"robots\" content=\"index, follow, max-snippet:-1, max-image-preview:large, max-video-preview:-1\" \/>\n<link rel=\"canonical\" href=\"https:\/\/www.invisibletranslation.com\/fr\/a-propos\/pourquoi-choisir-traduction-invisible\/\" \/>\n<meta property=\"og:locale\" content=\"fr_FR\" \/>\n<meta property=\"og:type\" content=\"article\" \/>\n<meta property=\"og:title\" content=\"Pourquoi choisir Traduction INVISIBLE ?\" \/>\n<meta property=\"og:description\" content=\"Des services linguistiques professionnels assortis d\u2019avantages bien r\u00e9els. \u00c0 Traduction INVISIBLE, nous sommes d\u00e9termin\u00e9s \u00e0 vous en donner plus pour votre argent. C\u2019est pourquoi nous avons mis en place diff\u00e9rents m\u00e9canismes qui vous permettent de r\u00e9aliser des \u00e9conomies substantielles lorsque vous faites appel \u00e0 nos comp\u00e9tences...\" \/>\n<meta property=\"og:url\" content=\"https:\/\/www.invisibletranslation.com\/fr\/a-propos\/pourquoi-choisir-traduction-invisible\/\" \/>\n<meta property=\"og:site_name\" content=\"Traduction INVISIBLE inc.\" \/>\n<meta property=\"article:modified_time\" content=\"2023-11-02T00:53:49+00:00\" \/>\n<meta property=\"og:image\" content=\"https:\/\/www.invisibletranslation.com\/wp-content\/uploads\/2018\/10\/Why-us-FR.jpg\" \/>\n\t<meta property=\"og:image:width\" content=\"1200\" \/>\n\t<meta property=\"og:image:height\" content=\"900\" \/>\n\t<meta property=\"og:image:type\" content=\"image\/jpeg\" \/>\n<meta name=\"twitter:card\" content=\"summary_large_image\" \/>\n<meta name=\"twitter:label1\" content=\"Dur\u00e9e de lecture estim\u00e9e\" \/>\n\t<meta name=\"twitter:data1\" content=\"4 minutes\" \/>\n<script type=\"application\/ld+json\" class=\"yoast-schema-graph\">{\"@context\":\"https:\/\/schema.org\",\"@graph\":[{\"@type\":\"WebPage\",\"@id\":\"https:\/\/www.invisibletranslation.com\/fr\/a-propos\/pourquoi-choisir-traduction-invisible\/\",\"url\":\"https:\/\/www.invisibletranslation.com\/fr\/a-propos\/pourquoi-choisir-traduction-invisible\/\",\"name\":\"Pourquoi choisir Traduction INVISIBLE ?\",\"isPartOf\":{\"@id\":\"https:\/\/www.invisibletranslation.com\/fr\/#website\"},\"primaryImageOfPage\":{\"@id\":\"https:\/\/www.invisibletranslation.com\/fr\/a-propos\/pourquoi-choisir-traduction-invisible\/#primaryimage\"},\"image\":{\"@id\":\"https:\/\/www.invisibletranslation.com\/fr\/a-propos\/pourquoi-choisir-traduction-invisible\/#primaryimage\"},\"thumbnailUrl\":\"https:\/\/www.invisibletranslation.com\/wp-content\/uploads\/2018\/10\/Why-us-FR.jpg\",\"datePublished\":\"2016-10-12T16:32:15+00:00\",\"dateModified\":\"2023-11-02T00:53:49+00:00\",\"breadcrumb\":{\"@id\":\"https:\/\/www.invisibletranslation.com\/fr\/a-propos\/pourquoi-choisir-traduction-invisible\/#breadcrumb\"},\"inLanguage\":\"fr-FR\",\"potentialAction\":[{\"@type\":\"ReadAction\",\"target\":[\"https:\/\/www.invisibletranslation.com\/fr\/a-propos\/pourquoi-choisir-traduction-invisible\/\"]}]},{\"@type\":\"ImageObject\",\"inLanguage\":\"fr-FR\",\"@id\":\"https:\/\/www.invisibletranslation.com\/fr\/a-propos\/pourquoi-choisir-traduction-invisible\/#primaryimage\",\"url\":\"https:\/\/www.invisibletranslation.com\/wp-content\/uploads\/2018\/10\/Why-us-FR.jpg\",\"contentUrl\":\"https:\/\/www.invisibletranslation.com\/wp-content\/uploads\/2018\/10\/Why-us-FR.jpg\"},{\"@type\":\"BreadcrumbList\",\"@id\":\"https:\/\/www.invisibletranslation.com\/fr\/a-propos\/pourquoi-choisir-traduction-invisible\/#breadcrumb\",\"itemListElement\":[{\"@type\":\"ListItem\",\"position\":1,\"name\":\"Accueil\",\"item\":\"https:\/\/www.invisibletranslation.com\/fr\/\"},{\"@type\":\"ListItem\",\"position\":2,\"name\":\"\u00c0 propos\",\"item\":\"https:\/\/www.invisibletranslation.com\/fr\/a-propos\/\"},{\"@type\":\"ListItem\",\"position\":3,\"name\":\"Pourquoi nous?\"}]},{\"@type\":\"WebSite\",\"@id\":\"https:\/\/www.invisibletranslation.com\/fr\/#website\",\"url\":\"https:\/\/www.invisibletranslation.com\/fr\/\",\"name\":\"Traduction INVISIBLE inc.\",\"description\":\"Translators &amp; Communications Consultants\",\"potentialAction\":[{\"@type\":\"SearchAction\",\"target\":{\"@type\":\"EntryPoint\",\"urlTemplate\":\"https:\/\/www.invisibletranslation.com\/fr\/?s={search_term_string}\"},\"query-input\":{\"@type\":\"PropertyValueSpecification\",\"valueRequired\":true,\"valueName\":\"search_term_string\"}}],\"inLanguage\":\"fr-FR\"}]}<\/script>\n<!-- \/ Yoast SEO plugin. -->","yoast_head_json":{"title":"Pourquoi choisir Traduction INVISIBLE ?","robots":{"index":"index","follow":"follow","max-snippet":"max-snippet:-1","max-image-preview":"max-image-preview:large","max-video-preview":"max-video-preview:-1"},"canonical":"https:\/\/www.invisibletranslation.com\/fr\/a-propos\/pourquoi-choisir-traduction-invisible\/","og_locale":"fr_FR","og_type":"article","og_title":"Pourquoi choisir Traduction INVISIBLE ?","og_description":"Des services linguistiques professionnels assortis d\u2019avantages bien r\u00e9els. \u00c0 Traduction INVISIBLE, nous sommes d\u00e9termin\u00e9s \u00e0 vous en donner plus pour votre argent. C\u2019est pourquoi nous avons mis en place diff\u00e9rents m\u00e9canismes qui vous permettent de r\u00e9aliser des \u00e9conomies substantielles lorsque vous faites appel \u00e0 nos comp\u00e9tences...","og_url":"https:\/\/www.invisibletranslation.com\/fr\/a-propos\/pourquoi-choisir-traduction-invisible\/","og_site_name":"Traduction INVISIBLE inc.","article_modified_time":"2023-11-02T00:53:49+00:00","og_image":[{"width":1200,"height":900,"url":"https:\/\/www.invisibletranslation.com\/wp-content\/uploads\/2018\/10\/Why-us-FR.jpg","type":"image\/jpeg"}],"twitter_card":"summary_large_image","twitter_misc":{"Dur\u00e9e de lecture estim\u00e9e":"4 minutes"},"schema":{"@context":"https:\/\/schema.org","@graph":[{"@type":"WebPage","@id":"https:\/\/www.invisibletranslation.com\/fr\/a-propos\/pourquoi-choisir-traduction-invisible\/","url":"https:\/\/www.invisibletranslation.com\/fr\/a-propos\/pourquoi-choisir-traduction-invisible\/","name":"Pourquoi choisir Traduction INVISIBLE ?","isPartOf":{"@id":"https:\/\/www.invisibletranslation.com\/fr\/#website"},"primaryImageOfPage":{"@id":"https:\/\/www.invisibletranslation.com\/fr\/a-propos\/pourquoi-choisir-traduction-invisible\/#primaryimage"},"image":{"@id":"https:\/\/www.invisibletranslation.com\/fr\/a-propos\/pourquoi-choisir-traduction-invisible\/#primaryimage"},"thumbnailUrl":"https:\/\/www.invisibletranslation.com\/wp-content\/uploads\/2018\/10\/Why-us-FR.jpg","datePublished":"2016-10-12T16:32:15+00:00","dateModified":"2023-11-02T00:53:49+00:00","breadcrumb":{"@id":"https:\/\/www.invisibletranslation.com\/fr\/a-propos\/pourquoi-choisir-traduction-invisible\/#breadcrumb"},"inLanguage":"fr-FR","potentialAction":[{"@type":"ReadAction","target":["https:\/\/www.invisibletranslation.com\/fr\/a-propos\/pourquoi-choisir-traduction-invisible\/"]}]},{"@type":"ImageObject","inLanguage":"fr-FR","@id":"https:\/\/www.invisibletranslation.com\/fr\/a-propos\/pourquoi-choisir-traduction-invisible\/#primaryimage","url":"https:\/\/www.invisibletranslation.com\/wp-content\/uploads\/2018\/10\/Why-us-FR.jpg","contentUrl":"https:\/\/www.invisibletranslation.com\/wp-content\/uploads\/2018\/10\/Why-us-FR.jpg"},{"@type":"BreadcrumbList","@id":"https:\/\/www.invisibletranslation.com\/fr\/a-propos\/pourquoi-choisir-traduction-invisible\/#breadcrumb","itemListElement":[{"@type":"ListItem","position":1,"name":"Accueil","item":"https:\/\/www.invisibletranslation.com\/fr\/"},{"@type":"ListItem","position":2,"name":"\u00c0 propos","item":"https:\/\/www.invisibletranslation.com\/fr\/a-propos\/"},{"@type":"ListItem","position":3,"name":"Pourquoi nous?"}]},{"@type":"WebSite","@id":"https:\/\/www.invisibletranslation.com\/fr\/#website","url":"https:\/\/www.invisibletranslation.com\/fr\/","name":"Traduction INVISIBLE inc.","description":"Translators &amp; Communications Consultants","potentialAction":[{"@type":"SearchAction","target":{"@type":"EntryPoint","urlTemplate":"https:\/\/www.invisibletranslation.com\/fr\/?s={search_term_string}"},"query-input":{"@type":"PropertyValueSpecification","valueRequired":true,"valueName":"search_term_string"}}],"inLanguage":"fr-FR"}]}},"_links":{"self":[{"href":"https:\/\/www.invisibletranslation.com\/fr\/wp-json\/wp\/v2\/pages\/1708","targetHints":{"allow":["GET"]}}],"collection":[{"href":"https:\/\/www.invisibletranslation.com\/fr\/wp-json\/wp\/v2\/pages"}],"about":[{"href":"https:\/\/www.invisibletranslation.com\/fr\/wp-json\/wp\/v2\/types\/page"}],"author":[{"embeddable":true,"href":"https:\/\/www.invisibletranslation.com\/fr\/wp-json\/wp\/v2\/users\/3"}],"replies":[{"embeddable":true,"href":"https:\/\/www.invisibletranslation.com\/fr\/wp-json\/wp\/v2\/comments?post=1708"}],"version-history":[{"count":0,"href":"https:\/\/www.invisibletranslation.com\/fr\/wp-json\/wp\/v2\/pages\/1708\/revisions"}],"up":[{"embeddable":true,"href":"https:\/\/www.invisibletranslation.com\/fr\/wp-json\/wp\/v2\/pages\/1364"}],"wp:attachment":[{"href":"https:\/\/www.invisibletranslation.com\/fr\/wp-json\/wp\/v2\/media?parent=1708"}],"wp:term":[{"taxonomy":"category","embeddable":true,"href":"https:\/\/www.invisibletranslation.com\/fr\/wp-json\/wp\/v2\/categories?post=1708"},{"taxonomy":"post_tag","embeddable":true,"href":"https:\/\/www.invisibletranslation.com\/fr\/wp-json\/wp\/v2\/tags?post=1708"}],"curies":[{"name":"wp","href":"https:\/\/api.w.org\/{rel}","templated":true}]}}