{"id":1467,"date":"2016-05-01T16:15:54","date_gmt":"2016-05-01T20:15:54","guid":{"rendered":"http:\/\/www.iestrie.com\/fr\/?page_id=1467"},"modified":"2019-04-14T17:04:03","modified_gmt":"2019-04-14T21:04:03","slug":"notre-service","status":"publish","type":"page","link":"https:\/\/www.invisibletranslation.com\/fr\/faq\/notre-service\/","title":{"rendered":"Notre service"},"content":{"rendered":"<p>[et_pb_section bb_built=\u00a0\u00bb1&Prime; admin_label=\u00a0\u00bbsection\u00a0\u00bb transparent_background=\u00a0\u00bboff\u00a0\u00bb allow_player_pause=\u00a0\u00bboff\u00a0\u00bb inner_shadow=\u00a0\u00bboff\u00a0\u00bb parallax=\u00a0\u00bboff\u00a0\u00bb parallax_method=\u00a0\u00bboff\u00a0\u00bb padding_mobile=\u00a0\u00bboff\u00a0\u00bb module_id=\u00a0\u00bbcontent-zone\u00a0\u00bb make_fullwidth=\u00a0\u00bboff\u00a0\u00bb use_custom_width=\u00a0\u00bboff\u00a0\u00bb width_unit=\u00a0\u00bbon\u00a0\u00bb make_equal=\u00a0\u00bboff\u00a0\u00bb use_custom_gutter=\u00a0\u00bboff\u00a0\u00bb gutter_width=\u00a0\u00bb3&Prime; custom_padding_tablet=\u00a0\u00bb50px|0|50px|0&Prime; custom_padding_last_edited=\u00a0\u00bbon|desktop\u00a0\u00bb prev_background_color=\u00a0\u00bb#000000&Prime; next_background_color=\u00a0\u00bb#000000&Prime; inner_width=\u00a0\u00bbauto\u00a0\u00bb inner_max_width=\u00a0\u00bbnone\u00a0\u00bb _builder_version=\u00a0\u00bb3.22.1&Prime;][et_pb_row admin_label=\u00a0\u00bbrow\u00a0\u00bb background_position=\u00a0\u00bbtop_left\u00a0\u00bb background_repeat=\u00a0\u00bbrepeat\u00a0\u00bb background_size=\u00a0\u00bbinitial\u00a0\u00bb width=\u00a0\u00bb80%\u00a0\u00bb max_width=\u00a0\u00bb1080px\u00a0\u00bb][et_pb_column type=\u00a0\u00bb2_3&Prime;][et_pb_text admin_label=\u00a0\u00bbBreadcrumb\u00a0\u00bb background_layout=\u00a0\u00bblight\u00a0\u00bb text_orientation=\u00a0\u00bbleft\u00a0\u00bb use_border_color=\u00a0\u00bboff\u00a0\u00bb border_color=\u00a0\u00bb#ffffff\u00a0\u00bb border_style=\u00a0\u00bbsolid\u00a0\u00bb background_position=\u00a0\u00bbtop_left\u00a0\u00bb background_repeat=\u00a0\u00bbrepeat\u00a0\u00bb background_size=\u00a0\u00bbinitial\u00a0\u00bb]<\/p>\n<div class=\"breadcrumb\" itemprop=\"breadcrumb\"><span><span><a href=\"https:\/\/www.invisibletranslation.com\/fr\/\">Accueil<\/a><\/span><\/span><\/div>\n<p>[\/et_pb_text][et_pb_text admin_label=\u00a0\u00bbLong Title\u00a0\u00bb background_layout=\u00a0\u00bblight\u00a0\u00bb text_orientation=\u00a0\u00bbleft\u00a0\u00bb use_border_color=\u00a0\u00bboff\u00a0\u00bb border_color=\u00a0\u00bb#ffffff\u00a0\u00bb border_style=\u00a0\u00bbsolid\u00a0\u00bb background_position=\u00a0\u00bbtop_left\u00a0\u00bb background_repeat=\u00a0\u00bbrepeat\u00a0\u00bb background_size=\u00a0\u00bbinitial\u00a0\u00bb]<\/p>\n<h1><img loading=\"lazy\" decoding=\"async\" class=\"alignright size-full wp-image-1009\" src=\"\/wp-content\/uploads\/2016\/04\/pdf_icon.gif\" alt=\"PDF\" width=\"50\" height=\"50\" \/>Un prestigieux cabinet de traduction situ\u00e9 pr\u00e8s de Montr\u00e9al, au Canada<\/h1>\n<p><img loading=\"lazy\" decoding=\"async\" id=\"title-top-image\" class=\"alignnone size-large wp-image-3417\" src=\"https:\/\/www.invisibletranslation.com\/wp-content\/uploads\/2016\/05\/FAQ-Services-FR-1024x768.jpg\" alt=\"Cabinet de traduction situ\u00e9 pr\u00e8s de Montr\u00e9al\" width=\"1024\" height=\"768\" \/><\/p>\n<p>[\/et_pb_text][et_pb_text admin_label=\u00a0\u00bbContenu\u00a0\u00bb background_layout=\u00a0\u00bblight\u00a0\u00bb text_orientation=\u00a0\u00bbleft\u00a0\u00bb text_font_size=\u00a0\u00bb16&Prime; use_border_color=\u00a0\u00bboff\u00a0\u00bb border_color=\u00a0\u00bb#ffffff\u00a0\u00bb border_style=\u00a0\u00bbsolid\u00a0\u00bb text_font=\u00a0\u00bbOpen Sans||||\u00a0\u00bb text_line_height=\u00a0\u00bb1.8em\u00a0\u00bb background_position=\u00a0\u00bbtop_left\u00a0\u00bb background_repeat=\u00a0\u00bbrepeat\u00a0\u00bb background_size=\u00a0\u00bbinitial\u00a0\u00bb]<\/p>\n<h2>Mus\u00a0par l&rsquo;excellence<\/h2>\n<p>Notre entreprise, Traduction INVISIBLE, est un cabinet de services linguistiques professionnels situ\u00e9 pr\u00e8s de Montr\u00e9al, au Canada. Notre mission est de satisfaire les besoins de notre client\u00e8le en mati\u00e8re de traduction, d\u2019adaptation publicitaire, de r\u00e9vision linguistique unilingue, de r\u00e9vision comparative bilingue, de correction d\u2019\u00e9preuves et de r\u00e9daction. Pour arriver \u00e0 cette fin, nous nous appuyons sur le savoir-faire de traducteurs agr\u00e9\u00e9s et certifi\u00e9s, de r\u00e9viseurs, de correcteurs d&rsquo;\u00e9preuves et de r\u00e9dacteurs comp\u00e9tents, tous mus par le m\u00eame souci d\u2019excellence.<\/p>\n<p>Nous avons r\u00e9uni une \u00e9quipe de collaborateurs qualifi\u00e9s qui poss\u00e8dent des connaissances approfondies dans des domaines vari\u00e9s. Nous mettons nos comp\u00e9tences en commun afin de vous offrir des services linguistiques professionnels en fran\u00e7ais, en anglais et en espagnol.<\/p>\n<p>Nous mettons la qualit\u00e9 et l&rsquo;excellence de nos services \u00e0 votre service!<\/p>\n<p><a href=\"tel:18334366331\">Contactez-nous<\/a> sans tarder pour obtenir une <a href=\"https:\/\/www.invisibletranslation.com\/fr\/contact\/formulaire-offre-de-service\/\">offre de service gratuite<\/a>.<\/p>\n<p>[\/et_pb_text][et_pb_text admin_label=\u00a0\u00bbRelated Pages\u00a0\u00bb background_layout=\u00a0\u00bblight\u00a0\u00bb text_orientation=\u00a0\u00bbleft\u00a0\u00bb use_border_color=\u00a0\u00bboff\u00a0\u00bb border_color=\u00a0\u00bb#ffffff\u00a0\u00bb border_style=\u00a0\u00bbsolid\u00a0\u00bb background_position=\u00a0\u00bbtop_left\u00a0\u00bb background_repeat=\u00a0\u00bbrepeat\u00a0\u00bb background_size=\u00a0\u00bbinitial\u00a0\u00bb]<\/p>\n<h3>Sujets connexes :<\/h3>\n<div class='yarpp yarpp-related yarpp-related-shortcode yarpp-template-list'>\n<!-- YARPP List -->\n<ol>\n<li><a href=\"https:\/\/www.invisibletranslation.com\/fr\/faq\/\" rel=\"bookmark\" title=\"FAQ\">FAQ<\/a><\/li>\n<li><a href=\"https:\/\/www.invisibletranslation.com\/fr\/a-propos\/pourquoi-choisir-traduction-invisible\/\" rel=\"bookmark\" title=\"Pourquoi nous?\">Pourquoi nous?<\/a><\/li>\n<\/ol>\n<\/div>\n\n<p>[\/et_pb_text][\/et_pb_column][et_pb_column type=\u00a0\u00bb1_3&Prime;][et_pb_sidebar orientation=\u00a0\u00bbright\u00a0\u00bb area=\u00a0\u00bbsidebar-1&Prime; background_layout=\u00a0\u00bblight\u00a0\u00bb remove_border=\u00a0\u00bboff\u00a0\u00bb header_font_size=\u00a0\u00bb18&Prime; body_font_size=\u00a0\u00bb14&Prime; show_border=\u00a0\u00bbon\u00a0\u00bb \/][\/et_pb_column][\/et_pb_row][\/et_pb_section]<\/p>\n","protected":false},"excerpt":{"rendered":"<p>Notre entreprise, Traduction INVISIBLE, est un cabinet de services linguistiques professionnels situ\u00e9 pr\u00e8s de Montr\u00e9al, au Canada. Notre mission est de satisfaire les besoins de notre client\u00e8le en mati\u00e8re de traduction, d\u2019adaptation publicitaire, de r\u00e9vision linguistique&#8230;<\/p>\n","protected":false},"author":3,"featured_media":0,"parent":1368,"menu_order":0,"comment_status":"closed","ping_status":"closed","template":"","meta":{"_et_pb_use_builder":"on","_et_pb_old_content":"","_et_gb_content_width":"","footnotes":""},"categories":[],"tags":[],"class_list":["post-1467","page","type-page","status-publish","hentry"],"yoast_head":"<!-- This site is optimized with the Yoast SEO plugin v25.0 - https:\/\/yoast.com\/wordpress\/plugins\/seo\/ -->\n<title>Traducteurs pr\u00e8s de Montr\u00e9al | Traduction INVISIBLE inc.<\/title>\n<meta name=\"description\" content=\"Notre entreprise, Traduction INVISIBLE, est un cabinet de services linguistiques professionnels situ\u00e9 pr\u00e8s de Montr\u00e9al, au Canada.\" \/>\n<meta name=\"robots\" content=\"index, follow, max-snippet:-1, max-image-preview:large, max-video-preview:-1\" \/>\n<link rel=\"canonical\" href=\"https:\/\/www.invisibletranslation.com\/fr\/faq\/notre-service\/\" \/>\n<meta property=\"og:locale\" content=\"fr_FR\" \/>\n<meta property=\"og:type\" content=\"article\" \/>\n<meta property=\"og:title\" content=\"Traducteurs pr\u00e8s de Montr\u00e9al | Traduction INVISIBLE inc.\" \/>\n<meta property=\"og:description\" content=\"Notre entreprise, Traduction INVISIBLE, est un cabinet de services linguistiques professionnels situ\u00e9 pr\u00e8s de Montr\u00e9al, au Canada.\" \/>\n<meta property=\"og:url\" content=\"https:\/\/www.invisibletranslation.com\/fr\/faq\/notre-service\/\" \/>\n<meta property=\"og:site_name\" content=\"Traduction INVISIBLE inc.\" \/>\n<meta property=\"article:modified_time\" content=\"2019-04-14T21:04:03+00:00\" \/>\n<meta property=\"og:image\" content=\"https:\/\/www.invisibletranslation.com\/wp-content\/uploads\/2016\/04\/pdf_icon.gif\" \/>\n<meta name=\"twitter:card\" content=\"summary_large_image\" \/>\n<meta name=\"twitter:label1\" content=\"Dur\u00e9e de lecture estim\u00e9e\" \/>\n\t<meta name=\"twitter:data1\" content=\"2 minutes\" \/>\n<script type=\"application\/ld+json\" class=\"yoast-schema-graph\">{\"@context\":\"https:\/\/schema.org\",\"@graph\":[{\"@type\":\"WebPage\",\"@id\":\"https:\/\/www.invisibletranslation.com\/fr\/faq\/notre-service\/\",\"url\":\"https:\/\/www.invisibletranslation.com\/fr\/faq\/notre-service\/\",\"name\":\"Traducteurs pr\u00e8s de Montr\u00e9al | Traduction INVISIBLE inc.\",\"isPartOf\":{\"@id\":\"https:\/\/www.invisibletranslation.com\/fr\/#website\"},\"primaryImageOfPage\":{\"@id\":\"https:\/\/www.invisibletranslation.com\/fr\/faq\/notre-service\/#primaryimage\"},\"image\":{\"@id\":\"https:\/\/www.invisibletranslation.com\/fr\/faq\/notre-service\/#primaryimage\"},\"thumbnailUrl\":\"https:\/\/www.invisibletranslation.com\/wp-content\/uploads\/2016\/05\/FAQ-Services-FR-1024x768.jpg\",\"datePublished\":\"2016-05-01T20:15:54+00:00\",\"dateModified\":\"2019-04-14T21:04:03+00:00\",\"description\":\"Notre entreprise, Traduction INVISIBLE, est un cabinet de services linguistiques professionnels situ\u00e9 pr\u00e8s de Montr\u00e9al, au Canada.\",\"breadcrumb\":{\"@id\":\"https:\/\/www.invisibletranslation.com\/fr\/faq\/notre-service\/#breadcrumb\"},\"inLanguage\":\"fr-FR\",\"potentialAction\":[{\"@type\":\"ReadAction\",\"target\":[\"https:\/\/www.invisibletranslation.com\/fr\/faq\/notre-service\/\"]}]},{\"@type\":\"ImageObject\",\"inLanguage\":\"fr-FR\",\"@id\":\"https:\/\/www.invisibletranslation.com\/fr\/faq\/notre-service\/#primaryimage\",\"url\":\"https:\/\/www.invisibletranslation.com\/wp-content\/uploads\/2016\/05\/FAQ-Services-FR-1024x768.jpg\",\"contentUrl\":\"https:\/\/www.invisibletranslation.com\/wp-content\/uploads\/2016\/05\/FAQ-Services-FR-1024x768.jpg\"},{\"@type\":\"BreadcrumbList\",\"@id\":\"https:\/\/www.invisibletranslation.com\/fr\/faq\/notre-service\/#breadcrumb\",\"itemListElement\":[{\"@type\":\"ListItem\",\"position\":1,\"name\":\"Accueil\",\"item\":\"https:\/\/www.invisibletranslation.com\/fr\/\"},{\"@type\":\"ListItem\",\"position\":2,\"name\":\"FAQ\",\"item\":\"https:\/\/www.invisibletranslation.com\/fr\/faq\/\"},{\"@type\":\"ListItem\",\"position\":3,\"name\":\"Notre service\"}]},{\"@type\":\"WebSite\",\"@id\":\"https:\/\/www.invisibletranslation.com\/fr\/#website\",\"url\":\"https:\/\/www.invisibletranslation.com\/fr\/\",\"name\":\"Traduction INVISIBLE inc.\",\"description\":\"Translators &amp; Communications Consultants\",\"potentialAction\":[{\"@type\":\"SearchAction\",\"target\":{\"@type\":\"EntryPoint\",\"urlTemplate\":\"https:\/\/www.invisibletranslation.com\/fr\/?s={search_term_string}\"},\"query-input\":{\"@type\":\"PropertyValueSpecification\",\"valueRequired\":true,\"valueName\":\"search_term_string\"}}],\"inLanguage\":\"fr-FR\"}]}<\/script>\n<!-- \/ Yoast SEO plugin. -->","yoast_head_json":{"title":"Traducteurs pr\u00e8s de Montr\u00e9al | Traduction INVISIBLE inc.","description":"Notre entreprise, Traduction INVISIBLE, est un cabinet de services linguistiques professionnels situ\u00e9 pr\u00e8s de Montr\u00e9al, au Canada.","robots":{"index":"index","follow":"follow","max-snippet":"max-snippet:-1","max-image-preview":"max-image-preview:large","max-video-preview":"max-video-preview:-1"},"canonical":"https:\/\/www.invisibletranslation.com\/fr\/faq\/notre-service\/","og_locale":"fr_FR","og_type":"article","og_title":"Traducteurs pr\u00e8s de Montr\u00e9al | Traduction INVISIBLE inc.","og_description":"Notre entreprise, Traduction INVISIBLE, est un cabinet de services linguistiques professionnels situ\u00e9 pr\u00e8s de Montr\u00e9al, au Canada.","og_url":"https:\/\/www.invisibletranslation.com\/fr\/faq\/notre-service\/","og_site_name":"Traduction INVISIBLE inc.","article_modified_time":"2019-04-14T21:04:03+00:00","og_image":[{"url":"https:\/\/www.invisibletranslation.com\/wp-content\/uploads\/2016\/04\/pdf_icon.gif","type":"","width":"","height":""}],"twitter_card":"summary_large_image","twitter_misc":{"Dur\u00e9e de lecture estim\u00e9e":"2 minutes"},"schema":{"@context":"https:\/\/schema.org","@graph":[{"@type":"WebPage","@id":"https:\/\/www.invisibletranslation.com\/fr\/faq\/notre-service\/","url":"https:\/\/www.invisibletranslation.com\/fr\/faq\/notre-service\/","name":"Traducteurs pr\u00e8s de Montr\u00e9al | Traduction INVISIBLE inc.","isPartOf":{"@id":"https:\/\/www.invisibletranslation.com\/fr\/#website"},"primaryImageOfPage":{"@id":"https:\/\/www.invisibletranslation.com\/fr\/faq\/notre-service\/#primaryimage"},"image":{"@id":"https:\/\/www.invisibletranslation.com\/fr\/faq\/notre-service\/#primaryimage"},"thumbnailUrl":"https:\/\/www.invisibletranslation.com\/wp-content\/uploads\/2016\/05\/FAQ-Services-FR-1024x768.jpg","datePublished":"2016-05-01T20:15:54+00:00","dateModified":"2019-04-14T21:04:03+00:00","description":"Notre entreprise, Traduction INVISIBLE, est un cabinet de services linguistiques professionnels situ\u00e9 pr\u00e8s de Montr\u00e9al, au Canada.","breadcrumb":{"@id":"https:\/\/www.invisibletranslation.com\/fr\/faq\/notre-service\/#breadcrumb"},"inLanguage":"fr-FR","potentialAction":[{"@type":"ReadAction","target":["https:\/\/www.invisibletranslation.com\/fr\/faq\/notre-service\/"]}]},{"@type":"ImageObject","inLanguage":"fr-FR","@id":"https:\/\/www.invisibletranslation.com\/fr\/faq\/notre-service\/#primaryimage","url":"https:\/\/www.invisibletranslation.com\/wp-content\/uploads\/2016\/05\/FAQ-Services-FR-1024x768.jpg","contentUrl":"https:\/\/www.invisibletranslation.com\/wp-content\/uploads\/2016\/05\/FAQ-Services-FR-1024x768.jpg"},{"@type":"BreadcrumbList","@id":"https:\/\/www.invisibletranslation.com\/fr\/faq\/notre-service\/#breadcrumb","itemListElement":[{"@type":"ListItem","position":1,"name":"Accueil","item":"https:\/\/www.invisibletranslation.com\/fr\/"},{"@type":"ListItem","position":2,"name":"FAQ","item":"https:\/\/www.invisibletranslation.com\/fr\/faq\/"},{"@type":"ListItem","position":3,"name":"Notre service"}]},{"@type":"WebSite","@id":"https:\/\/www.invisibletranslation.com\/fr\/#website","url":"https:\/\/www.invisibletranslation.com\/fr\/","name":"Traduction INVISIBLE inc.","description":"Translators &amp; Communications Consultants","potentialAction":[{"@type":"SearchAction","target":{"@type":"EntryPoint","urlTemplate":"https:\/\/www.invisibletranslation.com\/fr\/?s={search_term_string}"},"query-input":{"@type":"PropertyValueSpecification","valueRequired":true,"valueName":"search_term_string"}}],"inLanguage":"fr-FR"}]}},"_links":{"self":[{"href":"https:\/\/www.invisibletranslation.com\/fr\/wp-json\/wp\/v2\/pages\/1467","targetHints":{"allow":["GET"]}}],"collection":[{"href":"https:\/\/www.invisibletranslation.com\/fr\/wp-json\/wp\/v2\/pages"}],"about":[{"href":"https:\/\/www.invisibletranslation.com\/fr\/wp-json\/wp\/v2\/types\/page"}],"author":[{"embeddable":true,"href":"https:\/\/www.invisibletranslation.com\/fr\/wp-json\/wp\/v2\/users\/3"}],"replies":[{"embeddable":true,"href":"https:\/\/www.invisibletranslation.com\/fr\/wp-json\/wp\/v2\/comments?post=1467"}],"version-history":[{"count":0,"href":"https:\/\/www.invisibletranslation.com\/fr\/wp-json\/wp\/v2\/pages\/1467\/revisions"}],"up":[{"embeddable":true,"href":"https:\/\/www.invisibletranslation.com\/fr\/wp-json\/wp\/v2\/pages\/1368"}],"wp:attachment":[{"href":"https:\/\/www.invisibletranslation.com\/fr\/wp-json\/wp\/v2\/media?parent=1467"}],"wp:term":[{"taxonomy":"category","embeddable":true,"href":"https:\/\/www.invisibletranslation.com\/fr\/wp-json\/wp\/v2\/categories?post=1467"},{"taxonomy":"post_tag","embeddable":true,"href":"https:\/\/www.invisibletranslation.com\/fr\/wp-json\/wp\/v2\/tags?post=1467"}],"curies":[{"name":"wp","href":"https:\/\/api.w.org\/{rel}","templated":true}]}}