{"id":1454,"date":"2016-05-01T15:13:29","date_gmt":"2016-05-01T19:13:29","guid":{"rendered":"http:\/\/www.iestrie.com\/fr\/?page_id=1454"},"modified":"2019-04-14T16:57:47","modified_gmt":"2019-04-14T20:57:47","slug":"controle-de-la-qualite","status":"publish","type":"page","link":"https:\/\/www.invisibletranslation.com\/fr\/faq\/controle-de-la-qualite\/","title":{"rendered":"Contr\u00f4le de la qualit\u00e9"},"content":{"rendered":"<p>[et_pb_section bb_built=\u00a0\u00bb1&Prime; admin_label=\u00a0\u00bbsection\u00a0\u00bb transparent_background=\u00a0\u00bboff\u00a0\u00bb allow_player_pause=\u00a0\u00bboff\u00a0\u00bb inner_shadow=\u00a0\u00bboff\u00a0\u00bb parallax=\u00a0\u00bboff\u00a0\u00bb parallax_method=\u00a0\u00bboff\u00a0\u00bb padding_mobile=\u00a0\u00bboff\u00a0\u00bb module_id=\u00a0\u00bbcontent-zone\u00a0\u00bb make_fullwidth=\u00a0\u00bboff\u00a0\u00bb use_custom_width=\u00a0\u00bboff\u00a0\u00bb width_unit=\u00a0\u00bbon\u00a0\u00bb make_equal=\u00a0\u00bboff\u00a0\u00bb use_custom_gutter=\u00a0\u00bboff\u00a0\u00bb gutter_width=\u00a0\u00bb3&Prime; custom_padding_tablet=\u00a0\u00bb50px|0|50px|0&Prime; custom_padding_last_edited=\u00a0\u00bbon|desktop\u00a0\u00bb prev_background_color=\u00a0\u00bb#000000&Prime; next_background_color=\u00a0\u00bb#000000&Prime; inner_width=\u00a0\u00bbauto\u00a0\u00bb inner_max_width=\u00a0\u00bbnone\u00a0\u00bb][et_pb_row admin_label=\u00a0\u00bbrow\u00a0\u00bb background_position=\u00a0\u00bbtop_left\u00a0\u00bb background_repeat=\u00a0\u00bbrepeat\u00a0\u00bb background_size=\u00a0\u00bbinitial\u00a0\u00bb width=\u00a0\u00bb80%\u00a0\u00bb max_width=\u00a0\u00bb1080px\u00a0\u00bb][et_pb_column type=\u00a0\u00bb2_3&Prime;][et_pb_text admin_label=\u00a0\u00bbBreadcrumb\u00a0\u00bb background_layout=\u00a0\u00bblight\u00a0\u00bb text_orientation=\u00a0\u00bbleft\u00a0\u00bb use_border_color=\u00a0\u00bboff\u00a0\u00bb border_color=\u00a0\u00bb#ffffff\u00a0\u00bb border_style=\u00a0\u00bbsolid\u00a0\u00bb background_position=\u00a0\u00bbtop_left\u00a0\u00bb background_repeat=\u00a0\u00bbrepeat\u00a0\u00bb background_size=\u00a0\u00bbinitial\u00a0\u00bb]<\/p>\n<div class=\"breadcrumb\" itemprop=\"breadcrumb\"><span><span><a href=\"https:\/\/www.invisibletranslation.com\/fr\/\">Accueil<\/a><\/span><\/span><\/div>\n<p>[\/et_pb_text][et_pb_text admin_label=\u00a0\u00bbLong Title\u00a0\u00bb background_layout=\u00a0\u00bblight\u00a0\u00bb text_orientation=\u00a0\u00bbleft\u00a0\u00bb use_border_color=\u00a0\u00bboff\u00a0\u00bb border_color=\u00a0\u00bb#ffffff\u00a0\u00bb border_style=\u00a0\u00bbsolid\u00a0\u00bb background_position=\u00a0\u00bbtop_left\u00a0\u00bb background_repeat=\u00a0\u00bbrepeat\u00a0\u00bb background_size=\u00a0\u00bbinitial\u00a0\u00bb]<\/p>\n<h1><img loading=\"lazy\" decoding=\"async\" class=\"alignright size-full wp-image-1009\" src=\"\/wp-content\/uploads\/2016\/04\/pdf_icon.gif\" alt=\"PDF\" width=\"50\" height=\"50\" \/>Un contr\u00f4le rigoureux de la qualit\u00e9<\/h1>\n<p><img loading=\"lazy\" decoding=\"async\" id=\"title-top-image\" class=\"alignnone size-large wp-image-3450\" src=\"https:\/\/www.invisibletranslation.com\/wp-content\/uploads\/2016\/05\/Quality-FR-1024x768.jpg\" alt=\"Contr\u00f4le de la qualit\u00e9\" width=\"1024\" height=\"768\" \/><\/p>\n<p>[\/et_pb_text][et_pb_text admin_label=\u00a0\u00bbContenu\u00a0\u00bb background_layout=\u00a0\u00bblight\u00a0\u00bb text_orientation=\u00a0\u00bbleft\u00a0\u00bb text_font_size=\u00a0\u00bb16&Prime; use_border_color=\u00a0\u00bboff\u00a0\u00bb border_color=\u00a0\u00bb#ffffff\u00a0\u00bb border_style=\u00a0\u00bbsolid\u00a0\u00bb text_font=\u00a0\u00bbOpen Sans||||\u00a0\u00bb text_line_height=\u00a0\u00bb1.8em\u00a0\u00bb background_position=\u00a0\u00bbtop_left\u00a0\u00bb background_repeat=\u00a0\u00bbrepeat\u00a0\u00bb background_size=\u00a0\u00bbinitial\u00a0\u00bb]<\/p>\n<h2>La traduction en pleine mutation<\/h2>\n<p>Le secteur des services linguistiques a connu un essor fulgurant depuis quelque 20\u00a0ans et la relation client-fournisseur s\u2019en est trouv\u00e9e profond\u00e9ment boulevers\u00e9e. De v\u00e9ritables \u00ab usines \u00e0 mots \u00bb ont vu le jour dans le but de traduire tous les types de documents possibles, \u00e9manant de tous les domaines de sp\u00e9cialit\u00e9 existants, \u00e0 l\u2019int\u00e9rieur de d\u00e9lais extr\u00eamement courts et \u00e0 un tarif si faible, qu\u2019il y a lieu de se demander ce qu\u2019il advient alors de la qualit\u00e9 du produit.<\/p>\n<p>Pour demeurer concurrentiels, certains fournisseurs de services langagiers n\u2019h\u00e9sitent pas \u00e0 faire fi des d\u00e9tails et \u00e0 n\u00e9gliger les \u00e9tapes indispensables du contr\u00f4le de la qualit\u00e9\u00a0: la r\u00e9vision linguistique, la r\u00e9vision comparative et la correction d\u2019\u00e9preuves. Pis encore, la tendance actuelle consiste \u00e0 faire appel \u00e0 des logiciels pour automatiser la traduction des textes et \u00e0 d\u00e9l\u00e9guer \u00e0 un \u00eatre humain la r\u00e9vision du travail fait par la machine. Notre \u00e9quipe a donc choisi, dans une telle conjoncture, de se d\u00e9marquer des autres en mettant l\u2019accent sur un travail de qualit\u00e9.<\/p>\n<h2>De la qualit\u00e9, un point c\u2019est tout<\/h2>\n<p>\u00c0\u00a0Traduction INVISIBLE, nous savons que la r\u00e9putation professionnelle de nos clients, et la n\u00f4tre par le fait m\u00eame, d\u00e9pend de la qualit\u00e9 du travail que nous livrons. C\u2019est pourquoi nous mettons \u00e0 votre service des ressources humaines\u00a0: des langagiers professionnels, exp\u00e9riment\u00e9s et comp\u00e9tents. C\u2019est d\u2019ailleurs le professionnalisme de nos traducteurs, r\u00e9viseurs, correcteurs d\u2019\u00e9preuves et r\u00e9dacteurs qui constitue la pierre angulaire de notre d\u00e9marche d\u2019assurance de la qualit\u00e9.<\/p>\n<p>Nous avons mis en place un rigoureux processus de contr\u00f4le de la qualit\u00e9 pour avoir l\u2019assurance que les documents traduits, r\u00e9vis\u00e9s, corrig\u00e9s et r\u00e9dig\u00e9s que nous livrons \u00e0 nos clients r\u00e9pondent aux normes de qualit\u00e9 les plus \u00e9lev\u00e9es.<\/p>\n<h2>Le processus de contr\u00f4le de la qualit\u00e9 \u00e0 Traduction INVISIBLE<\/h2>\n<p>En effet, tous les mandats de traduction, d\u2019adaptation publicitaire, de r\u00e9vision, de correction d\u2019\u00e9preuves et de r\u00e9daction qui nous sont confi\u00e9s sont r\u00e9alis\u00e9s par un langagier professionnel qui d\u00e9tient un dipl\u00f4me d\u2019\u00e9tudes universitaires en lien direct avec ses fonctions. La grande majorit\u00e9 de nos traducteurs sont membres de l\u2019Ordre des traducteurs, terminologues et interpr\u00e8tes agr\u00e9\u00e9s du Qu\u00e9bec (OTTIAQ), de l&rsquo;Association des traducteurs et interpr\u00e8tes de l&rsquo;Ontario (ATIO) ou d&rsquo;un autre regroupement de traducteurs professionnels reconnu par le Conseil des traducteurs, terminologues et interpr\u00e8tes du Canada (CTTIC). Plusieurs de nos r\u00e9viseurs, de nos correcteurs et de nos r\u00e9dacteurs sont membres de R\u00e9viseurs Canada (RC) ou de la Soci\u00e9t\u00e9 qu\u00e9b\u00e9coise de la r\u00e9daction professionnelle (SQRP).<\/p>\n<p>Tous les textes qui sont traduits ou r\u00e9dig\u00e9s sont ensuite pass\u00e9s en revue par un autre de nos langagiers. La t\u00e2che de nos r\u00e9viseurs et de nos correcteurs d\u2019\u00e9preuves consiste \u00e0 examiner minutieusement le travail de leurs coll\u00e8gues et \u00e0 perfectionner les textes produits pour porter la qualit\u00e9 de ceux-ci encore plus haut. Chaque fois que nos clients nous soumettent une demande de traduction ou de r\u00e9daction, nous mobilisons donc au moins deux membres de notre \u00e9quipe\u00a0: un traducteur ou un r\u00e9dacteur, selon le mandat, ainsi qu\u2019un r\u00e9viseur.<\/p>\n<p>\u00c0 Traduction INVISIBLE, notre souci de la qualit\u00e9 est non n\u00e9gociable.<\/p>\n<p>[\/et_pb_text][et_pb_text admin_label=\u00a0\u00bbRelated Pages\u00a0\u00bb background_layout=\u00a0\u00bblight\u00a0\u00bb text_orientation=\u00a0\u00bbleft\u00a0\u00bb use_border_color=\u00a0\u00bboff\u00a0\u00bb border_color=\u00a0\u00bb#ffffff\u00a0\u00bb border_style=\u00a0\u00bbsolid\u00a0\u00bb background_position=\u00a0\u00bbtop_left\u00a0\u00bb background_repeat=\u00a0\u00bbrepeat\u00a0\u00bb background_size=\u00a0\u00bbinitial\u00a0\u00bb]<\/p>\n<h3>Lecture recommand\u00e9e :<\/h3>\n<div class='yarpp yarpp-related yarpp-related-shortcode yarpp-template-list'>\n<!-- YARPP List -->\n<ol>\n<li><a href=\"https:\/\/www.invisibletranslation.com\/fr\/faq\/\" rel=\"bookmark\" title=\"FAQ\">FAQ<\/a><\/li>\n<li><a href=\"https:\/\/www.invisibletranslation.com\/fr\/services\/traduction\/documents-officiels\/la-traduction-assermentee-au-quebec\/\" rel=\"bookmark\" title=\"Traduction asserment\u00e9e\">Traduction asserment\u00e9e<\/a><\/li>\n<\/ol>\n<\/div>\n\n<p>[\/et_pb_text][\/et_pb_column][et_pb_column type=\u00a0\u00bb1_3&Prime;][et_pb_sidebar orientation=\u00a0\u00bbright\u00a0\u00bb area=\u00a0\u00bbsidebar-1&Prime; background_layout=\u00a0\u00bblight\u00a0\u00bb remove_border=\u00a0\u00bboff\u00a0\u00bb header_font_size=\u00a0\u00bb18&Prime; body_font_size=\u00a0\u00bb14&Prime; show_border=\u00a0\u00bbon\u00a0\u00bb \/][\/et_pb_column][\/et_pb_row][\/et_pb_section]<\/p>\n","protected":false},"excerpt":{"rendered":"<p>Le secteur des services linguistiques a connu un essor fulgurant depuis quelque 20 ans et la relation client-fournisseur s\u2019en est trouv\u00e9e profond\u00e9ment boulevers\u00e9e. De v\u00e9ritables \u00ab usines \u00e0 mots \u00bb ont vu le jour dans le but de traduire tous les types de documents possibles&#8230;<\/p>\n","protected":false},"author":3,"featured_media":0,"parent":1368,"menu_order":0,"comment_status":"closed","ping_status":"closed","template":"","meta":{"_et_pb_use_builder":"on","_et_pb_old_content":"","_et_gb_content_width":"","footnotes":""},"categories":[],"tags":[],"class_list":["post-1454","page","type-page","status-publish","hentry"],"yoast_head":"<!-- This site is optimized with the Yoast SEO plugin v25.0 - https:\/\/yoast.com\/wordpress\/plugins\/seo\/ -->\n<title>Un contr\u00f4le rigoureux de la qualit\u00e9 | Traduction INVISIBLE inc.<\/title>\n<meta name=\"description\" content=\"Nous savons que la r\u00e9putation professionnelle de nos clients, et la n\u00f4tre par le fait m\u00eame, d\u00e9pend de la qualit\u00e9 du travail que nous livrons.\" \/>\n<meta name=\"robots\" content=\"index, follow, max-snippet:-1, max-image-preview:large, max-video-preview:-1\" \/>\n<link rel=\"canonical\" href=\"https:\/\/www.invisibletranslation.com\/fr\/faq\/controle-de-la-qualite\/\" \/>\n<meta property=\"og:locale\" content=\"fr_FR\" \/>\n<meta property=\"og:type\" content=\"article\" \/>\n<meta property=\"og:title\" content=\"Un contr\u00f4le rigoureux de la qualit\u00e9 | Traduction INVISIBLE inc.\" \/>\n<meta property=\"og:description\" content=\"Nous savons que la r\u00e9putation professionnelle de nos clients, et la n\u00f4tre par le fait m\u00eame, d\u00e9pend de la qualit\u00e9 du travail que nous livrons.\" \/>\n<meta property=\"og:url\" content=\"https:\/\/www.invisibletranslation.com\/fr\/faq\/controle-de-la-qualite\/\" \/>\n<meta property=\"og:site_name\" content=\"Traduction INVISIBLE inc.\" \/>\n<meta property=\"article:modified_time\" content=\"2019-04-14T20:57:47+00:00\" \/>\n<meta property=\"og:image\" content=\"https:\/\/www.invisibletranslation.com\/wp-content\/uploads\/2016\/04\/pdf_icon.gif\" \/>\n<meta name=\"twitter:card\" content=\"summary_large_image\" \/>\n<meta name=\"twitter:label1\" content=\"Dur\u00e9e de lecture estim\u00e9e\" \/>\n\t<meta name=\"twitter:data1\" content=\"4 minutes\" \/>\n<script type=\"application\/ld+json\" class=\"yoast-schema-graph\">{\"@context\":\"https:\/\/schema.org\",\"@graph\":[{\"@type\":\"WebPage\",\"@id\":\"https:\/\/www.invisibletranslation.com\/fr\/faq\/controle-de-la-qualite\/\",\"url\":\"https:\/\/www.invisibletranslation.com\/fr\/faq\/controle-de-la-qualite\/\",\"name\":\"Un contr\u00f4le rigoureux de la qualit\u00e9 | Traduction INVISIBLE inc.\",\"isPartOf\":{\"@id\":\"https:\/\/www.invisibletranslation.com\/fr\/#website\"},\"primaryImageOfPage\":{\"@id\":\"https:\/\/www.invisibletranslation.com\/fr\/faq\/controle-de-la-qualite\/#primaryimage\"},\"image\":{\"@id\":\"https:\/\/www.invisibletranslation.com\/fr\/faq\/controle-de-la-qualite\/#primaryimage\"},\"thumbnailUrl\":\"https:\/\/www.invisibletranslation.com\/wp-content\/uploads\/2016\/05\/Quality-FR-1024x768.jpg\",\"datePublished\":\"2016-05-01T19:13:29+00:00\",\"dateModified\":\"2019-04-14T20:57:47+00:00\",\"description\":\"Nous savons que la r\u00e9putation professionnelle de nos clients, et la n\u00f4tre par le fait m\u00eame, d\u00e9pend de la qualit\u00e9 du travail que nous livrons.\",\"breadcrumb\":{\"@id\":\"https:\/\/www.invisibletranslation.com\/fr\/faq\/controle-de-la-qualite\/#breadcrumb\"},\"inLanguage\":\"fr-FR\",\"potentialAction\":[{\"@type\":\"ReadAction\",\"target\":[\"https:\/\/www.invisibletranslation.com\/fr\/faq\/controle-de-la-qualite\/\"]}]},{\"@type\":\"ImageObject\",\"inLanguage\":\"fr-FR\",\"@id\":\"https:\/\/www.invisibletranslation.com\/fr\/faq\/controle-de-la-qualite\/#primaryimage\",\"url\":\"https:\/\/www.invisibletranslation.com\/wp-content\/uploads\/2016\/05\/Quality-FR-1024x768.jpg\",\"contentUrl\":\"https:\/\/www.invisibletranslation.com\/wp-content\/uploads\/2016\/05\/Quality-FR-1024x768.jpg\"},{\"@type\":\"BreadcrumbList\",\"@id\":\"https:\/\/www.invisibletranslation.com\/fr\/faq\/controle-de-la-qualite\/#breadcrumb\",\"itemListElement\":[{\"@type\":\"ListItem\",\"position\":1,\"name\":\"Accueil\",\"item\":\"https:\/\/www.invisibletranslation.com\/fr\/\"},{\"@type\":\"ListItem\",\"position\":2,\"name\":\"FAQ\",\"item\":\"https:\/\/www.invisibletranslation.com\/fr\/faq\/\"},{\"@type\":\"ListItem\",\"position\":3,\"name\":\"Contr\u00f4le de la qualit\u00e9\"}]},{\"@type\":\"WebSite\",\"@id\":\"https:\/\/www.invisibletranslation.com\/fr\/#website\",\"url\":\"https:\/\/www.invisibletranslation.com\/fr\/\",\"name\":\"Traduction INVISIBLE inc.\",\"description\":\"Translators &amp; Communications Consultants\",\"potentialAction\":[{\"@type\":\"SearchAction\",\"target\":{\"@type\":\"EntryPoint\",\"urlTemplate\":\"https:\/\/www.invisibletranslation.com\/fr\/?s={search_term_string}\"},\"query-input\":{\"@type\":\"PropertyValueSpecification\",\"valueRequired\":true,\"valueName\":\"search_term_string\"}}],\"inLanguage\":\"fr-FR\"}]}<\/script>\n<!-- \/ Yoast SEO plugin. -->","yoast_head_json":{"title":"Un contr\u00f4le rigoureux de la qualit\u00e9 | Traduction INVISIBLE inc.","description":"Nous savons que la r\u00e9putation professionnelle de nos clients, et la n\u00f4tre par le fait m\u00eame, d\u00e9pend de la qualit\u00e9 du travail que nous livrons.","robots":{"index":"index","follow":"follow","max-snippet":"max-snippet:-1","max-image-preview":"max-image-preview:large","max-video-preview":"max-video-preview:-1"},"canonical":"https:\/\/www.invisibletranslation.com\/fr\/faq\/controle-de-la-qualite\/","og_locale":"fr_FR","og_type":"article","og_title":"Un contr\u00f4le rigoureux de la qualit\u00e9 | Traduction INVISIBLE inc.","og_description":"Nous savons que la r\u00e9putation professionnelle de nos clients, et la n\u00f4tre par le fait m\u00eame, d\u00e9pend de la qualit\u00e9 du travail que nous livrons.","og_url":"https:\/\/www.invisibletranslation.com\/fr\/faq\/controle-de-la-qualite\/","og_site_name":"Traduction INVISIBLE inc.","article_modified_time":"2019-04-14T20:57:47+00:00","og_image":[{"url":"https:\/\/www.invisibletranslation.com\/wp-content\/uploads\/2016\/04\/pdf_icon.gif","type":"","width":"","height":""}],"twitter_card":"summary_large_image","twitter_misc":{"Dur\u00e9e de lecture estim\u00e9e":"4 minutes"},"schema":{"@context":"https:\/\/schema.org","@graph":[{"@type":"WebPage","@id":"https:\/\/www.invisibletranslation.com\/fr\/faq\/controle-de-la-qualite\/","url":"https:\/\/www.invisibletranslation.com\/fr\/faq\/controle-de-la-qualite\/","name":"Un contr\u00f4le rigoureux de la qualit\u00e9 | Traduction INVISIBLE inc.","isPartOf":{"@id":"https:\/\/www.invisibletranslation.com\/fr\/#website"},"primaryImageOfPage":{"@id":"https:\/\/www.invisibletranslation.com\/fr\/faq\/controle-de-la-qualite\/#primaryimage"},"image":{"@id":"https:\/\/www.invisibletranslation.com\/fr\/faq\/controle-de-la-qualite\/#primaryimage"},"thumbnailUrl":"https:\/\/www.invisibletranslation.com\/wp-content\/uploads\/2016\/05\/Quality-FR-1024x768.jpg","datePublished":"2016-05-01T19:13:29+00:00","dateModified":"2019-04-14T20:57:47+00:00","description":"Nous savons que la r\u00e9putation professionnelle de nos clients, et la n\u00f4tre par le fait m\u00eame, d\u00e9pend de la qualit\u00e9 du travail que nous livrons.","breadcrumb":{"@id":"https:\/\/www.invisibletranslation.com\/fr\/faq\/controle-de-la-qualite\/#breadcrumb"},"inLanguage":"fr-FR","potentialAction":[{"@type":"ReadAction","target":["https:\/\/www.invisibletranslation.com\/fr\/faq\/controle-de-la-qualite\/"]}]},{"@type":"ImageObject","inLanguage":"fr-FR","@id":"https:\/\/www.invisibletranslation.com\/fr\/faq\/controle-de-la-qualite\/#primaryimage","url":"https:\/\/www.invisibletranslation.com\/wp-content\/uploads\/2016\/05\/Quality-FR-1024x768.jpg","contentUrl":"https:\/\/www.invisibletranslation.com\/wp-content\/uploads\/2016\/05\/Quality-FR-1024x768.jpg"},{"@type":"BreadcrumbList","@id":"https:\/\/www.invisibletranslation.com\/fr\/faq\/controle-de-la-qualite\/#breadcrumb","itemListElement":[{"@type":"ListItem","position":1,"name":"Accueil","item":"https:\/\/www.invisibletranslation.com\/fr\/"},{"@type":"ListItem","position":2,"name":"FAQ","item":"https:\/\/www.invisibletranslation.com\/fr\/faq\/"},{"@type":"ListItem","position":3,"name":"Contr\u00f4le de la qualit\u00e9"}]},{"@type":"WebSite","@id":"https:\/\/www.invisibletranslation.com\/fr\/#website","url":"https:\/\/www.invisibletranslation.com\/fr\/","name":"Traduction INVISIBLE inc.","description":"Translators &amp; Communications Consultants","potentialAction":[{"@type":"SearchAction","target":{"@type":"EntryPoint","urlTemplate":"https:\/\/www.invisibletranslation.com\/fr\/?s={search_term_string}"},"query-input":{"@type":"PropertyValueSpecification","valueRequired":true,"valueName":"search_term_string"}}],"inLanguage":"fr-FR"}]}},"_links":{"self":[{"href":"https:\/\/www.invisibletranslation.com\/fr\/wp-json\/wp\/v2\/pages\/1454","targetHints":{"allow":["GET"]}}],"collection":[{"href":"https:\/\/www.invisibletranslation.com\/fr\/wp-json\/wp\/v2\/pages"}],"about":[{"href":"https:\/\/www.invisibletranslation.com\/fr\/wp-json\/wp\/v2\/types\/page"}],"author":[{"embeddable":true,"href":"https:\/\/www.invisibletranslation.com\/fr\/wp-json\/wp\/v2\/users\/3"}],"replies":[{"embeddable":true,"href":"https:\/\/www.invisibletranslation.com\/fr\/wp-json\/wp\/v2\/comments?post=1454"}],"version-history":[{"count":0,"href":"https:\/\/www.invisibletranslation.com\/fr\/wp-json\/wp\/v2\/pages\/1454\/revisions"}],"up":[{"embeddable":true,"href":"https:\/\/www.invisibletranslation.com\/fr\/wp-json\/wp\/v2\/pages\/1368"}],"wp:attachment":[{"href":"https:\/\/www.invisibletranslation.com\/fr\/wp-json\/wp\/v2\/media?parent=1454"}],"wp:term":[{"taxonomy":"category","embeddable":true,"href":"https:\/\/www.invisibletranslation.com\/fr\/wp-json\/wp\/v2\/categories?post=1454"},{"taxonomy":"post_tag","embeddable":true,"href":"https:\/\/www.invisibletranslation.com\/fr\/wp-json\/wp\/v2\/tags?post=1454"}],"curies":[{"name":"wp","href":"https:\/\/api.w.org\/{rel}","templated":true}]}}