{"id":1370,"date":"2016-04-29T11:18:10","date_gmt":"2016-04-29T15:18:10","guid":{"rendered":"http:\/\/www.iestrie.com\/fr\/?page_id=1370"},"modified":"2023-11-06T18:49:51","modified_gmt":"2023-11-06T23:49:51","slug":"entreprise-ecocertifiee","status":"publish","type":"page","link":"https:\/\/www.invisibletranslation.com\/fr\/entreprise-ecocertifiee\/","title":{"rendered":"Entreprise \u00e9cocertifi\u00e9e"},"content":{"rendered":"<p>[et_pb_section fb_built=\u00a0\u00bb1&Prime; custom_padding_last_edited=\u00a0\u00bbon|desktop\u00a0\u00bb admin_label=\u00a0\u00bbsection\u00a0\u00bb module_id=\u00a0\u00bbcontent-zone\u00a0\u00bb _builder_version=\u00a0\u00bb4.16&Prime; custom_padding_tablet=\u00a0\u00bb50px|0|50px|0&Prime; custom_padding_phone=\u00a0\u00bb\u00a0\u00bb transparent_background=\u00a0\u00bboff\u00a0\u00bb padding_mobile=\u00a0\u00bboff\u00a0\u00bb make_fullwidth=\u00a0\u00bboff\u00a0\u00bb use_custom_width=\u00a0\u00bboff\u00a0\u00bb width_unit=\u00a0\u00bbon\u00a0\u00bb global_colors_info=\u00a0\u00bb{}\u00a0\u00bb][et_pb_row column_structure=\u00a0\u00bb2_3,1_3&Prime; admin_label=\u00a0\u00bbrow\u00a0\u00bb _builder_version=\u00a0\u00bb4.16&Prime; background_size=\u00a0\u00bbinitial\u00a0\u00bb background_position=\u00a0\u00bbtop_left\u00a0\u00bb background_repeat=\u00a0\u00bbrepeat\u00a0\u00bb global_colors_info=\u00a0\u00bb{}\u00a0\u00bb][et_pb_column type=\u00a0\u00bb2_3&Prime; _builder_version=\u00a0\u00bb4.16&Prime; custom_padding=\u00a0\u00bb|||\u00a0\u00bb global_colors_info=\u00a0\u00bb{}\u00a0\u00bb custom_padding__hover=\u00a0\u00bb|||\u00a0\u00bb][et_pb_text admin_label=\u00a0\u00bbBreadcrumb\u00a0\u00bb _builder_version=\u00a0\u00bb4.16&Prime; background_size=\u00a0\u00bbinitial\u00a0\u00bb background_position=\u00a0\u00bbtop_left\u00a0\u00bb background_repeat=\u00a0\u00bbrepeat\u00a0\u00bb use_border_color=\u00a0\u00bboff\u00a0\u00bb border_color=\u00a0\u00bb#ffffff\u00a0\u00bb border_style=\u00a0\u00bbsolid\u00a0\u00bb global_colors_info=\u00a0\u00bb{}\u00a0\u00bb]<\/p>\n<div class=\"breadcrumb\" itemprop=\"breadcrumb\"><span><span><a href=\"https:\/\/www.invisibletranslation.com\/fr\/\">Accueil<\/a><\/span><\/span><\/div>\n<p>[\/et_pb_text][et_pb_text admin_label=\u00a0\u00bbLong Title\u00a0\u00bb _builder_version=\u00a0\u00bb4.16&Prime; background_size=\u00a0\u00bbinitial\u00a0\u00bb background_position=\u00a0\u00bbtop_left\u00a0\u00bb background_repeat=\u00a0\u00bbrepeat\u00a0\u00bb use_border_color=\u00a0\u00bboff\u00a0\u00bb border_color=\u00a0\u00bb#ffffff\u00a0\u00bb border_style=\u00a0\u00bbsolid\u00a0\u00bb global_colors_info=\u00a0\u00bb{}\u00a0\u00bb]<\/p>\n<h1><img loading=\"lazy\" decoding=\"async\" class=\"alignright size-full wp-image-1009\" src=\"\/wp-content\/uploads\/2016\/04\/pdf_icon.gif\" alt=\"PDF\" width=\"50\" height=\"50\" \/>Une entreprise qu\u00e9b\u00e9coise \u00e9cocertifi\u00e9e<\/h1>\n<p><img loading=\"lazy\" decoding=\"async\" id=\"title-top-image\" class=\"alignnone size-large wp-image-3323\" src=\"https:\/\/www.invisibletranslation.com\/wp-content\/uploads\/2016\/04\/Green-FR-1024x768.jpg\" alt=\"Une entreprise qu\u00e9b\u00e9coise \u00e9cocertifi\u00e9e\" width=\"1024\" height=\"768\" \/><\/p>\n<p>[\/et_pb_text][et_pb_text admin_label=\u00a0\u00bbContenu\u00a0\u00bb _builder_version=\u00a0\u00bb4.17.4&Prime; text_font=\u00a0\u00bbOpen Sans||||\u00a0\u00bb text_font_size=\u00a0\u00bb16&Prime; text_line_height=\u00a0\u00bb1.8em\u00a0\u00bb background_size=\u00a0\u00bbinitial\u00a0\u00bb background_position=\u00a0\u00bbtop_left\u00a0\u00bb background_repeat=\u00a0\u00bbrepeat\u00a0\u00bb hover_enabled=\u00a0\u00bb0&Prime; use_border_color=\u00a0\u00bboff\u00a0\u00bb border_color=\u00a0\u00bb#ffffff\u00a0\u00bb border_style=\u00a0\u00bbsolid\u00a0\u00bb global_colors_info=\u00a0\u00bb{}\u00a0\u00bb sticky_enabled=\u00a0\u00bb0&Prime;]<\/p>\n<h2>Des pratiques d\u2019affaires \u00e9cologiques, \u00e9coresponsables et \u00e9cocertifi\u00e9es<\/h2>\n<p>Toujours soucieuse de multiplier ses efforts pour prot\u00e9ger notre plan\u00e8te et pr\u00e9server nos ressources, l\u2019\u00e9quipe de Traduction INVISIBLE a choisi, en 2013, de pousser son engagement encore plus loin.<\/p>\n<p>Nous avons entrepris, au mois d\u2019octobre de cette m\u00eame ann\u00e9e, les d\u00e9marches n\u00e9cessaires aupr\u00e8s de l\u2019Institut d\u2019\u00e9cocertification des entreprises (I\u00c9E) afin de soumettre Traduction INVISIBLE \u00e0 un audit externe visant \u00e0 \u00e9valuer l\u2019incidence environnementale de nos m\u00e9thodes de travail et de la conduite de nos affaires. Au terme de cet examen rigoureux, l\u2019I\u00c9E a accord\u00e9 une note exemplaire \u00e0 notre entreprise. Traduction INVISIBLE s\u2019est donc vu d\u00e9cerner, le 29 novembre 2013, le titre d\u2019<a href=\"\/wp-content\/uploads\/2016\/11\/131206.RCC_.fr_.pdf\" target=\"_blank\" rel=\"noopener noreferrer\">entreprise \u00e9cocertifi\u00e9e<\/a>.<\/p>\n<p>Cet agr\u00e9ment a \u00e9t\u00e9 renouvel\u00e9 le 6 d\u00e9cembre 2015 au terme d\u2019un audit de suivi.<\/p>\n<h2>Des activit\u00e9s commerciales qui ont un faible impact sur l\u2019environnement<\/h2>\n<p>\u00c0 Traduction INVISIBLE, nous posons chaque jour des gestes concrets afin de r\u00e9duire notre empreinte \u00e9cologique : nous lisons \u00e0 l\u2019\u00e9cran chaque fois que nous le pouvons, nous n\u2019imprimons que le strict n\u00e9cessaire, nous privil\u00e9gions le papier 100 % recycl\u00e9, nous recyclons tout ce que nous imprimons, nous consignons l\u2019information sur des supports \u00e9lectroniques, nous activons la mise en veille automatique de nos moniteurs et nous \u00e9teignons nos ordinateurs avant de quitter le bureau, pour ne nommer que ces quelques initiatives.<\/p>\n<p>Donnez, vous aussi, un coup de pouce \u00e0 l\u2019environnement en choisissant Traduction INVISIBLE comme fournisseur de services linguistiques.<\/p>\n<p><a href=\"https:\/\/www.invisibletranslation.com\/fr\/contact\/formulaire-offre-de-service\/\">Remplissez ce formulaire<\/a> ou communiquez avec nous par <a href=\"tel:18334366331\">t\u00e9l\u00e9phone<\/a> ou par <a href=\"mailto:info@traductioninvisible.com\">courriel<\/a> pour obtenir une offre de service gratuite.<\/p>\n<p>[\/et_pb_text][et_pb_text admin_label=\u00a0\u00bbRelated Pages\u00a0\u00bb _builder_version=\u00a0\u00bb4.16&Prime; background_size=\u00a0\u00bbinitial\u00a0\u00bb background_position=\u00a0\u00bbtop_left\u00a0\u00bb background_repeat=\u00a0\u00bbrepeat\u00a0\u00bb use_border_color=\u00a0\u00bboff\u00a0\u00bb border_color=\u00a0\u00bb#ffffff\u00a0\u00bb border_style=\u00a0\u00bbsolid\u00a0\u00bb global_colors_info=\u00a0\u00bb{}\u00a0\u00bb]<\/p>\n<h3>Documentation utile :<\/h3>\n<div class='yarpp yarpp-related yarpp-related-shortcode yarpp-template-list'>\n<!-- YARPP List -->\n<ol>\n<li><a href=\"https:\/\/www.invisibletranslation.com\/fr\/faq\/\" rel=\"bookmark\" title=\"FAQ\">FAQ<\/a><\/li>\n<li><a href=\"https:\/\/www.invisibletranslation.com\/fr\/politique-confidentialite\/\" rel=\"bookmark\" title=\"Politique de confidentialit\u00e9\">Politique de confidentialit\u00e9<\/a><\/li>\n<\/ol>\n<\/div>\n\n<p>[\/et_pb_text][\/et_pb_column][et_pb_column type=\u00a0\u00bb1_3&Prime; _builder_version=\u00a0\u00bb4.16&Prime; custom_padding=\u00a0\u00bb|||\u00a0\u00bb global_colors_info=\u00a0\u00bb{}\u00a0\u00bb custom_padding__hover=\u00a0\u00bb|||\u00a0\u00bb][et_pb_sidebar orientation=\u00a0\u00bbright\u00a0\u00bb area=\u00a0\u00bbsidebar-1&Prime; _builder_version=\u00a0\u00bb4.16&Prime; remove_border=\u00a0\u00bboff\u00a0\u00bb global_colors_info=\u00a0\u00bb{}\u00a0\u00bb][\/et_pb_sidebar][\/et_pb_column][\/et_pb_row][\/et_pb_section]<\/p>\n","protected":false},"excerpt":{"rendered":"<p>Toujours soucieuse de multiplier ses efforts pour prot\u00e9ger notre plan\u00e8te et pr\u00e9server nos ressources, l\u2019\u00e9quipe de Traduction INVISIBLE a choisi, en 2013, de pousser son engagement encore plus loin. Nous avons entrepris, au mois d\u2019octobre de cette m\u00eame&#8230;<\/p>\n","protected":false},"author":3,"featured_media":0,"parent":0,"menu_order":21,"comment_status":"closed","ping_status":"closed","template":"","meta":{"_et_pb_use_builder":"on","_et_pb_old_content":"","_et_gb_content_width":"","footnotes":""},"categories":[],"tags":[],"class_list":["post-1370","page","type-page","status-publish","hentry"],"yoast_head":"<!-- This site is optimized with the Yoast SEO plugin v25.0 - https:\/\/yoast.com\/wordpress\/plugins\/seo\/ -->\n<title>Une entreprise qu\u00e9b\u00e9coise \u00e9cocertifi\u00e9e | Traduction INVISIBLE inc.<\/title>\n<meta name=\"description\" content=\"Chez Traduction INVISIBLE, nous posons chaque jour des gestes concrets afin de r\u00e9duire notre empreinte \u00e9cologique.\" \/>\n<meta name=\"robots\" content=\"index, follow, max-snippet:-1, max-image-preview:large, max-video-preview:-1\" \/>\n<link rel=\"canonical\" href=\"https:\/\/www.invisibletranslation.com\/fr\/entreprise-ecocertifiee\/\" \/>\n<meta property=\"og:locale\" content=\"fr_FR\" \/>\n<meta property=\"og:type\" content=\"article\" \/>\n<meta property=\"og:title\" content=\"Une entreprise qu\u00e9b\u00e9coise \u00e9cocertifi\u00e9e | Traduction INVISIBLE inc.\" \/>\n<meta property=\"og:description\" content=\"Chez Traduction INVISIBLE, nous posons chaque jour des gestes concrets afin de r\u00e9duire notre empreinte \u00e9cologique.\" \/>\n<meta property=\"og:url\" content=\"https:\/\/www.invisibletranslation.com\/fr\/entreprise-ecocertifiee\/\" \/>\n<meta property=\"og:site_name\" content=\"Traduction INVISIBLE inc.\" \/>\n<meta property=\"article:modified_time\" content=\"2023-11-06T23:49:51+00:00\" \/>\n<meta property=\"og:image\" content=\"https:\/\/www.invisibletranslation.com\/wp-content\/uploads\/2016\/04\/Green-FR-1024x768.jpg\" \/>\n<meta name=\"twitter:card\" content=\"summary_large_image\" \/>\n<meta name=\"twitter:label1\" content=\"Dur\u00e9e de lecture estim\u00e9e\" \/>\n\t<meta name=\"twitter:data1\" content=\"2 minutes\" \/>\n<script type=\"application\/ld+json\" class=\"yoast-schema-graph\">{\"@context\":\"https:\/\/schema.org\",\"@graph\":[{\"@type\":\"WebPage\",\"@id\":\"https:\/\/www.invisibletranslation.com\/fr\/entreprise-ecocertifiee\/\",\"url\":\"https:\/\/www.invisibletranslation.com\/fr\/entreprise-ecocertifiee\/\",\"name\":\"Une entreprise qu\u00e9b\u00e9coise \u00e9cocertifi\u00e9e | Traduction INVISIBLE inc.\",\"isPartOf\":{\"@id\":\"https:\/\/www.invisibletranslation.com\/fr\/#website\"},\"primaryImageOfPage\":{\"@id\":\"https:\/\/www.invisibletranslation.com\/fr\/entreprise-ecocertifiee\/#primaryimage\"},\"image\":{\"@id\":\"https:\/\/www.invisibletranslation.com\/fr\/entreprise-ecocertifiee\/#primaryimage\"},\"thumbnailUrl\":\"https:\/\/www.invisibletranslation.com\/wp-content\/uploads\/2016\/04\/Green-FR-1024x768.jpg\",\"datePublished\":\"2016-04-29T15:18:10+00:00\",\"dateModified\":\"2023-11-06T23:49:51+00:00\",\"description\":\"Chez Traduction INVISIBLE, nous posons chaque jour des gestes concrets afin de r\u00e9duire notre empreinte \u00e9cologique.\",\"breadcrumb\":{\"@id\":\"https:\/\/www.invisibletranslation.com\/fr\/entreprise-ecocertifiee\/#breadcrumb\"},\"inLanguage\":\"fr-FR\",\"potentialAction\":[{\"@type\":\"ReadAction\",\"target\":[\"https:\/\/www.invisibletranslation.com\/fr\/entreprise-ecocertifiee\/\"]}]},{\"@type\":\"ImageObject\",\"inLanguage\":\"fr-FR\",\"@id\":\"https:\/\/www.invisibletranslation.com\/fr\/entreprise-ecocertifiee\/#primaryimage\",\"url\":\"https:\/\/www.invisibletranslation.com\/wp-content\/uploads\/2016\/04\/Green-FR-1024x768.jpg\",\"contentUrl\":\"https:\/\/www.invisibletranslation.com\/wp-content\/uploads\/2016\/04\/Green-FR-1024x768.jpg\"},{\"@type\":\"BreadcrumbList\",\"@id\":\"https:\/\/www.invisibletranslation.com\/fr\/entreprise-ecocertifiee\/#breadcrumb\",\"itemListElement\":[{\"@type\":\"ListItem\",\"position\":1,\"name\":\"Accueil\",\"item\":\"https:\/\/www.invisibletranslation.com\/fr\/\"},{\"@type\":\"ListItem\",\"position\":2,\"name\":\"Entreprise \u00e9cocertifi\u00e9e\"}]},{\"@type\":\"WebSite\",\"@id\":\"https:\/\/www.invisibletranslation.com\/fr\/#website\",\"url\":\"https:\/\/www.invisibletranslation.com\/fr\/\",\"name\":\"Traduction INVISIBLE inc.\",\"description\":\"Translators &amp; Communications Consultants\",\"potentialAction\":[{\"@type\":\"SearchAction\",\"target\":{\"@type\":\"EntryPoint\",\"urlTemplate\":\"https:\/\/www.invisibletranslation.com\/fr\/?s={search_term_string}\"},\"query-input\":{\"@type\":\"PropertyValueSpecification\",\"valueRequired\":true,\"valueName\":\"search_term_string\"}}],\"inLanguage\":\"fr-FR\"}]}<\/script>\n<!-- \/ Yoast SEO plugin. -->","yoast_head_json":{"title":"Une entreprise qu\u00e9b\u00e9coise \u00e9cocertifi\u00e9e | Traduction INVISIBLE inc.","description":"Chez Traduction INVISIBLE, nous posons chaque jour des gestes concrets afin de r\u00e9duire notre empreinte \u00e9cologique.","robots":{"index":"index","follow":"follow","max-snippet":"max-snippet:-1","max-image-preview":"max-image-preview:large","max-video-preview":"max-video-preview:-1"},"canonical":"https:\/\/www.invisibletranslation.com\/fr\/entreprise-ecocertifiee\/","og_locale":"fr_FR","og_type":"article","og_title":"Une entreprise qu\u00e9b\u00e9coise \u00e9cocertifi\u00e9e | Traduction INVISIBLE inc.","og_description":"Chez Traduction INVISIBLE, nous posons chaque jour des gestes concrets afin de r\u00e9duire notre empreinte \u00e9cologique.","og_url":"https:\/\/www.invisibletranslation.com\/fr\/entreprise-ecocertifiee\/","og_site_name":"Traduction INVISIBLE inc.","article_modified_time":"2023-11-06T23:49:51+00:00","og_image":[{"url":"https:\/\/www.invisibletranslation.com\/wp-content\/uploads\/2016\/04\/Green-FR-1024x768.jpg","type":"","width":"","height":""}],"twitter_card":"summary_large_image","twitter_misc":{"Dur\u00e9e de lecture estim\u00e9e":"2 minutes"},"schema":{"@context":"https:\/\/schema.org","@graph":[{"@type":"WebPage","@id":"https:\/\/www.invisibletranslation.com\/fr\/entreprise-ecocertifiee\/","url":"https:\/\/www.invisibletranslation.com\/fr\/entreprise-ecocertifiee\/","name":"Une entreprise qu\u00e9b\u00e9coise \u00e9cocertifi\u00e9e | Traduction INVISIBLE inc.","isPartOf":{"@id":"https:\/\/www.invisibletranslation.com\/fr\/#website"},"primaryImageOfPage":{"@id":"https:\/\/www.invisibletranslation.com\/fr\/entreprise-ecocertifiee\/#primaryimage"},"image":{"@id":"https:\/\/www.invisibletranslation.com\/fr\/entreprise-ecocertifiee\/#primaryimage"},"thumbnailUrl":"https:\/\/www.invisibletranslation.com\/wp-content\/uploads\/2016\/04\/Green-FR-1024x768.jpg","datePublished":"2016-04-29T15:18:10+00:00","dateModified":"2023-11-06T23:49:51+00:00","description":"Chez Traduction INVISIBLE, nous posons chaque jour des gestes concrets afin de r\u00e9duire notre empreinte \u00e9cologique.","breadcrumb":{"@id":"https:\/\/www.invisibletranslation.com\/fr\/entreprise-ecocertifiee\/#breadcrumb"},"inLanguage":"fr-FR","potentialAction":[{"@type":"ReadAction","target":["https:\/\/www.invisibletranslation.com\/fr\/entreprise-ecocertifiee\/"]}]},{"@type":"ImageObject","inLanguage":"fr-FR","@id":"https:\/\/www.invisibletranslation.com\/fr\/entreprise-ecocertifiee\/#primaryimage","url":"https:\/\/www.invisibletranslation.com\/wp-content\/uploads\/2016\/04\/Green-FR-1024x768.jpg","contentUrl":"https:\/\/www.invisibletranslation.com\/wp-content\/uploads\/2016\/04\/Green-FR-1024x768.jpg"},{"@type":"BreadcrumbList","@id":"https:\/\/www.invisibletranslation.com\/fr\/entreprise-ecocertifiee\/#breadcrumb","itemListElement":[{"@type":"ListItem","position":1,"name":"Accueil","item":"https:\/\/www.invisibletranslation.com\/fr\/"},{"@type":"ListItem","position":2,"name":"Entreprise \u00e9cocertifi\u00e9e"}]},{"@type":"WebSite","@id":"https:\/\/www.invisibletranslation.com\/fr\/#website","url":"https:\/\/www.invisibletranslation.com\/fr\/","name":"Traduction INVISIBLE inc.","description":"Translators &amp; Communications Consultants","potentialAction":[{"@type":"SearchAction","target":{"@type":"EntryPoint","urlTemplate":"https:\/\/www.invisibletranslation.com\/fr\/?s={search_term_string}"},"query-input":{"@type":"PropertyValueSpecification","valueRequired":true,"valueName":"search_term_string"}}],"inLanguage":"fr-FR"}]}},"_links":{"self":[{"href":"https:\/\/www.invisibletranslation.com\/fr\/wp-json\/wp\/v2\/pages\/1370","targetHints":{"allow":["GET"]}}],"collection":[{"href":"https:\/\/www.invisibletranslation.com\/fr\/wp-json\/wp\/v2\/pages"}],"about":[{"href":"https:\/\/www.invisibletranslation.com\/fr\/wp-json\/wp\/v2\/types\/page"}],"author":[{"embeddable":true,"href":"https:\/\/www.invisibletranslation.com\/fr\/wp-json\/wp\/v2\/users\/3"}],"replies":[{"embeddable":true,"href":"https:\/\/www.invisibletranslation.com\/fr\/wp-json\/wp\/v2\/comments?post=1370"}],"version-history":[{"count":0,"href":"https:\/\/www.invisibletranslation.com\/fr\/wp-json\/wp\/v2\/pages\/1370\/revisions"}],"wp:attachment":[{"href":"https:\/\/www.invisibletranslation.com\/fr\/wp-json\/wp\/v2\/media?parent=1370"}],"wp:term":[{"taxonomy":"category","embeddable":true,"href":"https:\/\/www.invisibletranslation.com\/fr\/wp-json\/wp\/v2\/categories?post=1370"},{"taxonomy":"post_tag","embeddable":true,"href":"https:\/\/www.invisibletranslation.com\/fr\/wp-json\/wp\/v2\/tags?post=1370"}],"curies":[{"name":"wp","href":"https:\/\/api.w.org\/{rel}","templated":true}]}}