{"id":1366,"date":"2016-04-29T11:16:01","date_gmt":"2016-04-29T15:16:01","guid":{"rendered":"http:\/\/www.iestrie.com\/fr\/?page_id=1366"},"modified":"2023-04-24T19:18:19","modified_gmt":"2023-04-24T23:18:19","slug":"services","status":"publish","type":"page","link":"https:\/\/www.invisibletranslation.com\/fr\/services\/","title":{"rendered":"Services offerts"},"content":{"rendered":"<p>[et_pb_section fb_built=\u00a0\u00bb1&Prime; custom_padding_last_edited=\u00a0\u00bbon|desktop\u00a0\u00bb admin_label=\u00a0\u00bbsection\u00a0\u00bb module_id=\u00a0\u00bbcontent-zone\u00a0\u00bb _builder_version=\u00a0\u00bb4.16&Prime; custom_padding_tablet=\u00a0\u00bb50px|0|50px|0&Prime; custom_padding_phone=\u00a0\u00bb\u00a0\u00bb transparent_background=\u00a0\u00bboff\u00a0\u00bb padding_mobile=\u00a0\u00bboff\u00a0\u00bb make_fullwidth=\u00a0\u00bboff\u00a0\u00bb use_custom_width=\u00a0\u00bboff\u00a0\u00bb width_unit=\u00a0\u00bbon\u00a0\u00bb global_colors_info=\u00a0\u00bb{}\u00a0\u00bb][et_pb_row admin_label=\u00a0\u00bbrow\u00a0\u00bb _builder_version=\u00a0\u00bb4.16&Prime; background_size=\u00a0\u00bbinitial\u00a0\u00bb background_position=\u00a0\u00bbtop_left\u00a0\u00bb background_repeat=\u00a0\u00bbrepeat\u00a0\u00bb global_colors_info=\u00a0\u00bb{}\u00a0\u00bb column_structure=\u00a0\u00bb2_3,1_3&Prime;][et_pb_column type=\u00a0\u00bb2_3&Prime; _builder_version=\u00a0\u00bb4.16&Prime; custom_padding=\u00a0\u00bb|||\u00a0\u00bb global_colors_info=\u00a0\u00bb{}\u00a0\u00bb custom_padding__hover=\u00a0\u00bb|||\u00a0\u00bb][et_pb_text admin_label=\u00a0\u00bbBreadcrumb\u00a0\u00bb _builder_version=\u00a0\u00bb4.16&Prime; background_size=\u00a0\u00bbinitial\u00a0\u00bb background_position=\u00a0\u00bbtop_left\u00a0\u00bb background_repeat=\u00a0\u00bbrepeat\u00a0\u00bb use_border_color=\u00a0\u00bboff\u00a0\u00bb border_color=\u00a0\u00bb#ffffff\u00a0\u00bb border_style=\u00a0\u00bbsolid\u00a0\u00bb global_colors_info=\u00a0\u00bb{}\u00a0\u00bb]<\/p>\n<div class=\"breadcrumb\" itemprop=\"breadcrumb\"><span><span><a href=\"https:\/\/www.invisibletranslation.com\/fr\/\">Accueil<\/a><\/span><\/span><\/div>\n<p>[\/et_pb_text][et_pb_text admin_label=\u00a0\u00bbLong Title\u00a0\u00bb _builder_version=\u00a0\u00bb4.17.4&Prime; background_size=\u00a0\u00bbinitial\u00a0\u00bb background_position=\u00a0\u00bbtop_left\u00a0\u00bb background_repeat=\u00a0\u00bbrepeat\u00a0\u00bb hover_enabled=\u00a0\u00bb0&Prime; use_border_color=\u00a0\u00bboff\u00a0\u00bb border_color=\u00a0\u00bb#ffffff\u00a0\u00bb border_style=\u00a0\u00bbsolid\u00a0\u00bb global_colors_info=\u00a0\u00bb{}\u00a0\u00bb sticky_enabled=\u00a0\u00bb0&Prime;]<\/p>\n<h1>Nos services<\/h1>\n<p><img loading=\"lazy\" decoding=\"async\" id=\"title-top-image\" src=\"https:\/\/www.invisibletranslation.com\/wp-content\/uploads\/2023\/04\/services-02-fr.jpg\" width=\"1024\" height=\"768\" alt=\"\" class=\"wp-image-5783 alignnone size-full\" \/>[\/et_pb_text][et_pb_text admin_label=\u00a0\u00bbContenu\u00a0\u00bb _builder_version=\u00a0\u00bb4.16&Prime; text_font=\u00a0\u00bbOpen Sans||||\u00a0\u00bb text_font_size=\u00a0\u00bb16&Prime; text_line_height=\u00a0\u00bb1.8em\u00a0\u00bb background_size=\u00a0\u00bbinitial\u00a0\u00bb background_position=\u00a0\u00bbtop_left\u00a0\u00bb background_repeat=\u00a0\u00bbrepeat\u00a0\u00bb use_border_color=\u00a0\u00bboff\u00a0\u00bb border_color=\u00a0\u00bb#ffffff\u00a0\u00bb border_style=\u00a0\u00bbsolid\u00a0\u00bb global_colors_info=\u00a0\u00bb{}\u00a0\u00bb]<\/p>\n<p>\nNotre \u00e9quipe est constitu\u00e9e de langagiers professionnels et polyvalents, reconnus pour la grande qualit\u00e9 de leur travail, et elle vous offre une gamme compl\u00e8te de services linguistiques qui sauront r\u00e9pondre \u00e0 tous vos besoins en mati\u00e8re de communication \u00e9crite.<\/p>\n<p>Voici un aper\u00e7u de ce que nous pouvons faire pour vous permettre de briller sur la sc\u00e8ne locale et internationale.<\/p>\n<h2>Traduction g\u00e9n\u00e9rale et sp\u00e9cialis\u00e9e<\/h2>\n<p>Notre \u00e9quipe de traducteurs professionnels sait produire des traductions exceptionnelles en fran\u00e7ais, en anglais et en espagnol.<\/p>\n<p>Que vous ayez besoin de faire traduire un rapport annuel, un communiqu\u00e9 de presse ou une fiche de vente, nous nous faisons un devoir de respecter l\u2019essence de vos textes et de transposer efficacement votre message dans la langue de votre choix.<\/p>\n<p>Ainsi, vos communications \u00e9crites viendront renforcer votre cr\u00e9dibilit\u00e9 et votre r\u00e9putation d\u2019excellence.<\/p>\n<h2>Traduction de documents officiels<\/h2>\n<p>Notre cabinet s\u2019appuie sur le savoir-faire de traducteurs agr\u00e9\u00e9s, c\u2019est-\u00e0-dire des langagiers professionnels dont les comp\u00e9tences sont attest\u00e9es, notamment par l\u2019Ordre des traducteurs, terminologues et interpr\u00e8tes agr\u00e9\u00e9s du Qu\u00e9bec.<\/p>\n<p>Au Qu\u00e9bec comme au Canada, seuls les traducteurs agr\u00e9\u00e9s sont autoris\u00e9s \u00e0 traduire les documents \u00e9manant d\u2019instances officielles et \u00e0 apposer sur ces traductions un sceau qui atteste de leur validit\u00e9 et de leur caract\u00e8re officiel.<\/p>\n<p>Notre \u00e9quipe est donc toute d\u00e9sign\u00e9e pour traduire votre relev\u00e9 de notes, si vous souhaitez \u00e9tudier \u00e0 l\u2019\u00e9tranger, ou encore votre permis de conduire ou votre certificat de mariage, si vous \u00eates nouvellement arriv\u00e9 au pays.<\/p>\n<h2>Transcr\u00e9ation<\/h2>\n<p>La transcr\u00e9ation vise \u00e0 traduire et \u00e0 adapter du mat\u00e9riel promotionnel et publicitaire ing\u00e9nieusement con\u00e7u de mani\u00e8re \u00e0 le rendre cr\u00e9dible et convaincant dans une autre langue.<\/p>\n<p>Notre travail ne consiste pas \u00e0 remplacer des mots par des \u00e9quivalents, mais bien \u00e0 produire une adaptation cr\u00e9ative et accrocheuse qui saura trouver \u00e9cho au sein du public cibl\u00e9.<\/p>\n<p>Nos langagiers les plus cr\u00e9atifs, de concert avec nos conseillers en communication \u00e9crite, s\u2019assureront que vos slogans, noms de produits, emballages et brochures commerciales soient aussi percutants dans une langue que dans l\u2019autre.<\/p>\n<h2>R\u00e9vision unilingue<\/h2>\n<p>Nos r\u00e9viseurs professionnels savent comment porter vos communications \u00e9crites \u00e0 un niveau sup\u00e9rieur en les analysant d\u2019un \u0153il critique, vigilant et attentif, afin de les rectifier.<\/p>\n<p>M\u00eame les meilleurs r\u00e9dacteurs laissent derri\u00e8re eux des coquilles et des erreurs qui peuvent nuire \u00e0 la compr\u00e9hension du message ou en affaiblir le contenu.<\/p>\n<p>Rien de mieux qu\u2019une r\u00e9vision en profondeur pour vous assurer que vos textes sont pr\u00eats \u00e0 \u00eatre diffus\u00e9s et qu\u2019ils serviront \u00e0 cristalliser votre marque de prestige \u2014 et non \u00e0 ternir votre image.<\/p>\n<h2>R\u00e9vision bilingue<\/h2>\n<p>La r\u00e9vision compar\u00e9e est une \u00e9tape essentielle de la d\u00e9marche d\u2019assurance de la qualit\u00e9; elle consiste \u00e0 placer c\u00f4te \u00e0 c\u00f4te le document d\u2019origine et le document traduit pour \u00e9valuer, phrase par phrase, l\u2019ad\u00e9quation de la traduction propos\u00e9e.<\/p>\n<p>Pendant son analyse, le r\u00e9viseur porte un regard critique sur la traduction et am\u00e9liore les passages qui laissent \u00e0 d\u00e9sirer tout en corrigeant les erreurs qui auraient \u00e9chapp\u00e9 \u00e0 la vigilance du traducteur ou du r\u00e9viseur unilingue.<\/p>\n<p>Il s\u2019assure aussi que la traduction est conforme aux nombreuses normes linguistiques, veillant ainsi \u00e0 ce que les \u00e9crits bilingues que vous publiez soient le reflet de votre rigueur et de votre professionnalisme.<\/p>\n<h2>Correction d\u2019\u00e9preuves<\/h2>\n<p>Pr\u00e9c\u00e9dant habituellement la mise sous presse et la diffusion du texte, la correction d\u2019\u00e9preuves consiste \u00e0 d\u00e9tecter toute erreur (alignement, grammaire, orthographe, typographie, syntaxe, etc.) qui aurait pu s\u2019y immiscer lors du travail de mise en page ou de graphisme.<\/p>\n<p>Cette t\u00e2che d\u00e9licate doit \u00eatre confi\u00e9e \u00e0 un correcteur d\u2019\u00e9preuves professionnel, car celui-ci ma\u00eetrise les diff\u00e9rents codes typographiques sur lesquels s\u2019appuient imprimeurs et graphistes.<\/p>\n<p>Apr\u00e8s avoir travaill\u00e9 si dur pour produire un texte de qualit\u00e9, ce n\u2019est pas le moment de baisser la garde pour permettre \u00e0 une virgule mal plac\u00e9e de vous assener un crochet qui ferait vaciller votre croissance.<\/p>\n<h2>R\u00e9daction<\/h2>\n<p>Vous voulez am\u00e9liorer la qualit\u00e9 de vos communications \u00e9crites pour leur donner de la vie, de la couleur et du mordant?<\/p>\n<p>Nos r\u00e9dacteurs font de v\u00e9ritables prodiges lorsqu\u2019il est question de cr\u00e9er du contenu original, exclusif et in\u00e9dit qui permettra \u00e0 vos documents administratifs et \u00e0 vos articles Web de se d\u00e9marquer de ceux de la concurrence tout en interpellant le public que vous ciblez.<\/p>\n<p>Faites-nous part de votre vision, de vos exigences et de vos contraintes afin que nous puissions vous rendre des textes percutants qui propulseront vos activit\u00e9s vers l\u2019avant.<\/p>\n<h2>Services-conseils<\/h2>\n<p>Vous voulez occuper de nouveaux cr\u00e9neaux linguistiques? S\u00e9duire une nouvelle client\u00e8le? Accro\u00eetre votre chiffre d\u2019affaires?<\/p>\n<p>Vous aimeriez avoir l\u2019opinion d\u2019un professionnel?<\/p>\n<p>Tirez parti des connaissances, des conseils et de l\u2019exp\u00e9rience de nos sp\u00e9cialistes en communication \u00e9crite et de nos langagiers professionnels pour stimuler vos activit\u00e9s commerciales et promouvoir vos initiatives de d\u00e9veloppement.<\/p>\n<p>Nous nous ferons un plaisir d\u2019analyser vos besoins et de faire le n\u00e9cessaire pour vous ouvrir les portes des march\u00e9s que vous convoitez.<\/p>\n<h2>Des avantages bien concrets<\/h2>\n<p>Vous \u00eates \u00e0 la recherche d\u2019un service de communications \u00e9crites qui accorde la m\u00eame valeur que vous aux textes que vous diffusez?<\/p>\n<p>Vous \u00eates au bon endroit!<\/p>\n<p>Faites \u00e9quipe avec nous et profitez ainsi d\u2019une foule d\u2019avantages!<\/p>\n<p>Prenez le t\u00e9l\u00e9phone sans plus attendre et composez le <a href=\"tel:18334366331\">+1\u00a0833-436-6331<\/a>. Contrairement \u00e0 d\u2019autres, nous r\u00e9pondons aux appels que nous recevons!<\/p>\n<p>Vous pr\u00e9f\u00e9rez nous envoyer vos documents et votre requ\u00eate par courriel? Faites parvenir le tout \u00e0 cette adresse\u00a0: <a href=\"mailto:info@traductioninvisible.com\">info@traductioninvisible.com<\/a>.<\/p>\n<p>Choisir Traduction INVISIBLE, \u00e7a se traduit en r\u00e9sultats tangibles!<\/p>\n<p>[\/et_pb_text][et_pb_text admin_label=\u00a0\u00bbRelated Pages\u00a0\u00bb _builder_version=\u00a0\u00bb4.16&Prime; background_size=\u00a0\u00bbinitial\u00a0\u00bb background_position=\u00a0\u00bbtop_left\u00a0\u00bb background_repeat=\u00a0\u00bbrepeat\u00a0\u00bb use_border_color=\u00a0\u00bboff\u00a0\u00bb border_color=\u00a0\u00bb#ffffff\u00a0\u00bb border_style=\u00a0\u00bbsolid\u00a0\u00bb global_colors_info=\u00a0\u00bb{}\u00a0\u00bb]<\/p>\n<h3>Sujets connexes :<\/h3>\n<div class='yarpp yarpp-related yarpp-related-shortcode yarpp-template-list'>\n<!-- YARPP List -->\n<ol>\n<li><a href=\"https:\/\/www.invisibletranslation.com\/fr\/politique-confidentialite\/\" rel=\"bookmark\" title=\"Politique de confidentialit\u00e9\">Politique de confidentialit\u00e9<\/a><\/li>\n<li><a href=\"https:\/\/www.invisibletranslation.com\/fr\/faq\/\" rel=\"bookmark\" title=\"FAQ\">FAQ<\/a><\/li>\n<\/ol>\n<\/div>\n\n<p>[\/et_pb_text][\/et_pb_column][et_pb_column type=\u00a0\u00bb1_3&Prime; _builder_version=\u00a0\u00bb4.16&Prime; custom_padding=\u00a0\u00bb|||\u00a0\u00bb global_colors_info=\u00a0\u00bb{}\u00a0\u00bb custom_padding__hover=\u00a0\u00bb|||\u00a0\u00bb][et_pb_sidebar orientation=\u00a0\u00bbright\u00a0\u00bb area=\u00a0\u00bbsidebar-1&Prime; _builder_version=\u00a0\u00bb4.16&Prime; remove_border=\u00a0\u00bboff\u00a0\u00bb global_colors_info=\u00a0\u00bb{}\u00a0\u00bb][\/et_pb_sidebar][\/et_pb_column][\/et_pb_row][\/et_pb_section]<\/p>\n","protected":false},"excerpt":{"rendered":"<p>Notre \u00e9quipe est constitu\u00e9e de langagiers professionnels et polyvalents, reconnus pour la grande qualit\u00e9 de leur travail, et elle vous offre une gamme compl\u00e8te de services linguistiques qui sauront r\u00e9pondre \u00e0 tous vos besoins en mati\u00e8re de communication \u00e9crite. Voici un aper\u00e7u de ce que&#8230;<\/p>\n","protected":false},"author":3,"featured_media":0,"parent":0,"menu_order":3,"comment_status":"closed","ping_status":"closed","template":"","meta":{"_et_pb_use_builder":"on","_et_pb_old_content":"","_et_gb_content_width":"","footnotes":""},"categories":[],"tags":[],"class_list":["post-1366","page","type-page","status-publish","hentry"],"yoast_head":"<!-- This site is optimized with the Yoast SEO plugin v25.0 - https:\/\/yoast.com\/wordpress\/plugins\/seo\/ -->\n<title>Services de traduction pr\u00e8s de Montr\u00e9al | Traduction INVISIBLE inc.<\/title>\n<meta name=\"robots\" content=\"index, follow, max-snippet:-1, max-image-preview:large, max-video-preview:-1\" \/>\n<link rel=\"canonical\" href=\"https:\/\/www.invisibletranslation.com\/fr\/services\/\" \/>\n<meta property=\"og:locale\" content=\"fr_FR\" \/>\n<meta property=\"og:type\" content=\"article\" \/>\n<meta property=\"og:title\" content=\"Services de traduction pr\u00e8s de Montr\u00e9al | Traduction INVISIBLE inc.\" \/>\n<meta property=\"og:description\" content=\"Notre \u00e9quipe est constitu\u00e9e de langagiers professionnels et polyvalents, reconnus pour la grande qualit\u00e9 de leur travail, et elle vous offre une gamme compl\u00e8te de services linguistiques qui sauront r\u00e9pondre \u00e0 tous vos besoins en mati\u00e8re de communication \u00e9crite. Voici un aper\u00e7u de ce que...\" \/>\n<meta property=\"og:url\" content=\"https:\/\/www.invisibletranslation.com\/fr\/services\/\" \/>\n<meta property=\"og:site_name\" content=\"Traduction INVISIBLE inc.\" \/>\n<meta property=\"article:modified_time\" content=\"2023-04-24T23:18:19+00:00\" \/>\n<meta property=\"og:image\" content=\"https:\/\/www.invisibletranslation.com\/wp-content\/uploads\/2023\/04\/services-02-fr.jpg\" \/>\n<meta name=\"twitter:card\" content=\"summary_large_image\" \/>\n<meta name=\"twitter:label1\" content=\"Dur\u00e9e de lecture estim\u00e9e\" \/>\n\t<meta name=\"twitter:data1\" content=\"5 minutes\" \/>\n<script type=\"application\/ld+json\" class=\"yoast-schema-graph\">{\"@context\":\"https:\/\/schema.org\",\"@graph\":[{\"@type\":\"WebPage\",\"@id\":\"https:\/\/www.invisibletranslation.com\/fr\/services\/\",\"url\":\"https:\/\/www.invisibletranslation.com\/fr\/services\/\",\"name\":\"Services de traduction pr\u00e8s de Montr\u00e9al | Traduction INVISIBLE inc.\",\"isPartOf\":{\"@id\":\"https:\/\/www.invisibletranslation.com\/fr\/#website\"},\"primaryImageOfPage\":{\"@id\":\"https:\/\/www.invisibletranslation.com\/fr\/services\/#primaryimage\"},\"image\":{\"@id\":\"https:\/\/www.invisibletranslation.com\/fr\/services\/#primaryimage\"},\"thumbnailUrl\":\"https:\/\/www.invisibletranslation.com\/wp-content\/uploads\/2023\/04\/services-02-fr.jpg\",\"datePublished\":\"2016-04-29T15:16:01+00:00\",\"dateModified\":\"2023-04-24T23:18:19+00:00\",\"breadcrumb\":{\"@id\":\"https:\/\/www.invisibletranslation.com\/fr\/services\/#breadcrumb\"},\"inLanguage\":\"fr-FR\",\"potentialAction\":[{\"@type\":\"ReadAction\",\"target\":[\"https:\/\/www.invisibletranslation.com\/fr\/services\/\"]}]},{\"@type\":\"ImageObject\",\"inLanguage\":\"fr-FR\",\"@id\":\"https:\/\/www.invisibletranslation.com\/fr\/services\/#primaryimage\",\"url\":\"https:\/\/www.invisibletranslation.com\/wp-content\/uploads\/2023\/04\/services-02-fr.jpg\",\"contentUrl\":\"https:\/\/www.invisibletranslation.com\/wp-content\/uploads\/2023\/04\/services-02-fr.jpg\"},{\"@type\":\"BreadcrumbList\",\"@id\":\"https:\/\/www.invisibletranslation.com\/fr\/services\/#breadcrumb\",\"itemListElement\":[{\"@type\":\"ListItem\",\"position\":1,\"name\":\"Accueil\",\"item\":\"https:\/\/www.invisibletranslation.com\/fr\/\"},{\"@type\":\"ListItem\",\"position\":2,\"name\":\"Services offerts\"}]},{\"@type\":\"WebSite\",\"@id\":\"https:\/\/www.invisibletranslation.com\/fr\/#website\",\"url\":\"https:\/\/www.invisibletranslation.com\/fr\/\",\"name\":\"Traduction INVISIBLE inc.\",\"description\":\"Translators &amp; Communications Consultants\",\"potentialAction\":[{\"@type\":\"SearchAction\",\"target\":{\"@type\":\"EntryPoint\",\"urlTemplate\":\"https:\/\/www.invisibletranslation.com\/fr\/?s={search_term_string}\"},\"query-input\":{\"@type\":\"PropertyValueSpecification\",\"valueRequired\":true,\"valueName\":\"search_term_string\"}}],\"inLanguage\":\"fr-FR\"}]}<\/script>\n<!-- \/ Yoast SEO plugin. -->","yoast_head_json":{"title":"Services de traduction pr\u00e8s de Montr\u00e9al | Traduction INVISIBLE inc.","robots":{"index":"index","follow":"follow","max-snippet":"max-snippet:-1","max-image-preview":"max-image-preview:large","max-video-preview":"max-video-preview:-1"},"canonical":"https:\/\/www.invisibletranslation.com\/fr\/services\/","og_locale":"fr_FR","og_type":"article","og_title":"Services de traduction pr\u00e8s de Montr\u00e9al | Traduction INVISIBLE inc.","og_description":"Notre \u00e9quipe est constitu\u00e9e de langagiers professionnels et polyvalents, reconnus pour la grande qualit\u00e9 de leur travail, et elle vous offre une gamme compl\u00e8te de services linguistiques qui sauront r\u00e9pondre \u00e0 tous vos besoins en mati\u00e8re de communication \u00e9crite. Voici un aper\u00e7u de ce que...","og_url":"https:\/\/www.invisibletranslation.com\/fr\/services\/","og_site_name":"Traduction INVISIBLE inc.","article_modified_time":"2023-04-24T23:18:19+00:00","og_image":[{"url":"https:\/\/www.invisibletranslation.com\/wp-content\/uploads\/2023\/04\/services-02-fr.jpg","type":"","width":"","height":""}],"twitter_card":"summary_large_image","twitter_misc":{"Dur\u00e9e de lecture estim\u00e9e":"5 minutes"},"schema":{"@context":"https:\/\/schema.org","@graph":[{"@type":"WebPage","@id":"https:\/\/www.invisibletranslation.com\/fr\/services\/","url":"https:\/\/www.invisibletranslation.com\/fr\/services\/","name":"Services de traduction pr\u00e8s de Montr\u00e9al | Traduction INVISIBLE inc.","isPartOf":{"@id":"https:\/\/www.invisibletranslation.com\/fr\/#website"},"primaryImageOfPage":{"@id":"https:\/\/www.invisibletranslation.com\/fr\/services\/#primaryimage"},"image":{"@id":"https:\/\/www.invisibletranslation.com\/fr\/services\/#primaryimage"},"thumbnailUrl":"https:\/\/www.invisibletranslation.com\/wp-content\/uploads\/2023\/04\/services-02-fr.jpg","datePublished":"2016-04-29T15:16:01+00:00","dateModified":"2023-04-24T23:18:19+00:00","breadcrumb":{"@id":"https:\/\/www.invisibletranslation.com\/fr\/services\/#breadcrumb"},"inLanguage":"fr-FR","potentialAction":[{"@type":"ReadAction","target":["https:\/\/www.invisibletranslation.com\/fr\/services\/"]}]},{"@type":"ImageObject","inLanguage":"fr-FR","@id":"https:\/\/www.invisibletranslation.com\/fr\/services\/#primaryimage","url":"https:\/\/www.invisibletranslation.com\/wp-content\/uploads\/2023\/04\/services-02-fr.jpg","contentUrl":"https:\/\/www.invisibletranslation.com\/wp-content\/uploads\/2023\/04\/services-02-fr.jpg"},{"@type":"BreadcrumbList","@id":"https:\/\/www.invisibletranslation.com\/fr\/services\/#breadcrumb","itemListElement":[{"@type":"ListItem","position":1,"name":"Accueil","item":"https:\/\/www.invisibletranslation.com\/fr\/"},{"@type":"ListItem","position":2,"name":"Services offerts"}]},{"@type":"WebSite","@id":"https:\/\/www.invisibletranslation.com\/fr\/#website","url":"https:\/\/www.invisibletranslation.com\/fr\/","name":"Traduction INVISIBLE inc.","description":"Translators &amp; Communications Consultants","potentialAction":[{"@type":"SearchAction","target":{"@type":"EntryPoint","urlTemplate":"https:\/\/www.invisibletranslation.com\/fr\/?s={search_term_string}"},"query-input":{"@type":"PropertyValueSpecification","valueRequired":true,"valueName":"search_term_string"}}],"inLanguage":"fr-FR"}]}},"_links":{"self":[{"href":"https:\/\/www.invisibletranslation.com\/fr\/wp-json\/wp\/v2\/pages\/1366","targetHints":{"allow":["GET"]}}],"collection":[{"href":"https:\/\/www.invisibletranslation.com\/fr\/wp-json\/wp\/v2\/pages"}],"about":[{"href":"https:\/\/www.invisibletranslation.com\/fr\/wp-json\/wp\/v2\/types\/page"}],"author":[{"embeddable":true,"href":"https:\/\/www.invisibletranslation.com\/fr\/wp-json\/wp\/v2\/users\/3"}],"replies":[{"embeddable":true,"href":"https:\/\/www.invisibletranslation.com\/fr\/wp-json\/wp\/v2\/comments?post=1366"}],"version-history":[{"count":0,"href":"https:\/\/www.invisibletranslation.com\/fr\/wp-json\/wp\/v2\/pages\/1366\/revisions"}],"wp:attachment":[{"href":"https:\/\/www.invisibletranslation.com\/fr\/wp-json\/wp\/v2\/media?parent=1366"}],"wp:term":[{"taxonomy":"category","embeddable":true,"href":"https:\/\/www.invisibletranslation.com\/fr\/wp-json\/wp\/v2\/categories?post=1366"},{"taxonomy":"post_tag","embeddable":true,"href":"https:\/\/www.invisibletranslation.com\/fr\/wp-json\/wp\/v2\/tags?post=1366"}],"curies":[{"name":"wp","href":"https:\/\/api.w.org\/{rel}","templated":true}]}}