{"id":6365,"date":"2024-08-28T13:37:38","date_gmt":"2024-08-28T17:37:38","guid":{"rendered":"https:\/\/www.invisibletranslation.com\/traduction-documents-officiels\/"},"modified":"2025-04-09T12:22:39","modified_gmt":"2025-04-09T16:22:39","slug":"traduccion-documentos-oficiales","status":"publish","type":"page","link":"https:\/\/www.invisibletranslation.com\/es\/traduccion-documentos-oficiales\/","title":{"rendered":"Traducci\u00f3n de documentos oficiales"},"content":{"rendered":"<p>[et_pb_section fb_built=\u00bb1&#8243; _builder_version=\u00bb4.27.0&#8243; _module_preset=\u00bbdefault\u00bb global_colors_info=\u00bb{}\u00bb][et_pb_row column_structure=\u00bb2_3,1_3&#8243; _builder_version=\u00bb4.27.0&#8243; _module_preset=\u00bbdefault\u00bb global_colors_info=\u00bb{}\u00bb][et_pb_column type=\u00bb2_3&#8243; _builder_version=\u00bb4.27.0&#8243; _module_preset=\u00bbdefault\u00bb global_colors_info=\u00bb{}\u00bb][et_pb_text admin_label=\u00bbBreadcrumbs\u00bb _builder_version=\u00bb4.27.0&#8243; _module_preset=\u00bbdefault\u00bb global_colors_info=\u00bb{}\u00bb]<\/p>\n<div class=\"breadcrumb\" itemprop=\"breadcrumb\"><span><span><a href=\"https:\/\/www.invisibletranslation.com\/es\/\">Inicio<\/a><\/span><\/span><\/div>\n<p>[\/et_pb_text][et_pb_text admin_label=\u00bbLong Title\u00bb _builder_version=\u00bb4.27.0&#8243; _module_preset=\u00bbdefault\u00bb global_colors_info=\u00bb{}\u00bb]<\/p>\n<h1>Traducci\u00f3n de documentos oficiales<\/h1>\n<p><img loading=\"lazy\" decoding=\"async\" id=\"title-top-image\" src=\"https:\/\/www.invisibletranslation.com\/wp-content\/uploads\/2024\/09\/traduction-documents-officiels-01-es-1024x536.jpg\" width=\"1024\" height=\"536\" alt=\"Documentos oficiales traduccion\" class=\"wp-image-6358 alignnone size-large\" \/>[\/et_pb_text][et_pb_text admin_label=\u00bbLanguages\u00bb _builder_version=\u00bb4.27.0&#8243; _module_preset=\u00bbdefault\u00bb global_colors_info=\u00bb{}\u00bb]<\/p>\n<div id=\"tdo-box\" class=\"et-box et-shadow\">\n<div class=\"et-box-content\">\n    <a href=\"https:\/\/www.invisibletranslation.com\/\">english version<\/a> | <a href=\"https:\/\/www.invisibletranslation.com\/fr\/\">version fran\u00e7aise<\/a>\n  <\/div>\n<\/div>\n<p>[\/et_pb_text][et_pb_text _builder_version=\u00bb4.27.0&#8243; _module_preset=\u00bbdefault\u00bb hover_enabled=\u00bb0&#8243; global_colors_info=\u00bb{}\u00bb sticky_enabled=\u00bb0&#8243;]<\/p>\n<p>Bienvenido a INVISIBLE Translation Inc., \u00a1y gracias por su inter\u00e9s! Estamos a su disposici\u00f3n para ayudarlo. Para empezar, complete el siguiente formulario y cargue de forma segura los documentos necesarios desde su plataforma de intercambio favorita. Si tiene alguna pregunta, vea el video para obtener una gu\u00eda paso a paso del proceso, o p\u00f3ngase en contacto con nosotros llamando sin cargo al siguiente n\u00famero: <a href=\"tel:18334366331\">1\u00a0833\u00a0436-6331<\/a>. \u00a1Estamos aqu\u00ed para ayudarlo en cada paso del proceso!<\/p>\n<p>[\/et_pb_text][et_pb_video src=\u00bbhttps:\/\/vimeo.com\/911644492\/fb73692f6c\u00bb _builder_version=\u00bb4.27.0&#8243; _module_preset=\u00bbdefault\u00bb global_colors_info=\u00bb{}\u00bb][\/et_pb_video][et_pb_text admin_label=\u00bbFormulaire\u00bb _builder_version=\u00bb4.27.0&#8243; _module_preset=\u00bbdefault\u00bb global_colors_info=\u00bb{}\u00bb]<\/p>\n\n<div class=\"wpcf7 no-js\" id=\"wpcf7-f3796-o1\" lang=\"en-US\" dir=\"ltr\" data-wpcf7-id=\"3796\">\n<div class=\"screen-reader-response\"><p role=\"status\" aria-live=\"polite\" aria-atomic=\"true\"><\/p> <ul><\/ul><\/div>\n<form action=\"\/es\/wp-json\/wp\/v2\/pages\/6365#wpcf7-f3796-o1\" method=\"post\" class=\"wpcf7-form init\" aria-label=\"Contact form\" enctype=\"multipart\/form-data\" novalidate=\"novalidate\" data-status=\"init\">\n<div style=\"display: none;\">\n<input type=\"hidden\" name=\"_wpcf7\" value=\"3796\" \/>\n<input type=\"hidden\" name=\"_wpcf7_version\" value=\"6.0.6\" \/>\n<input type=\"hidden\" name=\"_wpcf7_locale\" value=\"en_US\" \/>\n<input type=\"hidden\" name=\"_wpcf7_unit_tag\" value=\"wpcf7-f3796-o1\" \/>\n<input type=\"hidden\" name=\"_wpcf7_container_post\" value=\"0\" \/>\n<input type=\"hidden\" name=\"_wpcf7_posted_data_hash\" value=\"\" \/>\n<input type=\"hidden\" name=\"_wpcf7_recaptcha_response\" value=\"\" \/>\n<\/div>\n<!-- Latest compiled and minified CSS -->\n<p><link rel=\"stylesheet\" href=\"https:\/\/maxcdn.bootstrapcdn.com\/bootstrap\/3.3.7\/css\/bootstrap.min.css\" integrity=\"sha384-BVYiiSIFeK1dGmJRAkycuHAHRg32OmUcww7on3RYdg4Va+PmSTsz\/K68vbdEjh4u\" crossorigin=\"anonymous\" \/>\n<\/p>\n<style>\n#content-zone {\n margin-top: 10px !important;\n}\nbody {\n font-family: 'Montserrat',Helvetica,Arial,Lucida,sans-serif !important;\n font-size: 15px;\n color: #666;\n background-color: #fff;\n line-height: 1.7em;\n font-weight: 500;\n -webkit-font-smoothing: antialiased;\n -moz-osx-font-smoothing: grayscale;\n}\n.breadcrumb {\n padding: 2px 4px 2px 8px;\n background-color: #f9f9f9;\n border-radius: 0;\n margin-bottom: 0;\n}\nlabel {\n font-size: 14px;\n line-height: 24px;\n font-weight: 800;\n}\nh1 {\n color: #333;\n font-family: 'Montserrat',Helvetica,Arial,Lucida,sans-serif !important;\n font-size: 30px;\n padding-bottom: 10px;\n margin: 0 !important;\n}\nh5.et_pb_toggle_title {\n font-size: 16px;\n letter-spacing: -1px;\n font-family: 'Montserrat',Helvetica,Arial,Lucida,sans-serif;\n margin: 0 !important;\n}\n.cf7-replace-caldera .row {\n\tmargin-bottom: 30px;\n}\n.cf7-replace-caldera .row > div {\n\tmargin-bottom: 10px;\n}\n.cf7-replace-caldera .wpcf7-form-control {\n background-color: #fff;\n border-radius: 2px;\n border: 1px solid #ccc;\n height: 34px;\n padding: 6px 12px;\n width: 100%;\n -webkit-box-shadow: inset 0 1px 1px rgba(0,0,0,.075);\n box-shadow: inset 0 1px 1px rgba(0,0,0,.075);\n -webkit-transition: border-color ease-in-out .15s,box-shadow ease-in-out .15s;\n -o-transition: border-color ease-in-out .15s,box-shadow ease-in-out .15s;\n transition: border-color ease-in-out .15s,box-shadow ease-in-out .15s;\n}\n.cf7-replace-caldera textarea.wpcf7-form-control {\n height: auto;\n padding-right: 4px;\n}\n.cf7-replace-caldera .wpcf7-form-control:focus {\n border-color: #66afe9;\n outline: 0;\n -webkit-box-shadow: inset 0 1px 1px rgba(0,0,0,.075),0 0 8px rgba(102,175,233,.6);\n box-shadow: inset 0 1px 1px rgba(0,0,0,.075),0 0 8px rgba(102,175,233,.6);\n}\ninput.text:focus, input.title:focus, input[type=\"text\"]:focus, select:focus, textarea:focus {\n border-color: #2d3940;\n color: #3e3e3e;\n}\n.cf7-replace-caldera .recaptcha .wpcf7-form-control {\n border: none;\n box-shadow: none;\n height: inherit;\n margin-bottom: 30px;\n padding: 0;\n}\n.cf7-replace-caldera input[type=\"submit\"] {\n background: #009900;\n color: #fff;\n font-size: 20px;\n font-weight: 400;\n height: inherit;\n padding: 23px 10px;\n}\n.cf7-replace-caldera input[type=\"submit\"]:hover {\n background: #006600;\n}\n<\/style>\n<div class=\"container-fluid cf7-replace-caldera\">\n\t<div class=\"row\">\n\t\t<div class=\"col-md-12\">\n\t\t\t<p>(<b style=\"color: #ee0000 !important;\">*<\/b>) = Este campo es obligatorio.\n\t\t\t<\/p>\n\t\t<\/div>\n\t<\/div>\n\t<div class=\"row\">\n\t\t<div class=\"col-md-4\">\n\t\t\t<p><label>Nombre <b style=\"color: #ee0000 !important;\">*<\/b><\/label><br \/>\n<span class=\"wpcf7-form-control-wrap\" data-name=\"your-firstname\"><input size=\"40\" maxlength=\"400\" class=\"wpcf7-form-control wpcf7-text wpcf7-validates-as-required\" aria-required=\"true\" aria-invalid=\"false\" value=\"\" type=\"text\" name=\"your-firstname\" \/><\/span>\n\t\t\t<\/p>\n\t\t<\/div>\n\t\t<div class=\"col-md-4\">\n\t\t\t<p><label>Apellido <b style=\"color: #ee0000 !important;\">*<\/b><\/label><br \/>\n<span class=\"wpcf7-form-control-wrap\" data-name=\"your-lastname\"><input size=\"40\" maxlength=\"400\" class=\"wpcf7-form-control wpcf7-text wpcf7-validates-as-required\" aria-required=\"true\" aria-invalid=\"false\" value=\"\" type=\"text\" name=\"your-lastname\" \/><\/span>\n\t\t\t<\/p>\n\t\t<\/div>\n\t\t<div class=\"col-md-4\">\n\t\t\t<p><label>Correo electr\u00f3nico <b style=\"color: #ee0000 !important;\">*<\/b><\/label><br \/>\n<span class=\"wpcf7-form-control-wrap\" data-name=\"your-email\"><input size=\"40\" maxlength=\"400\" class=\"wpcf7-form-control wpcf7-email wpcf7-validates-as-required wpcf7-text wpcf7-validates-as-email\" aria-required=\"true\" aria-invalid=\"false\" value=\"\" type=\"email\" name=\"your-email\" \/><\/span>\n\t\t\t<\/p>\n\t\t<\/div>\n\t\t<div class=\"col-md-4\">\n\t\t\t<p><label>Tel\u00e9fono <b style=\"color: #ee0000 !important;\">*<\/b><\/label><br \/>\n<span class=\"wpcf7-form-control-wrap\" data-name=\"your-telephone\"><input size=\"40\" maxlength=\"400\" class=\"wpcf7-form-control wpcf7-text wpcf7-validates-as-required\" aria-required=\"true\" aria-invalid=\"false\" value=\"\" type=\"text\" name=\"your-telephone\" \/><\/span>\n\t\t\t<\/p>\n\t\t<\/div>\n\t\t<div class=\"col-md-4\">\n\t\t\t<p><label>Empresa<\/label><br \/>\n<span class=\"wpcf7-form-control-wrap\" data-name=\"your-company\"><input size=\"40\" maxlength=\"400\" class=\"wpcf7-form-control wpcf7-text\" aria-invalid=\"false\" value=\"\" type=\"text\" name=\"your-company\" \/><\/span>\n\t\t\t<\/p>\n\t\t<\/div>\n\t\t<div class=\"col-md-4\">\n\t\t\t<p><label>Plazo de entrega<\/label><br \/>\n<span class=\"wpcf7-form-control-wrap\" data-name=\"your-deadline\"><input class=\"wpcf7-form-control wpcf7-date wpcf7-validates-as-date\" aria-invalid=\"false\" value=\"\" type=\"date\" name=\"your-deadline\" \/><\/span>\n\t\t\t<\/p>\n\t\t<\/div>\n\t<\/div>\n\t<div class=\"row\">\n\t\t<div class=\"col-md-12\">\n\t\t\t<p><label>Enviar sus archivos<\/label>\n\t\t\t<\/p>\n\t\t\t<p style=\"font-family: 'Montserrat',Helvetica,Arial,Lucida,sans-serif !important; font-size: 12px;line-height: 20px;\">Para proteger su privacidad y evitar el robo de identidad, evite enviar documentos que contengan informaci\u00f3n confidencial que no est\u00e9 cifrada o protegida por una contrase\u00f1a compleja. El Gobierno de Canad\u00e1 ofrece consejos sobre <a href=\"https:\/\/www.priv.gc.ca\/en\/privacy-topics\/technology\/online-privacy-tracking-cookies\/online-privacy\/protecting-your-privacy-online\/\" target=\"_blank\">c\u00f3mo proteger su informaci\u00f3n personal en l\u00ednea<\/a> y <a href=\"https:\/\/www.priv.gc.ca\/en\/privacy-topics\/technology\/online-privacy-tracking-cookies\/online-privacy\/tips_pw\/\" target=\"_blank\">c\u00f3mo crear y administrar sus contrase\u00f1as<\/a>.\n\t\t\t<\/p>\n\t\t\t<p><span class=\"wpcf7-form-control-wrap your-files\" style=\"position: static;\"><input size=\"40\" class=\"wpcf7-form-control wpcf7-dropuploader\" accept=\"application\/zip,zip,application\/x-rar-compressed,application\/x-rar,application\/rar,rar,application\/msword,doc,application\/vnd.openxmlformats-officedocument.wordprocessingml.document,docx,application\/vnd.ms-excel,xls,application\/pdf,pdf,application\/vnd.ms-powerpoint,ppt,application\/vnd.openxmlformats-officedocument.presentationml.presentation,pptx,image\/jpeg,image\/gif,image\/png\" data-maxfilesize=\"20000000\" aria-invalid=\"false\" type=\"file\" name=\"your-files[]\" multiple=\"multiple\" \/><\/span>\n\t\t\t<\/p>\n\t\t<\/div>\n\t<\/div>\n\t<div class=\"row\">\n\t\t<div class=\"col-md-12\">\n\t\t\t<p><label>Asunto <b style=\"color: #ee0000 !important;\">*<\/b><\/label><br \/>\n<span class=\"wpcf7-form-control-wrap\" data-name=\"your-subject\"><input size=\"40\" maxlength=\"400\" class=\"wpcf7-form-control wpcf7-text wpcf7-validates-as-required\" aria-required=\"true\" aria-invalid=\"false\" value=\"\" type=\"text\" name=\"your-subject\" \/><\/span>\n\t\t\t<\/p>\n\t\t<\/div>\n\t\t<div class=\"col-md-12\">\n\t\t\t<p><label>Mensaje <b style=\"color: #ee0000 !important;\">*<\/b><\/label><br \/>\n<span class=\"wpcf7-form-control-wrap\" data-name=\"your-message\"><textarea cols=\"40\" rows=\"10\" maxlength=\"2000\" class=\"wpcf7-form-control wpcf7-textarea wpcf7-validates-as-required\" aria-required=\"true\" aria-invalid=\"false\" name=\"your-message\"><\/textarea><\/span>\n\t\t\t<\/p>\n\t\t<\/div>\n\t<\/div>\n\t<div class=\"row\">\n\t\t<div class=\"col-md-12 recaptcha\">\n\t\t\t<p class=\"g-recaptcha-notice\" style=\"font-size: 11px;line-height: 16px;margin-bottom: 0; text-align: center;\">Este sitio est\u00e1 protegido por recaptcha. Se aplican la <a href=\"https:\/\/policies.google.com\/privacy\" target=\"_blank\">Pol\u00edtica de Privacidad<\/a> y las <a href=\"https:\/\/policies.google.com\/terms\" target=\"_blank\">Condiciones de Servicio<\/a> de Google.\n\t\t\t<\/p>\n\t\t<\/div>\n\t\t<div class=\"col-md-12\">\n\t\t\t<p><input class=\"wpcf7-form-control wpcf7-submit has-spinner\" type=\"submit\" value=\"Enviar\" \/>\n\t\t\t<\/p>\n\t\t\t<p style=\"font-family: 'Montserrat',Helvetica,Arial,Lucida,sans-serif !important; font-size: 18px;line-height: 26px;\">Si el formulario no funciona con normalidad o si aparece un mensaje de error, <a href=\"tel:1-833-436-6331\">ll\u00e1menos<\/a> de inmediato o <a href=\"mailto:cotizacion@traduccioninvisible.com?subject=Solicitud%20de%20cotizaci%C3%B3n&body=*Debe%20rellenar%20todos%20los%20campos.*%20%0A%0ANombre:%0ACargo:%20%0ACompa%C3%B1%C3%ADa:%0ADirecci%C3%B3n%20postal:%0A%0ATel%C3%A9fono:%0AFax:%0ACorreo-e:%0A%0AIdioma%20de%20origen:%0AIdioma(s)%20de%20llegada%20\/%20Pa%C3%ADs(es):%0A%0AArchivo(s):%0ASu%20n%C3%BAmero%20de%20referencia:%0A%0AObservaciones%20e%20instrucciones:%0A%0A%0A%3E%3E%3E%20NO%20OLVIDE%20ADJUNTAR%20SUS%20ARCHIVOS%20Y%20PRECISAR%20EL%20PLAZO%20DE%20ENTREGA.%0A\">haga clic aqu\u00ed<\/a> para que podamos ayudarlo.\n\t\t\t<\/p>\n\t\t<\/div>\n\t<\/div>\n<\/div><div class=\"wpcf7-response-output\" aria-hidden=\"true\"><\/div>\n<\/form>\n<\/div>\n\n<p>[\/et_pb_text][et_pb_code admin_label=\u00bbCustom codes\u00bb _builder_version=\u00bb4.27.0&#8243; _module_preset=\u00bbdefault\u00bb global_colors_info=\u00bb{}\u00bb]<\/p>\n<style><!-- [et_pb_line_break_holder] -->#tdo-box .et-box-content {<!-- [et_pb_line_break_holder] -->    padding: 10px !important;<!-- [et_pb_line_break_holder] -->    display: flex;<!-- [et_pb_line_break_holder] -->    justify-content: center;<!-- [et_pb_line_break_holder] -->    gap: 20px;<!-- [et_pb_line_break_holder] -->}<!-- [et_pb_line_break_holder] -->#tdo-box .et-box-content p {<!-- [et_pb_line_break_holder] -->  margin: 0;<!-- [et_pb_line_break_holder] -->  padding: 0;<!-- [et_pb_line_break_holder] -->}<!-- [et_pb_line_break_holder] -->.header-cta {<!-- [et_pb_line_break_holder] -->    display: none;<!-- [et_pb_line_break_holder] -->}<!-- [et_pb_line_break_holder] --><\/style>\n<p>[\/et_pb_code][\/et_pb_column][et_pb_column type=\u00bb1_3&#8243; _builder_version=\u00bb4.27.0&#8243; _module_preset=\u00bbdefault\u00bb global_colors_info=\u00bb{}\u00bb][et_pb_sidebar _builder_version=\u00bb4.27.0&#8243; _module_preset=\u00bbdefault\u00bb global_colors_info=\u00bb{}\u00bb][\/et_pb_sidebar][\/et_pb_column][\/et_pb_row][\/et_pb_section]<\/p>\n","protected":false},"excerpt":{"rendered":"<p><div class=\"breadcrumb\" itemprop=\"breadcrumb\"><span><span><a href=\"https:\/\/www.invisibletranslation.com\/es\/\">Inicio<\/a><\/span><\/span><\/div>Traducci\u00f3n de documentos oficiales <a href=\"https:\/\/www.invisibletranslation.com\/\">english version<\/a> | <a href=\"https:\/\/www.invisibletranslation.com\/fr\/\">version fran\u00e7aise<\/a> Bienvenido a INVISIBLE Translation Inc., \u00a1y gracias por su inter\u00e9s! Estamos a su disposici\u00f3n para ayudarlo. Para empezar, complete el siguiente formulario y cargue de forma segura los documentos necesarios desde su plataforma de intercambio favorita. Si tiene alguna pregunta, vea el video para obtener una gu\u00eda paso a paso [&hellip;]<\/p>\n","protected":false},"author":3,"featured_media":0,"parent":0,"menu_order":0,"comment_status":"closed","ping_status":"closed","template":"","meta":{"_et_pb_use_builder":"on","_et_pb_old_content":"","_et_gb_content_width":"","footnotes":""},"class_list":["post-6365","page","type-page","status-publish","hentry"],"yoast_head":"<!-- This site is optimized with the Yoast SEO plugin v25.0 - https:\/\/yoast.com\/wordpress\/plugins\/seo\/ -->\n<title>Traducci\u00f3n de documentos oficiales - Traducci\u00f3n INVISIBLE Inc.<\/title>\n<meta name=\"robots\" content=\"noindex, follow\" \/>\n<meta property=\"og:locale\" content=\"es_ES\" \/>\n<meta property=\"og:type\" content=\"article\" \/>\n<meta property=\"og:title\" content=\"Traducci\u00f3n de documentos oficiales - Traducci\u00f3n INVISIBLE Inc.\" \/>\n<meta property=\"og:description\" content=\"Traducci\u00f3n de documentos oficiales Bienvenido a INVISIBLE Translation Inc., \u00a1y gracias por su inter\u00e9s! Estamos a su disposici\u00f3n para ayudarlo. Para empezar, complete el siguiente formulario y cargue de forma segura los documentos necesarios desde su plataforma de intercambio favorita. Si tiene alguna pregunta, vea el video para obtener una gu\u00eda paso a paso [&hellip;]\" \/>\n<meta property=\"og:url\" content=\"https:\/\/www.invisibletranslation.com\/es\/traduccion-documentos-oficiales\/\" \/>\n<meta property=\"og:site_name\" content=\"Traducci\u00f3n INVISIBLE Inc.\" \/>\n<meta property=\"article:modified_time\" content=\"2025-04-09T16:22:39+00:00\" \/>\n<meta property=\"og:image\" content=\"https:\/\/www.invisibletranslation.com\/wp-content\/uploads\/2024\/09\/traduction-documents-officiels-01-es.jpg\" \/>\n\t<meta property=\"og:image:width\" content=\"1200\" \/>\n\t<meta property=\"og:image:height\" content=\"628\" \/>\n\t<meta property=\"og:image:type\" content=\"image\/jpeg\" \/>\n<meta name=\"twitter:card\" content=\"summary_large_image\" \/>\n<meta name=\"twitter:label1\" content=\"Tiempo de lectura\" \/>\n\t<meta name=\"twitter:data1\" content=\"2 minutos\" \/>\n<script type=\"application\/ld+json\" class=\"yoast-schema-graph\">{\"@context\":\"https:\/\/schema.org\",\"@graph\":[{\"@type\":\"WebPage\",\"@id\":\"https:\/\/www.invisibletranslation.com\/es\/traduccion-documentos-oficiales\/\",\"url\":\"https:\/\/www.invisibletranslation.com\/es\/traduccion-documentos-oficiales\/\",\"name\":\"Traducci\u00f3n de documentos oficiales - Traducci\u00f3n INVISIBLE Inc.\",\"isPartOf\":{\"@id\":\"https:\/\/www.invisibletranslation.com\/es\/#website\"},\"primaryImageOfPage\":{\"@id\":\"https:\/\/www.invisibletranslation.com\/es\/traduccion-documentos-oficiales\/#primaryimage\"},\"image\":{\"@id\":\"https:\/\/www.invisibletranslation.com\/es\/traduccion-documentos-oficiales\/#primaryimage\"},\"thumbnailUrl\":\"https:\/\/www.invisibletranslation.com\/wp-content\/uploads\/2024\/09\/traduction-documents-officiels-01-es-1024x536.jpg\",\"datePublished\":\"2024-08-28T17:37:38+00:00\",\"dateModified\":\"2025-04-09T16:22:39+00:00\",\"breadcrumb\":{\"@id\":\"https:\/\/www.invisibletranslation.com\/es\/traduccion-documentos-oficiales\/#breadcrumb\"},\"inLanguage\":\"es\",\"potentialAction\":[{\"@type\":\"ReadAction\",\"target\":[\"https:\/\/www.invisibletranslation.com\/es\/traduccion-documentos-oficiales\/\"]}]},{\"@type\":\"ImageObject\",\"inLanguage\":\"es\",\"@id\":\"https:\/\/www.invisibletranslation.com\/es\/traduccion-documentos-oficiales\/#primaryimage\",\"url\":\"https:\/\/www.invisibletranslation.com\/wp-content\/uploads\/2024\/09\/traduction-documents-officiels-01-es-1024x536.jpg\",\"contentUrl\":\"https:\/\/www.invisibletranslation.com\/wp-content\/uploads\/2024\/09\/traduction-documents-officiels-01-es-1024x536.jpg\"},{\"@type\":\"BreadcrumbList\",\"@id\":\"https:\/\/www.invisibletranslation.com\/es\/traduccion-documentos-oficiales\/#breadcrumb\",\"itemListElement\":[{\"@type\":\"ListItem\",\"position\":1,\"name\":\"Inicio\",\"item\":\"https:\/\/www.invisibletranslation.com\/es\/\"},{\"@type\":\"ListItem\",\"position\":2,\"name\":\"Traducci\u00f3n de documentos oficiales\"}]},{\"@type\":\"WebSite\",\"@id\":\"https:\/\/www.invisibletranslation.com\/es\/#website\",\"url\":\"https:\/\/www.invisibletranslation.com\/es\/\",\"name\":\"Traducci\u00f3n INVISIBLE Inc.\",\"description\":\"Translators &amp; Communications Consultants\",\"potentialAction\":[{\"@type\":\"SearchAction\",\"target\":{\"@type\":\"EntryPoint\",\"urlTemplate\":\"https:\/\/www.invisibletranslation.com\/es\/?s={search_term_string}\"},\"query-input\":{\"@type\":\"PropertyValueSpecification\",\"valueRequired\":true,\"valueName\":\"search_term_string\"}}],\"inLanguage\":\"es\"}]}<\/script>\n<!-- \/ Yoast SEO plugin. -->","yoast_head_json":{"title":"Traducci\u00f3n de documentos oficiales - Traducci\u00f3n INVISIBLE Inc.","robots":{"index":"noindex","follow":"follow"},"og_locale":"es_ES","og_type":"article","og_title":"Traducci\u00f3n de documentos oficiales - Traducci\u00f3n INVISIBLE Inc.","og_description":"Traducci\u00f3n de documentos oficiales Bienvenido a INVISIBLE Translation Inc., \u00a1y gracias por su inter\u00e9s! Estamos a su disposici\u00f3n para ayudarlo. Para empezar, complete el siguiente formulario y cargue de forma segura los documentos necesarios desde su plataforma de intercambio favorita. Si tiene alguna pregunta, vea el video para obtener una gu\u00eda paso a paso [&hellip;]","og_url":"https:\/\/www.invisibletranslation.com\/es\/traduccion-documentos-oficiales\/","og_site_name":"Traducci\u00f3n INVISIBLE Inc.","article_modified_time":"2025-04-09T16:22:39+00:00","og_image":[{"width":1200,"height":628,"url":"https:\/\/www.invisibletranslation.com\/wp-content\/uploads\/2024\/09\/traduction-documents-officiels-01-es.jpg","type":"image\/jpeg"}],"twitter_card":"summary_large_image","twitter_misc":{"Tiempo de lectura":"2 minutos"},"schema":{"@context":"https:\/\/schema.org","@graph":[{"@type":"WebPage","@id":"https:\/\/www.invisibletranslation.com\/es\/traduccion-documentos-oficiales\/","url":"https:\/\/www.invisibletranslation.com\/es\/traduccion-documentos-oficiales\/","name":"Traducci\u00f3n de documentos oficiales - Traducci\u00f3n INVISIBLE Inc.","isPartOf":{"@id":"https:\/\/www.invisibletranslation.com\/es\/#website"},"primaryImageOfPage":{"@id":"https:\/\/www.invisibletranslation.com\/es\/traduccion-documentos-oficiales\/#primaryimage"},"image":{"@id":"https:\/\/www.invisibletranslation.com\/es\/traduccion-documentos-oficiales\/#primaryimage"},"thumbnailUrl":"https:\/\/www.invisibletranslation.com\/wp-content\/uploads\/2024\/09\/traduction-documents-officiels-01-es-1024x536.jpg","datePublished":"2024-08-28T17:37:38+00:00","dateModified":"2025-04-09T16:22:39+00:00","breadcrumb":{"@id":"https:\/\/www.invisibletranslation.com\/es\/traduccion-documentos-oficiales\/#breadcrumb"},"inLanguage":"es","potentialAction":[{"@type":"ReadAction","target":["https:\/\/www.invisibletranslation.com\/es\/traduccion-documentos-oficiales\/"]}]},{"@type":"ImageObject","inLanguage":"es","@id":"https:\/\/www.invisibletranslation.com\/es\/traduccion-documentos-oficiales\/#primaryimage","url":"https:\/\/www.invisibletranslation.com\/wp-content\/uploads\/2024\/09\/traduction-documents-officiels-01-es-1024x536.jpg","contentUrl":"https:\/\/www.invisibletranslation.com\/wp-content\/uploads\/2024\/09\/traduction-documents-officiels-01-es-1024x536.jpg"},{"@type":"BreadcrumbList","@id":"https:\/\/www.invisibletranslation.com\/es\/traduccion-documentos-oficiales\/#breadcrumb","itemListElement":[{"@type":"ListItem","position":1,"name":"Inicio","item":"https:\/\/www.invisibletranslation.com\/es\/"},{"@type":"ListItem","position":2,"name":"Traducci\u00f3n de documentos oficiales"}]},{"@type":"WebSite","@id":"https:\/\/www.invisibletranslation.com\/es\/#website","url":"https:\/\/www.invisibletranslation.com\/es\/","name":"Traducci\u00f3n INVISIBLE Inc.","description":"Translators &amp; Communications Consultants","potentialAction":[{"@type":"SearchAction","target":{"@type":"EntryPoint","urlTemplate":"https:\/\/www.invisibletranslation.com\/es\/?s={search_term_string}"},"query-input":{"@type":"PropertyValueSpecification","valueRequired":true,"valueName":"search_term_string"}}],"inLanguage":"es"}]}},"_links":{"self":[{"href":"https:\/\/www.invisibletranslation.com\/es\/wp-json\/wp\/v2\/pages\/6365","targetHints":{"allow":["GET"]}}],"collection":[{"href":"https:\/\/www.invisibletranslation.com\/es\/wp-json\/wp\/v2\/pages"}],"about":[{"href":"https:\/\/www.invisibletranslation.com\/es\/wp-json\/wp\/v2\/types\/page"}],"author":[{"embeddable":true,"href":"https:\/\/www.invisibletranslation.com\/es\/wp-json\/wp\/v2\/users\/3"}],"replies":[{"embeddable":true,"href":"https:\/\/www.invisibletranslation.com\/es\/wp-json\/wp\/v2\/comments?post=6365"}],"version-history":[{"count":15,"href":"https:\/\/www.invisibletranslation.com\/es\/wp-json\/wp\/v2\/pages\/6365\/revisions"}],"predecessor-version":[{"id":6554,"href":"https:\/\/www.invisibletranslation.com\/es\/wp-json\/wp\/v2\/pages\/6365\/revisions\/6554"}],"wp:attachment":[{"href":"https:\/\/www.invisibletranslation.com\/es\/wp-json\/wp\/v2\/media?parent=6365"}],"curies":[{"name":"wp","href":"https:\/\/api.w.org\/{rel}","templated":true}]}}