{"id":5369,"date":"2021-11-24T21:03:38","date_gmt":"2021-11-25T02:03:38","guid":{"rendered":"https:\/\/www.invisibletranslation.com\/?page_id=5369"},"modified":"2025-09-16T08:39:55","modified_gmt":"2025-09-16T12:39:55","slug":"francesizacion","status":"publish","type":"page","link":"https:\/\/www.invisibletranslation.com\/es\/servicios\/francesizacion\/","title":{"rendered":"Francesizaci\u00f3n"},"content":{"rendered":"<p>[et_pb_section fb_built=\u00bb1&#8243; custom_padding_last_edited=\u00bbon|desktop\u00bb admin_label=\u00bbsection\u00bb module_id=\u00bbcontent-zone\u00bb _builder_version=\u00bb4.16&#8243; custom_padding_tablet=\u00bb50px|0|50px|0&#8243; custom_padding_phone=\u00bb\u00bb transparent_background=\u00bboff\u00bb padding_mobile=\u00bboff\u00bb make_fullwidth=\u00bboff\u00bb use_custom_width=\u00bboff\u00bb width_unit=\u00bbon\u00bb global_colors_info=\u00bb{}\u00bb][et_pb_row column_structure=\u00bb2_3,1_3&#8243; admin_label=\u00bbrow\u00bb _builder_version=\u00bb4.16&#8243; background_size=\u00bbinitial\u00bb background_position=\u00bbtop_left\u00bb background_repeat=\u00bbrepeat\u00bb global_colors_info=\u00bb{}\u00bb][et_pb_column type=\u00bb2_3&#8243; _builder_version=\u00bb4.16&#8243; custom_padding=\u00bb|||\u00bb global_colors_info=\u00bb{}\u00bb custom_padding__hover=\u00bb|||\u00bb][et_pb_text admin_label=\u00bbBreadcrumb\u00bb _builder_version=\u00bb4.16&#8243; background_size=\u00bbinitial\u00bb background_position=\u00bbtop_left\u00bb background_repeat=\u00bbrepeat\u00bb use_border_color=\u00bboff\u00bb border_color=\u00bb#ffffff\u00bb border_style=\u00bbsolid\u00bb global_colors_info=\u00bb{}\u00bb]<\/p>\n<div class=\"breadcrumb\" itemprop=\"breadcrumb\"><span><span><a href=\"https:\/\/www.invisibletranslation.com\/es\/\">Inicio<\/a><\/span><\/span><\/div>\n<p>[\/et_pb_text][et_pb_text admin_label=\u00bbLong Title\u00bb _builder_version=\u00bb4.16&#8243; background_size=\u00bbinitial\u00bb background_position=\u00bbtop_left\u00bb background_repeat=\u00bbrepeat\u00bb use_border_color=\u00bboff\u00bb global_colors_info=\u00bb{}\u00bb]<\/p>\n<h1>Servicios de francesizaci\u00f3n &#8211; OQLF<\/h1>\n<p><img loading=\"lazy\" decoding=\"async\" id=\"title-top-image\" class=\"alignnone size-large wp-image-5388\" src=\"https:\/\/www.invisibletranslation.com\/wp-content\/uploads\/2021\/11\/servicios-de-francesizacion-oqlf-quebec-traduccion-invisible-translation-1024x768.jpg\" alt=\"Servicios de francesizaci\u00f3n  - OQLF\" width=\"1024\" height=\"768\" \/><\/p>\n<p>[\/et_pb_text][et_pb_text admin_label=\u00bbContenu\u00bb _builder_version=\u00bb4.27.0&#8243; text_font=\u00bbOpen Sans||||\u00bb text_font_size=\u00bb16&#8243; text_line_height=\u00bb1.8em\u00bb background_size=\u00bbinitial\u00bb background_position=\u00bbtop_left\u00bb background_repeat=\u00bbrepeat\u00bb hover_enabled=\u00bb0&#8243; use_border_color=\u00bboff\u00bb border_color=\u00bb#ffffff\u00bb border_style=\u00bbsolid\u00bb global_colors_info=\u00bb{}\u00bb sticky_enabled=\u00bb0&#8243;]<\/p>\n<p>Seg\u00fan la ley de Quebec, el objetivo del proceso de francesizaci\u00f3n es generalizar el uso del idioma franc\u00e9s en las comunicaciones escritas y orales para las empresas que se establecen en Quebec o que operan en esa provincia.<\/p>\n<div class='et-box et-shadow'>\n\t\t\t\t\t<div class='et-box-content'><ul>\n<li>Este art\u00edculo resume las normas de procedimiento establecidas por la <a href=\"https:\/\/www.oqlf.gouv.qc.ca\/accueil.aspx\" target=\"_blank\" rel=\"noopener\"><em>Oficina quebequesa de la lengua francesa<\/em> (Office qu\u00e9b\u00e9cois de la langue fran\u00e7aise, OQLF)<\/a> para la francesizaci\u00f3n de las empresas.<\/li>\n<li>\u00bfBusca el mejor traductor en Quebec? Lea <a href=\"https:\/\/www.invisibletranslation.com\/es\/como-puedo-encontrar-al-mejor-traductor-en-quebec\/\">esta p\u00e1gina<\/a>.<\/li>\n<li>\u00bfQuiere saber la diferencia entre traducci\u00f3n e interpretaci\u00f3n? Lea <a href=\"https:\/\/www.invisibletranslation.com\/es\/cual-es-la-diferencia-entre-la-interpretacion-y-la-traduccion\/\">esto<\/a>.<\/li>\n<\/ul><\/div><\/div>\n<h2>\u00bfQu\u00e9 es la francesizaci\u00f3n?<\/h2>\n<p>La francesizaci\u00f3n es la aplicaci\u00f3n de una serie de medidas pr\u00e1cticas para normalizar el uso del franc\u00e9s en el lugar de trabajo.<\/p>\n<p>Estas medidas van acompa\u00f1adas de plazos espec\u00edficos que permiten a las empresas integrar el franc\u00e9s en su actividad comercial cotidiana.<\/p>\n<p>El organismo que supervisa este proceso es la <em>Office qu\u00e9b\u00e9cois de la langue fran\u00e7aise<\/em>, m\u00e1s conocida como la \u00abOQLF\u00bb.<\/p>\n<p>Su misi\u00f3n es velar por el cumplimiento de la <a href=\"http:\/\/legisquebec.gouv.qc.ca\/en\/ShowDoc\/cs\/C-11\" target=\"_blank\" rel=\"noopener\">Carta de la Lengua Francesa<\/a> (disponible solo en franc\u00e9s y en ingl\u00e9s), tambi\u00e9n conocida como la Ley 101.<\/p>\n<h2>\u00bfEn qu\u00e9 consiste el proceso?<\/h2>\n<p>En primer lugar, toda empresa ubicada en Quebec con 50 o m\u00e1s empleados durante al menos seis meses debe inscribirse en la OQLF mediante un formulario dise\u00f1ado a tal efecto.<\/p>\n<p>Una vez recibido el formulario, la Oficina registra la empresa y emite un certificado de registro.<\/p>\n<p>Algunas empresas, incluso las que emplean a m\u00e1s de 100 personas, est\u00e1n obligadas a constituir un comit\u00e9 de francesizaci\u00f3n desde el momento de su inscripci\u00f3n.<\/p>\n<p>A continuaci\u00f3n, la empresa presenta un formulario de an\u00e1lisis de su situaci\u00f3n ling\u00fc\u00edstica ante la OQLF.<\/p>\n<p>Si la Oficina considera que la empresa cumple con su buen uso del franc\u00e9s, se emite un certificado de francesizaci\u00f3n.<\/p>\n<p>Por el contrario, si la Oficina corrobora que la empresa no cumple con el buen uso del franc\u00e9s, se emite un aviso para solicitar el establecimiento de un programa de francesizaci\u00f3n a fin de alcanzar los objetivos de la Carta.<\/p>\n<p>En ese momento, la empresa debe presentar su programa ante la OQLF y obtener su aprobaci\u00f3n antes de aplicarlo.<\/p>\n<p>Cuando la Oficina comprueba que la empresa cumple con los objetivos de la Carta, se emite un certificado de francesizaci\u00f3n.<\/p>\n<p>Por \u00faltimo, la empresa debe elaborar informes peri\u00f3dicos sobre la evoluci\u00f3n del uso del franc\u00e9s en el lugar de trabajo.<\/p>\n<p><a href=\"https:\/\/www.oqlf.gouv.qc.ca\/francisation\/entreprises\/\" target=\"_blank\" rel=\"noopener\">Esta p\u00e1gina<\/a> (disponible solo en franc\u00e9s) contiene todos los detalles sobre el proceso y los plazos impuestos por la OQLF.<\/p>\n<h2>\u00bfQu\u00e9 se debe hacer una vez iniciado el proceso?<\/h2>\n<p>Probablemente deber\u00e1 recurrir a un servicio de traducci\u00f3n profesional para adaptar la documentaci\u00f3n de su empresa al franc\u00e9s.<\/p>\n<p>Somos sus socios ideales cuando comience esta aventura.<\/p>\n<p>Cu\u00e9ntenos lo que necesita y qu\u00e9 plazos tiene que cumplir: trabajaremos con usted a fin de establecer un programa para el trabajo requerido.<\/p>\n<p>Dada nuestra familiaridad con el marco legislativo de Quebec y nuestro acceso a un amplio grupo de expertos en el \u00e1rea jur\u00eddica, podemos proporcionarle un buen asesoramiento que le ayudar\u00e1 a superar cualquier obst\u00e1culo para alcanzar sus objetivos.<\/p>\n<p>Esto liberar\u00e1 su tiempo para que pueda concentrar sus energ\u00edas en tareas m\u00e1s productivas y continuar con el crecimiento de su empresa.<\/p>\n<p>\u00a1<a href=\"tel:1-833-436-6331\">Ll\u00e1menos<\/a> ahora!<\/p>\n<p>[\/et_pb_text][et_pb_text admin_label=\u00bbRelated Pages\u00bb _builder_version=\u00bb4.16&#8243; background_size=\u00bbinitial\u00bb background_position=\u00bbtop_left\u00bb background_repeat=\u00bbrepeat\u00bb use_border_color=\u00bboff\u00bb border_color=\u00bb#ffffff\u00bb border_style=\u00bbsolid\u00bb global_colors_info=\u00bb{}\u00bb]<\/p>\n<h3>P\u00e1ginas de inter\u00e9s:<\/h3>\n<div class='yarpp yarpp-related yarpp-related-shortcode yarpp-template-list'>\n<!-- YARPP List -->\n<ol>\n<li><a href=\"https:\/\/www.invisibletranslation.com\/es\/pf\/\" rel=\"bookmark\" title=\"Preguntas\">Preguntas<\/a><\/li>\n<li><a href=\"https:\/\/www.invisibletranslation.com\/es\/servicios\/traduccion\/boletin-informativo\/\" rel=\"bookmark\" title=\"Bolet\u00edn informativo\">Bolet\u00edn informativo<\/a><\/li>\n<\/ol>\n<\/div>\n\n<p>[\/et_pb_text][\/et_pb_column][et_pb_column type=\u00bb1_3&#8243; _builder_version=\u00bb4.16&#8243; custom_padding=\u00bb|||\u00bb global_colors_info=\u00bb{}\u00bb custom_padding__hover=\u00bb|||\u00bb][et_pb_sidebar orientation=\u00bbright\u00bb area=\u00bbsidebar-1&#8243; _builder_version=\u00bb4.16&#8243; remove_border=\u00bboff\u00bb global_colors_info=\u00bb{}\u00bb][\/et_pb_sidebar][\/et_pb_column][\/et_pb_row][\/et_pb_section]<\/p>\n","protected":false},"excerpt":{"rendered":"<p>\u00bfSu empresa ha recibido un aviso de francesizaci\u00f3n de la OQLF? \u00a1Nuestros traductores certificados pueden ayudarle!<\/p>\n","protected":false},"author":3,"featured_media":0,"parent":1531,"menu_order":0,"comment_status":"closed","ping_status":"closed","template":"","meta":{"_et_pb_use_builder":"on","_et_pb_old_content":"","_et_gb_content_width":"","footnotes":""},"categories":[],"tags":[],"class_list":["post-5369","page","type-page","status-publish","hentry"],"yoast_head":"<!-- This site is optimized with the Yoast SEO plugin v25.0 - https:\/\/yoast.com\/wordpress\/plugins\/seo\/ -->\n<title>Servicios de francesizaci\u00f3n - OQLF | Traducci\u00f3n INVISIBLE Inc.<\/title>\n<meta name=\"description\" content=\"\u00bfSu empresa ha recibido un aviso de francesizaci\u00f3n de la OQLF? \u00a1Nuestros traductores certificados pueden ayudarle!\" \/>\n<meta name=\"robots\" content=\"index, follow, max-snippet:-1, max-image-preview:large, max-video-preview:-1\" \/>\n<link rel=\"canonical\" href=\"https:\/\/www.invisibletranslation.com\/es\/servicios\/francesizacion\/\" \/>\n<meta property=\"og:locale\" content=\"es_ES\" \/>\n<meta property=\"og:type\" content=\"article\" \/>\n<meta property=\"og:title\" content=\"Servicios de francesizaci\u00f3n - OQLF | Traducci\u00f3n INVISIBLE Inc.\" \/>\n<meta property=\"og:description\" content=\"\u00bfSu empresa ha recibido un aviso de francesizaci\u00f3n de la OQLF? \u00a1Nuestros traductores certificados pueden ayudarle!\" \/>\n<meta property=\"og:url\" content=\"https:\/\/www.invisibletranslation.com\/es\/servicios\/francesizacion\/\" \/>\n<meta property=\"og:site_name\" content=\"Traducci\u00f3n INVISIBLE Inc.\" \/>\n<meta property=\"article:modified_time\" content=\"2025-09-16T12:39:55+00:00\" \/>\n<meta property=\"og:image\" content=\"https:\/\/www.invisibletranslation.com\/wp-content\/uploads\/2021\/11\/servicios-de-francesizacion-oqlf-quebec-traduccion-invisible-translation.jpg\" \/>\n\t<meta property=\"og:image:width\" content=\"1200\" \/>\n\t<meta property=\"og:image:height\" content=\"900\" \/>\n\t<meta property=\"og:image:type\" content=\"image\/jpeg\" \/>\n<meta name=\"twitter:card\" content=\"summary_large_image\" \/>\n<meta name=\"twitter:label1\" content=\"Tiempo de lectura\" \/>\n\t<meta name=\"twitter:data1\" content=\"4 minutos\" \/>\n<script type=\"application\/ld+json\" class=\"yoast-schema-graph\">{\"@context\":\"https:\/\/schema.org\",\"@graph\":[{\"@type\":\"WebPage\",\"@id\":\"https:\/\/www.invisibletranslation.com\/es\/servicios\/francesizacion\/\",\"url\":\"https:\/\/www.invisibletranslation.com\/es\/servicios\/francesizacion\/\",\"name\":\"Servicios de francesizaci\u00f3n - OQLF | Traducci\u00f3n INVISIBLE Inc.\",\"isPartOf\":{\"@id\":\"https:\/\/www.invisibletranslation.com\/es\/#website\"},\"primaryImageOfPage\":{\"@id\":\"https:\/\/www.invisibletranslation.com\/es\/servicios\/francesizacion\/#primaryimage\"},\"image\":{\"@id\":\"https:\/\/www.invisibletranslation.com\/es\/servicios\/francesizacion\/#primaryimage\"},\"thumbnailUrl\":\"https:\/\/www.invisibletranslation.com\/wp-content\/uploads\/2021\/11\/servicios-de-francesizacion-oqlf-quebec-traduccion-invisible-translation-1024x768.jpg\",\"datePublished\":\"2021-11-25T02:03:38+00:00\",\"dateModified\":\"2025-09-16T12:39:55+00:00\",\"description\":\"\u00bfSu empresa ha recibido un aviso de francesizaci\u00f3n de la OQLF? \u00a1Nuestros traductores certificados pueden ayudarle!\",\"breadcrumb\":{\"@id\":\"https:\/\/www.invisibletranslation.com\/es\/servicios\/francesizacion\/#breadcrumb\"},\"inLanguage\":\"es\",\"potentialAction\":[{\"@type\":\"ReadAction\",\"target\":[\"https:\/\/www.invisibletranslation.com\/es\/servicios\/francesizacion\/\"]}]},{\"@type\":\"ImageObject\",\"inLanguage\":\"es\",\"@id\":\"https:\/\/www.invisibletranslation.com\/es\/servicios\/francesizacion\/#primaryimage\",\"url\":\"https:\/\/www.invisibletranslation.com\/wp-content\/uploads\/2021\/11\/servicios-de-francesizacion-oqlf-quebec-traduccion-invisible-translation-1024x768.jpg\",\"contentUrl\":\"https:\/\/www.invisibletranslation.com\/wp-content\/uploads\/2021\/11\/servicios-de-francesizacion-oqlf-quebec-traduccion-invisible-translation-1024x768.jpg\"},{\"@type\":\"BreadcrumbList\",\"@id\":\"https:\/\/www.invisibletranslation.com\/es\/servicios\/francesizacion\/#breadcrumb\",\"itemListElement\":[{\"@type\":\"ListItem\",\"position\":1,\"name\":\"Inicio\",\"item\":\"https:\/\/www.invisibletranslation.com\/es\/\"},{\"@type\":\"ListItem\",\"position\":2,\"name\":\"Servicios\",\"item\":\"https:\/\/www.invisibletranslation.com\/es\/servicios\/\"},{\"@type\":\"ListItem\",\"position\":3,\"name\":\"Francesizaci\u00f3n\"}]},{\"@type\":\"WebSite\",\"@id\":\"https:\/\/www.invisibletranslation.com\/es\/#website\",\"url\":\"https:\/\/www.invisibletranslation.com\/es\/\",\"name\":\"Traducci\u00f3n INVISIBLE Inc.\",\"description\":\"Translators &amp; Communications Consultants\",\"potentialAction\":[{\"@type\":\"SearchAction\",\"target\":{\"@type\":\"EntryPoint\",\"urlTemplate\":\"https:\/\/www.invisibletranslation.com\/es\/?s={search_term_string}\"},\"query-input\":{\"@type\":\"PropertyValueSpecification\",\"valueRequired\":true,\"valueName\":\"search_term_string\"}}],\"inLanguage\":\"es\"}]}<\/script>\n<!-- \/ Yoast SEO plugin. -->","yoast_head_json":{"title":"Servicios de francesizaci\u00f3n - OQLF | Traducci\u00f3n INVISIBLE Inc.","description":"\u00bfSu empresa ha recibido un aviso de francesizaci\u00f3n de la OQLF? \u00a1Nuestros traductores certificados pueden ayudarle!","robots":{"index":"index","follow":"follow","max-snippet":"max-snippet:-1","max-image-preview":"max-image-preview:large","max-video-preview":"max-video-preview:-1"},"canonical":"https:\/\/www.invisibletranslation.com\/es\/servicios\/francesizacion\/","og_locale":"es_ES","og_type":"article","og_title":"Servicios de francesizaci\u00f3n - OQLF | Traducci\u00f3n INVISIBLE Inc.","og_description":"\u00bfSu empresa ha recibido un aviso de francesizaci\u00f3n de la OQLF? \u00a1Nuestros traductores certificados pueden ayudarle!","og_url":"https:\/\/www.invisibletranslation.com\/es\/servicios\/francesizacion\/","og_site_name":"Traducci\u00f3n INVISIBLE Inc.","article_modified_time":"2025-09-16T12:39:55+00:00","og_image":[{"width":1200,"height":900,"url":"https:\/\/www.invisibletranslation.com\/wp-content\/uploads\/2021\/11\/servicios-de-francesizacion-oqlf-quebec-traduccion-invisible-translation.jpg","type":"image\/jpeg"}],"twitter_card":"summary_large_image","twitter_misc":{"Tiempo de lectura":"4 minutos"},"schema":{"@context":"https:\/\/schema.org","@graph":[{"@type":"WebPage","@id":"https:\/\/www.invisibletranslation.com\/es\/servicios\/francesizacion\/","url":"https:\/\/www.invisibletranslation.com\/es\/servicios\/francesizacion\/","name":"Servicios de francesizaci\u00f3n - OQLF | Traducci\u00f3n INVISIBLE Inc.","isPartOf":{"@id":"https:\/\/www.invisibletranslation.com\/es\/#website"},"primaryImageOfPage":{"@id":"https:\/\/www.invisibletranslation.com\/es\/servicios\/francesizacion\/#primaryimage"},"image":{"@id":"https:\/\/www.invisibletranslation.com\/es\/servicios\/francesizacion\/#primaryimage"},"thumbnailUrl":"https:\/\/www.invisibletranslation.com\/wp-content\/uploads\/2021\/11\/servicios-de-francesizacion-oqlf-quebec-traduccion-invisible-translation-1024x768.jpg","datePublished":"2021-11-25T02:03:38+00:00","dateModified":"2025-09-16T12:39:55+00:00","description":"\u00bfSu empresa ha recibido un aviso de francesizaci\u00f3n de la OQLF? \u00a1Nuestros traductores certificados pueden ayudarle!","breadcrumb":{"@id":"https:\/\/www.invisibletranslation.com\/es\/servicios\/francesizacion\/#breadcrumb"},"inLanguage":"es","potentialAction":[{"@type":"ReadAction","target":["https:\/\/www.invisibletranslation.com\/es\/servicios\/francesizacion\/"]}]},{"@type":"ImageObject","inLanguage":"es","@id":"https:\/\/www.invisibletranslation.com\/es\/servicios\/francesizacion\/#primaryimage","url":"https:\/\/www.invisibletranslation.com\/wp-content\/uploads\/2021\/11\/servicios-de-francesizacion-oqlf-quebec-traduccion-invisible-translation-1024x768.jpg","contentUrl":"https:\/\/www.invisibletranslation.com\/wp-content\/uploads\/2021\/11\/servicios-de-francesizacion-oqlf-quebec-traduccion-invisible-translation-1024x768.jpg"},{"@type":"BreadcrumbList","@id":"https:\/\/www.invisibletranslation.com\/es\/servicios\/francesizacion\/#breadcrumb","itemListElement":[{"@type":"ListItem","position":1,"name":"Inicio","item":"https:\/\/www.invisibletranslation.com\/es\/"},{"@type":"ListItem","position":2,"name":"Servicios","item":"https:\/\/www.invisibletranslation.com\/es\/servicios\/"},{"@type":"ListItem","position":3,"name":"Francesizaci\u00f3n"}]},{"@type":"WebSite","@id":"https:\/\/www.invisibletranslation.com\/es\/#website","url":"https:\/\/www.invisibletranslation.com\/es\/","name":"Traducci\u00f3n INVISIBLE Inc.","description":"Translators &amp; Communications Consultants","potentialAction":[{"@type":"SearchAction","target":{"@type":"EntryPoint","urlTemplate":"https:\/\/www.invisibletranslation.com\/es\/?s={search_term_string}"},"query-input":{"@type":"PropertyValueSpecification","valueRequired":true,"valueName":"search_term_string"}}],"inLanguage":"es"}]}},"_links":{"self":[{"href":"https:\/\/www.invisibletranslation.com\/es\/wp-json\/wp\/v2\/pages\/5369","targetHints":{"allow":["GET"]}}],"collection":[{"href":"https:\/\/www.invisibletranslation.com\/es\/wp-json\/wp\/v2\/pages"}],"about":[{"href":"https:\/\/www.invisibletranslation.com\/es\/wp-json\/wp\/v2\/types\/page"}],"author":[{"embeddable":true,"href":"https:\/\/www.invisibletranslation.com\/es\/wp-json\/wp\/v2\/users\/3"}],"replies":[{"embeddable":true,"href":"https:\/\/www.invisibletranslation.com\/es\/wp-json\/wp\/v2\/comments?post=5369"}],"version-history":[{"count":1,"href":"https:\/\/www.invisibletranslation.com\/es\/wp-json\/wp\/v2\/pages\/5369\/revisions"}],"predecessor-version":[{"id":6601,"href":"https:\/\/www.invisibletranslation.com\/es\/wp-json\/wp\/v2\/pages\/5369\/revisions\/6601"}],"up":[{"embeddable":true,"href":"https:\/\/www.invisibletranslation.com\/es\/wp-json\/wp\/v2\/pages\/1531"}],"wp:attachment":[{"href":"https:\/\/www.invisibletranslation.com\/es\/wp-json\/wp\/v2\/media?parent=5369"}],"wp:term":[{"taxonomy":"category","embeddable":true,"href":"https:\/\/www.invisibletranslation.com\/es\/wp-json\/wp\/v2\/categories?post=5369"},{"taxonomy":"post_tag","embeddable":true,"href":"https:\/\/www.invisibletranslation.com\/es\/wp-json\/wp\/v2\/tags?post=5369"}],"curies":[{"name":"wp","href":"https:\/\/api.w.org\/{rel}","templated":true}]}}