{"id":4777,"date":"2016-10-12T19:49:31","date_gmt":"2016-10-12T23:49:31","guid":{"rendered":"https:\/\/www.invisibletranslation.com\/servicios\/traduccion\/documentos-oficiales\/la-traduction-assermentee-au-quebec\/"},"modified":"2022-12-09T18:19:34","modified_gmt":"2022-12-09T23:19:34","slug":"traduccion-jurada-en-quebec","status":"publish","type":"page","link":"https:\/\/www.invisibletranslation.com\/es\/servicios\/traduccion\/documentos-oficiales\/traduccion-jurada-en-quebec\/","title":{"rendered":"Traducci\u00f3n jurada"},"content":{"rendered":"<p>[et_pb_section fb_built=\u00bb1&#8243; custom_padding_last_edited=\u00bbon|desktop\u00bb admin_label=\u00bbsection\u00bb module_id=\u00bbcontent-zone\u00bb _builder_version=\u00bb4.16&#8243; custom_padding_tablet=\u00bb50px|0|50px|0&#8243; custom_padding_phone=\u00bb\u00bb transparent_background=\u00bboff\u00bb padding_mobile=\u00bboff\u00bb make_fullwidth=\u00bboff\u00bb use_custom_width=\u00bboff\u00bb width_unit=\u00bbon\u00bb global_colors_info=\u00bb{}\u00bb][et_pb_row column_structure=\u00bb2_3,1_3&#8243; admin_label=\u00bbrow\u00bb _builder_version=\u00bb4.16&#8243; background_size=\u00bbinitial\u00bb background_position=\u00bbtop_left\u00bb background_repeat=\u00bbrepeat\u00bb global_colors_info=\u00bb{}\u00bb][et_pb_column type=\u00bb2_3&#8243; _builder_version=\u00bb4.16&#8243; custom_padding=\u00bb|||\u00bb global_colors_info=\u00bb{}\u00bb custom_padding__hover=\u00bb|||\u00bb][et_pb_text admin_label=\u00bbBreadcrumb\u00bb _builder_version=\u00bb4.16&#8243; background_size=\u00bbinitial\u00bb background_position=\u00bbtop_left\u00bb background_repeat=\u00bbrepeat\u00bb use_border_color=\u00bboff\u00bb border_color=\u00bb#ffffff\u00bb border_style=\u00bbsolid\u00bb global_colors_info=\u00bb{}\u00bb]<\/p>\n<p>\n<div class=\"breadcrumb\" itemprop=\"breadcrumb\"><span><span><a href=\"https:\/\/www.invisibletranslation.com\/es\/\">Inicio<\/a><\/span><\/span><\/div><br \/>\n[\/et_pb_text][et_pb_text admin_label=\u00bbLong Title\u00bb _builder_version=\u00bb4.16&#8243; background_size=\u00bbinitial\u00bb background_position=\u00bbtop_left\u00bb background_repeat=\u00bbrepeat\u00bb use_border_color=\u00bboff\u00bb border_color=\u00bb#ffffff\u00bb border_style=\u00bbsolid\u00bb global_colors_info=\u00bb{}\u00bb]<\/p>\n<h1><img loading=\"lazy\" decoding=\"async\" class=\"alignright size-full wp-image-1009\" src=\"\/wp-content\/uploads\/2016\/04\/pdf_icon.gif\" alt=\"PDF\" width=\"50\" height=\"50\" \/>Traducci\u00f3n \u00abjurada\u00bb en Quebec<\/h1>\n<p><img loading=\"lazy\" decoding=\"async\" id=\"title-top-image\" class=\"alignnone size-large wp-image-3400\" src=\"https:\/\/www.invisibletranslation.com\/wp-content\/uploads\/2020\/06\/traduccion-certificada-jurada-1024x768.jpg\" alt=\"Traducci\u00f3n \"jurada\" en Quebec\" width=\"1024\" height=\"768\" \/><\/p>\n<p>[\/et_pb_text][et_pb_text admin_label=\u00bbContent\u00bb _builder_version=\u00bb4.17.4&#8243; text_font=\u00bbOpen Sans||||\u00bb text_font_size=\u00bb16&#8243; text_line_height=\u00bb1.8em\u00bb background_size=\u00bbinitial\u00bb background_position=\u00bbtop_left\u00bb background_repeat=\u00bbrepeat\u00bb hover_enabled=\u00bb0&#8243; z_index_tablet=\u00bb500&#8243; use_border_color=\u00bboff\u00bb global_colors_info=\u00bb{}\u00bb sticky_enabled=\u00bb0&#8243;]En <a href=\"https:\/\/www.quebec.ca\/en\/immigration\/required-documents-formats\" target=\"_blank\" rel=\"noopener noreferrer\">Quebec<\/a>, una traducci\u00f3n \u00ab<em>jurada<\/em>\u00bb o, mejor dicho, \u00ab<em>certificada<\/em>\u00bb, es un documento traducido que contiene el sello de un traductor certificado, lo que le otorga car\u00e1cter oficial ante las autoridades gubernamentales.<\/p>\n<div class='et-box et-shadow'>\n\t\t\t\t\t<div class='et-box-content'><ul>\n<li>Este art\u00edculo brinda informaci\u00f3n general acerca de la traducci\u00f3n de documentos oficiales en Quebec.<\/li>\n<li>Si necesita una traducci\u00f3n certificada y adaptada para su uso en Quebec, <a href=\"https:\/\/www.invisibletranslation.com\/es\/contacto\/solicite-una-cotizacion\/\">haga clic aqu\u00ed<\/a>.<\/li>\n<li>Para obtener una lista completa de los servicios que ofrecemos, <a href=\"https:\/\/www.invisibletranslation.com\/es\/servicios\/\">haga clic aqu\u00ed<\/a>.<\/li>\n<\/ul><\/div><\/div>\n<h2>Reglamentaci\u00f3n de la pr\u00e1ctica de la traducci\u00f3n en Quebec<\/h2>\n<p>En la provincia de Quebec, los traductores certificados tienen la autorizaci\u00f3n del gobierno para crear traducciones oficiales, a veces denominadas err\u00f3neamente traducciones \u00ab<em>juradas<\/em>\u00bb.<\/p>\n<p>Ya que el acto de jurar implica el juramento solemne de una persona ante un <a href=\"http:\/\/www.assermentation.justice.gouv.qc.ca\/ServicesPublicsConsultation\/Commissaires\/Proximite\/Criteres.aspx\" target=\"_blank\" rel=\"noopener noreferrer\">comisionado de juramentos<\/a>, la persona es <em>jurada<\/em>, en tanto que la traducci\u00f3n es <em>certificada<\/em> para que sea consistente con el original.<\/p>\n<p>Una vez que el traductor la sella, la firma y le coloca la fecha, este tipo de traducci\u00f3n es reconocida oficialmente por las autoridades.<\/p>\n<p>En Quebec, la certificaci\u00f3n que les permite a las traductoras y a los traductores crear traducciones aprobadas por el gobierno es otorgada por la Orden de Traductores, Termin\u00f3logos e Int\u00e9rpretes Certificados de Quebec (OTTIAQ).<\/p>\n<p>El objetivo de la Orden es simple: garantiza la protecci\u00f3n del p\u00fablico de la misma forma que lo hacen otras asociaciones profesionales de la provincia.<\/p>\n<p>La OTTIAQ le ofrece al p\u00fablico un directorio electr\u00f3nico que contiene los nombres de las traductoras y de los traductores autorizados para hacer traducciones reconocidas por el gobierno.<\/p>\n<p>El sitio web del <a href=\"https:\/\/www.quebec.ca\/en\/immigration\/required-documents-formats\" target=\"_blank\" rel=\"noopener noreferrer\">Gobierno de Quebec<\/a> (franc\u00e9s o ingl\u00e9s) tiene una lista de las condiciones que se deben cumplir al presentar una traducci\u00f3n reconocida por las autoridades.<\/p>\n<h2>Traducci\u00f3n oficial: tipos de documentos procesados<\/h2>\n<p>Cada a\u00f1o, Quebec recibe una gran cantidad de inmigrantes, quienes deben presentar distintos documentos oficiales para obtener la ciudadan\u00eda e integrarse a la sociedad de la provincia. Estos son algunos ejemplos:<\/p>\n<ul>\n<li>Escritura y contrato de alquiler de bienes inmuebles<\/li>\n<li>Sello o timbre de pasaportes<\/li>\n<li>Certificado de divorcio<\/li>\n<li>Certificado de matrimonio<\/li>\n<li>Certificado de nacimiento<\/li>\n<li>T\u00edtulo o certificado universitario<\/li>\n<li>Documento financiero y extracto bancario<\/li>\n<li>Historia cl\u00ednica<\/li>\n<li>Sentencia de divorcio<\/li>\n<li>Sentencia oficial<\/li>\n<li>Carta de recomendaci\u00f3n<\/li>\n<li>Licencia y permiso<\/li>\n<li>Licencia de conducir<\/li>\n<li>Poder<\/li>\n<li>Anal\u00edtico acad\u00e9mico<\/li>\n<li>Registro de empleo<\/li>\n<li>Verificaci\u00f3n de antecedentes penales<\/li>\n<li>Acta constitutiva<\/li>\n<li>Testamento<\/li>\n<li>Visa, documento de inmigraci\u00f3n y documento de aduana<\/li>\n<\/ul>\n<h2>\u00bfC\u00f3mo obtener una traducci\u00f3n certificada?<\/h2>\n<p>Para solicitar una traducci\u00f3n certificada, debe enviarnos el documento original que desea traducir, ya sea impreso o en versi\u00f3n digital con una resoluci\u00f3n de al menos 300 puntos por pulgada (ppp).<\/p>\n<p>Uno de nuestros traductores certificados pondr\u00e1 el sello en el documento original y lo adjuntar\u00e1 a la traducci\u00f3n certificada, que tambi\u00e9n tendr\u00e1 el sello del traductor.<\/p>\n<p>El traductor tambi\u00e9n redactar\u00e1 un certificado que pruebe que la traducci\u00f3n se hizo de conformidad con las pr\u00e1cticas aceptadas.<\/p>\n<p>Le enviaremos la traducci\u00f3n certificada, el documento original y el certificado del traductor dentro de una o dos semanas, seg\u00fan la complejidad del trabajo y su lugar de residencia<\/p>\n<h2 id=\"cuesta\">\u00bfCu\u00e1nto cuesta?<\/h2>\n<p>Tenga en cuenta que los gobiernos de Quebec y Canad\u00e1 no establecen una escala de tarifas para esta tarea, por lo que cada traductor es libre de fijar su propia tarifa.<\/p>\n<p>Tambi\u00e9n es importante destacar que hacer una traducci\u00f3n de un documento oficial es un trabajo muy demandante, ya que el traductor debe reproducir la estructura y el dise\u00f1o del original.<\/p>\n<p>En una hoja en blanco, el traductor debe recrear el documento original en otro idioma antes de ponerle su sello y redactar el certificado.<\/p>\n<p>Por esta raz\u00f3n, nuestra tarifa profesional es de 135 $ por cada documento oficial o cada p\u00e1gina, seg\u00fan corresponda.<\/p>\n<p>Tenga en cuenta que este costo suele ser m\u00e1s elevado cuando la combinaci\u00f3n de idiomas solicitada no es est\u00e1ndar (por ejemplo, un documento en croata que debe ser traducido al island\u00e9s).<\/p>\n<p>Para calcular el costo exacto de su trabajo, env\u00ede sus documentos a: <a href=\"mailto:cotizacion@traduccioninvisible.com?subject=Solicitud%20de%20presupuesto%20-%20Traducci\u00f3n%20jurada&amp;cuerpo=*Debe%20completar%20todos%20los%20campos.*%20%20%20Nombre:%20Direcci\u00f3n%20postal:%20Tel\u00e9fono:%20Correo%20electr\u00f3nico:%20%20Notas%20e%20instrucciones:%20%20%20%3E%3E%3E%20NO%20OLVIDE%20ADJUNTAR%20SUS%20ARCHIVOS%20Y%20ESTABLECER%20UNA%20FECHA%20DE%20ENTREGA.%20\">cotizacion@traduccioninvisible.com<\/a>.<\/p>\n<h2>Sus necesidades, nuestras habilidades<\/h2>\n<p>\u00bfNecesita traducir un documento oficial emitido por un gobierno extranjero al franc\u00e9s o al ingl\u00e9s para presentarlo ante un organismo gubernamental en Quebec?<\/p>\n<p>\u00a1Est\u00e1 en el lugar indicado!<\/p>\n<p>Ll\u00e1menos ahora al <a href=\"tel:18334366331\" target=\"_blank\" rel=\"noopener noreferrer\">+1\u00a0833-436-6331<\/a> o env\u00edenos sus documentos por correo electr\u00f3nico a <a href=\"mailto:info@traduccioninvisible.com?subject=Solicitud%20de%20informaci\u00f3n%20-%20Traducci\u00f3n%20jurada&amp;cuerpo=*Debe%20completar%20todos%20los%20campos*.%20%20%20Nombre:%20Direcci\u00f3n%20postal:%20Tel\u00e9fono:%20Correo%20electr\u00f3nico:%20%20Notas%20e%20instrucciones:%20%20%20%3E%3E%3E%20NO%20OLVIDE%20ADJUNTAR%20SUS%20ARCHIVOS%20Y%20ESTABLECER%20UNA%20FECHA%20DE%20ENTREGA.%20\">info@traduccioninvisible.com<\/a>.<\/p>\n<p>Nuestros traductores certificados est\u00e1n aqu\u00ed para ayudarle.<\/p>\n<p>**<\/p>\n<p>\u00bfYa present\u00f3 una traducci\u00f3n \u00abjurada\u00bb ante una agencia gubernamental en otra ocasi\u00f3n? \u00bfTuvo dificultades para encontrar un traductor confiable que satisficiera sus necesidades? Env\u00edenos sus comentarios: <a href=\"mailto:comentarios@traduccioninvisible.com?subject=Comentarios%20-%20Traducci\u00f3n%20jurada\">comentarios@traduccioninvisible.com<\/a>.[\/et_pb_text][et_pb_text admin_label=\u00bbRelated Pages\u00bb _builder_version=\u00bb4.16&#8243; background_size=\u00bbinitial\u00bb background_position=\u00bbtop_left\u00bb background_repeat=\u00bbrepeat\u00bb use_border_color=\u00bboff\u00bb border_color=\u00bb#ffffff\u00bb border_style=\u00bbsolid\u00bb global_colors_info=\u00bb{}\u00bb]<\/p>\n<h3>Temas conexos:<\/h3>\n<p><div class='yarpp yarpp-related yarpp-related-shortcode yarpp-template-list'>\n<!-- YARPP List -->\n<ol>\n<li><a href=\"https:\/\/www.invisibletranslation.com\/es\/pf\/\" rel=\"bookmark\" title=\"Preguntas\">Preguntas<\/a><\/li>\n<li><a href=\"https:\/\/www.invisibletranslation.com\/es\/servicios\/traduccion\/documentos-oficiales\/\" rel=\"bookmark\" title=\"Documentos oficiales\">Documentos oficiales<\/a><\/li>\n<\/ol>\n<\/div>\n[\/et_pb_text][\/et_pb_column][et_pb_column type=\u00bb1_3&#8243; _builder_version=\u00bb4.16&#8243; custom_padding=\u00bb|||\u00bb global_colors_info=\u00bb{}\u00bb custom_padding__hover=\u00bb|||\u00bb][et_pb_sidebar orientation=\u00bbright\u00bb area=\u00bbsidebar-1&#8243; _builder_version=\u00bb4.16&#8243; remove_border=\u00bboff\u00bb global_colors_info=\u00bb{}\u00bb][\/et_pb_sidebar][\/et_pb_column][\/et_pb_row][\/et_pb_section]<\/p>\n","protected":false},"excerpt":{"rendered":"<p>En Quebec, una traducci\u00f3n \u00abjurada\u00bb o, mejor dicho, \u00abcertificada\u00bb, es un documento traducido que contiene el sello de un traductor certificado, lo que le otorga car\u00e1cter oficial ante las autoridades gubernamentales&#8230;<\/p>\n","protected":false},"author":3,"featured_media":0,"parent":1542,"menu_order":0,"comment_status":"closed","ping_status":"closed","template":"","meta":{"_et_pb_use_builder":"on","_et_pb_old_content":"","_et_gb_content_width":"","footnotes":""},"categories":[],"tags":[],"class_list":["post-4777","page","type-page","status-publish","hentry"],"yoast_head":"<!-- This site is optimized with the Yoast SEO plugin v25.0 - https:\/\/yoast.com\/wordpress\/plugins\/seo\/ -->\n<title>Traducci\u00f3n &quot;jurada&quot; en Quebec | Traduction INVISIBLE inc.<\/title>\n<meta name=\"robots\" content=\"index, follow, max-snippet:-1, max-image-preview:large, max-video-preview:-1\" \/>\n<link rel=\"canonical\" href=\"https:\/\/www.invisibletranslation.com\/es\/servicios\/traduccion\/documentos-oficiales\/traduccion-jurada-en-quebec\/\" \/>\n<meta property=\"og:locale\" content=\"es_ES\" \/>\n<meta property=\"og:type\" content=\"article\" \/>\n<meta property=\"og:title\" content=\"Traducci\u00f3n &quot;jurada&quot; en Quebec | Traduction INVISIBLE inc.\" \/>\n<meta property=\"og:description\" content=\"En Quebec, una traducci\u00f3n &quot;jurada&quot; o, mejor dicho, &quot;certificada&quot;, es un documento traducido que contiene el sello de un traductor certificado, lo que le otorga car\u00e1cter oficial ante las autoridades gubernamentales...\" \/>\n<meta property=\"og:url\" content=\"https:\/\/www.invisibletranslation.com\/es\/servicios\/traduccion\/documentos-oficiales\/traduccion-jurada-en-quebec\/\" \/>\n<meta property=\"og:site_name\" content=\"Traducci\u00f3n INVISIBLE Inc.\" \/>\n<meta property=\"article:modified_time\" content=\"2022-12-09T23:19:34+00:00\" \/>\n<meta property=\"og:image\" content=\"https:\/\/www.invisibletranslation.com\/wp-content\/uploads\/2020\/06\/traduccion-certificada-jurada-1024x768.jpg\" \/>\n<meta name=\"twitter:card\" content=\"summary_large_image\" \/>\n<meta name=\"twitter:label1\" content=\"Tiempo de lectura\" \/>\n\t<meta name=\"twitter:data1\" content=\"4 minutos\" \/>\n<script type=\"application\/ld+json\" class=\"yoast-schema-graph\">{\"@context\":\"https:\/\/schema.org\",\"@graph\":[{\"@type\":\"WebPage\",\"@id\":\"https:\/\/www.invisibletranslation.com\/es\/servicios\/traduccion\/documentos-oficiales\/traduccion-jurada-en-quebec\/\",\"url\":\"https:\/\/www.invisibletranslation.com\/es\/servicios\/traduccion\/documentos-oficiales\/traduccion-jurada-en-quebec\/\",\"name\":\"Traducci\u00f3n \\\"jurada\\\" en Quebec | Traduction INVISIBLE inc.\",\"isPartOf\":{\"@id\":\"https:\/\/www.invisibletranslation.com\/es\/#website\"},\"primaryImageOfPage\":{\"@id\":\"https:\/\/www.invisibletranslation.com\/es\/servicios\/traduccion\/documentos-oficiales\/traduccion-jurada-en-quebec\/#primaryimage\"},\"image\":{\"@id\":\"https:\/\/www.invisibletranslation.com\/es\/servicios\/traduccion\/documentos-oficiales\/traduccion-jurada-en-quebec\/#primaryimage\"},\"thumbnailUrl\":\"https:\/\/www.invisibletranslation.com\/wp-content\/uploads\/2020\/06\/traduccion-certificada-jurada-1024x768.jpg\",\"datePublished\":\"2016-10-12T23:49:31+00:00\",\"dateModified\":\"2022-12-09T23:19:34+00:00\",\"breadcrumb\":{\"@id\":\"https:\/\/www.invisibletranslation.com\/es\/servicios\/traduccion\/documentos-oficiales\/traduccion-jurada-en-quebec\/#breadcrumb\"},\"inLanguage\":\"es\",\"potentialAction\":[{\"@type\":\"ReadAction\",\"target\":[\"https:\/\/www.invisibletranslation.com\/es\/servicios\/traduccion\/documentos-oficiales\/traduccion-jurada-en-quebec\/\"]}]},{\"@type\":\"ImageObject\",\"inLanguage\":\"es\",\"@id\":\"https:\/\/www.invisibletranslation.com\/es\/servicios\/traduccion\/documentos-oficiales\/traduccion-jurada-en-quebec\/#primaryimage\",\"url\":\"https:\/\/www.invisibletranslation.com\/wp-content\/uploads\/2020\/06\/traduccion-certificada-jurada-1024x768.jpg\",\"contentUrl\":\"https:\/\/www.invisibletranslation.com\/wp-content\/uploads\/2020\/06\/traduccion-certificada-jurada-1024x768.jpg\"},{\"@type\":\"BreadcrumbList\",\"@id\":\"https:\/\/www.invisibletranslation.com\/es\/servicios\/traduccion\/documentos-oficiales\/traduccion-jurada-en-quebec\/#breadcrumb\",\"itemListElement\":[{\"@type\":\"ListItem\",\"position\":1,\"name\":\"Inicio\",\"item\":\"https:\/\/www.invisibletranslation.com\/es\/\"},{\"@type\":\"ListItem\",\"position\":2,\"name\":\"Servicios\",\"item\":\"https:\/\/www.invisibletranslation.com\/es\/servicios\/\"},{\"@type\":\"ListItem\",\"position\":3,\"name\":\"Traducci\u00f3n\",\"item\":\"https:\/\/www.invisibletranslation.com\/es\/servicios\/traduccion\/\"},{\"@type\":\"ListItem\",\"position\":4,\"name\":\"Documentos oficiales\",\"item\":\"https:\/\/www.invisibletranslation.com\/es\/servicios\/traduccion\/documentos-oficiales\/\"},{\"@type\":\"ListItem\",\"position\":5,\"name\":\"Traducci\u00f3n jurada\"}]},{\"@type\":\"WebSite\",\"@id\":\"https:\/\/www.invisibletranslation.com\/es\/#website\",\"url\":\"https:\/\/www.invisibletranslation.com\/es\/\",\"name\":\"Traducci\u00f3n INVISIBLE Inc.\",\"description\":\"Translators &amp; Communications Consultants\",\"potentialAction\":[{\"@type\":\"SearchAction\",\"target\":{\"@type\":\"EntryPoint\",\"urlTemplate\":\"https:\/\/www.invisibletranslation.com\/es\/?s={search_term_string}\"},\"query-input\":{\"@type\":\"PropertyValueSpecification\",\"valueRequired\":true,\"valueName\":\"search_term_string\"}}],\"inLanguage\":\"es\"}]}<\/script>\n<!-- \/ Yoast SEO plugin. -->","yoast_head_json":{"title":"Traducci\u00f3n \"jurada\" en Quebec | Traduction INVISIBLE inc.","robots":{"index":"index","follow":"follow","max-snippet":"max-snippet:-1","max-image-preview":"max-image-preview:large","max-video-preview":"max-video-preview:-1"},"canonical":"https:\/\/www.invisibletranslation.com\/es\/servicios\/traduccion\/documentos-oficiales\/traduccion-jurada-en-quebec\/","og_locale":"es_ES","og_type":"article","og_title":"Traducci\u00f3n \"jurada\" en Quebec | Traduction INVISIBLE inc.","og_description":"En Quebec, una traducci\u00f3n \"jurada\" o, mejor dicho, \"certificada\", es un documento traducido que contiene el sello de un traductor certificado, lo que le otorga car\u00e1cter oficial ante las autoridades gubernamentales...","og_url":"https:\/\/www.invisibletranslation.com\/es\/servicios\/traduccion\/documentos-oficiales\/traduccion-jurada-en-quebec\/","og_site_name":"Traducci\u00f3n INVISIBLE Inc.","article_modified_time":"2022-12-09T23:19:34+00:00","og_image":[{"url":"https:\/\/www.invisibletranslation.com\/wp-content\/uploads\/2020\/06\/traduccion-certificada-jurada-1024x768.jpg","type":"","width":"","height":""}],"twitter_card":"summary_large_image","twitter_misc":{"Tiempo de lectura":"4 minutos"},"schema":{"@context":"https:\/\/schema.org","@graph":[{"@type":"WebPage","@id":"https:\/\/www.invisibletranslation.com\/es\/servicios\/traduccion\/documentos-oficiales\/traduccion-jurada-en-quebec\/","url":"https:\/\/www.invisibletranslation.com\/es\/servicios\/traduccion\/documentos-oficiales\/traduccion-jurada-en-quebec\/","name":"Traducci\u00f3n \"jurada\" en Quebec | Traduction INVISIBLE inc.","isPartOf":{"@id":"https:\/\/www.invisibletranslation.com\/es\/#website"},"primaryImageOfPage":{"@id":"https:\/\/www.invisibletranslation.com\/es\/servicios\/traduccion\/documentos-oficiales\/traduccion-jurada-en-quebec\/#primaryimage"},"image":{"@id":"https:\/\/www.invisibletranslation.com\/es\/servicios\/traduccion\/documentos-oficiales\/traduccion-jurada-en-quebec\/#primaryimage"},"thumbnailUrl":"https:\/\/www.invisibletranslation.com\/wp-content\/uploads\/2020\/06\/traduccion-certificada-jurada-1024x768.jpg","datePublished":"2016-10-12T23:49:31+00:00","dateModified":"2022-12-09T23:19:34+00:00","breadcrumb":{"@id":"https:\/\/www.invisibletranslation.com\/es\/servicios\/traduccion\/documentos-oficiales\/traduccion-jurada-en-quebec\/#breadcrumb"},"inLanguage":"es","potentialAction":[{"@type":"ReadAction","target":["https:\/\/www.invisibletranslation.com\/es\/servicios\/traduccion\/documentos-oficiales\/traduccion-jurada-en-quebec\/"]}]},{"@type":"ImageObject","inLanguage":"es","@id":"https:\/\/www.invisibletranslation.com\/es\/servicios\/traduccion\/documentos-oficiales\/traduccion-jurada-en-quebec\/#primaryimage","url":"https:\/\/www.invisibletranslation.com\/wp-content\/uploads\/2020\/06\/traduccion-certificada-jurada-1024x768.jpg","contentUrl":"https:\/\/www.invisibletranslation.com\/wp-content\/uploads\/2020\/06\/traduccion-certificada-jurada-1024x768.jpg"},{"@type":"BreadcrumbList","@id":"https:\/\/www.invisibletranslation.com\/es\/servicios\/traduccion\/documentos-oficiales\/traduccion-jurada-en-quebec\/#breadcrumb","itemListElement":[{"@type":"ListItem","position":1,"name":"Inicio","item":"https:\/\/www.invisibletranslation.com\/es\/"},{"@type":"ListItem","position":2,"name":"Servicios","item":"https:\/\/www.invisibletranslation.com\/es\/servicios\/"},{"@type":"ListItem","position":3,"name":"Traducci\u00f3n","item":"https:\/\/www.invisibletranslation.com\/es\/servicios\/traduccion\/"},{"@type":"ListItem","position":4,"name":"Documentos oficiales","item":"https:\/\/www.invisibletranslation.com\/es\/servicios\/traduccion\/documentos-oficiales\/"},{"@type":"ListItem","position":5,"name":"Traducci\u00f3n jurada"}]},{"@type":"WebSite","@id":"https:\/\/www.invisibletranslation.com\/es\/#website","url":"https:\/\/www.invisibletranslation.com\/es\/","name":"Traducci\u00f3n INVISIBLE Inc.","description":"Translators &amp; Communications Consultants","potentialAction":[{"@type":"SearchAction","target":{"@type":"EntryPoint","urlTemplate":"https:\/\/www.invisibletranslation.com\/es\/?s={search_term_string}"},"query-input":{"@type":"PropertyValueSpecification","valueRequired":true,"valueName":"search_term_string"}}],"inLanguage":"es"}]}},"_links":{"self":[{"href":"https:\/\/www.invisibletranslation.com\/es\/wp-json\/wp\/v2\/pages\/4777","targetHints":{"allow":["GET"]}}],"collection":[{"href":"https:\/\/www.invisibletranslation.com\/es\/wp-json\/wp\/v2\/pages"}],"about":[{"href":"https:\/\/www.invisibletranslation.com\/es\/wp-json\/wp\/v2\/types\/page"}],"author":[{"embeddable":true,"href":"https:\/\/www.invisibletranslation.com\/es\/wp-json\/wp\/v2\/users\/3"}],"replies":[{"embeddable":true,"href":"https:\/\/www.invisibletranslation.com\/es\/wp-json\/wp\/v2\/comments?post=4777"}],"version-history":[{"count":0,"href":"https:\/\/www.invisibletranslation.com\/es\/wp-json\/wp\/v2\/pages\/4777\/revisions"}],"up":[{"embeddable":true,"href":"https:\/\/www.invisibletranslation.com\/es\/wp-json\/wp\/v2\/pages\/1542"}],"wp:attachment":[{"href":"https:\/\/www.invisibletranslation.com\/es\/wp-json\/wp\/v2\/media?parent=4777"}],"wp:term":[{"taxonomy":"category","embeddable":true,"href":"https:\/\/www.invisibletranslation.com\/es\/wp-json\/wp\/v2\/categories?post=4777"},{"taxonomy":"post_tag","embeddable":true,"href":"https:\/\/www.invisibletranslation.com\/es\/wp-json\/wp\/v2\/tags?post=4777"}],"curies":[{"name":"wp","href":"https:\/\/api.w.org\/{rel}","templated":true}]}}