{"id":4686,"date":"2020-04-08T09:25:05","date_gmt":"2020-04-08T13:25:05","guid":{"rendered":"https:\/\/www.invisibletranslation.com\/?page_id=4686"},"modified":"2021-05-09T17:05:14","modified_gmt":"2021-05-09T21:05:14","slug":"traduccion-urgente-911","status":"publish","type":"page","link":"https:\/\/www.invisibletranslation.com\/es\/traduccion-urgente-911\/","title":{"rendered":"Traducci\u00f3n urgente \u2013 911"},"content":{"rendered":"<p>[et_pb_section fb_built=\u00bb1&#8243; custom_padding_last_edited=\u00bbon|desktop\u00bb admin_label=\u00bbsection\u00bb module_id=\u00bbcontent-zone\u00bb _builder_version=\u00bb3.22&#8243; custom_padding_tablet=\u00bb50px|0|50px|0&#8243; custom_padding_phone=\u00bb\u00bb transparent_background=\u00bboff\u00bb padding_mobile=\u00bboff\u00bb make_fullwidth=\u00bboff\u00bb use_custom_width=\u00bboff\u00bb width_unit=\u00bbon\u00bb][et_pb_row column_structure=\u00bb2_3,1_3&#8243; admin_label=\u00bbrow\u00bb _builder_version=\u00bb3.25&#8243; background_size=\u00bbinitial\u00bb background_position=\u00bbtop_left\u00bb background_repeat=\u00bbrepeat\u00bb][et_pb_column type=\u00bb2_3&#8243; _builder_version=\u00bb3.25&#8243; custom_padding=\u00bb|||\u00bb custom_padding__hover=\u00bb|||\u00bb][et_pb_text admin_label=\u00bbBreadcrumb\u00bb _builder_version=\u00bb3.27.4&#8243; background_size=\u00bbinitial\u00bb background_position=\u00bbtop_left\u00bb background_repeat=\u00bbrepeat\u00bb use_border_color=\u00bboff\u00bb border_color=\u00bb#ffffff\u00bb border_style=\u00bbsolid\u00bb]<\/p>\n<div class=\"breadcrumb\" itemprop=\"breadcrumb\"><span><span><a href=\"https:\/\/www.invisibletranslation.com\/es\/\">Inicio<\/a><\/span><\/span><\/div>\n<p>[\/et_pb_text][et_pb_text admin_label=\u00bbLong Title\u00bb _builder_version=\u00bb4.4.1&#8243; background_size=\u00bbinitial\u00bb background_position=\u00bbtop_left\u00bb background_repeat=\u00bbrepeat\u00bb use_border_color=\u00bboff\u00bb border_color=\u00bb#ffffff\u00bb border_style=\u00bbsolid\u00bb]<\/p>\n<h1>Traducci\u00f3n urgente \u2013 911<\/h1>\n<p><img loading=\"lazy\" decoding=\"async\" id=\"title-top-image\" class=\"alignnone wp-image-4693 size-full\" src=\"https:\/\/www.invisibletranslation.com\/wp-content\/uploads\/2020\/04\/traduction-urgente-es.jpg\" alt=\"\" width=\"1200\" height=\"900\" \/><\/p>\n<p>[\/et_pb_text][et_pb_text admin_label=\u00bbContenu\u00bb _builder_version=\u00bb4.9.4&#8243; text_font=\u00bbOpen Sans||||\u00bb text_font_size=\u00bb16&#8243; text_line_height=\u00bb1.8em\u00bb background_size=\u00bbinitial\u00bb background_position=\u00bbtop_left\u00bb background_repeat=\u00bbrepeat\u00bb hover_enabled=\u00bb0&#8243; use_border_color=\u00bboff\u00bb border_color=\u00bb#ffffff\u00bb border_style=\u00bbsolid\u00bb sticky_enabled=\u00bb0&#8243;]<\/p>\n<p>\u00bfNecesita traducir algo ahora mismo?<\/p>\n<p>\u00bfNo puede perder tiempo respondiendo varias preguntas?<\/p>\n<p>\u00bfNecesita tener una traducci\u00f3n de alta calidad hecha por un traductor profesional sin importar lo que cueste?<\/p>\n<p>Todo lo que debe hacer es enviar el material que necesite traducir junto con su n\u00famero de tel\u00e9fono a <a href=\"mailto:911@traduccioninvisible.com\">911@traduccioninvisible.com<\/a>.<\/p>\n<p>Uno de nuestros traductores certificados se pondr\u00e1 en contacto con usted en los siguientes 30 minutos.<\/p>\n<p>Estamos aqu\u00ed para ayudarle.<\/p>\n<p>Traducci\u00f3n invisible. Soluci\u00f3n tangible.<\/p>\n<p>[\/et_pb_text][\/et_pb_column][et_pb_column type=\u00bb1_3&#8243; _builder_version=\u00bb3.25&#8243; custom_padding=\u00bb|||\u00bb custom_padding__hover=\u00bb|||\u00bb][et_pb_sidebar orientation=\u00bbright\u00bb area=\u00bbsidebar-1&#8243; _builder_version=\u00bb3.0.74&#8243; remove_border=\u00bboff\u00bb][\/et_pb_sidebar][\/et_pb_column][\/et_pb_row][\/et_pb_section]<\/p>\n","protected":false},"excerpt":{"rendered":"<p><div class=\"breadcrumb\" itemprop=\"breadcrumb\"><span><span><a href=\"https:\/\/www.invisibletranslation.com\/es\/\">Inicio<\/a><\/span><\/span><\/div> Traducci\u00f3n urgente \u2013 911 \u00bfNecesita traducir algo ahora mismo? \u00bfNo puede perder tiempo respondiendo varias preguntas? \u00bfNecesita tener una traducci\u00f3n de alta calidad hecha por un traductor profesional sin importar lo que cueste? Todo lo que debe hacer es enviar el material que necesite traducir junto con su n\u00famero de tel\u00e9fono a 911@traduccioninvisible.com. Uno [&hellip;]<\/p>\n","protected":false},"author":3,"featured_media":0,"parent":0,"menu_order":3,"comment_status":"closed","ping_status":"closed","template":"","meta":{"_et_pb_use_builder":"on","_et_pb_old_content":"","_et_gb_content_width":"","footnotes":""},"categories":[],"tags":[],"class_list":["post-4686","page","type-page","status-publish","hentry"],"yoast_head":"<!-- This site is optimized with the Yoast SEO plugin v25.0 - https:\/\/yoast.com\/wordpress\/plugins\/seo\/ -->\n<title>Traducci\u00f3n urgente \u2013 911 | Traducci\u00f3n INVISIBLE<\/title>\n<meta name=\"description\" content=\"\u00bfNecesita una traducci\u00f3n al espa\u00f1ol, ingl\u00e9s o franc\u00e9s y es urgente? \u00a1Ll\u00e1menos!\" \/>\n<meta name=\"robots\" content=\"index, follow, max-snippet:-1, max-image-preview:large, max-video-preview:-1\" \/>\n<link rel=\"canonical\" href=\"https:\/\/www.invisibletranslation.com\/es\/traduccion-urgente-911\/\" \/>\n<meta property=\"og:locale\" content=\"es_ES\" \/>\n<meta property=\"og:type\" content=\"article\" \/>\n<meta property=\"og:title\" content=\"Traducci\u00f3n urgente \u2013 911 | Traducci\u00f3n INVISIBLE\" \/>\n<meta property=\"og:description\" content=\"\u00bfNecesita una traducci\u00f3n al espa\u00f1ol, ingl\u00e9s o franc\u00e9s y es urgente? \u00a1Ll\u00e1menos!\" \/>\n<meta property=\"og:url\" content=\"https:\/\/www.invisibletranslation.com\/es\/traduccion-urgente-911\/\" \/>\n<meta property=\"og:site_name\" content=\"Traducci\u00f3n INVISIBLE Inc.\" \/>\n<meta property=\"article:modified_time\" content=\"2021-05-09T21:05:14+00:00\" \/>\n<meta property=\"og:image\" content=\"https:\/\/www.invisibletranslation.com\/wp-content\/uploads\/2020\/04\/traduction-urgente-es.jpg\" \/>\n<meta name=\"twitter:card\" content=\"summary_large_image\" \/>\n<meta name=\"twitter:label1\" content=\"Tiempo de lectura\" \/>\n\t<meta name=\"twitter:data1\" content=\"2 minutos\" \/>\n<script type=\"application\/ld+json\" class=\"yoast-schema-graph\">{\"@context\":\"https:\/\/schema.org\",\"@graph\":[{\"@type\":\"WebPage\",\"@id\":\"https:\/\/www.invisibletranslation.com\/es\/traduccion-urgente-911\/\",\"url\":\"https:\/\/www.invisibletranslation.com\/es\/traduccion-urgente-911\/\",\"name\":\"Traducci\u00f3n urgente \u2013 911 | Traducci\u00f3n INVISIBLE\",\"isPartOf\":{\"@id\":\"https:\/\/www.invisibletranslation.com\/es\/#website\"},\"primaryImageOfPage\":{\"@id\":\"https:\/\/www.invisibletranslation.com\/es\/traduccion-urgente-911\/#primaryimage\"},\"image\":{\"@id\":\"https:\/\/www.invisibletranslation.com\/es\/traduccion-urgente-911\/#primaryimage\"},\"thumbnailUrl\":\"https:\/\/www.invisibletranslation.com\/wp-content\/uploads\/2020\/04\/traduction-urgente-es.jpg\",\"datePublished\":\"2020-04-08T13:25:05+00:00\",\"dateModified\":\"2021-05-09T21:05:14+00:00\",\"description\":\"\u00bfNecesita una traducci\u00f3n al espa\u00f1ol, ingl\u00e9s o franc\u00e9s y es urgente? \u00a1Ll\u00e1menos!\",\"breadcrumb\":{\"@id\":\"https:\/\/www.invisibletranslation.com\/es\/traduccion-urgente-911\/#breadcrumb\"},\"inLanguage\":\"es\",\"potentialAction\":[{\"@type\":\"ReadAction\",\"target\":[\"https:\/\/www.invisibletranslation.com\/es\/traduccion-urgente-911\/\"]}]},{\"@type\":\"ImageObject\",\"inLanguage\":\"es\",\"@id\":\"https:\/\/www.invisibletranslation.com\/es\/traduccion-urgente-911\/#primaryimage\",\"url\":\"https:\/\/www.invisibletranslation.com\/wp-content\/uploads\/2020\/04\/traduction-urgente-es.jpg\",\"contentUrl\":\"https:\/\/www.invisibletranslation.com\/wp-content\/uploads\/2020\/04\/traduction-urgente-es.jpg\"},{\"@type\":\"BreadcrumbList\",\"@id\":\"https:\/\/www.invisibletranslation.com\/es\/traduccion-urgente-911\/#breadcrumb\",\"itemListElement\":[{\"@type\":\"ListItem\",\"position\":1,\"name\":\"Inicio\",\"item\":\"https:\/\/www.invisibletranslation.com\/es\/\"},{\"@type\":\"ListItem\",\"position\":2,\"name\":\"Traducci\u00f3n urgente \u2013 911\"}]},{\"@type\":\"WebSite\",\"@id\":\"https:\/\/www.invisibletranslation.com\/es\/#website\",\"url\":\"https:\/\/www.invisibletranslation.com\/es\/\",\"name\":\"Traducci\u00f3n INVISIBLE Inc.\",\"description\":\"Translators &amp; Communications Consultants\",\"potentialAction\":[{\"@type\":\"SearchAction\",\"target\":{\"@type\":\"EntryPoint\",\"urlTemplate\":\"https:\/\/www.invisibletranslation.com\/es\/?s={search_term_string}\"},\"query-input\":{\"@type\":\"PropertyValueSpecification\",\"valueRequired\":true,\"valueName\":\"search_term_string\"}}],\"inLanguage\":\"es\"}]}<\/script>\n<!-- \/ Yoast SEO plugin. -->","yoast_head_json":{"title":"Traducci\u00f3n urgente \u2013 911 | Traducci\u00f3n INVISIBLE","description":"\u00bfNecesita una traducci\u00f3n al espa\u00f1ol, ingl\u00e9s o franc\u00e9s y es urgente? \u00a1Ll\u00e1menos!","robots":{"index":"index","follow":"follow","max-snippet":"max-snippet:-1","max-image-preview":"max-image-preview:large","max-video-preview":"max-video-preview:-1"},"canonical":"https:\/\/www.invisibletranslation.com\/es\/traduccion-urgente-911\/","og_locale":"es_ES","og_type":"article","og_title":"Traducci\u00f3n urgente \u2013 911 | Traducci\u00f3n INVISIBLE","og_description":"\u00bfNecesita una traducci\u00f3n al espa\u00f1ol, ingl\u00e9s o franc\u00e9s y es urgente? \u00a1Ll\u00e1menos!","og_url":"https:\/\/www.invisibletranslation.com\/es\/traduccion-urgente-911\/","og_site_name":"Traducci\u00f3n INVISIBLE Inc.","article_modified_time":"2021-05-09T21:05:14+00:00","og_image":[{"url":"https:\/\/www.invisibletranslation.com\/wp-content\/uploads\/2020\/04\/traduction-urgente-es.jpg","type":"","width":"","height":""}],"twitter_card":"summary_large_image","twitter_misc":{"Tiempo de lectura":"2 minutos"},"schema":{"@context":"https:\/\/schema.org","@graph":[{"@type":"WebPage","@id":"https:\/\/www.invisibletranslation.com\/es\/traduccion-urgente-911\/","url":"https:\/\/www.invisibletranslation.com\/es\/traduccion-urgente-911\/","name":"Traducci\u00f3n urgente \u2013 911 | Traducci\u00f3n INVISIBLE","isPartOf":{"@id":"https:\/\/www.invisibletranslation.com\/es\/#website"},"primaryImageOfPage":{"@id":"https:\/\/www.invisibletranslation.com\/es\/traduccion-urgente-911\/#primaryimage"},"image":{"@id":"https:\/\/www.invisibletranslation.com\/es\/traduccion-urgente-911\/#primaryimage"},"thumbnailUrl":"https:\/\/www.invisibletranslation.com\/wp-content\/uploads\/2020\/04\/traduction-urgente-es.jpg","datePublished":"2020-04-08T13:25:05+00:00","dateModified":"2021-05-09T21:05:14+00:00","description":"\u00bfNecesita una traducci\u00f3n al espa\u00f1ol, ingl\u00e9s o franc\u00e9s y es urgente? \u00a1Ll\u00e1menos!","breadcrumb":{"@id":"https:\/\/www.invisibletranslation.com\/es\/traduccion-urgente-911\/#breadcrumb"},"inLanguage":"es","potentialAction":[{"@type":"ReadAction","target":["https:\/\/www.invisibletranslation.com\/es\/traduccion-urgente-911\/"]}]},{"@type":"ImageObject","inLanguage":"es","@id":"https:\/\/www.invisibletranslation.com\/es\/traduccion-urgente-911\/#primaryimage","url":"https:\/\/www.invisibletranslation.com\/wp-content\/uploads\/2020\/04\/traduction-urgente-es.jpg","contentUrl":"https:\/\/www.invisibletranslation.com\/wp-content\/uploads\/2020\/04\/traduction-urgente-es.jpg"},{"@type":"BreadcrumbList","@id":"https:\/\/www.invisibletranslation.com\/es\/traduccion-urgente-911\/#breadcrumb","itemListElement":[{"@type":"ListItem","position":1,"name":"Inicio","item":"https:\/\/www.invisibletranslation.com\/es\/"},{"@type":"ListItem","position":2,"name":"Traducci\u00f3n urgente \u2013 911"}]},{"@type":"WebSite","@id":"https:\/\/www.invisibletranslation.com\/es\/#website","url":"https:\/\/www.invisibletranslation.com\/es\/","name":"Traducci\u00f3n INVISIBLE Inc.","description":"Translators &amp; Communications Consultants","potentialAction":[{"@type":"SearchAction","target":{"@type":"EntryPoint","urlTemplate":"https:\/\/www.invisibletranslation.com\/es\/?s={search_term_string}"},"query-input":{"@type":"PropertyValueSpecification","valueRequired":true,"valueName":"search_term_string"}}],"inLanguage":"es"}]}},"_links":{"self":[{"href":"https:\/\/www.invisibletranslation.com\/es\/wp-json\/wp\/v2\/pages\/4686","targetHints":{"allow":["GET"]}}],"collection":[{"href":"https:\/\/www.invisibletranslation.com\/es\/wp-json\/wp\/v2\/pages"}],"about":[{"href":"https:\/\/www.invisibletranslation.com\/es\/wp-json\/wp\/v2\/types\/page"}],"author":[{"embeddable":true,"href":"https:\/\/www.invisibletranslation.com\/es\/wp-json\/wp\/v2\/users\/3"}],"replies":[{"embeddable":true,"href":"https:\/\/www.invisibletranslation.com\/es\/wp-json\/wp\/v2\/comments?post=4686"}],"version-history":[{"count":0,"href":"https:\/\/www.invisibletranslation.com\/es\/wp-json\/wp\/v2\/pages\/4686\/revisions"}],"wp:attachment":[{"href":"https:\/\/www.invisibletranslation.com\/es\/wp-json\/wp\/v2\/media?parent=4686"}],"wp:term":[{"taxonomy":"category","embeddable":true,"href":"https:\/\/www.invisibletranslation.com\/es\/wp-json\/wp\/v2\/categories?post=4686"},{"taxonomy":"post_tag","embeddable":true,"href":"https:\/\/www.invisibletranslation.com\/es\/wp-json\/wp\/v2\/tags?post=4686"}],"curies":[{"name":"wp","href":"https:\/\/api.w.org\/{rel}","templated":true}]}}