{"id":2010,"date":"2016-11-04T14:16:39","date_gmt":"2016-11-04T18:16:39","guid":{"rendered":"http:\/\/www.iestrie.com\/es\/?page_id=2010"},"modified":"2023-11-01T20:54:07","modified_gmt":"2023-11-02T00:54:07","slug":"por-que-escoger-traduccion-invisible","status":"publish","type":"page","link":"https:\/\/www.invisibletranslation.com\/es\/acerca-de\/por-que-escoger-traduccion-invisible\/","title":{"rendered":"\u00bfPor qu\u00e9 nosotros?"},"content":{"rendered":"<p>[et_pb_section fb_built=\u00bb1&#8243; custom_padding_last_edited=\u00bbon|desktop\u00bb admin_label=\u00bbsection\u00bb module_id=\u00bbcontent-zone\u00bb _builder_version=\u00bb4.16&#8243; custom_padding_tablet=\u00bb50px|0|50px|0&#8243; custom_padding_phone=\u00bb\u00bb transparent_background=\u00bboff\u00bb padding_mobile=\u00bboff\u00bb make_fullwidth=\u00bboff\u00bb use_custom_width=\u00bboff\u00bb width_unit=\u00bbon\u00bb global_colors_info=\u00bb{}\u00bb][et_pb_row column_structure=\u00bb2_3,1_3&#8243; admin_label=\u00bbrow\u00bb _builder_version=\u00bb4.16&#8243; background_size=\u00bbinitial\u00bb background_position=\u00bbtop_left\u00bb background_repeat=\u00bbrepeat\u00bb global_colors_info=\u00bb{}\u00bb][et_pb_column type=\u00bb2_3&#8243; _builder_version=\u00bb4.16&#8243; custom_padding=\u00bb|||\u00bb global_colors_info=\u00bb{}\u00bb custom_padding__hover=\u00bb|||\u00bb][et_pb_text admin_label=\u00bbBreadcrumb\u00bb _builder_version=\u00bb4.16&#8243; background_size=\u00bbinitial\u00bb background_position=\u00bbtop_left\u00bb background_repeat=\u00bbrepeat\u00bb use_border_color=\u00bboff\u00bb border_color=\u00bb#ffffff\u00bb border_style=\u00bbsolid\u00bb global_colors_info=\u00bb{}\u00bb]<\/p>\n<div class=\"breadcrumb\" itemprop=\"breadcrumb\"><span><span><a href=\"https:\/\/www.invisibletranslation.com\/es\/\">Inicio<\/a><\/span><\/span><\/div>\n<p>[\/et_pb_text][et_pb_text admin_label=\u00bbLong Title\u00bb _builder_version=\u00bb4.16&#8243; background_size=\u00bbinitial\u00bb background_position=\u00bbtop_left\u00bb background_repeat=\u00bbrepeat\u00bb use_border_color=\u00bboff\u00bb global_colors_info=\u00bb{}\u00bb]<\/p>\n<h1><img loading=\"lazy\" decoding=\"async\" class=\"alignright size-full wp-image-1009\" src=\"\/wp-content\/uploads\/2016\/04\/pdf_icon.gif\" alt=\"PDF\" width=\"50\" height=\"50\">\u00bfPor qu\u00e9 escoger Traducci\u00f3n INVISIBLE?<\/h1>\n<p><img loading=\"lazy\" decoding=\"async\" id=\"title-top-image\" src=\"https:\/\/www.invisibletranslation.com\/wp-content\/uploads\/2018\/10\/Why-us-ES-1024x768.jpg\" alt=\"\" width=\"1024\" height=\"768\" class=\"alignnone size-large wp-image-3655\" \/><\/p>\n<p>[\/et_pb_text][et_pb_text admin_label=\u00bbContenu\u00bb _builder_version=\u00bb4.17.4&#8243; text_font=\u00bbOpen Sans||||\u00bb text_font_size=\u00bb16&#8243; text_line_height=\u00bb1.8em\u00bb background_size=\u00bbinitial\u00bb background_position=\u00bbtop_left\u00bb background_repeat=\u00bbrepeat\u00bb use_border_color=\u00bboff\u00bb border_color=\u00bb#ffffff\u00bb border_style=\u00bbsolid\u00bb global_colors_info=\u00bb{}\u00bb]<\/p>\n<h2>Servicios ling\u00fc\u00edsticos profesionales con aut\u00e9nticas ventajas<\/h2>\n<p>En Traducci\u00f3n INVISIBLE, estamos decididos a darle m\u00e1s por su dinero.<\/p>\n<p>Por eso hemos creado distintos mecanismos que le permiten realizar importantes ahorros cuando recurre a nuestro equipo de profesionales cualificados.<\/p>\n<h2>Un servicio confidencial<\/h2>\n<p>La confidencialidad es para nosotros de m\u00e1xima importancia.<\/p>\n<p>Al igual que los m\u00e9dicos, abogados y psic\u00f3logos, nuestros traductores certificados est\u00e1n sujetos al secreto profesional y adoptan todas las medidas necesarias para proteger el car\u00e1cter confidencial de sus documentos.<\/p>\n<p>Conf\u00ede en nuestro equipo y tendr\u00e1 la garant\u00eda de que su informaci\u00f3n estrat\u00e9gica estar\u00e1 en buenas manos.<\/p>\n<h2>Profesionales competentes y concienzudos<\/h2>\n<p>Nuestros profesionales de la lengua s\u00f3lo tienen un objetivo: la calidad.<\/p>\n<p>Gracias a su formaci\u00f3n universitaria, nuestros traductores, editores y revisores, todos ellos seres humanos y no m\u00e1quinas, tienen en su haber unos 200 a\u00f1os de experiencia combinada.<\/p>\n<p>No cabe duda de que nuestro equipo ya ha visto y hecho de todo.<\/p>\n<p>\u00bfTiene un texto peque\u00f1o? \u00bfO un gran proyecto?<\/p>\n<p>Podemos responder a cualquier reto.<\/p>\n<h2>Sus limitaciones, nuestra capacidad de adaptaci\u00f3n<\/h2>\n<p>Escuchamos con atenci\u00f3n a nuestros clientes para responder a sus necesidades y comprendemos su realidad.<\/p>\n<p>Por eso le ofrecemos un servicio al cliente inigualable.<\/p>\n<p>M\u00e1s concretamente, podemos:<\/p>\n<ul>\n<li>completar los textos que nos encomienda con rapidez, pero sin comprometer la calidad;<\/li>\n<li>entregarle nuestro trabajo el mismo d\u00eda, siempre que sea posible;<\/li>\n<li>facturar nuestros honorarios semanal, quincenal o mensualmente;<\/li>\n<li>darle la opci\u00f3n de pagar su factura en d\u00f3lares canadienses o d\u00f3lares estadounidenses;<\/li>\n<li>adaptarnos a los formatos de archivos electr\u00f3nicos que utiliza su empresa.<\/li>\n<\/ul>\n<h2>Tarifas competitivas, adaptadas a su realidad<\/h2>\n<p>La calidad tiene un precio, pero su presupuesto tambi\u00e9n tiene sus l\u00edmites.<\/p>\n<p>\u00bfNo le gustan los costos ocultos ni las sorpresas desagradables?<\/p>\n<p>\u00a1A nosotros tampoco!<\/p>\n<p>Por eso le ofrecemos:<\/p>\n<ul>\n<li>tarifas flexibles y personalizadas, junto con econom\u00edas de escala;<\/li>\n<li>un descuento sobre las ventas del dos por ciento (2\u00a0%) aplicable al costo de los pr\u00f3ximos trabajos, si liquida el saldo de su cuenta en un plazo de diez (10) d\u00edas.<\/li>\n<\/ul>\n<p>Ofrecemos tambi\u00e9n un descuento del 3\u00a0% a:<\/p>\n<ul>\n<li>estudiantes;<\/li>\n<li>organismos sin fines de lucro inscritos en el <a href=\"https:\/\/www.registreentreprises.gouv.qc.ca\/en\/default.aspx\" target=\"_blank\" rel=\"noopener noreferrer\">Registro de Empresas de Quebec<\/a>;<\/li>\n<li>organismos de beneficencia registrados en la <a href=\"https:\/\/www.canada.ca\/en\/revenue-agency\/cra-canada.html\" target=\"_blank\" rel=\"noopener noreferrer\">Agencia Canadiense de Ingresos<\/a>;<\/li>\n<li>miembros de la <a href=\"https:\/\/www.rcen.ca\/en\/home\" target=\"_blank\" rel=\"noopener noreferrer\">Red Canadiense del Medio Ambiente<\/a>.<\/li>\n<\/ul>\n<h2>\u00bfTodav\u00eda quiere m\u00e1s?<\/h2>\n<p>Cuando nos convierte en su socio de confianza, nuestro deseo es contribuir a su \u00e9xito.<\/p>\n<p>\u00bfC\u00f3mo sacar el mejor partido de cada d\u00f3lar invertido?<\/p>\n<p>Obteniendo un servicio de valor agregado, \u00a1sin pagar m\u00e1s!:<\/p>\n<ul>\n<li>le informamos sin costo alguno de los errores tipogr\u00e1ficos y otros problemas que encontramos en los textos que traducimos;<\/li>\n<li>en caso necesario, a\u00f1adimos comentarios para proponerle modificaciones o sugerencias sobre las que pensar.<\/li>\n<\/ul>\n<p>\u00a1Y eso no es todo!<\/p>\n<p>\u00bfDebe tomar una decisi\u00f3n de car\u00e1cter ling\u00fc\u00edstico, pero sigue indeciso y le asaltan las dudas?<\/p>\n<p>D\u00e9jenos acabar con la incertidumbre, ofreci\u00e9ndole nuestra opini\u00f3n profesional y una perspectiva externa sobre la cuesti\u00f3n.<\/p>\n<p>Para garantizar una comunicaci\u00f3n eficaz, le asignamos un gerente de proyecto que se convierte en <em>la<\/em> persona de contacto que responder\u00e1 a todas sus peticiones.<\/p>\n<p>En resumen, hacemos todo lo posible para ayudar a su empresa a triunfar a escala local, nacional e internacional.<\/p>\n<h2>Todos los servicios que necesita, bajo un mismo techo<\/h2>\n<p>Traducci\u00f3n INVISIBLE le ofrece una gama completa de servicios ling\u00fc\u00edsticos profesionales:<\/p>\n<ul>\n<li>adaptaci\u00f3n publicitaria;<\/li>\n<li>correcci\u00f3n de pruebas;<\/li>\n<li>redacci\u00f3n;<\/li>\n<li>revisi\u00f3n biling\u00fce;<\/li>\n<li>revisi\u00f3n monoling\u00fce;<\/li>\n<li>traducci\u00f3n general y especializada.<\/li>\n<\/ul>\n<p>Para saber m\u00e1s sobre nuestros servicios consulte <a href=\"https:\/\/www.invisibletranslation.com\/es\/servicios\/\">esta p\u00e1gina<\/a>.<\/p>\n<h2>\u00bfQuiere ir m\u00e1s lejos?<\/h2>\n<p>\u00a1Ponga a prueba nuestras competencias!<\/p>\n<p><a href=\"tel:18334366331\">Ll\u00e1menos<\/a> cuanto antes para hablarnos de sus necesidades.<\/p>\n<p>Dependiendo de sus necesidades y sus objetivos, podr\u00edamos traducir sin costo alguno un texto corto para que pueda comprobar por usted mismo la calidad de nuestro trabajo.<\/p>\n<p>\u00a1Elegir Traducci\u00f3n INVISIBLE le dar\u00e1 resultados tangibles!<\/p>\n<p>[\/et_pb_text][\/et_pb_column][et_pb_column type=\u00bb1_3&#8243; _builder_version=\u00bb4.16&#8243; custom_padding=\u00bb|||\u00bb global_colors_info=\u00bb{}\u00bb custom_padding__hover=\u00bb|||\u00bb][et_pb_sidebar orientation=\u00bbright\u00bb area=\u00bbsidebar-1&#8243; _builder_version=\u00bb4.16&#8243; remove_border=\u00bboff\u00bb global_colors_info=\u00bb{}\u00bb][\/et_pb_sidebar][\/et_pb_column][\/et_pb_row][\/et_pb_section]<\/p>\n","protected":false},"excerpt":{"rendered":"<p>Servicios ling\u00fc\u00edsticos profesionales con aut\u00e9nticas ventajas. En Traducci\u00f3n INVISIBLE, estamos decididos a darle m\u00e1s por su dinero. Por eso hemos creado distintos mecanismos que le permiten realizar importantes ahorros cuando recurre a nuestro equipo de profesionales cualificados&#8230;<\/p>\n","protected":false},"author":3,"featured_media":0,"parent":1538,"menu_order":0,"comment_status":"closed","ping_status":"closed","template":"","meta":{"_et_pb_use_builder":"on","_et_pb_old_content":"","_et_gb_content_width":"","footnotes":""},"categories":[],"tags":[],"class_list":["post-2010","page","type-page","status-publish","hentry"],"yoast_head":"<!-- This site is optimized with the Yoast SEO plugin v25.0 - https:\/\/yoast.com\/wordpress\/plugins\/seo\/ -->\n<title>\u00bfPor qu\u00e9 nosotros? - Traducci\u00f3n INVISIBLE Inc.<\/title>\n<meta name=\"robots\" content=\"index, follow, max-snippet:-1, max-image-preview:large, max-video-preview:-1\" \/>\n<link rel=\"canonical\" href=\"https:\/\/www.invisibletranslation.com\/es\/acerca-de\/por-que-escoger-traduccion-invisible\/\" \/>\n<meta property=\"og:locale\" content=\"es_ES\" \/>\n<meta property=\"og:type\" content=\"article\" \/>\n<meta property=\"og:title\" content=\"\u00bfPor qu\u00e9 nosotros? - Traducci\u00f3n INVISIBLE Inc.\" \/>\n<meta property=\"og:description\" content=\"Servicios ling\u00fc\u00edsticos profesionales con aut\u00e9nticas ventajas. En Traducci\u00f3n INVISIBLE, estamos decididos a darle m\u00e1s por su dinero. Por eso hemos creado distintos mecanismos que le permiten realizar importantes ahorros cuando recurre a nuestro equipo de profesionales cualificados...\" \/>\n<meta property=\"og:url\" content=\"https:\/\/www.invisibletranslation.com\/es\/acerca-de\/por-que-escoger-traduccion-invisible\/\" \/>\n<meta property=\"og:site_name\" content=\"Traducci\u00f3n INVISIBLE Inc.\" \/>\n<meta property=\"article:modified_time\" content=\"2023-11-02T00:54:07+00:00\" \/>\n<meta property=\"og:image\" content=\"https:\/\/www.invisibletranslation.com\/wp-content\/uploads\/2018\/10\/Why-us-ES.jpg\" \/>\n\t<meta property=\"og:image:width\" content=\"1200\" \/>\n\t<meta property=\"og:image:height\" content=\"900\" \/>\n\t<meta property=\"og:image:type\" content=\"image\/jpeg\" \/>\n<meta name=\"twitter:card\" content=\"summary_large_image\" \/>\n<meta name=\"twitter:label1\" content=\"Tiempo de lectura\" \/>\n\t<meta name=\"twitter:data1\" content=\"4 minutos\" \/>\n<script type=\"application\/ld+json\" class=\"yoast-schema-graph\">{\"@context\":\"https:\/\/schema.org\",\"@graph\":[{\"@type\":\"WebPage\",\"@id\":\"https:\/\/www.invisibletranslation.com\/es\/acerca-de\/por-que-escoger-traduccion-invisible\/\",\"url\":\"https:\/\/www.invisibletranslation.com\/es\/acerca-de\/por-que-escoger-traduccion-invisible\/\",\"name\":\"\u00bfPor qu\u00e9 nosotros? - Traducci\u00f3n INVISIBLE Inc.\",\"isPartOf\":{\"@id\":\"https:\/\/www.invisibletranslation.com\/es\/#website\"},\"primaryImageOfPage\":{\"@id\":\"https:\/\/www.invisibletranslation.com\/es\/acerca-de\/por-que-escoger-traduccion-invisible\/#primaryimage\"},\"image\":{\"@id\":\"https:\/\/www.invisibletranslation.com\/es\/acerca-de\/por-que-escoger-traduccion-invisible\/#primaryimage\"},\"thumbnailUrl\":\"https:\/\/www.invisibletranslation.com\/wp-content\/uploads\/2018\/10\/Why-us-ES-1024x768.jpg\",\"datePublished\":\"2016-11-04T18:16:39+00:00\",\"dateModified\":\"2023-11-02T00:54:07+00:00\",\"breadcrumb\":{\"@id\":\"https:\/\/www.invisibletranslation.com\/es\/acerca-de\/por-que-escoger-traduccion-invisible\/#breadcrumb\"},\"inLanguage\":\"es\",\"potentialAction\":[{\"@type\":\"ReadAction\",\"target\":[\"https:\/\/www.invisibletranslation.com\/es\/acerca-de\/por-que-escoger-traduccion-invisible\/\"]}]},{\"@type\":\"ImageObject\",\"inLanguage\":\"es\",\"@id\":\"https:\/\/www.invisibletranslation.com\/es\/acerca-de\/por-que-escoger-traduccion-invisible\/#primaryimage\",\"url\":\"https:\/\/www.invisibletranslation.com\/wp-content\/uploads\/2018\/10\/Why-us-ES-1024x768.jpg\",\"contentUrl\":\"https:\/\/www.invisibletranslation.com\/wp-content\/uploads\/2018\/10\/Why-us-ES-1024x768.jpg\"},{\"@type\":\"BreadcrumbList\",\"@id\":\"https:\/\/www.invisibletranslation.com\/es\/acerca-de\/por-que-escoger-traduccion-invisible\/#breadcrumb\",\"itemListElement\":[{\"@type\":\"ListItem\",\"position\":1,\"name\":\"Inicio\",\"item\":\"https:\/\/www.invisibletranslation.com\/es\/\"},{\"@type\":\"ListItem\",\"position\":2,\"name\":\"Acerca de\",\"item\":\"https:\/\/www.invisibletranslation.com\/es\/acerca-de\/\"},{\"@type\":\"ListItem\",\"position\":3,\"name\":\"\u00bfPor qu\u00e9 nosotros?\"}]},{\"@type\":\"WebSite\",\"@id\":\"https:\/\/www.invisibletranslation.com\/es\/#website\",\"url\":\"https:\/\/www.invisibletranslation.com\/es\/\",\"name\":\"Traducci\u00f3n INVISIBLE Inc.\",\"description\":\"Translators &amp; Communications Consultants\",\"potentialAction\":[{\"@type\":\"SearchAction\",\"target\":{\"@type\":\"EntryPoint\",\"urlTemplate\":\"https:\/\/www.invisibletranslation.com\/es\/?s={search_term_string}\"},\"query-input\":{\"@type\":\"PropertyValueSpecification\",\"valueRequired\":true,\"valueName\":\"search_term_string\"}}],\"inLanguage\":\"es\"}]}<\/script>\n<!-- \/ Yoast SEO plugin. -->","yoast_head_json":{"title":"\u00bfPor qu\u00e9 nosotros? - Traducci\u00f3n INVISIBLE Inc.","robots":{"index":"index","follow":"follow","max-snippet":"max-snippet:-1","max-image-preview":"max-image-preview:large","max-video-preview":"max-video-preview:-1"},"canonical":"https:\/\/www.invisibletranslation.com\/es\/acerca-de\/por-que-escoger-traduccion-invisible\/","og_locale":"es_ES","og_type":"article","og_title":"\u00bfPor qu\u00e9 nosotros? - Traducci\u00f3n INVISIBLE Inc.","og_description":"Servicios ling\u00fc\u00edsticos profesionales con aut\u00e9nticas ventajas. En Traducci\u00f3n INVISIBLE, estamos decididos a darle m\u00e1s por su dinero. Por eso hemos creado distintos mecanismos que le permiten realizar importantes ahorros cuando recurre a nuestro equipo de profesionales cualificados...","og_url":"https:\/\/www.invisibletranslation.com\/es\/acerca-de\/por-que-escoger-traduccion-invisible\/","og_site_name":"Traducci\u00f3n INVISIBLE Inc.","article_modified_time":"2023-11-02T00:54:07+00:00","og_image":[{"width":1200,"height":900,"url":"https:\/\/www.invisibletranslation.com\/wp-content\/uploads\/2018\/10\/Why-us-ES.jpg","type":"image\/jpeg"}],"twitter_card":"summary_large_image","twitter_misc":{"Tiempo de lectura":"4 minutos"},"schema":{"@context":"https:\/\/schema.org","@graph":[{"@type":"WebPage","@id":"https:\/\/www.invisibletranslation.com\/es\/acerca-de\/por-que-escoger-traduccion-invisible\/","url":"https:\/\/www.invisibletranslation.com\/es\/acerca-de\/por-que-escoger-traduccion-invisible\/","name":"\u00bfPor qu\u00e9 nosotros? - Traducci\u00f3n INVISIBLE Inc.","isPartOf":{"@id":"https:\/\/www.invisibletranslation.com\/es\/#website"},"primaryImageOfPage":{"@id":"https:\/\/www.invisibletranslation.com\/es\/acerca-de\/por-que-escoger-traduccion-invisible\/#primaryimage"},"image":{"@id":"https:\/\/www.invisibletranslation.com\/es\/acerca-de\/por-que-escoger-traduccion-invisible\/#primaryimage"},"thumbnailUrl":"https:\/\/www.invisibletranslation.com\/wp-content\/uploads\/2018\/10\/Why-us-ES-1024x768.jpg","datePublished":"2016-11-04T18:16:39+00:00","dateModified":"2023-11-02T00:54:07+00:00","breadcrumb":{"@id":"https:\/\/www.invisibletranslation.com\/es\/acerca-de\/por-que-escoger-traduccion-invisible\/#breadcrumb"},"inLanguage":"es","potentialAction":[{"@type":"ReadAction","target":["https:\/\/www.invisibletranslation.com\/es\/acerca-de\/por-que-escoger-traduccion-invisible\/"]}]},{"@type":"ImageObject","inLanguage":"es","@id":"https:\/\/www.invisibletranslation.com\/es\/acerca-de\/por-que-escoger-traduccion-invisible\/#primaryimage","url":"https:\/\/www.invisibletranslation.com\/wp-content\/uploads\/2018\/10\/Why-us-ES-1024x768.jpg","contentUrl":"https:\/\/www.invisibletranslation.com\/wp-content\/uploads\/2018\/10\/Why-us-ES-1024x768.jpg"},{"@type":"BreadcrumbList","@id":"https:\/\/www.invisibletranslation.com\/es\/acerca-de\/por-que-escoger-traduccion-invisible\/#breadcrumb","itemListElement":[{"@type":"ListItem","position":1,"name":"Inicio","item":"https:\/\/www.invisibletranslation.com\/es\/"},{"@type":"ListItem","position":2,"name":"Acerca de","item":"https:\/\/www.invisibletranslation.com\/es\/acerca-de\/"},{"@type":"ListItem","position":3,"name":"\u00bfPor qu\u00e9 nosotros?"}]},{"@type":"WebSite","@id":"https:\/\/www.invisibletranslation.com\/es\/#website","url":"https:\/\/www.invisibletranslation.com\/es\/","name":"Traducci\u00f3n INVISIBLE Inc.","description":"Translators &amp; Communications Consultants","potentialAction":[{"@type":"SearchAction","target":{"@type":"EntryPoint","urlTemplate":"https:\/\/www.invisibletranslation.com\/es\/?s={search_term_string}"},"query-input":{"@type":"PropertyValueSpecification","valueRequired":true,"valueName":"search_term_string"}}],"inLanguage":"es"}]}},"_links":{"self":[{"href":"https:\/\/www.invisibletranslation.com\/es\/wp-json\/wp\/v2\/pages\/2010","targetHints":{"allow":["GET"]}}],"collection":[{"href":"https:\/\/www.invisibletranslation.com\/es\/wp-json\/wp\/v2\/pages"}],"about":[{"href":"https:\/\/www.invisibletranslation.com\/es\/wp-json\/wp\/v2\/types\/page"}],"author":[{"embeddable":true,"href":"https:\/\/www.invisibletranslation.com\/es\/wp-json\/wp\/v2\/users\/3"}],"replies":[{"embeddable":true,"href":"https:\/\/www.invisibletranslation.com\/es\/wp-json\/wp\/v2\/comments?post=2010"}],"version-history":[{"count":0,"href":"https:\/\/www.invisibletranslation.com\/es\/wp-json\/wp\/v2\/pages\/2010\/revisions"}],"up":[{"embeddable":true,"href":"https:\/\/www.invisibletranslation.com\/es\/wp-json\/wp\/v2\/pages\/1538"}],"wp:attachment":[{"href":"https:\/\/www.invisibletranslation.com\/es\/wp-json\/wp\/v2\/media?parent=2010"}],"wp:term":[{"taxonomy":"category","embeddable":true,"href":"https:\/\/www.invisibletranslation.com\/es\/wp-json\/wp\/v2\/categories?post=2010"},{"taxonomy":"post_tag","embeddable":true,"href":"https:\/\/www.invisibletranslation.com\/es\/wp-json\/wp\/v2\/tags?post=2010"}],"curies":[{"name":"wp","href":"https:\/\/api.w.org\/{rel}","templated":true}]}}