{"id":1586,"date":"2016-05-03T17:08:15","date_gmt":"2016-05-03T21:08:15","guid":{"rendered":"http:\/\/www.iestrie.com\/es\/?page_id=1586"},"modified":"2019-04-14T17:11:18","modified_gmt":"2019-04-14T21:11:18","slug":"condiciones-de-utilizacion","status":"publish","type":"page","link":"https:\/\/www.invisibletranslation.com\/es\/condiciones-de-utilizacion\/","title":{"rendered":"Condiciones de uso"},"content":{"rendered":"<p>[et_pb_section bb_built=\u00bb1&#8243; admin_label=\u00bbsection\u00bb transparent_background=\u00bboff\u00bb allow_player_pause=\u00bboff\u00bb inner_shadow=\u00bboff\u00bb parallax=\u00bboff\u00bb parallax_method=\u00bboff\u00bb padding_mobile=\u00bboff\u00bb module_id=\u00bbcontent-zone\u00bb make_fullwidth=\u00bboff\u00bb use_custom_width=\u00bboff\u00bb width_unit=\u00bbon\u00bb make_equal=\u00bboff\u00bb use_custom_gutter=\u00bboff\u00bb gutter_width=\u00bb3&#8243; custom_padding_tablet=\u00bb50px|0|50px|0&#8243; custom_padding_last_edited=\u00bbon|desktop\u00bb inner_width=\u00bbauto\u00bb inner_max_width=\u00bbnone\u00bb prev_background_color=\u00bb#FFFFFF\u00bb next_background_color=\u00bb#000000&#8243;][et_pb_row admin_label=\u00bbrow\u00bb background_position=\u00bbtop_left\u00bb background_repeat=\u00bbrepeat\u00bb background_size=\u00bbinitial\u00bb width=\u00bb80%\u00bb max_width=\u00bb1080px\u00bb][et_pb_column type=\u00bb2_3&#8243;][et_pb_text admin_label=\u00bbBreadcrumb\u00bb background_layout=\u00bblight\u00bb text_orientation=\u00bbleft\u00bb use_border_color=\u00bboff\u00bb border_color=\u00bb#ffffff\u00bb border_style=\u00bbsolid\u00bb background_position=\u00bbtop_left\u00bb background_repeat=\u00bbrepeat\u00bb background_size=\u00bbinitial\u00bb]<\/p>\n<div class=\"breadcrumb\" itemprop=\"breadcrumb\"><span><span><a href=\"https:\/\/www.invisibletranslation.com\/es\/\">Inicio<\/a><\/span><\/span><\/div>\n<p>[\/et_pb_text][et_pb_text admin_label=\u00bbLong Title\u00bb background_layout=\u00bblight\u00bb text_orientation=\u00bbleft\u00bb use_border_color=\u00bboff\u00bb border_color=\u00bb#ffffff\u00bb border_style=\u00bbsolid\u00bb background_position=\u00bbtop_left\u00bb background_repeat=\u00bbrepeat\u00bb background_size=\u00bbinitial\u00bb]<\/p>\n<h1><img loading=\"lazy\" decoding=\"async\" class=\"alignright size-full wp-image-1009\" src=\"\/wp-content\/uploads\/2016\/04\/pdf_icon.gif\" alt=\"PDF\" width=\"50\" height=\"50\" \/>Condiciones de utilizaci\u00f3n de nuestro sitio web<\/h1>\n<p><img loading=\"lazy\" decoding=\"async\" id=\"title-top-image\" class=\"alignnone size-large wp-image-3413\" src=\"https:\/\/www.invisibletranslation.com\/wp-content\/uploads\/2016\/05\/Conditions-ES-1024x768.jpg\" alt=\"Condiciones de utilizaci\u00f3n de nuestro sitio web\" width=\"1024\" height=\"768\" \/><\/p>\n<p>[\/et_pb_text][et_pb_text admin_label=\u00bbContenu\u00bb background_layout=\u00bblight\u00bb text_orientation=\u00bbleft\u00bb text_font_size=\u00bb16&#8243; use_border_color=\u00bboff\u00bb border_color=\u00bb#ffffff\u00bb border_style=\u00bbsolid\u00bb text_font=\u00bbOpen Sans||||\u00bb text_line_height=\u00bb1.8em\u00bb background_position=\u00bbtop_left\u00bb background_repeat=\u00bbrepeat\u00bb background_size=\u00bbinitial\u00bb]<\/p>\n<h2>Por favor, lea atentamente la siguiente declaraci\u00f3n<\/h2>\n<p>El equipo de Traducci\u00f3n INVISIBLE hace todo lo que est\u00e1 a su alcance para proteger la informaci\u00f3n que nos conf\u00eda, como se estipula en nuestra <a href=\"https:\/\/www.invisibletranslation.com\/es\/?page_id=1584\">pol\u00edtica de confidencialidad<\/a>. Sin embargo, dada la naturaleza de Internet, no podemos garantizar la confidencialidad de ning\u00fan tipo de informaci\u00f3n que nos env\u00ede por correo electr\u00f3nico o a trav\u00e9s de nuestra p\u00e1gina web. Si decide enviarnos informaci\u00f3n por estos medios, lo hace bajo su propio riesgo y responsabilidad.<\/p>\n<p>Hemos incluido dentro de las p\u00e1ginas de nuestro sitio Internet varios enlaces a otras p\u00e1ginas que no nos pertenecen. La inclusi\u00f3n de estos enlaces en nuestro sitio no debe interpretarse como alg\u00fan tipo de filiaci\u00f3n con los proveedores de esos sitios, o apoyo a los sitios o a la informaci\u00f3n contenida en ellos, ni de ninguna manera constituye alg\u00fan tipo de apoyo o filiaci\u00f3n.<\/p>\n<p>El equipo de Traducci\u00f3n INVISIBLE no es y no se hace responsable del contenido publicado en otros sitios web. No asumimos ninguna responsabilidad con respecto a las medidas tomadas, no tomadas o que deber\u00edan haber sido tomadas o no lo fueron con relaci\u00f3n al contenido publicado en otros sitios web que puedan contener enlaces directos o indirectos al sitio web de Traducci\u00f3n INVISIBLE.<\/p>\n<p>Consulte nuestra <a href=\"https:\/\/www.invisibletranslation.com\/es\/?page_id=1584\">pol\u00edtica de confidencialidad<\/a> y por favor env\u00edenos cualquier pregunta o comentario que pueda tener a la siguiente direcci\u00f3n: <a href=\"mailto:preguntas@traduccioninvisible.com\">preguntas@traduccioninvisible.com<\/a>.<\/p>\n<p>[\/et_pb_text][\/et_pb_column][et_pb_column type=\u00bb1_3&#8243;][et_pb_sidebar orientation=\u00bbright\u00bb area=\u00bbsidebar-1&#8243; background_layout=\u00bblight\u00bb remove_border=\u00bboff\u00bb header_font_size=\u00bb18&#8243; body_font_size=\u00bb14&#8243; show_border=\u00bbon\u00bb \/][\/et_pb_column][\/et_pb_row][\/et_pb_section]<\/p>\n","protected":false},"excerpt":{"rendered":"<p>El equipo de Traducci\u00f3n INVISIBLE hace todo lo que est\u00e1 a su alcance para proteger la informaci\u00f3n que nos conf\u00eda, como se estipula en nuestra pol\u00edtica de confidencialidad. Sin embargo, dada la naturaleza de Internet, no podemos garantizar la confidencialidad de ning\u00fan tipo&#8230;<\/p>\n","protected":false},"author":3,"featured_media":0,"parent":0,"menu_order":100,"comment_status":"closed","ping_status":"closed","template":"","meta":{"_et_pb_use_builder":"on","_et_pb_old_content":"","_et_gb_content_width":"","footnotes":""},"categories":[],"tags":[35],"class_list":["post-1586","page","type-page","status-publish","hentry","tag-yarpp-exclude-es"],"yoast_head":"<!-- This site is optimized with the Yoast SEO plugin v25.0 - https:\/\/yoast.com\/wordpress\/plugins\/seo\/ -->\n<title>Condiciones de utilizaci\u00f3n | Traducci\u00f3n INVISIBLE Inc.<\/title>\n<meta name=\"robots\" content=\"index, follow, max-snippet:-1, max-image-preview:large, max-video-preview:-1\" \/>\n<link rel=\"canonical\" href=\"https:\/\/www.invisibletranslation.com\/es\/condiciones-de-utilizacion\/\" \/>\n<meta property=\"og:locale\" content=\"es_ES\" \/>\n<meta property=\"og:type\" content=\"article\" \/>\n<meta property=\"og:title\" content=\"Condiciones de utilizaci\u00f3n | Traducci\u00f3n INVISIBLE Inc.\" \/>\n<meta property=\"og:description\" content=\"El equipo de Traducci\u00f3n INVISIBLE hace todo lo que est\u00e1 a su alcance para proteger la informaci\u00f3n que nos conf\u00eda, como se estipula en nuestra pol\u00edtica de confidencialidad. Sin embargo, dada la naturaleza de Internet, no podemos garantizar la confidencialidad de ning\u00fan tipo...\" \/>\n<meta property=\"og:url\" content=\"https:\/\/www.invisibletranslation.com\/es\/condiciones-de-utilizacion\/\" \/>\n<meta property=\"og:site_name\" content=\"Traducci\u00f3n INVISIBLE Inc.\" \/>\n<meta property=\"article:modified_time\" content=\"2019-04-14T21:11:18+00:00\" \/>\n<meta property=\"og:image\" content=\"https:\/\/www.invisibletranslation.com\/wp-content\/uploads\/2016\/04\/pdf_icon.gif\" \/>\n<meta name=\"twitter:card\" content=\"summary_large_image\" \/>\n<meta name=\"twitter:label1\" content=\"Tiempo de lectura\" \/>\n\t<meta name=\"twitter:data1\" content=\"3 minutos\" \/>\n<script type=\"application\/ld+json\" class=\"yoast-schema-graph\">{\"@context\":\"https:\/\/schema.org\",\"@graph\":[{\"@type\":\"WebPage\",\"@id\":\"https:\/\/www.invisibletranslation.com\/es\/condiciones-de-utilizacion\/\",\"url\":\"https:\/\/www.invisibletranslation.com\/es\/condiciones-de-utilizacion\/\",\"name\":\"Condiciones de utilizaci\u00f3n | Traducci\u00f3n INVISIBLE Inc.\",\"isPartOf\":{\"@id\":\"https:\/\/www.invisibletranslation.com\/es\/#website\"},\"primaryImageOfPage\":{\"@id\":\"https:\/\/www.invisibletranslation.com\/es\/condiciones-de-utilizacion\/#primaryimage\"},\"image\":{\"@id\":\"https:\/\/www.invisibletranslation.com\/es\/condiciones-de-utilizacion\/#primaryimage\"},\"thumbnailUrl\":\"https:\/\/www.invisibletranslation.com\/wp-content\/uploads\/2016\/05\/Conditions-ES-1024x768.jpg\",\"datePublished\":\"2016-05-03T21:08:15+00:00\",\"dateModified\":\"2019-04-14T21:11:18+00:00\",\"breadcrumb\":{\"@id\":\"https:\/\/www.invisibletranslation.com\/es\/condiciones-de-utilizacion\/#breadcrumb\"},\"inLanguage\":\"es\",\"potentialAction\":[{\"@type\":\"ReadAction\",\"target\":[\"https:\/\/www.invisibletranslation.com\/es\/condiciones-de-utilizacion\/\"]}]},{\"@type\":\"ImageObject\",\"inLanguage\":\"es\",\"@id\":\"https:\/\/www.invisibletranslation.com\/es\/condiciones-de-utilizacion\/#primaryimage\",\"url\":\"https:\/\/www.invisibletranslation.com\/wp-content\/uploads\/2016\/05\/Conditions-ES-1024x768.jpg\",\"contentUrl\":\"https:\/\/www.invisibletranslation.com\/wp-content\/uploads\/2016\/05\/Conditions-ES-1024x768.jpg\"},{\"@type\":\"BreadcrumbList\",\"@id\":\"https:\/\/www.invisibletranslation.com\/es\/condiciones-de-utilizacion\/#breadcrumb\",\"itemListElement\":[{\"@type\":\"ListItem\",\"position\":1,\"name\":\"Inicio\",\"item\":\"https:\/\/www.invisibletranslation.com\/es\/\"},{\"@type\":\"ListItem\",\"position\":2,\"name\":\"Condiciones de uso\"}]},{\"@type\":\"WebSite\",\"@id\":\"https:\/\/www.invisibletranslation.com\/es\/#website\",\"url\":\"https:\/\/www.invisibletranslation.com\/es\/\",\"name\":\"Traducci\u00f3n INVISIBLE Inc.\",\"description\":\"Translators &amp; Communications Consultants\",\"potentialAction\":[{\"@type\":\"SearchAction\",\"target\":{\"@type\":\"EntryPoint\",\"urlTemplate\":\"https:\/\/www.invisibletranslation.com\/es\/?s={search_term_string}\"},\"query-input\":{\"@type\":\"PropertyValueSpecification\",\"valueRequired\":true,\"valueName\":\"search_term_string\"}}],\"inLanguage\":\"es\"}]}<\/script>\n<!-- \/ Yoast SEO plugin. -->","yoast_head_json":{"title":"Condiciones de utilizaci\u00f3n | Traducci\u00f3n INVISIBLE Inc.","robots":{"index":"index","follow":"follow","max-snippet":"max-snippet:-1","max-image-preview":"max-image-preview:large","max-video-preview":"max-video-preview:-1"},"canonical":"https:\/\/www.invisibletranslation.com\/es\/condiciones-de-utilizacion\/","og_locale":"es_ES","og_type":"article","og_title":"Condiciones de utilizaci\u00f3n | Traducci\u00f3n INVISIBLE Inc.","og_description":"El equipo de Traducci\u00f3n INVISIBLE hace todo lo que est\u00e1 a su alcance para proteger la informaci\u00f3n que nos conf\u00eda, como se estipula en nuestra pol\u00edtica de confidencialidad. Sin embargo, dada la naturaleza de Internet, no podemos garantizar la confidencialidad de ning\u00fan tipo...","og_url":"https:\/\/www.invisibletranslation.com\/es\/condiciones-de-utilizacion\/","og_site_name":"Traducci\u00f3n INVISIBLE Inc.","article_modified_time":"2019-04-14T21:11:18+00:00","og_image":[{"url":"https:\/\/www.invisibletranslation.com\/wp-content\/uploads\/2016\/04\/pdf_icon.gif","type":"","width":"","height":""}],"twitter_card":"summary_large_image","twitter_misc":{"Tiempo de lectura":"3 minutos"},"schema":{"@context":"https:\/\/schema.org","@graph":[{"@type":"WebPage","@id":"https:\/\/www.invisibletranslation.com\/es\/condiciones-de-utilizacion\/","url":"https:\/\/www.invisibletranslation.com\/es\/condiciones-de-utilizacion\/","name":"Condiciones de utilizaci\u00f3n | Traducci\u00f3n INVISIBLE Inc.","isPartOf":{"@id":"https:\/\/www.invisibletranslation.com\/es\/#website"},"primaryImageOfPage":{"@id":"https:\/\/www.invisibletranslation.com\/es\/condiciones-de-utilizacion\/#primaryimage"},"image":{"@id":"https:\/\/www.invisibletranslation.com\/es\/condiciones-de-utilizacion\/#primaryimage"},"thumbnailUrl":"https:\/\/www.invisibletranslation.com\/wp-content\/uploads\/2016\/05\/Conditions-ES-1024x768.jpg","datePublished":"2016-05-03T21:08:15+00:00","dateModified":"2019-04-14T21:11:18+00:00","breadcrumb":{"@id":"https:\/\/www.invisibletranslation.com\/es\/condiciones-de-utilizacion\/#breadcrumb"},"inLanguage":"es","potentialAction":[{"@type":"ReadAction","target":["https:\/\/www.invisibletranslation.com\/es\/condiciones-de-utilizacion\/"]}]},{"@type":"ImageObject","inLanguage":"es","@id":"https:\/\/www.invisibletranslation.com\/es\/condiciones-de-utilizacion\/#primaryimage","url":"https:\/\/www.invisibletranslation.com\/wp-content\/uploads\/2016\/05\/Conditions-ES-1024x768.jpg","contentUrl":"https:\/\/www.invisibletranslation.com\/wp-content\/uploads\/2016\/05\/Conditions-ES-1024x768.jpg"},{"@type":"BreadcrumbList","@id":"https:\/\/www.invisibletranslation.com\/es\/condiciones-de-utilizacion\/#breadcrumb","itemListElement":[{"@type":"ListItem","position":1,"name":"Inicio","item":"https:\/\/www.invisibletranslation.com\/es\/"},{"@type":"ListItem","position":2,"name":"Condiciones de uso"}]},{"@type":"WebSite","@id":"https:\/\/www.invisibletranslation.com\/es\/#website","url":"https:\/\/www.invisibletranslation.com\/es\/","name":"Traducci\u00f3n INVISIBLE Inc.","description":"Translators &amp; Communications Consultants","potentialAction":[{"@type":"SearchAction","target":{"@type":"EntryPoint","urlTemplate":"https:\/\/www.invisibletranslation.com\/es\/?s={search_term_string}"},"query-input":{"@type":"PropertyValueSpecification","valueRequired":true,"valueName":"search_term_string"}}],"inLanguage":"es"}]}},"_links":{"self":[{"href":"https:\/\/www.invisibletranslation.com\/es\/wp-json\/wp\/v2\/pages\/1586","targetHints":{"allow":["GET"]}}],"collection":[{"href":"https:\/\/www.invisibletranslation.com\/es\/wp-json\/wp\/v2\/pages"}],"about":[{"href":"https:\/\/www.invisibletranslation.com\/es\/wp-json\/wp\/v2\/types\/page"}],"author":[{"embeddable":true,"href":"https:\/\/www.invisibletranslation.com\/es\/wp-json\/wp\/v2\/users\/3"}],"replies":[{"embeddable":true,"href":"https:\/\/www.invisibletranslation.com\/es\/wp-json\/wp\/v2\/comments?post=1586"}],"version-history":[{"count":0,"href":"https:\/\/www.invisibletranslation.com\/es\/wp-json\/wp\/v2\/pages\/1586\/revisions"}],"wp:attachment":[{"href":"https:\/\/www.invisibletranslation.com\/es\/wp-json\/wp\/v2\/media?parent=1586"}],"wp:term":[{"taxonomy":"category","embeddable":true,"href":"https:\/\/www.invisibletranslation.com\/es\/wp-json\/wp\/v2\/categories?post=1586"},{"taxonomy":"post_tag","embeddable":true,"href":"https:\/\/www.invisibletranslation.com\/es\/wp-json\/wp\/v2\/tags?post=1586"}],"curies":[{"name":"wp","href":"https:\/\/api.w.org\/{rel}","templated":true}]}}