{"id":1578,"date":"2016-05-03T16:46:30","date_gmt":"2016-05-03T20:46:30","guid":{"rendered":"http:\/\/www.iestrie.com\/es\/?page_id=1578"},"modified":"2023-11-13T18:22:33","modified_gmt":"2023-11-13T23:22:33","slug":"empresa-ecocertificada","status":"publish","type":"page","link":"https:\/\/www.invisibletranslation.com\/es\/empresa-ecocertificada\/","title":{"rendered":"Empresa ecocertificada"},"content":{"rendered":"<p>[et_pb_section fb_built=\u00bb1&#8243; custom_padding_last_edited=\u00bbon|desktop\u00bb admin_label=\u00bbsection\u00bb module_id=\u00bbcontent-zone\u00bb _builder_version=\u00bb4.16&#8243; custom_padding_tablet=\u00bb50px|0|50px|0&#8243; custom_padding_phone=\u00bb\u00bb transparent_background=\u00bboff\u00bb padding_mobile=\u00bboff\u00bb make_fullwidth=\u00bboff\u00bb use_custom_width=\u00bboff\u00bb width_unit=\u00bbon\u00bb global_colors_info=\u00bb{}\u00bb][et_pb_row admin_label=\u00bbrow\u00bb _builder_version=\u00bb4.16&#8243; background_size=\u00bbinitial\u00bb background_position=\u00bbtop_left\u00bb background_repeat=\u00bbrepeat\u00bb global_colors_info=\u00bb{}\u00bb column_structure=\u00bb2_3,1_3&#8243;][et_pb_column type=\u00bb2_3&#8243; _builder_version=\u00bb4.16&#8243; custom_padding=\u00bb|||\u00bb global_colors_info=\u00bb{}\u00bb custom_padding__hover=\u00bb|||\u00bb][et_pb_text admin_label=\u00bbBreadcrumb\u00bb _builder_version=\u00bb4.16&#8243; background_size=\u00bbinitial\u00bb background_position=\u00bbtop_left\u00bb background_repeat=\u00bbrepeat\u00bb use_border_color=\u00bboff\u00bb border_color=\u00bb#ffffff\u00bb border_style=\u00bbsolid\u00bb global_colors_info=\u00bb{}\u00bb]<\/p>\n<div class=\"breadcrumb\" itemprop=\"breadcrumb\"><span><span><a href=\"https:\/\/www.invisibletranslation.com\/es\/\">Inicio<\/a><\/span><\/span><\/div>\n<p>[\/et_pb_text][et_pb_text admin_label=\u00bbLong Title\u00bb _builder_version=\u00bb4.16&#8243; background_size=\u00bbinitial\u00bb background_position=\u00bbtop_left\u00bb background_repeat=\u00bbrepeat\u00bb use_border_color=\u00bboff\u00bb border_color=\u00bb#ffffff\u00bb border_style=\u00bbsolid\u00bb global_colors_info=\u00bb{}\u00bb]<\/p>\n<h1><img loading=\"lazy\" decoding=\"async\" class=\"alignright size-full wp-image-1009\" src=\"\/wp-content\/uploads\/2016\/04\/pdf_icon.gif\" alt=\"PDF\" width=\"50\" height=\"50\" \/>Empresa quebequense ecocertificada<\/h1>\n<p><img loading=\"lazy\" decoding=\"async\" id=\"title-top-image\" class=\"alignnone size-large wp-image-3325\" src=\"https:\/\/www.invisibletranslation.com\/wp-content\/uploads\/2016\/05\/Green-ES-1024x768.jpg\" alt=\"Empresa quebequense ecocertificada\" width=\"1024\" height=\"768\" \/><\/p>\n<p>[\/et_pb_text][et_pb_text admin_label=\u00bbContenu\u00bb _builder_version=\u00bb4.17.4&#8243; text_font=\u00bbOpen Sans||||\u00bb text_font_size=\u00bb16&#8243; text_line_height=\u00bb1.8em\u00bb background_size=\u00bbinitial\u00bb background_position=\u00bbtop_left\u00bb background_repeat=\u00bbrepeat\u00bb hover_enabled=\u00bb0&#8243; use_border_color=\u00bboff\u00bb border_color=\u00bb#ffffff\u00bb border_style=\u00bbsolid\u00bb global_colors_info=\u00bb{}\u00bb sticky_enabled=\u00bb0&#8243;]<\/p>\n<h2>Pr\u00e1cticas empresariales ecol\u00f3gicas, ecorresponsables y ecocertificadas<\/h2>\n<p>En su af\u00e1n continuo por redoblar esfuerzos para proteger nuestro planeta y conservar nuestros recursos, el equipo de Traducci\u00f3n INVISIBLE decidi\u00f3, en 2013, dar un paso m\u00e1s para profundizar su compromiso.<\/p>\n<p>As\u00ed, en el mes de octubre de ese mismo a\u00f1o, iniciamos los tr\u00e1mites necesarios ante el Instituto de Ecocertificaci\u00f3n de Empresas (IEE) para someter a Traducci\u00f3n INVISIBLE a una auditor\u00eda externa a fin de evaluar el impacto medioambiental de nuestros m\u00e9todos de trabajo y del funcionamiento de nuestra empresa. Tras ese examen riguroso, el IEE concedi\u00f3 una nota ejemplar a nuestra empresa y el 29 de noviembre de 2013 Traducci\u00f3n INVISIBLE recibi\u00f3 el t\u00edtulo de <a href=\"\/wp-content\/uploads\/2016\/11\/131206.RCC_.es_.pdf\" target=\"_blank\" rel=\"noopener noreferrer\">empresa ecocertificada<\/a>.<\/p>\n<p>El 6 de diciembre de 2015 fue renovada esta certificaci\u00f3n tras la realizaci\u00f3n de una auditor\u00eda de seguimiento.<\/p>\n<h2>Actividades comerciales que respetan el medio ambiente<\/h2>\n<p>En Traducci\u00f3n INVISIBLE, todos los d\u00edas adoptamos medidas concretas para reducir nuestra huella ecol\u00f3gica: siempre que podemos leemos los textos en la pantalla e imprimimos s\u00f3lo lo estrictamente necesario, utilizamos de preferencia papel 100 % reciclado, reciclamos todo lo que imprimimos, consignamos la informaci\u00f3n en soporte electr\u00f3nico, activamos el modo de espera autom\u00e1tico de nuestros monitores y apagamos nuestras computadoras antes de dejar la oficina, por nombrar s\u00f3lo algunas de nuestras iniciativas ecorresponsables.<\/p>\n<p>Contribuya usted tambi\u00e9n a proteger el medio ambiente escogiendo a Traducci\u00f3n INVISIBLE como su proveedor de servicios ling\u00fc\u00edsticos.<\/p>\n<p>Llene <a href=\"https:\/\/www.invisibletranslation.com\/es\/contacto\/solicite-una-cotizacion\/\">este formulario<\/a> o cont\u00e1ctenos por <a href=\"tel:18334366331\">tel\u00e9fono<\/a> o por <a href=\"mailto:info@traduccioninvisible.com\">correo electr\u00f3nico<\/a> para obtener una cotizaci\u00f3n gratuita.<\/p>\n<p>[\/et_pb_text][et_pb_text admin_label=\u00bbRelated Pages\u00bb _builder_version=\u00bb4.16&#8243; background_size=\u00bbinitial\u00bb background_position=\u00bbtop_left\u00bb background_repeat=\u00bbrepeat\u00bb use_border_color=\u00bboff\u00bb border_color=\u00bb#ffffff\u00bb border_style=\u00bbsolid\u00bb global_colors_info=\u00bb{}\u00bb]<\/p>\n<h3>Documentaci\u00f3n \u00fatil:<\/h3>\n<div class='yarpp yarpp-related yarpp-related-shortcode yarpp-template-list'>\n<!-- YARPP List -->\n<ol>\n<li><a href=\"https:\/\/www.invisibletranslation.com\/es\/pf\/\" rel=\"bookmark\" title=\"Preguntas\">Preguntas<\/a><\/li>\n<li><a href=\"https:\/\/www.invisibletranslation.com\/es\/servicios\/traduccion\/boletin-informativo\/\" rel=\"bookmark\" title=\"Bolet\u00edn informativo\">Bolet\u00edn informativo<\/a><\/li>\n<\/ol>\n<\/div>\n\n<p>[\/et_pb_text][\/et_pb_column][et_pb_column type=\u00bb1_3&#8243; _builder_version=\u00bb4.16&#8243; custom_padding=\u00bb|||\u00bb global_colors_info=\u00bb{}\u00bb custom_padding__hover=\u00bb|||\u00bb][et_pb_sidebar orientation=\u00bbright\u00bb area=\u00bbsidebar-1&#8243; _builder_version=\u00bb4.16&#8243; remove_border=\u00bboff\u00bb global_colors_info=\u00bb{}\u00bb][\/et_pb_sidebar][\/et_pb_column][\/et_pb_row][\/et_pb_section]<\/p>\n","protected":false},"excerpt":{"rendered":"<p>En su af\u00e1n continuo por redoblar esfuerzos para proteger nuestro planeta y conservar nuestros recursos, el equipo de Traducci\u00f3n INVISIBLE decidi\u00f3, en 2013, dar un paso m\u00e1s para profundizar su compromiso. As\u00ed, en el mes de octubre de ese mismo a\u00f1o, iniciamos los&#8230;<\/p>\n","protected":false},"author":3,"featured_media":0,"parent":0,"menu_order":21,"comment_status":"closed","ping_status":"closed","template":"","meta":{"_et_pb_use_builder":"on","_et_pb_old_content":"","_et_gb_content_width":"","footnotes":""},"categories":[],"tags":[],"class_list":["post-1578","page","type-page","status-publish","hentry"],"yoast_head":"<!-- This site is optimized with the Yoast SEO plugin v25.0 - https:\/\/yoast.com\/wordpress\/plugins\/seo\/ -->\n<title>Empresa quebequense ecocertificada | Traducci\u00f3n INVISIBLE Inc.<\/title>\n<meta name=\"robots\" content=\"index, follow, max-snippet:-1, max-image-preview:large, max-video-preview:-1\" \/>\n<link rel=\"canonical\" href=\"https:\/\/www.invisibletranslation.com\/es\/empresa-ecocertificada\/\" \/>\n<meta property=\"og:locale\" content=\"es_ES\" \/>\n<meta property=\"og:type\" content=\"article\" \/>\n<meta property=\"og:title\" content=\"Empresa quebequense ecocertificada | Traducci\u00f3n INVISIBLE Inc.\" \/>\n<meta property=\"og:description\" content=\"En su af\u00e1n continuo por redoblar esfuerzos para proteger nuestro planeta y conservar nuestros recursos, el equipo de Traducci\u00f3n INVISIBLE decidi\u00f3, en 2013, dar un paso m\u00e1s para profundizar su compromiso. As\u00ed, en el mes de octubre de ese mismo a\u00f1o, iniciamos los...\" \/>\n<meta property=\"og:url\" content=\"https:\/\/www.invisibletranslation.com\/es\/empresa-ecocertificada\/\" \/>\n<meta property=\"og:site_name\" content=\"Traducci\u00f3n INVISIBLE Inc.\" \/>\n<meta property=\"article:modified_time\" content=\"2023-11-13T23:22:33+00:00\" \/>\n<meta property=\"og:image\" content=\"https:\/\/www.invisibletranslation.com\/wp-content\/uploads\/2016\/05\/Green-ES-1024x768.jpg\" \/>\n<meta name=\"twitter:card\" content=\"summary_large_image\" \/>\n<meta name=\"twitter:label1\" content=\"Tiempo de lectura\" \/>\n\t<meta name=\"twitter:data1\" content=\"2 minutos\" \/>\n<script type=\"application\/ld+json\" class=\"yoast-schema-graph\">{\"@context\":\"https:\/\/schema.org\",\"@graph\":[{\"@type\":\"WebPage\",\"@id\":\"https:\/\/www.invisibletranslation.com\/es\/empresa-ecocertificada\/\",\"url\":\"https:\/\/www.invisibletranslation.com\/es\/empresa-ecocertificada\/\",\"name\":\"Empresa quebequense ecocertificada | Traducci\u00f3n INVISIBLE Inc.\",\"isPartOf\":{\"@id\":\"https:\/\/www.invisibletranslation.com\/es\/#website\"},\"primaryImageOfPage\":{\"@id\":\"https:\/\/www.invisibletranslation.com\/es\/empresa-ecocertificada\/#primaryimage\"},\"image\":{\"@id\":\"https:\/\/www.invisibletranslation.com\/es\/empresa-ecocertificada\/#primaryimage\"},\"thumbnailUrl\":\"https:\/\/www.invisibletranslation.com\/wp-content\/uploads\/2016\/05\/Green-ES-1024x768.jpg\",\"datePublished\":\"2016-05-03T20:46:30+00:00\",\"dateModified\":\"2023-11-13T23:22:33+00:00\",\"breadcrumb\":{\"@id\":\"https:\/\/www.invisibletranslation.com\/es\/empresa-ecocertificada\/#breadcrumb\"},\"inLanguage\":\"es\",\"potentialAction\":[{\"@type\":\"ReadAction\",\"target\":[\"https:\/\/www.invisibletranslation.com\/es\/empresa-ecocertificada\/\"]}]},{\"@type\":\"ImageObject\",\"inLanguage\":\"es\",\"@id\":\"https:\/\/www.invisibletranslation.com\/es\/empresa-ecocertificada\/#primaryimage\",\"url\":\"https:\/\/www.invisibletranslation.com\/wp-content\/uploads\/2016\/05\/Green-ES-1024x768.jpg\",\"contentUrl\":\"https:\/\/www.invisibletranslation.com\/wp-content\/uploads\/2016\/05\/Green-ES-1024x768.jpg\"},{\"@type\":\"BreadcrumbList\",\"@id\":\"https:\/\/www.invisibletranslation.com\/es\/empresa-ecocertificada\/#breadcrumb\",\"itemListElement\":[{\"@type\":\"ListItem\",\"position\":1,\"name\":\"Inicio\",\"item\":\"https:\/\/www.invisibletranslation.com\/es\/\"},{\"@type\":\"ListItem\",\"position\":2,\"name\":\"Empresa ecocertificada\"}]},{\"@type\":\"WebSite\",\"@id\":\"https:\/\/www.invisibletranslation.com\/es\/#website\",\"url\":\"https:\/\/www.invisibletranslation.com\/es\/\",\"name\":\"Traducci\u00f3n INVISIBLE Inc.\",\"description\":\"Translators &amp; Communications Consultants\",\"potentialAction\":[{\"@type\":\"SearchAction\",\"target\":{\"@type\":\"EntryPoint\",\"urlTemplate\":\"https:\/\/www.invisibletranslation.com\/es\/?s={search_term_string}\"},\"query-input\":{\"@type\":\"PropertyValueSpecification\",\"valueRequired\":true,\"valueName\":\"search_term_string\"}}],\"inLanguage\":\"es\"}]}<\/script>\n<!-- \/ Yoast SEO plugin. -->","yoast_head_json":{"title":"Empresa quebequense ecocertificada | Traducci\u00f3n INVISIBLE Inc.","robots":{"index":"index","follow":"follow","max-snippet":"max-snippet:-1","max-image-preview":"max-image-preview:large","max-video-preview":"max-video-preview:-1"},"canonical":"https:\/\/www.invisibletranslation.com\/es\/empresa-ecocertificada\/","og_locale":"es_ES","og_type":"article","og_title":"Empresa quebequense ecocertificada | Traducci\u00f3n INVISIBLE Inc.","og_description":"En su af\u00e1n continuo por redoblar esfuerzos para proteger nuestro planeta y conservar nuestros recursos, el equipo de Traducci\u00f3n INVISIBLE decidi\u00f3, en 2013, dar un paso m\u00e1s para profundizar su compromiso. As\u00ed, en el mes de octubre de ese mismo a\u00f1o, iniciamos los...","og_url":"https:\/\/www.invisibletranslation.com\/es\/empresa-ecocertificada\/","og_site_name":"Traducci\u00f3n INVISIBLE Inc.","article_modified_time":"2023-11-13T23:22:33+00:00","og_image":[{"url":"https:\/\/www.invisibletranslation.com\/wp-content\/uploads\/2016\/05\/Green-ES-1024x768.jpg","type":"","width":"","height":""}],"twitter_card":"summary_large_image","twitter_misc":{"Tiempo de lectura":"2 minutos"},"schema":{"@context":"https:\/\/schema.org","@graph":[{"@type":"WebPage","@id":"https:\/\/www.invisibletranslation.com\/es\/empresa-ecocertificada\/","url":"https:\/\/www.invisibletranslation.com\/es\/empresa-ecocertificada\/","name":"Empresa quebequense ecocertificada | Traducci\u00f3n INVISIBLE Inc.","isPartOf":{"@id":"https:\/\/www.invisibletranslation.com\/es\/#website"},"primaryImageOfPage":{"@id":"https:\/\/www.invisibletranslation.com\/es\/empresa-ecocertificada\/#primaryimage"},"image":{"@id":"https:\/\/www.invisibletranslation.com\/es\/empresa-ecocertificada\/#primaryimage"},"thumbnailUrl":"https:\/\/www.invisibletranslation.com\/wp-content\/uploads\/2016\/05\/Green-ES-1024x768.jpg","datePublished":"2016-05-03T20:46:30+00:00","dateModified":"2023-11-13T23:22:33+00:00","breadcrumb":{"@id":"https:\/\/www.invisibletranslation.com\/es\/empresa-ecocertificada\/#breadcrumb"},"inLanguage":"es","potentialAction":[{"@type":"ReadAction","target":["https:\/\/www.invisibletranslation.com\/es\/empresa-ecocertificada\/"]}]},{"@type":"ImageObject","inLanguage":"es","@id":"https:\/\/www.invisibletranslation.com\/es\/empresa-ecocertificada\/#primaryimage","url":"https:\/\/www.invisibletranslation.com\/wp-content\/uploads\/2016\/05\/Green-ES-1024x768.jpg","contentUrl":"https:\/\/www.invisibletranslation.com\/wp-content\/uploads\/2016\/05\/Green-ES-1024x768.jpg"},{"@type":"BreadcrumbList","@id":"https:\/\/www.invisibletranslation.com\/es\/empresa-ecocertificada\/#breadcrumb","itemListElement":[{"@type":"ListItem","position":1,"name":"Inicio","item":"https:\/\/www.invisibletranslation.com\/es\/"},{"@type":"ListItem","position":2,"name":"Empresa ecocertificada"}]},{"@type":"WebSite","@id":"https:\/\/www.invisibletranslation.com\/es\/#website","url":"https:\/\/www.invisibletranslation.com\/es\/","name":"Traducci\u00f3n INVISIBLE Inc.","description":"Translators &amp; Communications Consultants","potentialAction":[{"@type":"SearchAction","target":{"@type":"EntryPoint","urlTemplate":"https:\/\/www.invisibletranslation.com\/es\/?s={search_term_string}"},"query-input":{"@type":"PropertyValueSpecification","valueRequired":true,"valueName":"search_term_string"}}],"inLanguage":"es"}]}},"_links":{"self":[{"href":"https:\/\/www.invisibletranslation.com\/es\/wp-json\/wp\/v2\/pages\/1578","targetHints":{"allow":["GET"]}}],"collection":[{"href":"https:\/\/www.invisibletranslation.com\/es\/wp-json\/wp\/v2\/pages"}],"about":[{"href":"https:\/\/www.invisibletranslation.com\/es\/wp-json\/wp\/v2\/types\/page"}],"author":[{"embeddable":true,"href":"https:\/\/www.invisibletranslation.com\/es\/wp-json\/wp\/v2\/users\/3"}],"replies":[{"embeddable":true,"href":"https:\/\/www.invisibletranslation.com\/es\/wp-json\/wp\/v2\/comments?post=1578"}],"version-history":[{"count":0,"href":"https:\/\/www.invisibletranslation.com\/es\/wp-json\/wp\/v2\/pages\/1578\/revisions"}],"wp:attachment":[{"href":"https:\/\/www.invisibletranslation.com\/es\/wp-json\/wp\/v2\/media?parent=1578"}],"wp:term":[{"taxonomy":"category","embeddable":true,"href":"https:\/\/www.invisibletranslation.com\/es\/wp-json\/wp\/v2\/categories?post=1578"},{"taxonomy":"post_tag","embeddable":true,"href":"https:\/\/www.invisibletranslation.com\/es\/wp-json\/wp\/v2\/tags?post=1578"}],"curies":[{"name":"wp","href":"https:\/\/api.w.org\/{rel}","templated":true}]}}