{"id":1576,"date":"2016-05-03T16:42:33","date_gmt":"2016-05-03T20:42:33","guid":{"rendered":"http:\/\/www.iestrie.com\/es\/?page_id=1576"},"modified":"2019-04-14T17:05:22","modified_gmt":"2019-04-14T21:05:22","slug":"nuestra-vision","status":"publish","type":"page","link":"https:\/\/www.invisibletranslation.com\/es\/pf\/nuestra-vision\/","title":{"rendered":"Nuestra visi\u00f3n"},"content":{"rendered":"<p>[et_pb_section bb_built=\u00bb1&#8243; admin_label=\u00bbsection\u00bb transparent_background=\u00bboff\u00bb allow_player_pause=\u00bboff\u00bb inner_shadow=\u00bboff\u00bb parallax=\u00bboff\u00bb parallax_method=\u00bboff\u00bb padding_mobile=\u00bboff\u00bb module_id=\u00bbcontent-zone\u00bb make_fullwidth=\u00bboff\u00bb use_custom_width=\u00bboff\u00bb width_unit=\u00bbon\u00bb make_equal=\u00bboff\u00bb use_custom_gutter=\u00bboff\u00bb gutter_width=\u00bb3&#8243; custom_padding_tablet=\u00bb50px|0|50px|0&#8243; custom_padding_last_edited=\u00bbon|desktop\u00bb prev_background_color=\u00bb#FFFFFF\u00bb next_background_color=\u00bb#000000&#8243; inner_width=\u00bbauto\u00bb inner_max_width=\u00bbnone\u00bb][et_pb_row admin_label=\u00bbrow\u00bb background_position=\u00bbtop_left\u00bb background_repeat=\u00bbrepeat\u00bb background_size=\u00bbinitial\u00bb width=\u00bb80%\u00bb max_width=\u00bb1080px\u00bb][et_pb_column type=\u00bb2_3&#8243;][et_pb_text admin_label=\u00bbBreadcrumb\u00bb background_layout=\u00bblight\u00bb text_orientation=\u00bbleft\u00bb use_border_color=\u00bboff\u00bb border_color=\u00bb#ffffff\u00bb border_style=\u00bbsolid\u00bb background_position=\u00bbtop_left\u00bb background_repeat=\u00bbrepeat\u00bb background_size=\u00bbinitial\u00bb]<\/p>\n<div class=\"breadcrumb\" itemprop=\"breadcrumb\"><span><span><a href=\"https:\/\/www.invisibletranslation.com\/es\/\">Inicio<\/a><\/span><\/span><\/div>\n<p>[\/et_pb_text][et_pb_text admin_label=\u00bbLong Title\u00bb background_layout=\u00bblight\u00bb text_orientation=\u00bbleft\u00bb use_border_color=\u00bboff\u00bb border_color=\u00bb#ffffff\u00bb border_style=\u00bbsolid\u00bb background_position=\u00bbtop_left\u00bb background_repeat=\u00bbrepeat\u00bb background_size=\u00bbinitial\u00bb]<\/p>\n<h1><img loading=\"lazy\" decoding=\"async\" class=\"alignright size-full wp-image-1009\" src=\"\/wp-content\/uploads\/2016\/04\/pdf_icon.gif\" alt=\"PDF\" width=\"50\" height=\"50\" \/>Nuestra visi\u00f3n<\/h1>\n<p><img loading=\"lazy\" decoding=\"async\" id=\"title-top-image\" class=\"alignnone size-large wp-image-3439\" src=\"https:\/\/www.invisibletranslation.com\/wp-content\/uploads\/2016\/05\/Our-vision-ES-1024x768.jpg\" alt=\"Nuestra visi\u00f3n\" width=\"1024\" height=\"768\" \/><\/p>\n<p>[\/et_pb_text][et_pb_text admin_label=\u00bbContenu\u00bb background_layout=\u00bblight\u00bb text_orientation=\u00bbleft\u00bb text_font_size=\u00bb16&#8243; use_border_color=\u00bboff\u00bb border_color=\u00bb#ffffff\u00bb border_style=\u00bbsolid\u00bb text_font=\u00bbOpen Sans||||\u00bb text_line_height=\u00bb1.8em\u00bb background_position=\u00bbtop_left\u00bb background_repeat=\u00bbrepeat\u00bb background_size=\u00bbinitial\u00bb]<\/p>\n<h2>El concepto de \u201ctraducci\u00f3n invisible\u201d<\/h2>\n<p>El equipo de Traducci\u00f3n INVISIBLE cree firmemente que la traducci\u00f3n de un documento debe ser <em>invisible<\/em>, es decir, que el lector del texto traducido no debe darse cuenta de que lo que est\u00e1 leyendo es una traducci\u00f3n. En otras palabras, creemos que la fluidez y la coherencia del texto traducido deben ser perfectas, de manera que el texto final se pueda leer como si se tratara de la versi\u00f3n original y no de una traducci\u00f3n.<\/p>\n<p>Como profesionales que somos, tenemos la capacidad de adaptar nuestro estilo de escritura a la naturaleza de cada proyecto que se nos encomienda. Dominamos a la perfecci\u00f3n las sutilezas del idioma y sabemos c\u00f3mo utilizarlas en el momento oportuno. Adem\u00e1s, tenemos la capacidad de aprovechar plenamente la riqueza de cada idioma con el que trabajamos.<\/p>\n<p>Nuestros conocimientos ling\u00fc\u00edsticos nos permiten cumplir con sus requerimientos y satisfacer sus necesidades.<\/p>\n<p><strong>Traducci\u00f3n invisible. Soluci\u00f3n tangible.<\/strong><\/p>\n<p>[\/et_pb_text][et_pb_text admin_label=\u00bbRelated Pages\u00bb background_layout=\u00bblight\u00bb text_orientation=\u00bbleft\u00bb use_border_color=\u00bboff\u00bb border_color=\u00bb#ffffff\u00bb border_style=\u00bbsolid\u00bb background_position=\u00bbtop_left\u00bb background_repeat=\u00bbrepeat\u00bb background_size=\u00bbinitial\u00bb]<\/p>\n<h3>Para saber m\u00e1s:<\/h3>\n<div class='yarpp yarpp-related yarpp-related-shortcode yarpp-template-list'>\n<!-- YARPP List -->\n<ol>\n<li><a href=\"https:\/\/www.invisibletranslation.com\/es\/pf\/\" rel=\"bookmark\" title=\"Preguntas\">Preguntas<\/a><\/li>\n<li><a href=\"https:\/\/www.invisibletranslation.com\/es\/servicios\/\" rel=\"bookmark\" title=\"Servicios\">Servicios<\/a><\/li>\n<\/ol>\n<\/div>\n\n<p>[\/et_pb_text][\/et_pb_column][et_pb_column type=\u00bb1_3&#8243;][et_pb_sidebar orientation=\u00bbright\u00bb area=\u00bbsidebar-1&#8243; background_layout=\u00bblight\u00bb remove_border=\u00bboff\u00bb header_font_size=\u00bb18&#8243; body_font_size=\u00bb14&#8243; show_border=\u00bbon\u00bb \/][\/et_pb_column][\/et_pb_row][\/et_pb_section]<\/p>\n","protected":false},"excerpt":{"rendered":"<p>El equipo de Traducci\u00f3n INVISIBLE cree firmemente que la traducci\u00f3n de un documento debe ser invisible, es decir, que el lector del texto traducido no debe darse cuenta de que lo que est\u00e1 leyendo es una traducci\u00f3n. En otras palabras, creemos que la fluidez y la&#8230;<\/p>\n","protected":false},"author":3,"featured_media":0,"parent":1516,"menu_order":0,"comment_status":"closed","ping_status":"closed","template":"","meta":{"_et_pb_use_builder":"on","_et_pb_old_content":"","_et_gb_content_width":"","footnotes":""},"categories":[],"tags":[],"class_list":["post-1576","page","type-page","status-publish","hentry"],"yoast_head":"<!-- This site is optimized with the Yoast SEO plugin v25.0 - https:\/\/yoast.com\/wordpress\/plugins\/seo\/ -->\n<title>Nuestra visi\u00f3n | Traducci\u00f3n INVISIBLE Inc.<\/title>\n<meta name=\"robots\" content=\"index, follow, max-snippet:-1, max-image-preview:large, max-video-preview:-1\" \/>\n<link rel=\"canonical\" href=\"https:\/\/www.invisibletranslation.com\/es\/pf\/nuestra-vision\/\" \/>\n<meta property=\"og:locale\" content=\"es_ES\" \/>\n<meta property=\"og:type\" content=\"article\" \/>\n<meta property=\"og:title\" content=\"Nuestra visi\u00f3n | Traducci\u00f3n INVISIBLE Inc.\" \/>\n<meta property=\"og:description\" content=\"El equipo de Traducci\u00f3n INVISIBLE cree firmemente que la traducci\u00f3n de un documento debe ser invisible, es decir, que el lector del texto traducido no debe darse cuenta de que lo que est\u00e1 leyendo es una traducci\u00f3n. En otras palabras, creemos que la fluidez y la...\" \/>\n<meta property=\"og:url\" content=\"https:\/\/www.invisibletranslation.com\/es\/pf\/nuestra-vision\/\" \/>\n<meta property=\"og:site_name\" content=\"Traducci\u00f3n INVISIBLE Inc.\" \/>\n<meta property=\"article:modified_time\" content=\"2019-04-14T21:05:22+00:00\" \/>\n<meta property=\"og:image\" content=\"https:\/\/www.invisibletranslation.com\/wp-content\/uploads\/2016\/04\/pdf_icon.gif\" \/>\n<meta name=\"twitter:card\" content=\"summary_large_image\" \/>\n<meta name=\"twitter:label1\" content=\"Tiempo de lectura\" \/>\n\t<meta name=\"twitter:data1\" content=\"2 minutos\" \/>\n<script type=\"application\/ld+json\" class=\"yoast-schema-graph\">{\"@context\":\"https:\/\/schema.org\",\"@graph\":[{\"@type\":\"WebPage\",\"@id\":\"https:\/\/www.invisibletranslation.com\/es\/pf\/nuestra-vision\/\",\"url\":\"https:\/\/www.invisibletranslation.com\/es\/pf\/nuestra-vision\/\",\"name\":\"Nuestra visi\u00f3n | Traducci\u00f3n INVISIBLE Inc.\",\"isPartOf\":{\"@id\":\"https:\/\/www.invisibletranslation.com\/es\/#website\"},\"primaryImageOfPage\":{\"@id\":\"https:\/\/www.invisibletranslation.com\/es\/pf\/nuestra-vision\/#primaryimage\"},\"image\":{\"@id\":\"https:\/\/www.invisibletranslation.com\/es\/pf\/nuestra-vision\/#primaryimage\"},\"thumbnailUrl\":\"https:\/\/www.invisibletranslation.com\/wp-content\/uploads\/2016\/05\/Our-vision-ES-1024x768.jpg\",\"datePublished\":\"2016-05-03T20:42:33+00:00\",\"dateModified\":\"2019-04-14T21:05:22+00:00\",\"breadcrumb\":{\"@id\":\"https:\/\/www.invisibletranslation.com\/es\/pf\/nuestra-vision\/#breadcrumb\"},\"inLanguage\":\"es\",\"potentialAction\":[{\"@type\":\"ReadAction\",\"target\":[\"https:\/\/www.invisibletranslation.com\/es\/pf\/nuestra-vision\/\"]}]},{\"@type\":\"ImageObject\",\"inLanguage\":\"es\",\"@id\":\"https:\/\/www.invisibletranslation.com\/es\/pf\/nuestra-vision\/#primaryimage\",\"url\":\"https:\/\/www.invisibletranslation.com\/wp-content\/uploads\/2016\/05\/Our-vision-ES-1024x768.jpg\",\"contentUrl\":\"https:\/\/www.invisibletranslation.com\/wp-content\/uploads\/2016\/05\/Our-vision-ES-1024x768.jpg\"},{\"@type\":\"BreadcrumbList\",\"@id\":\"https:\/\/www.invisibletranslation.com\/es\/pf\/nuestra-vision\/#breadcrumb\",\"itemListElement\":[{\"@type\":\"ListItem\",\"position\":1,\"name\":\"Inicio\",\"item\":\"https:\/\/www.invisibletranslation.com\/es\/\"},{\"@type\":\"ListItem\",\"position\":2,\"name\":\"Preguntas\",\"item\":\"https:\/\/www.invisibletranslation.com\/es\/pf\/\"},{\"@type\":\"ListItem\",\"position\":3,\"name\":\"Nuestra visi\u00f3n\"}]},{\"@type\":\"WebSite\",\"@id\":\"https:\/\/www.invisibletranslation.com\/es\/#website\",\"url\":\"https:\/\/www.invisibletranslation.com\/es\/\",\"name\":\"Traducci\u00f3n INVISIBLE Inc.\",\"description\":\"Translators &amp; Communications Consultants\",\"potentialAction\":[{\"@type\":\"SearchAction\",\"target\":{\"@type\":\"EntryPoint\",\"urlTemplate\":\"https:\/\/www.invisibletranslation.com\/es\/?s={search_term_string}\"},\"query-input\":{\"@type\":\"PropertyValueSpecification\",\"valueRequired\":true,\"valueName\":\"search_term_string\"}}],\"inLanguage\":\"es\"}]}<\/script>\n<!-- \/ Yoast SEO plugin. -->","yoast_head_json":{"title":"Nuestra visi\u00f3n | Traducci\u00f3n INVISIBLE Inc.","robots":{"index":"index","follow":"follow","max-snippet":"max-snippet:-1","max-image-preview":"max-image-preview:large","max-video-preview":"max-video-preview:-1"},"canonical":"https:\/\/www.invisibletranslation.com\/es\/pf\/nuestra-vision\/","og_locale":"es_ES","og_type":"article","og_title":"Nuestra visi\u00f3n | Traducci\u00f3n INVISIBLE Inc.","og_description":"El equipo de Traducci\u00f3n INVISIBLE cree firmemente que la traducci\u00f3n de un documento debe ser invisible, es decir, que el lector del texto traducido no debe darse cuenta de que lo que est\u00e1 leyendo es una traducci\u00f3n. En otras palabras, creemos que la fluidez y la...","og_url":"https:\/\/www.invisibletranslation.com\/es\/pf\/nuestra-vision\/","og_site_name":"Traducci\u00f3n INVISIBLE Inc.","article_modified_time":"2019-04-14T21:05:22+00:00","og_image":[{"url":"https:\/\/www.invisibletranslation.com\/wp-content\/uploads\/2016\/04\/pdf_icon.gif","type":"","width":"","height":""}],"twitter_card":"summary_large_image","twitter_misc":{"Tiempo de lectura":"2 minutos"},"schema":{"@context":"https:\/\/schema.org","@graph":[{"@type":"WebPage","@id":"https:\/\/www.invisibletranslation.com\/es\/pf\/nuestra-vision\/","url":"https:\/\/www.invisibletranslation.com\/es\/pf\/nuestra-vision\/","name":"Nuestra visi\u00f3n | Traducci\u00f3n INVISIBLE Inc.","isPartOf":{"@id":"https:\/\/www.invisibletranslation.com\/es\/#website"},"primaryImageOfPage":{"@id":"https:\/\/www.invisibletranslation.com\/es\/pf\/nuestra-vision\/#primaryimage"},"image":{"@id":"https:\/\/www.invisibletranslation.com\/es\/pf\/nuestra-vision\/#primaryimage"},"thumbnailUrl":"https:\/\/www.invisibletranslation.com\/wp-content\/uploads\/2016\/05\/Our-vision-ES-1024x768.jpg","datePublished":"2016-05-03T20:42:33+00:00","dateModified":"2019-04-14T21:05:22+00:00","breadcrumb":{"@id":"https:\/\/www.invisibletranslation.com\/es\/pf\/nuestra-vision\/#breadcrumb"},"inLanguage":"es","potentialAction":[{"@type":"ReadAction","target":["https:\/\/www.invisibletranslation.com\/es\/pf\/nuestra-vision\/"]}]},{"@type":"ImageObject","inLanguage":"es","@id":"https:\/\/www.invisibletranslation.com\/es\/pf\/nuestra-vision\/#primaryimage","url":"https:\/\/www.invisibletranslation.com\/wp-content\/uploads\/2016\/05\/Our-vision-ES-1024x768.jpg","contentUrl":"https:\/\/www.invisibletranslation.com\/wp-content\/uploads\/2016\/05\/Our-vision-ES-1024x768.jpg"},{"@type":"BreadcrumbList","@id":"https:\/\/www.invisibletranslation.com\/es\/pf\/nuestra-vision\/#breadcrumb","itemListElement":[{"@type":"ListItem","position":1,"name":"Inicio","item":"https:\/\/www.invisibletranslation.com\/es\/"},{"@type":"ListItem","position":2,"name":"Preguntas","item":"https:\/\/www.invisibletranslation.com\/es\/pf\/"},{"@type":"ListItem","position":3,"name":"Nuestra visi\u00f3n"}]},{"@type":"WebSite","@id":"https:\/\/www.invisibletranslation.com\/es\/#website","url":"https:\/\/www.invisibletranslation.com\/es\/","name":"Traducci\u00f3n INVISIBLE Inc.","description":"Translators &amp; Communications Consultants","potentialAction":[{"@type":"SearchAction","target":{"@type":"EntryPoint","urlTemplate":"https:\/\/www.invisibletranslation.com\/es\/?s={search_term_string}"},"query-input":{"@type":"PropertyValueSpecification","valueRequired":true,"valueName":"search_term_string"}}],"inLanguage":"es"}]}},"_links":{"self":[{"href":"https:\/\/www.invisibletranslation.com\/es\/wp-json\/wp\/v2\/pages\/1576","targetHints":{"allow":["GET"]}}],"collection":[{"href":"https:\/\/www.invisibletranslation.com\/es\/wp-json\/wp\/v2\/pages"}],"about":[{"href":"https:\/\/www.invisibletranslation.com\/es\/wp-json\/wp\/v2\/types\/page"}],"author":[{"embeddable":true,"href":"https:\/\/www.invisibletranslation.com\/es\/wp-json\/wp\/v2\/users\/3"}],"replies":[{"embeddable":true,"href":"https:\/\/www.invisibletranslation.com\/es\/wp-json\/wp\/v2\/comments?post=1576"}],"version-history":[{"count":0,"href":"https:\/\/www.invisibletranslation.com\/es\/wp-json\/wp\/v2\/pages\/1576\/revisions"}],"up":[{"embeddable":true,"href":"https:\/\/www.invisibletranslation.com\/es\/wp-json\/wp\/v2\/pages\/1516"}],"wp:attachment":[{"href":"https:\/\/www.invisibletranslation.com\/es\/wp-json\/wp\/v2\/media?parent=1576"}],"wp:term":[{"taxonomy":"category","embeddable":true,"href":"https:\/\/www.invisibletranslation.com\/es\/wp-json\/wp\/v2\/categories?post=1576"},{"taxonomy":"post_tag","embeddable":true,"href":"https:\/\/www.invisibletranslation.com\/es\/wp-json\/wp\/v2\/tags?post=1576"}],"curies":[{"name":"wp","href":"https:\/\/api.w.org\/{rel}","templated":true}]}}