{"id":1574,"date":"2016-05-03T16:39:40","date_gmt":"2016-05-03T20:39:40","guid":{"rendered":"http:\/\/www.iestrie.com\/es\/?page_id=1574"},"modified":"2019-04-14T16:59:46","modified_gmt":"2019-04-14T20:59:46","slug":"nuestro-enfoque","status":"publish","type":"page","link":"https:\/\/www.invisibletranslation.com\/es\/pf\/nuestro-enfoque\/","title":{"rendered":"Nuestro enfoque"},"content":{"rendered":"<p>[et_pb_section bb_built=\u00bb1&#8243; admin_label=\u00bbsection\u00bb transparent_background=\u00bboff\u00bb allow_player_pause=\u00bboff\u00bb inner_shadow=\u00bboff\u00bb parallax=\u00bboff\u00bb parallax_method=\u00bboff\u00bb padding_mobile=\u00bboff\u00bb module_id=\u00bbcontent-zone\u00bb make_fullwidth=\u00bboff\u00bb use_custom_width=\u00bboff\u00bb width_unit=\u00bbon\u00bb make_equal=\u00bboff\u00bb use_custom_gutter=\u00bboff\u00bb gutter_width=\u00bb3&#8243; custom_padding_tablet=\u00bb50px|0|50px|0&#8243; custom_padding_last_edited=\u00bbon|desktop\u00bb prev_background_color=\u00bb#000000&#8243; next_background_color=\u00bb#000000&#8243; inner_width=\u00bbauto\u00bb inner_max_width=\u00bbnone\u00bb][et_pb_row admin_label=\u00bbrow\u00bb background_position=\u00bbtop_left\u00bb background_repeat=\u00bbrepeat\u00bb background_size=\u00bbinitial\u00bb width=\u00bb80%\u00bb max_width=\u00bb1080px\u00bb][et_pb_column type=\u00bb2_3&#8243;][et_pb_text admin_label=\u00bbBreadcrumb\u00bb background_layout=\u00bblight\u00bb text_orientation=\u00bbleft\u00bb use_border_color=\u00bboff\u00bb border_color=\u00bb#ffffff\u00bb border_style=\u00bbsolid\u00bb background_position=\u00bbtop_left\u00bb background_repeat=\u00bbrepeat\u00bb background_size=\u00bbinitial\u00bb]<\/p>\n<div class=\"breadcrumb\" itemprop=\"breadcrumb\"><span><span><a href=\"https:\/\/www.invisibletranslation.com\/es\/\">Inicio<\/a><\/span><\/span><\/div>\n<p>[\/et_pb_text][et_pb_text admin_label=\u00bbLong Title\u00bb background_layout=\u00bblight\u00bb text_orientation=\u00bbleft\u00bb use_border_color=\u00bboff\u00bb border_color=\u00bb#ffffff\u00bb border_style=\u00bbsolid\u00bb background_position=\u00bbtop_left\u00bb background_repeat=\u00bbrepeat\u00bb background_size=\u00bbinitial\u00bb]<\/p>\n<h1><img loading=\"lazy\" decoding=\"async\" class=\"alignright size-full wp-image-1009\" src=\"\/wp-content\/uploads\/2016\/04\/pdf_icon.gif\" alt=\"PDF\" width=\"50\" height=\"50\" \/>Un enfoque \u00fanico<\/h1>\n<p><img loading=\"lazy\" decoding=\"async\" id=\"title-top-image\" class=\"alignnone size-large wp-image-3431\" src=\"https:\/\/www.invisibletranslation.com\/wp-content\/uploads\/2016\/05\/Approach-ES-1024x768.jpg\" alt=\"Un enfoque \u00fanico\" width=\"1024\" height=\"768\" \/><\/p>\n<p>[\/et_pb_text][et_pb_text admin_label=\u00bbContenu\u00bb background_layout=\u00bblight\u00bb text_orientation=\u00bbleft\u00bb text_font_size=\u00bb16&#8243; use_border_color=\u00bboff\u00bb border_color=\u00bb#ffffff\u00bb border_style=\u00bbsolid\u00bb text_font=\u00bbOpen Sans||||\u00bb text_line_height=\u00bb1.8em\u00bb background_position=\u00bbtop_left\u00bb background_repeat=\u00bbrepeat\u00bb background_size=\u00bbinitial\u00bb]<\/p>\n<h2>Capacidad demostrada<\/h2>\n<p>Nuestro enfoque es muy sencillo: examinamos sus documentos sin costo alguno y le enviamos una cotizaci\u00f3n detallada en la cual confirmaremos el plazo de entrega y el precio, ya sea por hora, por palabra o una combinaci\u00f3n de ambas modalidades, seg\u00fan la naturaleza de su proyecto. Nuestro objetivo es satisfacer sus necesidades a un precio competitivo y cumplir plazos de entrega que respondan a sus requerimientos y obligaciones.<\/p>\n<p>Para lograrlo, contamos con directores de proyecto de probada competencia y utilizamos los programas de inform\u00e1tica m\u00e1s sofisticados para asegurar la uniformidad de sus textos y el uso de la terminolog\u00eda adecuada. Con el objetivo de garantizar un control de la calidad riguroso, nuestro equipo de correctores de estilo y de pruebas revisa todos los proyectos de traducci\u00f3n, adaptaci\u00f3n o redacci\u00f3n que realizamos.<\/p>\n<p>\u00bfRequiere un servicio de traducci\u00f3n, adaptaci\u00f3n, revisi\u00f3n ling\u00fc\u00edstica monoling\u00fce, revisi\u00f3n comparativa biling\u00fce, correcci\u00f3n de estilo, correcci\u00f3n de pruebas o redacci\u00f3n? \u00a1No busque m\u00e1s, somos el complemento ideal para su proyecto!\u00a0No espere m\u00e1s y comun\u00edquese con nosotros por <a href=\"mailto:info@traduccioninvisible.com?subject=Solicitud%20de%20informaci\u00f3n%20-%20Enfoque\">correo electr\u00f3nico<\/a> o por <a href=\"tel:18334366331\">tel\u00e9fono<\/a>. Si lo prefiere, puede completar <a href=\"https:\/\/www.invisibletranslation.com\/es\/contacto\/solicite-una-cotizacion\/\">este formulario<\/a> para obtener una cotizaci\u00f3n sin compromiso alguno.<\/p>\n<p>[\/et_pb_text][et_pb_text admin_label=\u00bbRelated Pages\u00bb background_layout=\u00bblight\u00bb text_orientation=\u00bbleft\u00bb use_border_color=\u00bboff\u00bb border_color=\u00bb#ffffff\u00bb border_style=\u00bbsolid\u00bb background_position=\u00bbtop_left\u00bb background_repeat=\u00bbrepeat\u00bb background_size=\u00bbinitial\u00bb]<\/p>\n<h3>Puede consultar tambi\u00e9n:<\/h3>\n<div class='yarpp yarpp-related yarpp-related-shortcode yarpp-template-list'>\n<!-- YARPP List -->\n<ol>\n<li><a href=\"https:\/\/www.invisibletranslation.com\/es\/pf\/\" rel=\"bookmark\" title=\"Preguntas\">Preguntas<\/a><\/li>\n<li><a href=\"https:\/\/www.invisibletranslation.com\/es\/\" rel=\"bookmark\" title=\"Inicio\">Inicio<\/a><\/li>\n<\/ol>\n<\/div>\n\n<p>[\/et_pb_text][\/et_pb_column][et_pb_column type=\u00bb1_3&#8243;][et_pb_sidebar orientation=\u00bbright\u00bb area=\u00bbsidebar-1&#8243; background_layout=\u00bblight\u00bb remove_border=\u00bboff\u00bb header_font_size=\u00bb18&#8243; body_font_size=\u00bb14&#8243; show_border=\u00bbon\u00bb \/][\/et_pb_column][\/et_pb_row][\/et_pb_section]<\/p>\n","protected":false},"excerpt":{"rendered":"<p>Nuestro enfoque es muy sencillo: examinamos sus documentos sin costo alguno y le enviamos una cotizaci\u00f3n detallada en la cual confirmaremos el plazo de entrega y el precio, ya sea por hora, por palabra o una combinaci\u00f3n de ambas modalidades, seg\u00fan la&#8230;<\/p>\n","protected":false},"author":3,"featured_media":0,"parent":1516,"menu_order":0,"comment_status":"closed","ping_status":"closed","template":"","meta":{"_et_pb_use_builder":"on","_et_pb_old_content":"","_et_gb_content_width":"","footnotes":""},"categories":[],"tags":[],"class_list":["post-1574","page","type-page","status-publish","hentry"],"yoast_head":"<!-- This site is optimized with the Yoast SEO plugin v25.0 - https:\/\/yoast.com\/wordpress\/plugins\/seo\/ -->\n<title>Un enfoque \u00fanico | Traducci\u00f3n INVISIBLE Inc.<\/title>\n<meta name=\"robots\" content=\"index, follow, max-snippet:-1, max-image-preview:large, max-video-preview:-1\" \/>\n<link rel=\"canonical\" href=\"https:\/\/www.invisibletranslation.com\/es\/pf\/nuestro-enfoque\/\" \/>\n<meta property=\"og:locale\" content=\"es_ES\" \/>\n<meta property=\"og:type\" content=\"article\" \/>\n<meta property=\"og:title\" content=\"Un enfoque \u00fanico | Traducci\u00f3n INVISIBLE Inc.\" \/>\n<meta property=\"og:description\" content=\"Nuestro enfoque es muy sencillo: examinamos sus documentos sin costo alguno y le enviamos una cotizaci\u00f3n detallada en la cual confirmaremos el plazo de entrega y el precio, ya sea por hora, por palabra o una combinaci\u00f3n de ambas modalidades, seg\u00fan la...\" \/>\n<meta property=\"og:url\" content=\"https:\/\/www.invisibletranslation.com\/es\/pf\/nuestro-enfoque\/\" \/>\n<meta property=\"og:site_name\" content=\"Traducci\u00f3n INVISIBLE Inc.\" \/>\n<meta property=\"article:modified_time\" content=\"2019-04-14T20:59:46+00:00\" \/>\n<meta property=\"og:image\" content=\"https:\/\/www.invisibletranslation.com\/wp-content\/uploads\/2016\/04\/pdf_icon.gif\" \/>\n<meta name=\"twitter:card\" content=\"summary_large_image\" \/>\n<meta name=\"twitter:label1\" content=\"Tiempo de lectura\" \/>\n\t<meta name=\"twitter:data1\" content=\"3 minutos\" \/>\n<script type=\"application\/ld+json\" class=\"yoast-schema-graph\">{\"@context\":\"https:\/\/schema.org\",\"@graph\":[{\"@type\":\"WebPage\",\"@id\":\"https:\/\/www.invisibletranslation.com\/es\/pf\/nuestro-enfoque\/\",\"url\":\"https:\/\/www.invisibletranslation.com\/es\/pf\/nuestro-enfoque\/\",\"name\":\"Un enfoque \u00fanico | Traducci\u00f3n INVISIBLE Inc.\",\"isPartOf\":{\"@id\":\"https:\/\/www.invisibletranslation.com\/es\/#website\"},\"primaryImageOfPage\":{\"@id\":\"https:\/\/www.invisibletranslation.com\/es\/pf\/nuestro-enfoque\/#primaryimage\"},\"image\":{\"@id\":\"https:\/\/www.invisibletranslation.com\/es\/pf\/nuestro-enfoque\/#primaryimage\"},\"thumbnailUrl\":\"https:\/\/www.invisibletranslation.com\/wp-content\/uploads\/2016\/05\/Approach-ES-1024x768.jpg\",\"datePublished\":\"2016-05-03T20:39:40+00:00\",\"dateModified\":\"2019-04-14T20:59:46+00:00\",\"breadcrumb\":{\"@id\":\"https:\/\/www.invisibletranslation.com\/es\/pf\/nuestro-enfoque\/#breadcrumb\"},\"inLanguage\":\"es\",\"potentialAction\":[{\"@type\":\"ReadAction\",\"target\":[\"https:\/\/www.invisibletranslation.com\/es\/pf\/nuestro-enfoque\/\"]}]},{\"@type\":\"ImageObject\",\"inLanguage\":\"es\",\"@id\":\"https:\/\/www.invisibletranslation.com\/es\/pf\/nuestro-enfoque\/#primaryimage\",\"url\":\"https:\/\/www.invisibletranslation.com\/wp-content\/uploads\/2016\/05\/Approach-ES-1024x768.jpg\",\"contentUrl\":\"https:\/\/www.invisibletranslation.com\/wp-content\/uploads\/2016\/05\/Approach-ES-1024x768.jpg\"},{\"@type\":\"BreadcrumbList\",\"@id\":\"https:\/\/www.invisibletranslation.com\/es\/pf\/nuestro-enfoque\/#breadcrumb\",\"itemListElement\":[{\"@type\":\"ListItem\",\"position\":1,\"name\":\"Inicio\",\"item\":\"https:\/\/www.invisibletranslation.com\/es\/\"},{\"@type\":\"ListItem\",\"position\":2,\"name\":\"Preguntas\",\"item\":\"https:\/\/www.invisibletranslation.com\/es\/pf\/\"},{\"@type\":\"ListItem\",\"position\":3,\"name\":\"Nuestro enfoque\"}]},{\"@type\":\"WebSite\",\"@id\":\"https:\/\/www.invisibletranslation.com\/es\/#website\",\"url\":\"https:\/\/www.invisibletranslation.com\/es\/\",\"name\":\"Traducci\u00f3n INVISIBLE Inc.\",\"description\":\"Translators &amp; Communications Consultants\",\"potentialAction\":[{\"@type\":\"SearchAction\",\"target\":{\"@type\":\"EntryPoint\",\"urlTemplate\":\"https:\/\/www.invisibletranslation.com\/es\/?s={search_term_string}\"},\"query-input\":{\"@type\":\"PropertyValueSpecification\",\"valueRequired\":true,\"valueName\":\"search_term_string\"}}],\"inLanguage\":\"es\"}]}<\/script>\n<!-- \/ Yoast SEO plugin. -->","yoast_head_json":{"title":"Un enfoque \u00fanico | Traducci\u00f3n INVISIBLE Inc.","robots":{"index":"index","follow":"follow","max-snippet":"max-snippet:-1","max-image-preview":"max-image-preview:large","max-video-preview":"max-video-preview:-1"},"canonical":"https:\/\/www.invisibletranslation.com\/es\/pf\/nuestro-enfoque\/","og_locale":"es_ES","og_type":"article","og_title":"Un enfoque \u00fanico | Traducci\u00f3n INVISIBLE Inc.","og_description":"Nuestro enfoque es muy sencillo: examinamos sus documentos sin costo alguno y le enviamos una cotizaci\u00f3n detallada en la cual confirmaremos el plazo de entrega y el precio, ya sea por hora, por palabra o una combinaci\u00f3n de ambas modalidades, seg\u00fan la...","og_url":"https:\/\/www.invisibletranslation.com\/es\/pf\/nuestro-enfoque\/","og_site_name":"Traducci\u00f3n INVISIBLE Inc.","article_modified_time":"2019-04-14T20:59:46+00:00","og_image":[{"url":"https:\/\/www.invisibletranslation.com\/wp-content\/uploads\/2016\/04\/pdf_icon.gif","type":"","width":"","height":""}],"twitter_card":"summary_large_image","twitter_misc":{"Tiempo de lectura":"3 minutos"},"schema":{"@context":"https:\/\/schema.org","@graph":[{"@type":"WebPage","@id":"https:\/\/www.invisibletranslation.com\/es\/pf\/nuestro-enfoque\/","url":"https:\/\/www.invisibletranslation.com\/es\/pf\/nuestro-enfoque\/","name":"Un enfoque \u00fanico | Traducci\u00f3n INVISIBLE Inc.","isPartOf":{"@id":"https:\/\/www.invisibletranslation.com\/es\/#website"},"primaryImageOfPage":{"@id":"https:\/\/www.invisibletranslation.com\/es\/pf\/nuestro-enfoque\/#primaryimage"},"image":{"@id":"https:\/\/www.invisibletranslation.com\/es\/pf\/nuestro-enfoque\/#primaryimage"},"thumbnailUrl":"https:\/\/www.invisibletranslation.com\/wp-content\/uploads\/2016\/05\/Approach-ES-1024x768.jpg","datePublished":"2016-05-03T20:39:40+00:00","dateModified":"2019-04-14T20:59:46+00:00","breadcrumb":{"@id":"https:\/\/www.invisibletranslation.com\/es\/pf\/nuestro-enfoque\/#breadcrumb"},"inLanguage":"es","potentialAction":[{"@type":"ReadAction","target":["https:\/\/www.invisibletranslation.com\/es\/pf\/nuestro-enfoque\/"]}]},{"@type":"ImageObject","inLanguage":"es","@id":"https:\/\/www.invisibletranslation.com\/es\/pf\/nuestro-enfoque\/#primaryimage","url":"https:\/\/www.invisibletranslation.com\/wp-content\/uploads\/2016\/05\/Approach-ES-1024x768.jpg","contentUrl":"https:\/\/www.invisibletranslation.com\/wp-content\/uploads\/2016\/05\/Approach-ES-1024x768.jpg"},{"@type":"BreadcrumbList","@id":"https:\/\/www.invisibletranslation.com\/es\/pf\/nuestro-enfoque\/#breadcrumb","itemListElement":[{"@type":"ListItem","position":1,"name":"Inicio","item":"https:\/\/www.invisibletranslation.com\/es\/"},{"@type":"ListItem","position":2,"name":"Preguntas","item":"https:\/\/www.invisibletranslation.com\/es\/pf\/"},{"@type":"ListItem","position":3,"name":"Nuestro enfoque"}]},{"@type":"WebSite","@id":"https:\/\/www.invisibletranslation.com\/es\/#website","url":"https:\/\/www.invisibletranslation.com\/es\/","name":"Traducci\u00f3n INVISIBLE Inc.","description":"Translators &amp; Communications Consultants","potentialAction":[{"@type":"SearchAction","target":{"@type":"EntryPoint","urlTemplate":"https:\/\/www.invisibletranslation.com\/es\/?s={search_term_string}"},"query-input":{"@type":"PropertyValueSpecification","valueRequired":true,"valueName":"search_term_string"}}],"inLanguage":"es"}]}},"_links":{"self":[{"href":"https:\/\/www.invisibletranslation.com\/es\/wp-json\/wp\/v2\/pages\/1574","targetHints":{"allow":["GET"]}}],"collection":[{"href":"https:\/\/www.invisibletranslation.com\/es\/wp-json\/wp\/v2\/pages"}],"about":[{"href":"https:\/\/www.invisibletranslation.com\/es\/wp-json\/wp\/v2\/types\/page"}],"author":[{"embeddable":true,"href":"https:\/\/www.invisibletranslation.com\/es\/wp-json\/wp\/v2\/users\/3"}],"replies":[{"embeddable":true,"href":"https:\/\/www.invisibletranslation.com\/es\/wp-json\/wp\/v2\/comments?post=1574"}],"version-history":[{"count":0,"href":"https:\/\/www.invisibletranslation.com\/es\/wp-json\/wp\/v2\/pages\/1574\/revisions"}],"up":[{"embeddable":true,"href":"https:\/\/www.invisibletranslation.com\/es\/wp-json\/wp\/v2\/pages\/1516"}],"wp:attachment":[{"href":"https:\/\/www.invisibletranslation.com\/es\/wp-json\/wp\/v2\/media?parent=1574"}],"wp:term":[{"taxonomy":"category","embeddable":true,"href":"https:\/\/www.invisibletranslation.com\/es\/wp-json\/wp\/v2\/categories?post=1574"},{"taxonomy":"post_tag","embeddable":true,"href":"https:\/\/www.invisibletranslation.com\/es\/wp-json\/wp\/v2\/tags?post=1574"}],"curies":[{"name":"wp","href":"https:\/\/api.w.org\/{rel}","templated":true}]}}