{"id":1542,"date":"2016-05-03T15:30:12","date_gmt":"2016-05-03T19:30:12","guid":{"rendered":"http:\/\/www.iestrie.com\/es\/?page_id=1542"},"modified":"2024-02-26T18:10:51","modified_gmt":"2024-02-26T23:10:51","slug":"documentos-oficiales","status":"publish","type":"page","link":"https:\/\/www.invisibletranslation.com\/es\/servicios\/traduccion\/documentos-oficiales\/","title":{"rendered":"Documentos oficiales"},"content":{"rendered":"<p>[et_pb_section fb_built=\u00bb1&#8243; custom_padding_last_edited=\u00bbon|desktop\u00bb admin_label=\u00bbsection\u00bb module_id=\u00bbcontent-zone\u00bb _builder_version=\u00bb4.16&#8243; custom_padding_tablet=\u00bb50px|0|50px|0&#8243; custom_padding_phone=\u00bb\u00bb transparent_background=\u00bboff\u00bb padding_mobile=\u00bboff\u00bb make_fullwidth=\u00bboff\u00bb use_custom_width=\u00bboff\u00bb width_unit=\u00bbon\u00bb global_colors_info=\u00bb{}\u00bb][et_pb_row column_structure=\u00bb2_3,1_3&#8243; admin_label=\u00bbrow\u00bb _builder_version=\u00bb4.16&#8243; background_size=\u00bbinitial\u00bb background_position=\u00bbtop_left\u00bb background_repeat=\u00bbrepeat\u00bb global_colors_info=\u00bb{}\u00bb][et_pb_column type=\u00bb2_3&#8243; _builder_version=\u00bb4.16&#8243; custom_padding=\u00bb|||\u00bb global_colors_info=\u00bb{}\u00bb custom_padding__hover=\u00bb|||\u00bb][et_pb_text admin_label=\u00bbBreadcrumb\u00bb _builder_version=\u00bb4.16&#8243; background_size=\u00bbinitial\u00bb background_position=\u00bbtop_left\u00bb background_repeat=\u00bbrepeat\u00bb use_border_color=\u00bboff\u00bb border_color=\u00bb#ffffff\u00bb border_style=\u00bbsolid\u00bb global_colors_info=\u00bb{}\u00bb]<\/p>\n<div class=\"breadcrumb\" itemprop=\"breadcrumb\"><span><span><a href=\"https:\/\/www.invisibletranslation.com\/es\/\">Inicio<\/a><\/span><\/span><\/div>\n<p>[\/et_pb_text][et_pb_text admin_label=\u00bbLong Title\u00bb _builder_version=\u00bb4.16&#8243; background_size=\u00bbinitial\u00bb background_position=\u00bbtop_left\u00bb background_repeat=\u00bbrepeat\u00bb use_border_color=\u00bboff\u00bb border_color=\u00bb#ffffff\u00bb border_style=\u00bbsolid\u00bb global_colors_info=\u00bb{}\u00bb]<\/p>\n<h1><img loading=\"lazy\" decoding=\"async\" class=\"alignright size-full wp-image-1009\" src=\"\/wp-content\/uploads\/2016\/04\/pdf_icon.gif\" alt=\"PDF\" width=\"50\" height=\"50\" \/>Traducci\u00f3n de documentos oficiales<\/h1>\n<p><img loading=\"lazy\" decoding=\"async\" id=\"title-top-image\" class=\"alignnone size-large wp-image-3396\" src=\"https:\/\/www.invisibletranslation.com\/wp-content\/uploads\/2016\/05\/OfficialDocuments-ES-1024x768.jpg\" alt=\"Traducci\u00f3n de documentos oficiales\" width=\"1024\" height=\"768\" \/><\/p>\n<p>[\/et_pb_text][et_pb_text admin_label=\u00bbContenu\u00bb _builder_version=\u00bb4.17.4&#8243; text_font=\u00bbOpen Sans||||\u00bb text_font_size=\u00bb16&#8243; text_line_height=\u00bb1.8em\u00bb background_size=\u00bbinitial\u00bb background_position=\u00bbtop_left\u00bb background_repeat=\u00bbrepeat\u00bb use_border_color=\u00bboff\u00bb border_color=\u00bb#ffffff\u00bb border_style=\u00bbsolid\u00bb global_colors_info=\u00bb{}\u00bb]<\/p>\n<h2>\u00bfQu\u00e9 es una traducci\u00f3n certificada de documentos oficiales?<\/h2>\n<p>Un documento oficial es un escrito procedente de un gobierno o autoridad reconocida que confirma su identidad o condici\u00f3n, o que sirve para atestiguar un hecho. Las instituciones canadienses y quebequenses, tanto gubernamentales como jur\u00eddicas o escolares, exigen por lo general una traducci\u00f3n certificada de cualquier documento oficial que haya sido expedido en un pa\u00eds extranjero.<\/p>\n<p>En Canad\u00e1, la traducci\u00f3n de documentos oficiales est\u00e1 sujeta a reglas estrictas, que se pueden resumir del siguiente modo:<\/p>\n<ul>\n<li>Los documentos oficiales deben ser traducidos por un traductor certificado que sea miembro en regla de una asociaci\u00f3n profesional reconocida por el <a href=\"https:\/\/www.cttic.org\/vision-mission\/\" target=\"_blank\" rel=\"noopener noreferrer\">Consejo de Traductores, Termin\u00f3logos e Int\u00e9rpretes de Canad\u00e1<\/a>. Las instituciones quebequenses exigen en ocasiones que los documentos oficiales sean traducidos y certificados por un traductor certificado miembro de la <a href=\"http:\/\/www.ottiaq.org\/\" target=\"_blank\" rel=\"noopener noreferrer\">Orden de Traductores, Termin\u00f3logos e Int\u00e9rpretes Certificados de Quebec<\/a>.<\/li>\n<\/ul>\n<ul>\n<li>La traducci\u00f3n de los documentos oficiales debe estar acompa\u00f1ada por una declaraci\u00f3n firmada por el traductor certificado en la que \u00e9ste certifica que realiz\u00f3 la traducci\u00f3n de forma diligente y conforme a las pr\u00e1cticas establecidas, y que la traducci\u00f3n refleja fielmente el documento original.<\/li>\n<\/ul>\n<ul>\n<li>El traductor certificado debe estampar su sello profesional en cada una de las p\u00e1ginas de la traducci\u00f3n del documento oficial, as\u00ed como en la declaraci\u00f3n mencionada en el punto anterior.<\/li>\n<\/ul>\n<ul>\n<li>Con frecuencia, el documento original y su traducci\u00f3n deben ser firmados y sellados por un <a href=\"http:\/\/www.cnq.org\/\" target=\"_blank\" rel=\"noopener noreferrer\">notario canadiense<\/a> o un <a href=\"http:\/\/www.assermentation.justice.gouv.qc.ca\/ServicesPublicsConsultation\/Commissaires\/Proximite\/Criteres.aspx\" target=\"_blank\" rel=\"noopener noreferrer\">comisario de juramentos<\/a>.<\/li>\n<\/ul>\n<h2>\u00bfPor qu\u00e9 escoger Traducci\u00f3n INVISIBLE?<\/h2>\n<p>Porque los documentos oficiales son demasiado valiosos para confiarlos al primero que se ofrezca. Traducci\u00f3n INVISIBLE cuenta con un amplio equipo de traductores certificados que est\u00e1n facultados para traducir y certificar los documentos oficiales.<\/p>\n<p>Si solicita nuestros servicios, tendr\u00e1 la seguridad de que las autoridades competentes reconocer\u00e1n la validez y car\u00e1cter oficial de las traducciones que le daremos. Tendr\u00e1 tambi\u00e9n la garant\u00eda de que la versi\u00f3n traducida de sus documentos oficiales no contendr\u00e1 ning\u00fan error puesto que uno de nuestros revisores examinar\u00e1 minuciosamente la traducci\u00f3n para comprobar su exactitud, antes de que sea certificada. Por \u00faltimo, tendr\u00e1 la certidumbre de que nuestro equipo se adaptar\u00e1 a sus necesidades para que los documentos traducidos y certificados le sean entregados en la fecha y hora que nos haya solicitado.<\/p>\n<h2>Pasos a seguir<\/h2>\n<p>1. Escanee cada documento oficial en alta resoluci\u00f3n (por lo menos 300\u00a0ppp).<br \/>\n2. Env\u00edenoslo a la siguiente direcci\u00f3n: <a href=\"mailto:cotizacion@traduccioninvisible.com?subject=Solicitud%20de%20cotizaci\u00f3n%20-%20Documentos%20oficiales&amp;body=*Debe%20rellenar%20todos%20los%20campos.*%20%0A%0ANombre:%0ADirecci\u00f3n%20postal:%0ATel\u00e9fono:%0ACorreo-e:%0A%0AObservaciones%20e%20instrucciones:%0A%0A%0A&gt;&gt;&gt;%20NO%20OLVIDE%20ADJUNTAR%20SUS%20ARCHIVOS%20Y%20PRECISAR%20EL%20PLAZO%20DE%20ENTREGA.%0A\">cotizacion@traduccioninvisible.com<\/a>. No olvide indicar el plazo que nos da para entregarle el trabajo y su informaci\u00f3n de contacto.<br \/>\n3. Le llamaremos por tel\u00e9fono r\u00e1pidamente para hablar del trabajo.<\/p>\n<h2>Costos asociados<\/h2>\n<p>Para cada documento oficial, o para cada p\u00e1gina seg\u00fan corresponda, se aplica una tarifa m\u00ednima de 135 $ (m\u00e1s impuestos).<\/p>\n<p>Le recordamos que ofrecemos un descuento del 3\u00a0% a los estudiantes.<\/p>\n<p><a href=\"tel:18334366331\">Ll\u00e1menos<\/a> ya para hablarnos de sus necesidades.<\/p>\n<p>[\/et_pb_text][et_pb_video _builder_version=\u00bb4.24.2&#8243; _module_preset=\u00bbdefault\u00bb src=\u00bbhttps:\/\/vimeo.com\/911644492\/fb73692f6c\u00bb hover_enabled=\u00bb0&#8243; sticky_enabled=\u00bb0&#8243;][\/et_pb_video][et_pb_text admin_label=\u00bbRelated Pages\u00bb _builder_version=\u00bb4.16&#8243; background_size=\u00bbinitial\u00bb background_position=\u00bbtop_left\u00bb background_repeat=\u00bbrepeat\u00bb use_border_color=\u00bboff\u00bb border_color=\u00bb#ffffff\u00bb border_style=\u00bbsolid\u00bb global_colors_info=\u00bb{}\u00bb]<\/p>\n<h3>P\u00e1ginas de inter\u00e9s:<\/h3>\n<div class='yarpp yarpp-related yarpp-related-shortcode yarpp-template-list'>\n<!-- YARPP List -->\n<ol>\n<li><a href=\"https:\/\/www.invisibletranslation.com\/es\/pf\/\" rel=\"bookmark\" title=\"Preguntas\">Preguntas<\/a><\/li>\n<li><a href=\"https:\/\/www.invisibletranslation.com\/es\/servicios\/traduccion\/documentos-oficiales\/traduccion-jurada-en-quebec\/\" rel=\"bookmark\" title=\"Traducci\u00f3n jurada\">Traducci\u00f3n jurada<\/a><\/li>\n<\/ol>\n<\/div>\n\n<p>[\/et_pb_text][\/et_pb_column][et_pb_column type=\u00bb1_3&#8243; _builder_version=\u00bb4.16&#8243; custom_padding=\u00bb|||\u00bb global_colors_info=\u00bb{}\u00bb custom_padding__hover=\u00bb|||\u00bb][et_pb_sidebar orientation=\u00bbright\u00bb area=\u00bbsidebar-1&#8243; _builder_version=\u00bb4.17.4&#8243; sticky_position=\u00bbtop\u00bb sticky_offset_top=\u00bb20px\u00bb sticky_limit_bottom=\u00bbbody\u00bb remove_border=\u00bboff\u00bb global_colors_info=\u00bb{}\u00bb][\/et_pb_sidebar][\/et_pb_column][\/et_pb_row][\/et_pb_section]<\/p>\n","protected":false},"excerpt":{"rendered":"<p>Un documento oficial es un escrito procedente de un gobierno o autoridad reconocida que confirma su identidad o condici\u00f3n, o que sirve para atestiguar un hecho. Las instituciones canadienses y quebequenses, tanto gubernamentales como jur\u00eddicas o escolares, exigen&#8230;<\/p>\n","protected":false},"author":3,"featured_media":0,"parent":1533,"menu_order":0,"comment_status":"closed","ping_status":"closed","template":"","meta":{"_et_pb_use_builder":"on","_et_pb_old_content":"","_et_gb_content_width":"","footnotes":""},"categories":[],"tags":[],"class_list":["post-1542","page","type-page","status-publish","hentry"],"yoast_head":"<!-- This site is optimized with the Yoast SEO plugin v25.0 - https:\/\/yoast.com\/wordpress\/plugins\/seo\/ -->\n<title>Traducci\u00f3n de documentos oficiales | Traducci\u00f3n INVISIBLE Inc.<\/title>\n<meta name=\"description\" content=\"Un documento oficial es un escrito procedente de un gobierno o autoridad reconocida que confirma su identidad o condici\u00f3n, o que sirve para atestiguar un...\" \/>\n<meta name=\"robots\" content=\"index, follow, max-snippet:-1, max-image-preview:large, max-video-preview:-1\" \/>\n<link rel=\"canonical\" href=\"https:\/\/www.invisibletranslation.com\/es\/servicios\/traduccion\/documentos-oficiales\/\" \/>\n<meta property=\"og:locale\" content=\"es_ES\" \/>\n<meta property=\"og:type\" content=\"article\" \/>\n<meta property=\"og:title\" content=\"Traducci\u00f3n de documentos oficiales | Traducci\u00f3n INVISIBLE Inc.\" \/>\n<meta property=\"og:description\" content=\"Un documento oficial es un escrito procedente de un gobierno o autoridad reconocida que confirma su identidad o condici\u00f3n, o que sirve para atestiguar un...\" \/>\n<meta property=\"og:url\" content=\"https:\/\/www.invisibletranslation.com\/es\/servicios\/traduccion\/documentos-oficiales\/\" \/>\n<meta property=\"og:site_name\" content=\"Traducci\u00f3n INVISIBLE Inc.\" \/>\n<meta property=\"article:modified_time\" content=\"2024-02-26T23:10:51+00:00\" \/>\n<meta property=\"og:image\" content=\"https:\/\/www.invisibletranslation.com\/wp-content\/uploads\/2016\/05\/OfficialDocuments-ES-1024x768.jpg\" \/>\n<meta name=\"twitter:card\" content=\"summary_large_image\" \/>\n<meta name=\"twitter:label1\" content=\"Tiempo de lectura\" \/>\n\t<meta name=\"twitter:data1\" content=\"3 minutos\" \/>\n<script type=\"application\/ld+json\" class=\"yoast-schema-graph\">{\"@context\":\"https:\/\/schema.org\",\"@graph\":[{\"@type\":\"WebPage\",\"@id\":\"https:\/\/www.invisibletranslation.com\/es\/servicios\/traduccion\/documentos-oficiales\/\",\"url\":\"https:\/\/www.invisibletranslation.com\/es\/servicios\/traduccion\/documentos-oficiales\/\",\"name\":\"Traducci\u00f3n de documentos oficiales | Traducci\u00f3n INVISIBLE Inc.\",\"isPartOf\":{\"@id\":\"https:\/\/www.invisibletranslation.com\/es\/#website\"},\"primaryImageOfPage\":{\"@id\":\"https:\/\/www.invisibletranslation.com\/es\/servicios\/traduccion\/documentos-oficiales\/#primaryimage\"},\"image\":{\"@id\":\"https:\/\/www.invisibletranslation.com\/es\/servicios\/traduccion\/documentos-oficiales\/#primaryimage\"},\"thumbnailUrl\":\"https:\/\/www.invisibletranslation.com\/wp-content\/uploads\/2016\/05\/OfficialDocuments-ES-1024x768.jpg\",\"datePublished\":\"2016-05-03T19:30:12+00:00\",\"dateModified\":\"2024-02-26T23:10:51+00:00\",\"description\":\"Un documento oficial es un escrito procedente de un gobierno o autoridad reconocida que confirma su identidad o condici\u00f3n, o que sirve para atestiguar un...\",\"breadcrumb\":{\"@id\":\"https:\/\/www.invisibletranslation.com\/es\/servicios\/traduccion\/documentos-oficiales\/#breadcrumb\"},\"inLanguage\":\"es\",\"potentialAction\":[{\"@type\":\"ReadAction\",\"target\":[\"https:\/\/www.invisibletranslation.com\/es\/servicios\/traduccion\/documentos-oficiales\/\"]}]},{\"@type\":\"ImageObject\",\"inLanguage\":\"es\",\"@id\":\"https:\/\/www.invisibletranslation.com\/es\/servicios\/traduccion\/documentos-oficiales\/#primaryimage\",\"url\":\"https:\/\/www.invisibletranslation.com\/wp-content\/uploads\/2016\/05\/OfficialDocuments-ES-1024x768.jpg\",\"contentUrl\":\"https:\/\/www.invisibletranslation.com\/wp-content\/uploads\/2016\/05\/OfficialDocuments-ES-1024x768.jpg\"},{\"@type\":\"BreadcrumbList\",\"@id\":\"https:\/\/www.invisibletranslation.com\/es\/servicios\/traduccion\/documentos-oficiales\/#breadcrumb\",\"itemListElement\":[{\"@type\":\"ListItem\",\"position\":1,\"name\":\"Inicio\",\"item\":\"https:\/\/www.invisibletranslation.com\/es\/\"},{\"@type\":\"ListItem\",\"position\":2,\"name\":\"Servicios\",\"item\":\"https:\/\/www.invisibletranslation.com\/es\/servicios\/\"},{\"@type\":\"ListItem\",\"position\":3,\"name\":\"Traducci\u00f3n\",\"item\":\"https:\/\/www.invisibletranslation.com\/es\/servicios\/traduccion\/\"},{\"@type\":\"ListItem\",\"position\":4,\"name\":\"Documentos oficiales\"}]},{\"@type\":\"WebSite\",\"@id\":\"https:\/\/www.invisibletranslation.com\/es\/#website\",\"url\":\"https:\/\/www.invisibletranslation.com\/es\/\",\"name\":\"Traducci\u00f3n INVISIBLE Inc.\",\"description\":\"Translators &amp; Communications Consultants\",\"potentialAction\":[{\"@type\":\"SearchAction\",\"target\":{\"@type\":\"EntryPoint\",\"urlTemplate\":\"https:\/\/www.invisibletranslation.com\/es\/?s={search_term_string}\"},\"query-input\":{\"@type\":\"PropertyValueSpecification\",\"valueRequired\":true,\"valueName\":\"search_term_string\"}}],\"inLanguage\":\"es\"}]}<\/script>\n<!-- \/ Yoast SEO plugin. -->","yoast_head_json":{"title":"Traducci\u00f3n de documentos oficiales | Traducci\u00f3n INVISIBLE Inc.","description":"Un documento oficial es un escrito procedente de un gobierno o autoridad reconocida que confirma su identidad o condici\u00f3n, o que sirve para atestiguar un...","robots":{"index":"index","follow":"follow","max-snippet":"max-snippet:-1","max-image-preview":"max-image-preview:large","max-video-preview":"max-video-preview:-1"},"canonical":"https:\/\/www.invisibletranslation.com\/es\/servicios\/traduccion\/documentos-oficiales\/","og_locale":"es_ES","og_type":"article","og_title":"Traducci\u00f3n de documentos oficiales | Traducci\u00f3n INVISIBLE Inc.","og_description":"Un documento oficial es un escrito procedente de un gobierno o autoridad reconocida que confirma su identidad o condici\u00f3n, o que sirve para atestiguar un...","og_url":"https:\/\/www.invisibletranslation.com\/es\/servicios\/traduccion\/documentos-oficiales\/","og_site_name":"Traducci\u00f3n INVISIBLE Inc.","article_modified_time":"2024-02-26T23:10:51+00:00","og_image":[{"url":"https:\/\/www.invisibletranslation.com\/wp-content\/uploads\/2016\/05\/OfficialDocuments-ES-1024x768.jpg","type":"","width":"","height":""}],"twitter_card":"summary_large_image","twitter_misc":{"Tiempo de lectura":"3 minutos"},"schema":{"@context":"https:\/\/schema.org","@graph":[{"@type":"WebPage","@id":"https:\/\/www.invisibletranslation.com\/es\/servicios\/traduccion\/documentos-oficiales\/","url":"https:\/\/www.invisibletranslation.com\/es\/servicios\/traduccion\/documentos-oficiales\/","name":"Traducci\u00f3n de documentos oficiales | Traducci\u00f3n INVISIBLE Inc.","isPartOf":{"@id":"https:\/\/www.invisibletranslation.com\/es\/#website"},"primaryImageOfPage":{"@id":"https:\/\/www.invisibletranslation.com\/es\/servicios\/traduccion\/documentos-oficiales\/#primaryimage"},"image":{"@id":"https:\/\/www.invisibletranslation.com\/es\/servicios\/traduccion\/documentos-oficiales\/#primaryimage"},"thumbnailUrl":"https:\/\/www.invisibletranslation.com\/wp-content\/uploads\/2016\/05\/OfficialDocuments-ES-1024x768.jpg","datePublished":"2016-05-03T19:30:12+00:00","dateModified":"2024-02-26T23:10:51+00:00","description":"Un documento oficial es un escrito procedente de un gobierno o autoridad reconocida que confirma su identidad o condici\u00f3n, o que sirve para atestiguar un...","breadcrumb":{"@id":"https:\/\/www.invisibletranslation.com\/es\/servicios\/traduccion\/documentos-oficiales\/#breadcrumb"},"inLanguage":"es","potentialAction":[{"@type":"ReadAction","target":["https:\/\/www.invisibletranslation.com\/es\/servicios\/traduccion\/documentos-oficiales\/"]}]},{"@type":"ImageObject","inLanguage":"es","@id":"https:\/\/www.invisibletranslation.com\/es\/servicios\/traduccion\/documentos-oficiales\/#primaryimage","url":"https:\/\/www.invisibletranslation.com\/wp-content\/uploads\/2016\/05\/OfficialDocuments-ES-1024x768.jpg","contentUrl":"https:\/\/www.invisibletranslation.com\/wp-content\/uploads\/2016\/05\/OfficialDocuments-ES-1024x768.jpg"},{"@type":"BreadcrumbList","@id":"https:\/\/www.invisibletranslation.com\/es\/servicios\/traduccion\/documentos-oficiales\/#breadcrumb","itemListElement":[{"@type":"ListItem","position":1,"name":"Inicio","item":"https:\/\/www.invisibletranslation.com\/es\/"},{"@type":"ListItem","position":2,"name":"Servicios","item":"https:\/\/www.invisibletranslation.com\/es\/servicios\/"},{"@type":"ListItem","position":3,"name":"Traducci\u00f3n","item":"https:\/\/www.invisibletranslation.com\/es\/servicios\/traduccion\/"},{"@type":"ListItem","position":4,"name":"Documentos oficiales"}]},{"@type":"WebSite","@id":"https:\/\/www.invisibletranslation.com\/es\/#website","url":"https:\/\/www.invisibletranslation.com\/es\/","name":"Traducci\u00f3n INVISIBLE Inc.","description":"Translators &amp; Communications Consultants","potentialAction":[{"@type":"SearchAction","target":{"@type":"EntryPoint","urlTemplate":"https:\/\/www.invisibletranslation.com\/es\/?s={search_term_string}"},"query-input":{"@type":"PropertyValueSpecification","valueRequired":true,"valueName":"search_term_string"}}],"inLanguage":"es"}]}},"_links":{"self":[{"href":"https:\/\/www.invisibletranslation.com\/es\/wp-json\/wp\/v2\/pages\/1542","targetHints":{"allow":["GET"]}}],"collection":[{"href":"https:\/\/www.invisibletranslation.com\/es\/wp-json\/wp\/v2\/pages"}],"about":[{"href":"https:\/\/www.invisibletranslation.com\/es\/wp-json\/wp\/v2\/types\/page"}],"author":[{"embeddable":true,"href":"https:\/\/www.invisibletranslation.com\/es\/wp-json\/wp\/v2\/users\/3"}],"replies":[{"embeddable":true,"href":"https:\/\/www.invisibletranslation.com\/es\/wp-json\/wp\/v2\/comments?post=1542"}],"version-history":[{"count":0,"href":"https:\/\/www.invisibletranslation.com\/es\/wp-json\/wp\/v2\/pages\/1542\/revisions"}],"up":[{"embeddable":true,"href":"https:\/\/www.invisibletranslation.com\/es\/wp-json\/wp\/v2\/pages\/1533"}],"wp:attachment":[{"href":"https:\/\/www.invisibletranslation.com\/es\/wp-json\/wp\/v2\/media?parent=1542"}],"wp:term":[{"taxonomy":"category","embeddable":true,"href":"https:\/\/www.invisibletranslation.com\/es\/wp-json\/wp\/v2\/categories?post=1542"},{"taxonomy":"post_tag","embeddable":true,"href":"https:\/\/www.invisibletranslation.com\/es\/wp-json\/wp\/v2\/tags?post=1542"}],"curies":[{"name":"wp","href":"https:\/\/api.w.org\/{rel}","templated":true}]}}