{"id":1533,"date":"2016-05-03T15:11:31","date_gmt":"2016-05-03T19:11:31","guid":{"rendered":"http:\/\/www.iestrie.com\/es\/?page_id=1533"},"modified":"2023-04-18T17:54:52","modified_gmt":"2023-04-18T21:54:52","slug":"traduccion","status":"publish","type":"page","link":"https:\/\/www.invisibletranslation.com\/es\/servicios\/traduccion\/","title":{"rendered":"Traducci\u00f3n"},"content":{"rendered":"<p>[et_pb_section fb_built=\u00bb1&#8243; custom_padding_last_edited=\u00bbon|desktop\u00bb admin_label=\u00bbsection\u00bb module_id=\u00bbcontent-zone\u00bb _builder_version=\u00bb4.16&#8243; custom_padding_tablet=\u00bb50px|0|50px|0&#8243; custom_padding_phone=\u00bb\u00bb transparent_background=\u00bboff\u00bb padding_mobile=\u00bboff\u00bb make_fullwidth=\u00bboff\u00bb use_custom_width=\u00bboff\u00bb width_unit=\u00bbon\u00bb global_colors_info=\u00bb{}\u00bb][et_pb_row column_structure=\u00bb2_3,1_3&#8243; admin_label=\u00bbrow\u00bb _builder_version=\u00bb4.16&#8243; background_size=\u00bbinitial\u00bb background_position=\u00bbtop_left\u00bb background_repeat=\u00bbrepeat\u00bb global_colors_info=\u00bb{}\u00bb][et_pb_column type=\u00bb2_3&#8243; _builder_version=\u00bb4.16&#8243; custom_padding=\u00bb|||\u00bb global_colors_info=\u00bb{}\u00bb custom_padding__hover=\u00bb|||\u00bb][et_pb_text admin_label=\u00bbBreadcrumb\u00bb _builder_version=\u00bb4.16&#8243; background_size=\u00bbinitial\u00bb background_position=\u00bbtop_left\u00bb background_repeat=\u00bbrepeat\u00bb use_border_color=\u00bboff\u00bb border_color=\u00bb#ffffff\u00bb border_style=\u00bbsolid\u00bb global_colors_info=\u00bb{}\u00bb]<\/p>\n<div class=\"breadcrumb\" itemprop=\"breadcrumb\"><span><span><a href=\"https:\/\/www.invisibletranslation.com\/es\/\">Inicio<\/a><\/span><\/span><\/div>\n<p>[\/et_pb_text][et_pb_text admin_label=\u00bbLong Title\u00bb _builder_version=\u00bb4.16&#8243; background_size=\u00bbinitial\u00bb background_position=\u00bbtop_left\u00bb background_repeat=\u00bbrepeat\u00bb use_border_color=\u00bboff\u00bb global_colors_info=\u00bb{}\u00bb]<\/p>\n<h1><img loading=\"lazy\" decoding=\"async\" class=\"alignright size-full wp-image-1009\" src=\"\/wp-content\/uploads\/2016\/04\/pdf_icon.gif\" alt=\"PDF\" width=\"50\" height=\"50\">Servicios profesionales de traducci\u00f3n<\/h1>\n<p><img loading=\"lazy\" decoding=\"async\" id=\"title-top-image\" src=\"https:\/\/www.invisibletranslation.com\/wp-content\/uploads\/2018\/10\/Translation-ES-1024x768.jpg\" alt=\"\" width=\"1024\" height=\"768\" class=\"alignnone size-large wp-image-3763\" \/><\/p>\n<p>[\/et_pb_text][et_pb_text admin_label=\u00bbContenu\u00bb _builder_version=\u00bb4.17.4&#8243; text_font=\u00bbOpen Sans||||\u00bb text_font_size=\u00bb16&#8243; text_line_height=\u00bb1.8em\u00bb background_size=\u00bbinitial\u00bb background_position=\u00bbtop_left\u00bb background_repeat=\u00bbrepeat\u00bb hover_enabled=\u00bb0&#8243; use_border_color=\u00bboff\u00bb border_color=\u00bb#ffffff\u00bb border_style=\u00bbsolid\u00bb global_colors_info=\u00bb{}\u00bb sticky_enabled=\u00bb0&#8243;]<\/p>\n<h2>El proceso de Traducci\u00f3n\u00a0INVISIBLE<\/h2>\n<p>El equipo de Traducci\u00f3n INVISIBLE ofrece servicios profesionales de traducci\u00f3n y adaptaci\u00f3n de material publicitario en espa\u00f1ol, ingl\u00e9s y franc\u00e9s.<\/p>\n<p>Los traductores de nuestro equipo est\u00e1n avalados por la calidad y excelencia de su trabajo, y la gran mayor\u00eda de ellos son miembros de la <a href=\"http:\/\/www.ottiaq.org\/\" target=\"_blank\" rel=\"noopener noreferrer\">Orden de Traductores, Termin\u00f3logos e Int\u00e9rpretes Certificados de Quebec<\/a> (OTTIAQ), de la <a href=\"https:\/\/atio.on.ca\/\" target=\"_blank\" rel=\"noopener noreferrer\">Asociaci\u00f3n de Traductores e Int\u00e9rpretes de Ontario<\/a> (ATIO) o de otra asociaci\u00f3n de traductores profesionales reconocida por el <a href=\"https:\/\/www.cttic.org\/vision-mission\/\" target=\"_blank\" rel=\"noopener noreferrer\">Consejo de Traductores, Termin\u00f3logos e Int\u00e9rpretes de Canad\u00e1<\/a> (CTTIC).<\/p>\n<p>Seg\u00fan la naturaleza del proyecto que nos ha sido confiado, nuestros directores de proyecto asignan el trabajo a un equipo de traductores con los conocimientos necesarios en el \u00e1rea del trabajo en cuesti\u00f3n. Adem\u00e1s, los traductores elegidos son hablantes nativos del idioma al cual se debe traducir el texto. De esta manera, nos aseguramos de que la versi\u00f3n traducida reproduzca fielmente los matices culturales de la versi\u00f3n original.<\/p>\n<p>\u00bfSus normas de calidad son estrictas? \u00a1Las nuestras tambi\u00e9n!<\/p>\n<p>Solicite ya una <a href=\"https:\/\/www.invisibletranslation.com\/es\/contacto\/solicite-una-cotizacion\/\">cotizaci\u00f3n<\/a> personalizada.<\/p>\n<p>[\/et_pb_text][et_pb_text admin_label=\u00bbRelated Pages\u00bb _builder_version=\u00bb4.16&#8243; background_size=\u00bbinitial\u00bb background_position=\u00bbtop_left\u00bb background_repeat=\u00bbrepeat\u00bb use_border_color=\u00bboff\u00bb border_color=\u00bb#ffffff\u00bb border_style=\u00bbsolid\u00bb global_colors_info=\u00bb{}\u00bb]<\/p>\n<h3>P\u00e1ginas de inter\u00e9s:<\/h3>\n<div class='yarpp yarpp-related yarpp-related-shortcode yarpp-template-list'>\n<!-- YARPP List -->\n<ol>\n<li><a href=\"https:\/\/www.invisibletranslation.com\/es\/pf\/\" rel=\"bookmark\" title=\"Preguntas\">Preguntas<\/a><\/li>\n<li><a href=\"https:\/\/www.invisibletranslation.com\/es\/servicios\/\" rel=\"bookmark\" title=\"Servicios\">Servicios<\/a><\/li>\n<\/ol>\n<\/div>\n\n<p>[\/et_pb_text][\/et_pb_column][et_pb_column type=\u00bb1_3&#8243; _builder_version=\u00bb4.16&#8243; custom_padding=\u00bb|||\u00bb global_colors_info=\u00bb{}\u00bb custom_padding__hover=\u00bb|||\u00bb][et_pb_sidebar orientation=\u00bbright\u00bb area=\u00bbsidebar-1&#8243; _builder_version=\u00bb4.16&#8243; remove_border=\u00bboff\u00bb global_colors_info=\u00bb{}\u00bb][\/et_pb_sidebar][\/et_pb_column][\/et_pb_row][\/et_pb_section]<\/p>\n","protected":false},"excerpt":{"rendered":"<p>El equipo de Traducci\u00f3n INVISIBLE ofrece servicios profesionales de traducci\u00f3n y adaptaci\u00f3n de material publicitario en espa\u00f1ol, ingl\u00e9s y franc\u00e9s. Los traductores de nuestro equipo est\u00e1n avalados por la calidad y excelencia de su trabajo, y la gran mayor\u00eda de ellos son&#8230;<\/p>\n","protected":false},"author":3,"featured_media":0,"parent":1531,"menu_order":0,"comment_status":"closed","ping_status":"closed","template":"","meta":{"_et_pb_use_builder":"on","_et_pb_old_content":"","_et_gb_content_width":"","footnotes":""},"categories":[],"tags":[],"class_list":["post-1533","page","type-page","status-publish","hentry"],"yoast_head":"<!-- This site is optimized with the Yoast SEO plugin v25.0 - https:\/\/yoast.com\/wordpress\/plugins\/seo\/ -->\n<title>Servicios profesionales de traducci\u00f3n | Traducci\u00f3n INVISIBLE Inc.<\/title>\n<meta name=\"description\" content=\"El equipo de Traducci\u00f3n INVISIBLE ofrece servicios profesionales de traducci\u00f3n y adaptaci\u00f3n de material publicitario en espa\u00f1ol, ingl\u00e9s y franc\u00e9s.\" \/>\n<meta name=\"robots\" content=\"index, follow, max-snippet:-1, max-image-preview:large, max-video-preview:-1\" \/>\n<link rel=\"canonical\" href=\"https:\/\/www.invisibletranslation.com\/es\/servicios\/traduccion\/\" \/>\n<meta property=\"og:locale\" content=\"es_ES\" \/>\n<meta property=\"og:type\" content=\"article\" \/>\n<meta property=\"og:title\" content=\"Servicios profesionales de traducci\u00f3n | Traducci\u00f3n INVISIBLE Inc.\" \/>\n<meta property=\"og:description\" content=\"El equipo de Traducci\u00f3n INVISIBLE ofrece servicios profesionales de traducci\u00f3n y adaptaci\u00f3n de material publicitario en espa\u00f1ol, ingl\u00e9s y franc\u00e9s.\" \/>\n<meta property=\"og:url\" content=\"https:\/\/www.invisibletranslation.com\/es\/servicios\/traduccion\/\" \/>\n<meta property=\"og:site_name\" content=\"Traducci\u00f3n INVISIBLE Inc.\" \/>\n<meta property=\"article:modified_time\" content=\"2023-04-18T21:54:52+00:00\" \/>\n<meta property=\"og:image\" content=\"https:\/\/www.invisibletranslation.com\/wp-content\/uploads\/2018\/10\/Translation-ES-1024x768.jpg\" \/>\n<meta name=\"twitter:card\" content=\"summary_large_image\" \/>\n<meta name=\"twitter:label1\" content=\"Tiempo de lectura\" \/>\n\t<meta name=\"twitter:data1\" content=\"2 minutos\" \/>\n<script type=\"application\/ld+json\" class=\"yoast-schema-graph\">{\"@context\":\"https:\/\/schema.org\",\"@graph\":[{\"@type\":\"WebPage\",\"@id\":\"https:\/\/www.invisibletranslation.com\/es\/servicios\/traduccion\/\",\"url\":\"https:\/\/www.invisibletranslation.com\/es\/servicios\/traduccion\/\",\"name\":\"Servicios profesionales de traducci\u00f3n | Traducci\u00f3n INVISIBLE Inc.\",\"isPartOf\":{\"@id\":\"https:\/\/www.invisibletranslation.com\/es\/#website\"},\"primaryImageOfPage\":{\"@id\":\"https:\/\/www.invisibletranslation.com\/es\/servicios\/traduccion\/#primaryimage\"},\"image\":{\"@id\":\"https:\/\/www.invisibletranslation.com\/es\/servicios\/traduccion\/#primaryimage\"},\"thumbnailUrl\":\"https:\/\/www.invisibletranslation.com\/wp-content\/uploads\/2018\/10\/Translation-ES-1024x768.jpg\",\"datePublished\":\"2016-05-03T19:11:31+00:00\",\"dateModified\":\"2023-04-18T21:54:52+00:00\",\"description\":\"El equipo de Traducci\u00f3n INVISIBLE ofrece servicios profesionales de traducci\u00f3n y adaptaci\u00f3n de material publicitario en espa\u00f1ol, ingl\u00e9s y franc\u00e9s.\",\"breadcrumb\":{\"@id\":\"https:\/\/www.invisibletranslation.com\/es\/servicios\/traduccion\/#breadcrumb\"},\"inLanguage\":\"es\",\"potentialAction\":[{\"@type\":\"ReadAction\",\"target\":[\"https:\/\/www.invisibletranslation.com\/es\/servicios\/traduccion\/\"]}]},{\"@type\":\"ImageObject\",\"inLanguage\":\"es\",\"@id\":\"https:\/\/www.invisibletranslation.com\/es\/servicios\/traduccion\/#primaryimage\",\"url\":\"https:\/\/www.invisibletranslation.com\/wp-content\/uploads\/2018\/10\/Translation-ES-1024x768.jpg\",\"contentUrl\":\"https:\/\/www.invisibletranslation.com\/wp-content\/uploads\/2018\/10\/Translation-ES-1024x768.jpg\"},{\"@type\":\"BreadcrumbList\",\"@id\":\"https:\/\/www.invisibletranslation.com\/es\/servicios\/traduccion\/#breadcrumb\",\"itemListElement\":[{\"@type\":\"ListItem\",\"position\":1,\"name\":\"Inicio\",\"item\":\"https:\/\/www.invisibletranslation.com\/es\/\"},{\"@type\":\"ListItem\",\"position\":2,\"name\":\"Servicios\",\"item\":\"https:\/\/www.invisibletranslation.com\/es\/servicios\/\"},{\"@type\":\"ListItem\",\"position\":3,\"name\":\"Traducci\u00f3n\"}]},{\"@type\":\"WebSite\",\"@id\":\"https:\/\/www.invisibletranslation.com\/es\/#website\",\"url\":\"https:\/\/www.invisibletranslation.com\/es\/\",\"name\":\"Traducci\u00f3n INVISIBLE Inc.\",\"description\":\"Translators &amp; Communications Consultants\",\"potentialAction\":[{\"@type\":\"SearchAction\",\"target\":{\"@type\":\"EntryPoint\",\"urlTemplate\":\"https:\/\/www.invisibletranslation.com\/es\/?s={search_term_string}\"},\"query-input\":{\"@type\":\"PropertyValueSpecification\",\"valueRequired\":true,\"valueName\":\"search_term_string\"}}],\"inLanguage\":\"es\"}]}<\/script>\n<!-- \/ Yoast SEO plugin. -->","yoast_head_json":{"title":"Servicios profesionales de traducci\u00f3n | Traducci\u00f3n INVISIBLE Inc.","description":"El equipo de Traducci\u00f3n INVISIBLE ofrece servicios profesionales de traducci\u00f3n y adaptaci\u00f3n de material publicitario en espa\u00f1ol, ingl\u00e9s y franc\u00e9s.","robots":{"index":"index","follow":"follow","max-snippet":"max-snippet:-1","max-image-preview":"max-image-preview:large","max-video-preview":"max-video-preview:-1"},"canonical":"https:\/\/www.invisibletranslation.com\/es\/servicios\/traduccion\/","og_locale":"es_ES","og_type":"article","og_title":"Servicios profesionales de traducci\u00f3n | Traducci\u00f3n INVISIBLE Inc.","og_description":"El equipo de Traducci\u00f3n INVISIBLE ofrece servicios profesionales de traducci\u00f3n y adaptaci\u00f3n de material publicitario en espa\u00f1ol, ingl\u00e9s y franc\u00e9s.","og_url":"https:\/\/www.invisibletranslation.com\/es\/servicios\/traduccion\/","og_site_name":"Traducci\u00f3n INVISIBLE Inc.","article_modified_time":"2023-04-18T21:54:52+00:00","og_image":[{"url":"https:\/\/www.invisibletranslation.com\/wp-content\/uploads\/2018\/10\/Translation-ES-1024x768.jpg","type":"","width":"","height":""}],"twitter_card":"summary_large_image","twitter_misc":{"Tiempo de lectura":"2 minutos"},"schema":{"@context":"https:\/\/schema.org","@graph":[{"@type":"WebPage","@id":"https:\/\/www.invisibletranslation.com\/es\/servicios\/traduccion\/","url":"https:\/\/www.invisibletranslation.com\/es\/servicios\/traduccion\/","name":"Servicios profesionales de traducci\u00f3n | Traducci\u00f3n INVISIBLE Inc.","isPartOf":{"@id":"https:\/\/www.invisibletranslation.com\/es\/#website"},"primaryImageOfPage":{"@id":"https:\/\/www.invisibletranslation.com\/es\/servicios\/traduccion\/#primaryimage"},"image":{"@id":"https:\/\/www.invisibletranslation.com\/es\/servicios\/traduccion\/#primaryimage"},"thumbnailUrl":"https:\/\/www.invisibletranslation.com\/wp-content\/uploads\/2018\/10\/Translation-ES-1024x768.jpg","datePublished":"2016-05-03T19:11:31+00:00","dateModified":"2023-04-18T21:54:52+00:00","description":"El equipo de Traducci\u00f3n INVISIBLE ofrece servicios profesionales de traducci\u00f3n y adaptaci\u00f3n de material publicitario en espa\u00f1ol, ingl\u00e9s y franc\u00e9s.","breadcrumb":{"@id":"https:\/\/www.invisibletranslation.com\/es\/servicios\/traduccion\/#breadcrumb"},"inLanguage":"es","potentialAction":[{"@type":"ReadAction","target":["https:\/\/www.invisibletranslation.com\/es\/servicios\/traduccion\/"]}]},{"@type":"ImageObject","inLanguage":"es","@id":"https:\/\/www.invisibletranslation.com\/es\/servicios\/traduccion\/#primaryimage","url":"https:\/\/www.invisibletranslation.com\/wp-content\/uploads\/2018\/10\/Translation-ES-1024x768.jpg","contentUrl":"https:\/\/www.invisibletranslation.com\/wp-content\/uploads\/2018\/10\/Translation-ES-1024x768.jpg"},{"@type":"BreadcrumbList","@id":"https:\/\/www.invisibletranslation.com\/es\/servicios\/traduccion\/#breadcrumb","itemListElement":[{"@type":"ListItem","position":1,"name":"Inicio","item":"https:\/\/www.invisibletranslation.com\/es\/"},{"@type":"ListItem","position":2,"name":"Servicios","item":"https:\/\/www.invisibletranslation.com\/es\/servicios\/"},{"@type":"ListItem","position":3,"name":"Traducci\u00f3n"}]},{"@type":"WebSite","@id":"https:\/\/www.invisibletranslation.com\/es\/#website","url":"https:\/\/www.invisibletranslation.com\/es\/","name":"Traducci\u00f3n INVISIBLE Inc.","description":"Translators &amp; Communications Consultants","potentialAction":[{"@type":"SearchAction","target":{"@type":"EntryPoint","urlTemplate":"https:\/\/www.invisibletranslation.com\/es\/?s={search_term_string}"},"query-input":{"@type":"PropertyValueSpecification","valueRequired":true,"valueName":"search_term_string"}}],"inLanguage":"es"}]}},"_links":{"self":[{"href":"https:\/\/www.invisibletranslation.com\/es\/wp-json\/wp\/v2\/pages\/1533","targetHints":{"allow":["GET"]}}],"collection":[{"href":"https:\/\/www.invisibletranslation.com\/es\/wp-json\/wp\/v2\/pages"}],"about":[{"href":"https:\/\/www.invisibletranslation.com\/es\/wp-json\/wp\/v2\/types\/page"}],"author":[{"embeddable":true,"href":"https:\/\/www.invisibletranslation.com\/es\/wp-json\/wp\/v2\/users\/3"}],"replies":[{"embeddable":true,"href":"https:\/\/www.invisibletranslation.com\/es\/wp-json\/wp\/v2\/comments?post=1533"}],"version-history":[{"count":0,"href":"https:\/\/www.invisibletranslation.com\/es\/wp-json\/wp\/v2\/pages\/1533\/revisions"}],"up":[{"embeddable":true,"href":"https:\/\/www.invisibletranslation.com\/es\/wp-json\/wp\/v2\/pages\/1531"}],"wp:attachment":[{"href":"https:\/\/www.invisibletranslation.com\/es\/wp-json\/wp\/v2\/media?parent=1533"}],"wp:term":[{"taxonomy":"category","embeddable":true,"href":"https:\/\/www.invisibletranslation.com\/es\/wp-json\/wp\/v2\/categories?post=1533"},{"taxonomy":"post_tag","embeddable":true,"href":"https:\/\/www.invisibletranslation.com\/es\/wp-json\/wp\/v2\/tags?post=1533"}],"curies":[{"name":"wp","href":"https:\/\/api.w.org\/{rel}","templated":true}]}}