{"id":1501,"date":"2016-05-03T13:20:25","date_gmt":"2016-05-03T17:20:25","guid":{"rendered":"http:\/\/www.iestrie.com\/es\/?page_id=1501"},"modified":"2019-04-14T17:08:48","modified_gmt":"2019-04-14T21:08:48","slug":"solicite-una-cotizacion","status":"publish","type":"page","link":"https:\/\/www.invisibletranslation.com\/es\/contacto\/solicite-una-cotizacion\/","title":{"rendered":"Solicite una cotizaci\u00f3n"},"content":{"rendered":"<p>[et_pb_section bb_built=\u00bb1&#8243; admin_label=\u00bbsection\u00bb transparent_background=\u00bboff\u00bb allow_player_pause=\u00bboff\u00bb inner_shadow=\u00bboff\u00bb parallax=\u00bboff\u00bb parallax_method=\u00bboff\u00bb padding_mobile=\u00bboff\u00bb module_id=\u00bbcontent-zone\u00bb make_fullwidth=\u00bboff\u00bb use_custom_width=\u00bboff\u00bb width_unit=\u00bbon\u00bb make_equal=\u00bboff\u00bb use_custom_gutter=\u00bboff\u00bb gutter_width=\u00bb3&#8243; custom_padding_tablet=\u00bb50px|0|50px|0&#8243; custom_padding_last_edited=\u00bbon|desktop\u00bb prev_background_color=\u00bb#000000&#8243; next_background_color=\u00bb#000000&#8243; inner_width=\u00bbauto\u00bb inner_max_width=\u00bbnone\u00bb][et_pb_row admin_label=\u00bbrow\u00bb background_position=\u00bbtop_left\u00bb background_repeat=\u00bbrepeat\u00bb background_size=\u00bbinitial\u00bb width=\u00bb80%\u00bb max_width=\u00bb1080px\u00bb][et_pb_column type=\u00bb2_3&#8243;][et_pb_text admin_label=\u00bbBreadcrumb\u00bb background_layout=\u00bblight\u00bb text_orientation=\u00bbleft\u00bb use_border_color=\u00bboff\u00bb border_color=\u00bb#ffffff\u00bb border_style=\u00bbsolid\u00bb background_position=\u00bbtop_left\u00bb background_repeat=\u00bbrepeat\u00bb background_size=\u00bbinitial\u00bb]<\/p>\n<div class=\"breadcrumb\" itemprop=\"breadcrumb\"><span><span><a href=\"https:\/\/www.invisibletranslation.com\/es\/\">Inicio<\/a><\/span><\/span><\/div>\n<p>[\/et_pb_text][et_pb_text admin_label=\u00bbLong Title\u00bb background_layout=\u00bblight\u00bb text_orientation=\u00bbleft\u00bb use_border_color=\u00bboff\u00bb border_color=\u00bb#ffffff\u00bb border_style=\u00bbsolid\u00bb background_position=\u00bbtop_left\u00bb background_repeat=\u00bbrepeat\u00bb background_size=\u00bbinitial\u00bb _builder_version=\u00bb3.17.5&#8243;]<\/p>\n<h1>Formulario<\/h1>\n<p>[\/et_pb_text][et_pb_toggle title=\u00bbEstimaci\u00f3n y cotizaci\u00f3n \u279d M\u00e1s informaci\u00f3n\u00bb open=\u00bboff\u00bb use_border_color=\u00bboff\u00bb border_color=\u00bb#ffffff\u00bb border_style=\u00bbsolid\u00bb background_position=\u00bbtop_left\u00bb background_repeat=\u00bbrepeat\u00bb background_size=\u00bbinitial\u00bb]<\/p>\n<h3>Sus necesidades, su plazo de entrega<\/h3>\n<p>En Traducci\u00f3n INVISIBLE, nos sentimos orgullosos de ser su socio de confianza y nos esforzamos por establecer relaciones s\u00f3lidas y duraderas con nuestros clientes. Nuestros directores de proyecto est\u00e1n a su disposici\u00f3n durante todas las etapas del proyecto para resolver cualquier inquietud o duda que surja. Queremos que el producto final cumpla con sus expectativas.<\/p>\n<p>\u00bfQuiere poner su proyecto en manos de profesionales? Solamente tiene que completar este formulario y enviarlo junto con sus documentos. Tambi\u00e9n nos puede enviar sus documentos por correo electr\u00f3nico a:\u00a0<a href=\"mailto:cotizacion@traduccioninvisible.com\">cotizacion@traduccioninvisible.com<\/a>.<\/p>\n<p>Le enviaremos una cotizaci\u00f3n <strong>gratuita<\/strong> sin compromiso alguno, en un plazo de <strong>24 horas<\/strong>.<\/p>\n<p>Si su trabajo es urgente, <a href=\"tel:18334366331\">ll\u00e1menos<\/a> para informarnos de sus necesidades.<\/p>\n<p>\u00a1Su proyecto es nuestro proyecto, y sus plazos son los nuestros!<\/p>\n<p>[\/et_pb_toggle][et_pb_text admin_label=\u00bbForm Shortcode\u00bb text_font_size=\u00bb16&#8243; use_border_color=\u00bboff\u00bb text_font=\u00bbOpen Sans||||\u00bb text_line_height=\u00bb1.8em\u00bb background_position=\u00bbtop_left\u00bb background_repeat=\u00bbrepeat\u00bb background_size=\u00bbinitial\u00bb _builder_version=\u00bb3.17.5&#8243;]<\/p>\n\n<div class=\"wpcf7 no-js\" id=\"wpcf7-f3796-o1\" lang=\"en-US\" dir=\"ltr\" data-wpcf7-id=\"3796\">\n<div class=\"screen-reader-response\"><p role=\"status\" aria-live=\"polite\" aria-atomic=\"true\"><\/p> <ul><\/ul><\/div>\n<form action=\"\/es\/wp-json\/wp\/v2\/pages\/1501#wpcf7-f3796-o1\" method=\"post\" class=\"wpcf7-form init\" aria-label=\"Contact form\" enctype=\"multipart\/form-data\" novalidate=\"novalidate\" data-status=\"init\">\n<div style=\"display: none;\">\n<input type=\"hidden\" name=\"_wpcf7\" value=\"3796\" \/>\n<input type=\"hidden\" name=\"_wpcf7_version\" value=\"6.0.6\" \/>\n<input type=\"hidden\" name=\"_wpcf7_locale\" value=\"en_US\" \/>\n<input type=\"hidden\" name=\"_wpcf7_unit_tag\" value=\"wpcf7-f3796-o1\" \/>\n<input type=\"hidden\" name=\"_wpcf7_container_post\" value=\"0\" \/>\n<input type=\"hidden\" name=\"_wpcf7_posted_data_hash\" value=\"\" \/>\n<input type=\"hidden\" name=\"_wpcf7_recaptcha_response\" value=\"\" \/>\n<\/div>\n<!-- Latest compiled and minified CSS -->\n<p><link rel=\"stylesheet\" href=\"https:\/\/maxcdn.bootstrapcdn.com\/bootstrap\/3.3.7\/css\/bootstrap.min.css\" integrity=\"sha384-BVYiiSIFeK1dGmJRAkycuHAHRg32OmUcww7on3RYdg4Va+PmSTsz\/K68vbdEjh4u\" crossorigin=\"anonymous\" \/>\n<\/p>\n<style>\n#content-zone {\n margin-top: 10px !important;\n}\nbody {\n font-family: 'Montserrat',Helvetica,Arial,Lucida,sans-serif !important;\n font-size: 15px;\n color: #666;\n background-color: #fff;\n line-height: 1.7em;\n font-weight: 500;\n -webkit-font-smoothing: antialiased;\n -moz-osx-font-smoothing: grayscale;\n}\n.breadcrumb {\n padding: 2px 4px 2px 8px;\n background-color: #f9f9f9;\n border-radius: 0;\n margin-bottom: 0;\n}\nlabel {\n font-size: 14px;\n line-height: 24px;\n font-weight: 800;\n}\nh1 {\n color: #333;\n font-family: 'Montserrat',Helvetica,Arial,Lucida,sans-serif !important;\n font-size: 30px;\n padding-bottom: 10px;\n margin: 0 !important;\n}\nh5.et_pb_toggle_title {\n font-size: 16px;\n letter-spacing: -1px;\n font-family: 'Montserrat',Helvetica,Arial,Lucida,sans-serif;\n margin: 0 !important;\n}\n.cf7-replace-caldera .row {\n\tmargin-bottom: 30px;\n}\n.cf7-replace-caldera .row > div {\n\tmargin-bottom: 10px;\n}\n.cf7-replace-caldera .wpcf7-form-control {\n background-color: #fff;\n border-radius: 2px;\n border: 1px solid #ccc;\n height: 34px;\n padding: 6px 12px;\n width: 100%;\n -webkit-box-shadow: inset 0 1px 1px rgba(0,0,0,.075);\n box-shadow: inset 0 1px 1px rgba(0,0,0,.075);\n -webkit-transition: border-color ease-in-out .15s,box-shadow ease-in-out .15s;\n -o-transition: border-color ease-in-out .15s,box-shadow ease-in-out .15s;\n transition: border-color ease-in-out .15s,box-shadow ease-in-out .15s;\n}\n.cf7-replace-caldera textarea.wpcf7-form-control {\n height: auto;\n padding-right: 4px;\n}\n.cf7-replace-caldera .wpcf7-form-control:focus {\n border-color: #66afe9;\n outline: 0;\n -webkit-box-shadow: inset 0 1px 1px rgba(0,0,0,.075),0 0 8px rgba(102,175,233,.6);\n box-shadow: inset 0 1px 1px rgba(0,0,0,.075),0 0 8px rgba(102,175,233,.6);\n}\ninput.text:focus, input.title:focus, input[type=\"text\"]:focus, select:focus, textarea:focus {\n border-color: #2d3940;\n color: #3e3e3e;\n}\n.cf7-replace-caldera .recaptcha .wpcf7-form-control {\n border: none;\n box-shadow: none;\n height: inherit;\n margin-bottom: 30px;\n padding: 0;\n}\n.cf7-replace-caldera input[type=\"submit\"] {\n background: #009900;\n color: #fff;\n font-size: 20px;\n font-weight: 400;\n height: inherit;\n padding: 23px 10px;\n}\n.cf7-replace-caldera input[type=\"submit\"]:hover {\n background: #006600;\n}\n<\/style>\n<div class=\"container-fluid cf7-replace-caldera\">\n\t<div class=\"row\">\n\t\t<div class=\"col-md-12\">\n\t\t\t<p>(<b style=\"color: #ee0000 !important;\">*<\/b>) = Este campo es obligatorio.\n\t\t\t<\/p>\n\t\t<\/div>\n\t<\/div>\n\t<div class=\"row\">\n\t\t<div class=\"col-md-4\">\n\t\t\t<p><label>Nombre <b style=\"color: #ee0000 !important;\">*<\/b><\/label><br \/>\n<span class=\"wpcf7-form-control-wrap\" data-name=\"your-firstname\"><input size=\"40\" maxlength=\"400\" class=\"wpcf7-form-control wpcf7-text wpcf7-validates-as-required\" aria-required=\"true\" aria-invalid=\"false\" value=\"\" type=\"text\" name=\"your-firstname\" \/><\/span>\n\t\t\t<\/p>\n\t\t<\/div>\n\t\t<div class=\"col-md-4\">\n\t\t\t<p><label>Apellido <b style=\"color: #ee0000 !important;\">*<\/b><\/label><br \/>\n<span class=\"wpcf7-form-control-wrap\" data-name=\"your-lastname\"><input size=\"40\" maxlength=\"400\" class=\"wpcf7-form-control wpcf7-text wpcf7-validates-as-required\" aria-required=\"true\" aria-invalid=\"false\" value=\"\" type=\"text\" name=\"your-lastname\" \/><\/span>\n\t\t\t<\/p>\n\t\t<\/div>\n\t\t<div class=\"col-md-4\">\n\t\t\t<p><label>Correo electr\u00f3nico <b style=\"color: #ee0000 !important;\">*<\/b><\/label><br \/>\n<span class=\"wpcf7-form-control-wrap\" data-name=\"your-email\"><input size=\"40\" maxlength=\"400\" class=\"wpcf7-form-control wpcf7-email wpcf7-validates-as-required wpcf7-text wpcf7-validates-as-email\" aria-required=\"true\" aria-invalid=\"false\" value=\"\" type=\"email\" name=\"your-email\" \/><\/span>\n\t\t\t<\/p>\n\t\t<\/div>\n\t\t<div class=\"col-md-4\">\n\t\t\t<p><label>Tel\u00e9fono <b style=\"color: #ee0000 !important;\">*<\/b><\/label><br \/>\n<span class=\"wpcf7-form-control-wrap\" data-name=\"your-telephone\"><input size=\"40\" maxlength=\"400\" class=\"wpcf7-form-control wpcf7-text wpcf7-validates-as-required\" aria-required=\"true\" aria-invalid=\"false\" value=\"\" type=\"text\" name=\"your-telephone\" \/><\/span>\n\t\t\t<\/p>\n\t\t<\/div>\n\t\t<div class=\"col-md-4\">\n\t\t\t<p><label>Empresa<\/label><br \/>\n<span class=\"wpcf7-form-control-wrap\" data-name=\"your-company\"><input size=\"40\" maxlength=\"400\" class=\"wpcf7-form-control wpcf7-text\" aria-invalid=\"false\" value=\"\" type=\"text\" name=\"your-company\" \/><\/span>\n\t\t\t<\/p>\n\t\t<\/div>\n\t\t<div class=\"col-md-4\">\n\t\t\t<p><label>Plazo de entrega<\/label><br \/>\n<span class=\"wpcf7-form-control-wrap\" data-name=\"your-deadline\"><input class=\"wpcf7-form-control wpcf7-date wpcf7-validates-as-date\" aria-invalid=\"false\" value=\"\" type=\"date\" name=\"your-deadline\" \/><\/span>\n\t\t\t<\/p>\n\t\t<\/div>\n\t<\/div>\n\t<div class=\"row\">\n\t\t<div class=\"col-md-12\">\n\t\t\t<p><label>Enviar sus archivos<\/label>\n\t\t\t<\/p>\n\t\t\t<p style=\"font-family: 'Montserrat',Helvetica,Arial,Lucida,sans-serif !important; font-size: 12px;line-height: 20px;\">Para proteger su privacidad y evitar el robo de identidad, evite enviar documentos que contengan informaci\u00f3n confidencial que no est\u00e9 cifrada o protegida por una contrase\u00f1a compleja. El Gobierno de Canad\u00e1 ofrece consejos sobre <a href=\"https:\/\/www.priv.gc.ca\/en\/privacy-topics\/technology\/online-privacy-tracking-cookies\/online-privacy\/protecting-your-privacy-online\/\" target=\"_blank\">c\u00f3mo proteger su informaci\u00f3n personal en l\u00ednea<\/a> y <a href=\"https:\/\/www.priv.gc.ca\/en\/privacy-topics\/technology\/online-privacy-tracking-cookies\/online-privacy\/tips_pw\/\" target=\"_blank\">c\u00f3mo crear y administrar sus contrase\u00f1as<\/a>.\n\t\t\t<\/p>\n\t\t\t<p><span class=\"wpcf7-form-control-wrap your-files\" style=\"position: static;\"><input size=\"40\" class=\"wpcf7-form-control wpcf7-dropuploader\" accept=\"application\/zip,zip,application\/x-rar-compressed,application\/x-rar,application\/rar,rar,application\/msword,doc,application\/vnd.openxmlformats-officedocument.wordprocessingml.document,docx,application\/vnd.ms-excel,xls,application\/pdf,pdf,application\/vnd.ms-powerpoint,ppt,application\/vnd.openxmlformats-officedocument.presentationml.presentation,pptx,image\/jpeg,image\/gif,image\/png\" data-maxfilesize=\"20000000\" aria-invalid=\"false\" type=\"file\" name=\"your-files[]\" multiple=\"multiple\" \/><\/span>\n\t\t\t<\/p>\n\t\t<\/div>\n\t<\/div>\n\t<div class=\"row\">\n\t\t<div class=\"col-md-12\">\n\t\t\t<p><label>Asunto <b style=\"color: #ee0000 !important;\">*<\/b><\/label><br \/>\n<span class=\"wpcf7-form-control-wrap\" data-name=\"your-subject\"><input size=\"40\" maxlength=\"400\" class=\"wpcf7-form-control wpcf7-text wpcf7-validates-as-required\" aria-required=\"true\" aria-invalid=\"false\" value=\"\" type=\"text\" name=\"your-subject\" \/><\/span>\n\t\t\t<\/p>\n\t\t<\/div>\n\t\t<div class=\"col-md-12\">\n\t\t\t<p><label>Mensaje <b style=\"color: #ee0000 !important;\">*<\/b><\/label><br \/>\n<span class=\"wpcf7-form-control-wrap\" data-name=\"your-message\"><textarea cols=\"40\" rows=\"10\" maxlength=\"2000\" class=\"wpcf7-form-control wpcf7-textarea wpcf7-validates-as-required\" aria-required=\"true\" aria-invalid=\"false\" name=\"your-message\"><\/textarea><\/span>\n\t\t\t<\/p>\n\t\t<\/div>\n\t<\/div>\n\t<div class=\"row\">\n\t\t<div class=\"col-md-12 recaptcha\">\n\t\t\t<p class=\"g-recaptcha-notice\" style=\"font-size: 11px;line-height: 16px;margin-bottom: 0; text-align: center;\">Este sitio est\u00e1 protegido por recaptcha. Se aplican la <a href=\"https:\/\/policies.google.com\/privacy\" target=\"_blank\">Pol\u00edtica de Privacidad<\/a> y las <a href=\"https:\/\/policies.google.com\/terms\" target=\"_blank\">Condiciones de Servicio<\/a> de Google.\n\t\t\t<\/p>\n\t\t<\/div>\n\t\t<div class=\"col-md-12\">\n\t\t\t<p><input class=\"wpcf7-form-control wpcf7-submit has-spinner\" type=\"submit\" value=\"Enviar\" \/>\n\t\t\t<\/p>\n\t\t\t<p style=\"font-family: 'Montserrat',Helvetica,Arial,Lucida,sans-serif !important; font-size: 18px;line-height: 26px;\">Si el formulario no funciona con normalidad o si aparece un mensaje de error, <a href=\"tel:1-833-436-6331\">ll\u00e1menos<\/a> de inmediato o <a href=\"mailto:cotizacion@traduccioninvisible.com?subject=Solicitud%20de%20cotizaci%C3%B3n&body=*Debe%20rellenar%20todos%20los%20campos.*%20%0A%0ANombre:%0ACargo:%20%0ACompa%C3%B1%C3%ADa:%0ADirecci%C3%B3n%20postal:%0A%0ATel%C3%A9fono:%0AFax:%0ACorreo-e:%0A%0AIdioma%20de%20origen:%0AIdioma(s)%20de%20llegada%20\/%20Pa%C3%ADs(es):%0A%0AArchivo(s):%0ASu%20n%C3%BAmero%20de%20referencia:%0A%0AObservaciones%20e%20instrucciones:%0A%0A%0A%3E%3E%3E%20NO%20OLVIDE%20ADJUNTAR%20SUS%20ARCHIVOS%20Y%20PRECISAR%20EL%20PLAZO%20DE%20ENTREGA.%0A\">haga clic aqu\u00ed<\/a> para que podamos ayudarlo.\n\t\t\t<\/p>\n\t\t<\/div>\n\t<\/div>\n<\/div><div class=\"wpcf7-response-output\" aria-hidden=\"true\"><\/div>\n<\/form>\n<\/div>\n\n<p>[\/et_pb_text][\/et_pb_column][et_pb_column type=\u00bb1_3&#8243;][et_pb_sidebar orientation=\u00bbright\u00bb area=\u00bbsidebar-1&#8243; background_layout=\u00bblight\u00bb remove_border=\u00bboff\u00bb header_font_size=\u00bb18&#8243; body_font_size=\u00bb14&#8243; show_border=\u00bbon\u00bb \/][\/et_pb_column][\/et_pb_row][\/et_pb_section]<\/p>\n","protected":false},"excerpt":{"rendered":"<p><div class=\"breadcrumb\" itemprop=\"breadcrumb\"><span><span><a href=\"https:\/\/www.invisibletranslation.com\/es\/\">Inicio<\/a><\/span><\/span><\/div> Formulario Sus necesidades, su plazo de entrega En Traducci\u00f3n INVISIBLE, nos sentimos orgullosos de ser su socio de confianza y nos esforzamos por establecer relaciones s\u00f3lidas y duraderas con nuestros clientes. Nuestros directores de proyecto est\u00e1n a su disposici\u00f3n durante todas las etapas del proyecto para resolver cualquier inquietud o duda que surja. Queremos [&hellip;]<\/p>\n","protected":false},"author":3,"featured_media":0,"parent":1499,"menu_order":0,"comment_status":"closed","ping_status":"closed","template":"","meta":{"_et_pb_use_builder":"on","_et_pb_old_content":"","_et_gb_content_width":"","footnotes":""},"class_list":["post-1501","page","type-page","status-publish","hentry"],"yoast_head":"<!-- This site is optimized with the Yoast SEO plugin v25.0 - https:\/\/yoast.com\/wordpress\/plugins\/seo\/ -->\n<title>Solicite una cotizaci\u00f3n | Traducci\u00f3n INVISIBLE Inc.<\/title>\n<meta name=\"robots\" content=\"index, follow, max-snippet:-1, max-image-preview:large, max-video-preview:-1\" \/>\n<link rel=\"canonical\" href=\"https:\/\/www.invisibletranslation.com\/es\/contacto\/solicite-una-cotizacion\/\" \/>\n<meta property=\"og:locale\" content=\"es_ES\" \/>\n<meta property=\"og:type\" content=\"article\" \/>\n<meta property=\"og:title\" content=\"Solicite una cotizaci\u00f3n | Traducci\u00f3n INVISIBLE Inc.\" \/>\n<meta property=\"og:description\" content=\"Formulario Sus necesidades, su plazo de entrega En Traducci\u00f3n INVISIBLE, nos sentimos orgullosos de ser su socio de confianza y nos esforzamos por establecer relaciones s\u00f3lidas y duraderas con nuestros clientes. Nuestros directores de proyecto est\u00e1n a su disposici\u00f3n durante todas las etapas del proyecto para resolver cualquier inquietud o duda que surja. Queremos [&hellip;]\" \/>\n<meta property=\"og:url\" content=\"https:\/\/www.invisibletranslation.com\/es\/contacto\/solicite-una-cotizacion\/\" \/>\n<meta property=\"og:site_name\" content=\"Traducci\u00f3n INVISIBLE Inc.\" \/>\n<meta property=\"article:modified_time\" content=\"2019-04-14T21:08:48+00:00\" \/>\n<meta name=\"twitter:card\" content=\"summary_large_image\" \/>\n<meta name=\"twitter:label1\" content=\"Tiempo de lectura\" \/>\n\t<meta name=\"twitter:data1\" content=\"2 minutos\" \/>\n<script type=\"application\/ld+json\" class=\"yoast-schema-graph\">{\"@context\":\"https:\/\/schema.org\",\"@graph\":[{\"@type\":\"WebPage\",\"@id\":\"https:\/\/www.invisibletranslation.com\/es\/contacto\/solicite-una-cotizacion\/\",\"url\":\"https:\/\/www.invisibletranslation.com\/es\/contacto\/solicite-una-cotizacion\/\",\"name\":\"Solicite una cotizaci\u00f3n | Traducci\u00f3n INVISIBLE Inc.\",\"isPartOf\":{\"@id\":\"https:\/\/www.invisibletranslation.com\/es\/#website\"},\"datePublished\":\"2016-05-03T17:20:25+00:00\",\"dateModified\":\"2019-04-14T21:08:48+00:00\",\"breadcrumb\":{\"@id\":\"https:\/\/www.invisibletranslation.com\/es\/contacto\/solicite-una-cotizacion\/#breadcrumb\"},\"inLanguage\":\"es\",\"potentialAction\":[{\"@type\":\"ReadAction\",\"target\":[\"https:\/\/www.invisibletranslation.com\/es\/contacto\/solicite-una-cotizacion\/\"]}]},{\"@type\":\"BreadcrumbList\",\"@id\":\"https:\/\/www.invisibletranslation.com\/es\/contacto\/solicite-una-cotizacion\/#breadcrumb\",\"itemListElement\":[{\"@type\":\"ListItem\",\"position\":1,\"name\":\"Inicio\",\"item\":\"https:\/\/www.invisibletranslation.com\/es\/\"},{\"@type\":\"ListItem\",\"position\":2,\"name\":\"Contacto\",\"item\":\"https:\/\/www.invisibletranslation.com\/es\/contacto\/\"},{\"@type\":\"ListItem\",\"position\":3,\"name\":\"Solicite una cotizaci\u00f3n\"}]},{\"@type\":\"WebSite\",\"@id\":\"https:\/\/www.invisibletranslation.com\/es\/#website\",\"url\":\"https:\/\/www.invisibletranslation.com\/es\/\",\"name\":\"Traducci\u00f3n INVISIBLE Inc.\",\"description\":\"Translators &amp; Communications Consultants\",\"potentialAction\":[{\"@type\":\"SearchAction\",\"target\":{\"@type\":\"EntryPoint\",\"urlTemplate\":\"https:\/\/www.invisibletranslation.com\/es\/?s={search_term_string}\"},\"query-input\":{\"@type\":\"PropertyValueSpecification\",\"valueRequired\":true,\"valueName\":\"search_term_string\"}}],\"inLanguage\":\"es\"}]}<\/script>\n<!-- \/ Yoast SEO plugin. -->","yoast_head_json":{"title":"Solicite una cotizaci\u00f3n | Traducci\u00f3n INVISIBLE Inc.","robots":{"index":"index","follow":"follow","max-snippet":"max-snippet:-1","max-image-preview":"max-image-preview:large","max-video-preview":"max-video-preview:-1"},"canonical":"https:\/\/www.invisibletranslation.com\/es\/contacto\/solicite-una-cotizacion\/","og_locale":"es_ES","og_type":"article","og_title":"Solicite una cotizaci\u00f3n | Traducci\u00f3n INVISIBLE Inc.","og_description":"Formulario Sus necesidades, su plazo de entrega En Traducci\u00f3n INVISIBLE, nos sentimos orgullosos de ser su socio de confianza y nos esforzamos por establecer relaciones s\u00f3lidas y duraderas con nuestros clientes. Nuestros directores de proyecto est\u00e1n a su disposici\u00f3n durante todas las etapas del proyecto para resolver cualquier inquietud o duda que surja. Queremos [&hellip;]","og_url":"https:\/\/www.invisibletranslation.com\/es\/contacto\/solicite-una-cotizacion\/","og_site_name":"Traducci\u00f3n INVISIBLE Inc.","article_modified_time":"2019-04-14T21:08:48+00:00","twitter_card":"summary_large_image","twitter_misc":{"Tiempo de lectura":"2 minutos"},"schema":{"@context":"https:\/\/schema.org","@graph":[{"@type":"WebPage","@id":"https:\/\/www.invisibletranslation.com\/es\/contacto\/solicite-una-cotizacion\/","url":"https:\/\/www.invisibletranslation.com\/es\/contacto\/solicite-una-cotizacion\/","name":"Solicite una cotizaci\u00f3n | Traducci\u00f3n INVISIBLE Inc.","isPartOf":{"@id":"https:\/\/www.invisibletranslation.com\/es\/#website"},"datePublished":"2016-05-03T17:20:25+00:00","dateModified":"2019-04-14T21:08:48+00:00","breadcrumb":{"@id":"https:\/\/www.invisibletranslation.com\/es\/contacto\/solicite-una-cotizacion\/#breadcrumb"},"inLanguage":"es","potentialAction":[{"@type":"ReadAction","target":["https:\/\/www.invisibletranslation.com\/es\/contacto\/solicite-una-cotizacion\/"]}]},{"@type":"BreadcrumbList","@id":"https:\/\/www.invisibletranslation.com\/es\/contacto\/solicite-una-cotizacion\/#breadcrumb","itemListElement":[{"@type":"ListItem","position":1,"name":"Inicio","item":"https:\/\/www.invisibletranslation.com\/es\/"},{"@type":"ListItem","position":2,"name":"Contacto","item":"https:\/\/www.invisibletranslation.com\/es\/contacto\/"},{"@type":"ListItem","position":3,"name":"Solicite una cotizaci\u00f3n"}]},{"@type":"WebSite","@id":"https:\/\/www.invisibletranslation.com\/es\/#website","url":"https:\/\/www.invisibletranslation.com\/es\/","name":"Traducci\u00f3n INVISIBLE Inc.","description":"Translators &amp; Communications Consultants","potentialAction":[{"@type":"SearchAction","target":{"@type":"EntryPoint","urlTemplate":"https:\/\/www.invisibletranslation.com\/es\/?s={search_term_string}"},"query-input":{"@type":"PropertyValueSpecification","valueRequired":true,"valueName":"search_term_string"}}],"inLanguage":"es"}]}},"_links":{"self":[{"href":"https:\/\/www.invisibletranslation.com\/es\/wp-json\/wp\/v2\/pages\/1501","targetHints":{"allow":["GET"]}}],"collection":[{"href":"https:\/\/www.invisibletranslation.com\/es\/wp-json\/wp\/v2\/pages"}],"about":[{"href":"https:\/\/www.invisibletranslation.com\/es\/wp-json\/wp\/v2\/types\/page"}],"author":[{"embeddable":true,"href":"https:\/\/www.invisibletranslation.com\/es\/wp-json\/wp\/v2\/users\/3"}],"replies":[{"embeddable":true,"href":"https:\/\/www.invisibletranslation.com\/es\/wp-json\/wp\/v2\/comments?post=1501"}],"version-history":[{"count":0,"href":"https:\/\/www.invisibletranslation.com\/es\/wp-json\/wp\/v2\/pages\/1501\/revisions"}],"up":[{"embeddable":true,"href":"https:\/\/www.invisibletranslation.com\/es\/wp-json\/wp\/v2\/pages\/1499"}],"wp:attachment":[{"href":"https:\/\/www.invisibletranslation.com\/es\/wp-json\/wp\/v2\/media?parent=1501"}],"curies":[{"name":"wp","href":"https:\/\/api.w.org\/{rel}","templated":true}]}}